{"id":19739,"date":"2025-05-19T15:57:53","date_gmt":"2025-05-19T15:57:53","guid":{"rendered":"https:\/\/carbonfiberinsoles.shop\/?post_type=product&#038;p=19739"},"modified":"2026-03-30T07:58:41","modified_gmt":"2026-03-30T07:58:41","slug":"carbon-marathon-racing-sneakers-premium-shock-absorbing-shoes","status":"publish","type":"product","link":"https:\/\/carbonfiberinsoles.shop\/pt\/produto\/carbon-marathon-racing-sneakers-premium-shock-absorbing-shoes\/","title":{"rendered":"T\u00eanis de corrida para maratona HYPER Wings Road 1 Carbon - Amortecedor"},"content":{"rendered":"<h3 class=\"\" data-start=\"751\" data-end=\"771\">\u2705 <strong data-start=\"757\" data-end=\"769\">Vis\u00e3o geral<\/strong><\/h3>\n<p class=\"\" data-start=\"772\" data-end=\"1111\">O <strong data-start=\"776\" data-end=\"815\">T\u00eanis para Maratona HEALTH Carbon Racing<\/strong> foram projetados para corredores competitivos que exigem velocidade, efici\u00eancia e suporte. Projetados com uma placa de propuls\u00e3o de fibra de carbono e entressola HiFoam\u2122 de absor\u00e7\u00e3o de choque avan\u00e7ada, esses t\u00eanis reduzem a fadiga e aumentam o retorno de energia da passada, tornando-os a arma perfeita para maratonistas e corredores.<\/p>\n<h3 class=\"\" data-start=\"1118\" data-end=\"1144\">\u2705 <strong data-start=\"1124\" data-end=\"1142\">Especifica\u00e7\u00f5es<\/strong><\/h3>\n<ul data-start=\"1145\" data-end=\"1605\">\n<li class=\"\" data-start=\"1145\" data-end=\"1166\">\n<p class=\"\" data-start=\"1147\" data-end=\"1166\"><strong data-start=\"1147\" data-end=\"1156\">Marca<\/strong>: SA\u00daDE<\/p>\n<\/li>\n<li class=\"\" data-start=\"1167\" data-end=\"1213\">\n<p class=\"\" data-start=\"1169\" data-end=\"1213\"><strong data-start=\"1169\" data-end=\"1177\">Tipo<\/strong>: T\u00eanis de corrida \/ T\u00eanis para maratona<\/p>\n<\/li>\n<li class=\"\" data-start=\"1214\" data-end=\"1290\">\n<p class=\"\" data-start=\"1216\" data-end=\"1290\"><strong data-start=\"1216\" data-end=\"1228\">Material<\/strong>: Entressola HiFoam\u2122, placa de fibra de carbono, parte superior de malha projetada<\/p>\n<\/li>\n<li class=\"\" data-start=\"1291\" data-end=\"1351\">\n<p class=\"\" data-start=\"1293\" data-end=\"1351\"><strong data-start=\"1293\" data-end=\"1303\">Peso<\/strong>: Peso ultraleve (densidade de espuma de aproximadamente 85 g)<\/p>\n<\/li>\n<li class=\"\" data-start=\"1352\" data-end=\"1381\">\n<p class=\"\" data-start=\"1354\" data-end=\"1381\"><strong data-start=\"1354\" data-end=\"1362\">Queda<\/strong>: 4 mm do calcanhar \u00e0 ponta do p\u00e9<\/p>\n<\/li>\n<li class=\"\" data-start=\"1382\" data-end=\"1407\">\n<p class=\"\" data-start=\"1384\" data-end=\"1407\"><strong data-start=\"1384\" data-end=\"1393\">Cor<\/strong>: Verde neon<\/p>\n<\/li>\n<li class=\"\" data-start=\"1408\" data-end=\"1448\">\n<p class=\"\" data-start=\"1410\" data-end=\"1448\"><strong data-start=\"1410\" data-end=\"1424\">Amortecimento<\/strong>: Espuma de absor\u00e7\u00e3o de choque<\/p>\n<\/li>\n<li class=\"\" data-start=\"1449\" data-end=\"1489\">\n<p class=\"\" data-start=\"1451\" data-end=\"1489\"><strong data-start=\"1451\" data-end=\"1462\">Sola exterior<\/strong>: Borracha de tra\u00e7\u00e3o dur\u00e1vel<\/p>\n<\/li>\n<li class=\"\" data-start=\"1490\" data-end=\"1544\">\n<p class=\"\" data-start=\"1492\" data-end=\"1544\"><strong data-start=\"1492\" data-end=\"1501\">Tamanhos<\/strong>: V\u00e1rias op\u00e7\u00f5es de tamanho para homens e mulheres<\/p>\n<\/li>\n<li class=\"\" data-start=\"1545\" data-end=\"1605\">\n<p class=\"\" data-start=\"1547\" data-end=\"1605\"><strong data-start=\"1547\" data-end=\"1556\">Uso<\/strong>: Maratona, corrida de rua, treinamento de longa dist\u00e2ncia<\/p>\n<\/li>\n<\/ul>\n<hr class=\"\" data-start=\"1607\" data-end=\"1610\" \/>\n<h3 class=\"\" data-start=\"1612\" data-end=\"1636\">\u2705 <strong data-start=\"1618\" data-end=\"1634\">Principais recursos<\/strong><\/h3>\n<ul data-start=\"1637\" data-end=\"2163\">\n<li class=\"\" data-start=\"1637\" data-end=\"1740\">\n<p class=\"\" data-start=\"1639\" data-end=\"1740\">\ud83c\udfc3 <strong data-start=\"1642\" data-end=\"1664\">Placa de fibra de carbono<\/strong>: O sistema de propuls\u00e3o de n\u00facleo duplo melhora a efici\u00eancia energ\u00e9tica e a pot\u00eancia da passada.<\/p>\n<\/li>\n<li class=\"\" data-start=\"1741\" data-end=\"1847\">\n<p class=\"\" data-start=\"1743\" data-end=\"1847\">\u26a1 <strong data-start=\"1745\" data-end=\"1767\">Amortecimento HiFoam<\/strong>: Espuma ultraleve e altamente el\u00e1stica com rebote 36% para conforto em longas dist\u00e2ncias.<\/p>\n<\/li>\n<li class=\"\" data-start=\"1848\" data-end=\"1946\">\n<p class=\"\" data-start=\"1850\" data-end=\"1946\">\ud83c\udf2c\ufe0f <strong data-start=\"1854\" data-end=\"1879\">Parte superior em malha respir\u00e1vel<\/strong>: Projetado para manter os p\u00e9s frescos e leves durante atividades intensas.<\/p>\n<\/li>\n<li class=\"\" data-start=\"1947\" data-end=\"2061\">\n<p class=\"\" data-start=\"1949\" data-end=\"2061\">\ud83e\udde0 <strong data-start=\"1952\" data-end=\"1975\">Estabilidade e suporte<\/strong>: Estrutura do arco projetada anatomicamente com apoio traseiro para os p\u00e9s e formato ergon\u00f4mico.<\/p>\n<\/li>\n<li class=\"\" data-start=\"2062\" data-end=\"2163\">\n<p class=\"\" data-start=\"2064\" data-end=\"2163\">\ud83d\udc5f <strong data-start=\"2067\" data-end=\"2092\">Tra\u00e7\u00e3o em n\u00edvel de corrida<\/strong>: Projetado para superf\u00edcies secas e molhadas com padr\u00f5es de ader\u00eancia antiderrapantes.<\/p>\n<\/li>\n<\/ul>\n<hr class=\"\" data-start=\"2165\" data-end=\"2168\" \/>\n<h3 class=\"\" data-start=\"2170\" data-end=\"2203\">\u2705 <strong data-start=\"2176\" data-end=\"2201\">Por que comprar este produto?<\/strong><\/h3>\n<ul data-start=\"2204\" data-end=\"2505\">\n<li class=\"\" data-start=\"2204\" data-end=\"2275\">\n<p class=\"\" data-start=\"2206\" data-end=\"2275\">Especificamente otimizado para <strong data-start=\"2233\" data-end=\"2245\">maratona<\/strong> e <strong data-start=\"2250\" data-end=\"2260\">corrida<\/strong> desempenho.<\/p>\n<\/li>\n<li class=\"\" data-start=\"2276\" data-end=\"2334\">\n<p class=\"\" data-start=\"2278\" data-end=\"2334\">Os materiais leves reduzem a fadiga e melhoram o ritmo.<\/p>\n<\/li>\n<li class=\"\" data-start=\"2335\" data-end=\"2399\">\n<p class=\"\" data-start=\"2337\" data-end=\"2399\">A entressola com absor\u00e7\u00e3o de choque protege as articula\u00e7\u00f5es em longas dist\u00e2ncias.<\/p>\n<\/li>\n<li class=\"\" data-start=\"2400\" data-end=\"2448\">\n<p class=\"\" data-start=\"2402\" data-end=\"2448\">Aprovado por atletas internacionais de maratona.<\/p>\n<\/li>\n<li class=\"\" data-start=\"2449\" data-end=\"2505\">\n<p class=\"\" data-start=\"2451\" data-end=\"2505\">Design elegante e din\u00e2mico para apresenta\u00e7\u00e3o profissional.<\/p>\n<\/li>\n<\/ul>\n<hr class=\"\" data-start=\"2507\" data-end=\"2510\" \/>\n<h3 class=\"\" data-start=\"2512\" data-end=\"2526\">\u2705 <strong data-start=\"2518\" data-end=\"2526\">Perguntas frequentes<\/strong><\/h3>\n<p class=\"\" data-start=\"2528\" data-end=\"2687\"><strong data-start=\"2528\" data-end=\"2568\">P: Esses produtos s\u00e3o adequados para iniciantes?<\/strong><br data-start=\"2568\" data-end=\"2571\" \/>R: Embora otimizado para profissionais, corredores de todos os n\u00edveis podem se beneficiar do retorno de energia e do suporte aprimorados.<\/p>\n<p class=\"\" data-start=\"2689\" data-end=\"2846\"><strong data-start=\"2689\" data-end=\"2730\">P: Qual \u00e9 a durabilidade das placas de carbono?<\/strong><br data-start=\"2730\" data-end=\"2733\" \/>R: As placas de carbono de n\u00facleo duplo incorporadas foram criadas para durar centenas de quil\u00f4metros sem degrada\u00e7\u00e3o do desempenho.<\/p>\n<p class=\"\" data-start=\"2848\" data-end=\"2988\"><strong data-start=\"2848\" data-end=\"2889\">P: Posso us\u00e1-los para treinamento di\u00e1rio?<\/strong><br data-start=\"2889\" data-end=\"2892\" \/>R: Sim, embora sejam otimizados para corridas, eles tamb\u00e9m s\u00e3o ideais para treinos de longa dist\u00e2ncia.<\/p>\n<p class=\"\" data-start=\"2990\" data-end=\"3122\"><strong data-start=\"2990\" data-end=\"3022\">P: Eles s\u00e3o resistentes \u00e0 \u00e1gua?<\/strong><br data-start=\"3022\" data-end=\"3025\" \/>R: A parte superior \u00e9 respir\u00e1vel, mas n\u00e3o \u00e9 \u00e0 prova d'\u00e1gua - recomendamos condi\u00e7\u00f5es secas para um desempenho m\u00e1ximo.<\/p>","protected":false},"excerpt":{"rendered":"<p>Experimente a combina\u00e7\u00e3o perfeita de velocidade, suporte e absor\u00e7\u00e3o de impactos com os t\u00eanis de corrida de carbono da HEALTH. Criados para maratonas e corridas competitivas, esses t\u00eanis apresentam propuls\u00e3o avan\u00e7ada de placas de carbono e amortecimento HiFoam\u2122 para o m\u00e1ximo desempenho.<\/p>","protected":false},"featured_media":20110,"comment_status":"open","ping_status":"closed","template":"","meta":{"_kadence_starter_templates_imported_post":false,"_kad_post_transparent":"","_kad_post_title":"","_kad_post_layout":"","_kad_post_sidebar_id":"","_kad_post_content_style":"","_kad_post_vertical_padding":"","_kad_post_feature":"","_kad_post_feature_position":"","_kad_post_header":false,"_kad_post_footer":false},"product_brand":[],"product_cat":[253,252,485],"product_tag":[256,254,257,264,350,349,333,452],"class_list":{"0":"post-19739","1":"product","2":"type-product","3":"status-publish","4":"has-post-thumbnail","6":"product_cat-carbon-plate-running-shoes","7":"product_cat-carbon-shoes","8":"product_cat-health-shoes","9":"product_tag-carbon-fiber-shoes","10":"product_tag-carbon-plate-running-shoes","11":"product_tag-carbon-plated-shoes","12":"product_tag-carbon-shoes","13":"product_tag-marathon-shoes","14":"product_tag-racing-shoes","15":"product_tag-shock-absorbing-shoes","16":"product_tag-sneakers","18":"first","19":"instock","20":"shipping-taxable","21":"purchasable","22":"product-type-variable","23":"has-default-attributes","24":"entry","25":"content-bg","26":"loop-entry"},"aioseo_notices":[],"_links":{"self":[{"href":"https:\/\/carbonfiberinsoles.shop\/pt\/wp-json\/wp\/v2\/product\/19739","targetHints":{"allow":["GET"]}}],"collection":[{"href":"https:\/\/carbonfiberinsoles.shop\/pt\/wp-json\/wp\/v2\/product"}],"about":[{"href":"https:\/\/carbonfiberinsoles.shop\/pt\/wp-json\/wp\/v2\/types\/product"}],"replies":[{"embeddable":true,"href":"https:\/\/carbonfiberinsoles.shop\/pt\/wp-json\/wp\/v2\/comments?post=19739"}],"version-history":[{"count":1,"href":"https:\/\/carbonfiberinsoles.shop\/pt\/wp-json\/wp\/v2\/product\/19739\/revisions"}],"predecessor-version":[{"id":21581,"href":"https:\/\/carbonfiberinsoles.shop\/pt\/wp-json\/wp\/v2\/product\/19739\/revisions\/21581"}],"wp:featuredmedia":[{"embeddable":true,"href":"https:\/\/carbonfiberinsoles.shop\/pt\/wp-json\/wp\/v2\/media\/20110"}],"wp:attachment":[{"href":"https:\/\/carbonfiberinsoles.shop\/pt\/wp-json\/wp\/v2\/media?parent=19739"}],"wp:term":[{"taxonomy":"product_brand","embeddable":true,"href":"https:\/\/carbonfiberinsoles.shop\/pt\/wp-json\/wp\/v2\/product_brand?post=19739"},{"taxonomy":"product_cat","embeddable":true,"href":"https:\/\/carbonfiberinsoles.shop\/pt\/wp-json\/wp\/v2\/product_cat?post=19739"},{"taxonomy":"product_tag","embeddable":true,"href":"https:\/\/carbonfiberinsoles.shop\/pt\/wp-json\/wp\/v2\/product_tag?post=19739"}],"curies":[{"name":"wp","href":"https:\/\/api.w.org\/{rel}","templated":true}]}}