{"id":17896,"date":"2025-03-28T14:02:47","date_gmt":"2025-03-28T14:02:47","guid":{"rendered":"https:\/\/carbonfiberinsoles.shop\/?post_type=product&#038;p=17896"},"modified":"2025-06-07T03:50:45","modified_gmt":"2025-06-07T03:50:45","slug":"carbon-plate-marathon-running-shoes-sports-shoes-men-women-sneakers","status":"publish","type":"product","link":"https:\/\/carbonfiberinsoles.shop\/pt\/produto\/carbon-plate-marathon-running-shoes-sports-shoes-men-women-sneakers\/","title":{"rendered":"Placa de carbono T\u00eanis de corrida para maratona T\u00eanis esportivos Homens Mulheres T\u00eanis"},"content":{"rendered":"<div data-elementor-type=\"product-post\" data-elementor-id=\"17896\" class=\"elementor elementor-17896\" data-elementor-post-type=\"product\">\n\t\t\t\t<div class=\"elementor-element elementor-element-0d04ecd e-flex e-con-boxed e-con e-parent\" data-id=\"0d04ecd\" data-element_type=\"container\" data-e-type=\"container\">\n\t\t\t\t\t<div class=\"e-con-inner\">\n\t\t\t\t<div class=\"elementor-element elementor-element-62f4015 elementor-widget elementor-widget-video\" data-id=\"62f4015\" data-element_type=\"widget\" data-e-type=\"widget\" data-settings=\"{&quot;youtube_url&quot;:&quot;https:\\\/\\\/www.youtube.com\\\/watch?v=9leYXZ5AwwY&quot;,&quot;loop&quot;:&quot;yes&quot;,&quot;video_type&quot;:&quot;youtube&quot;,&quot;controls&quot;:&quot;yes&quot;}\" data-widget_type=\"video.default\">\n\t\t\t\t<div class=\"elementor-widget-container\">\n\t\t\t\t\t\t\t<div class=\"elementor-wrapper elementor-open-inline\">\n\t\t\t<div class=\"elementor-video\"><\/div>\t\t<\/div>\n\t\t\t\t\t\t<\/div>\n\t\t\t\t<\/div>\n\t\t\t\t\t<\/div>\n\t\t\t\t<\/div>\n\t\t<div class=\"elementor-element elementor-element-2fdd36d4 e-flex e-con-boxed e-con e-parent\" data-id=\"2fdd36d4\" data-element_type=\"container\" data-e-type=\"container\">\n\t\t\t\t\t<div class=\"e-con-inner\">\n\t\t\t\t<div class=\"elementor-element elementor-element-1c50de7f elementor-widget elementor-widget-text-editor\" data-id=\"1c50de7f\" data-element_type=\"widget\" data-e-type=\"widget\" data-widget_type=\"text-editor.default\">\n\t\t\t\t<div class=\"elementor-widget-container\">\n\t\t\t\t\t\t\t\t\t<h3 class=\"\" data-start=\"875\" data-end=\"891\"><strong data-start=\"879\" data-end=\"891\">Vis\u00e3o geral<\/strong><\/h3><p class=\"\" data-start=\"892\" data-end=\"1241\">Projetado para corredores s\u00e9rios e entusiastas do condicionamento f\u00edsico, esses <strong data-start=\"952\" data-end=\"982\">t\u00eanis de corrida com placa de carbono<\/strong> proporcionam a melhor combina\u00e7\u00e3o de velocidade, estabilidade e conforto. Apresentando um <strong data-start=\"1056\" data-end=\"1083\">sola intermedi\u00e1ria com absor\u00e7\u00e3o de choque<\/strong>superior em malha respir\u00e1vel e um <strong data-start=\"1114\" data-end=\"1149\">sola antiderrapante de alta tra\u00e7\u00e3o<\/strong>Por isso, s\u00e3o perfeitos para maratonas, sess\u00f5es de treinamento intenso e atividades esportivas di\u00e1rias.<\/p><h3 class=\"\" data-start=\"1243\" data-end=\"1265\"><strong data-start=\"1247\" data-end=\"1265\">Especifica\u00e7\u00f5es<\/strong><\/h3><ul data-start=\"1266\" data-end=\"1668\"><li class=\"\" data-start=\"1266\" data-end=\"1349\"><p class=\"\" data-start=\"1268\" data-end=\"1349\"><strong data-start=\"1268\" data-end=\"1281\">Material:<\/strong> Parte superior em malha respir\u00e1vel, entressola em placa de fibra de carbono e sola de borracha<\/p><\/li><li class=\"\" data-start=\"1350\" data-end=\"1432\"><p class=\"\" data-start=\"1352\" data-end=\"1432\"><strong data-start=\"1352\" data-end=\"1372\">Tecnologia exclusiva:<\/strong> Placa de carbono de comprimento total para propuls\u00e3o e retorno de energia<\/p><\/li><li class=\"\" data-start=\"1433\" data-end=\"1491\"><p class=\"\" data-start=\"1435\" data-end=\"1491\"><strong data-start=\"1435\" data-end=\"1446\">Peso:<\/strong> Design ultraleve para velocidade m\u00e1xima<\/p><\/li><li class=\"\" data-start=\"1492\" data-end=\"1551\"><p class=\"\" data-start=\"1494\" data-end=\"1551\"><strong data-start=\"1494\" data-end=\"1502\">Ajuste:<\/strong> Fiel ao tamanho, com um ajuste seguro e confort\u00e1vel<\/p><\/li><li class=\"\" data-start=\"1552\" data-end=\"1605\"><p class=\"\" data-start=\"1554\" data-end=\"1605\"><strong data-start=\"1554\" data-end=\"1572\">Op\u00e7\u00f5es de cores:<\/strong> Branco, preto, verde, rosa, vermelho<\/p><\/li><li class=\"\" data-start=\"1606\" data-end=\"1668\"><p class=\"\" data-start=\"1608\" data-end=\"1668\"><strong data-start=\"1608\" data-end=\"1618\">Uso:<\/strong> Maratona, corrida, treinamento em academia, esportes ao ar livre<\/p><\/li><\/ul><h3 data-start=\"1670\" data-end=\"1690\"><img fetchpriority=\"high\" decoding=\"async\" class=\"aligncenter wp-image-19996 size-full\" src=\"https:\/\/carbonfiberinsoles.shop\/wp-content\/uploads\/2025\/03\/Carbon-Plate-Marathon-Running-Shoes-Sports-Shoes-Men-Women-Sneakers-2-4_1.jpg\" alt=\"\" width=\"790\" height=\"1424\" srcset=\"https:\/\/carbonfiberinsoles.shop\/wp-content\/uploads\/2025\/03\/Carbon-Plate-Marathon-Running-Shoes-Sports-Shoes-Men-Women-Sneakers-2-4_1.jpg 790w, https:\/\/carbonfiberinsoles.shop\/wp-content\/uploads\/2025\/03\/Carbon-Plate-Marathon-Running-Shoes-Sports-Shoes-Men-Women-Sneakers-2-4_1-430x775.jpg 430w, https:\/\/carbonfiberinsoles.shop\/wp-content\/uploads\/2025\/03\/Carbon-Plate-Marathon-Running-Shoes-Sports-Shoes-Men-Women-Sneakers-2-4_1-700x1262.jpg 700w, https:\/\/carbonfiberinsoles.shop\/wp-content\/uploads\/2025\/03\/Carbon-Plate-Marathon-Running-Shoes-Sports-Shoes-Men-Women-Sneakers-2-4_1-166x300.jpg 166w, https:\/\/carbonfiberinsoles.shop\/wp-content\/uploads\/2025\/03\/Carbon-Plate-Marathon-Running-Shoes-Sports-Shoes-Men-Women-Sneakers-2-4_1-444x800.jpg 444w, https:\/\/carbonfiberinsoles.shop\/wp-content\/uploads\/2025\/03\/Carbon-Plate-Marathon-Running-Shoes-Sports-Shoes-Men-Women-Sneakers-2-4_1-768x1384.jpg 768w, https:\/\/carbonfiberinsoles.shop\/wp-content\/uploads\/2025\/03\/Carbon-Plate-Marathon-Running-Shoes-Sports-Shoes-Men-Women-Sneakers-2-4_1-7x12.jpg 7w\" sizes=\"(max-width: 790px) 100vw, 790px\" \/> <img decoding=\"async\" class=\"aligncenter wp-image-19994 size-full\" src=\"https:\/\/carbonfiberinsoles.shop\/wp-content\/uploads\/2025\/03\/Carbon-Plate-Marathon-Running-Shoes-Sports-Shoes-Men-Women-Sneakers-2-2_1.jpg\" alt=\"\" width=\"790\" height=\"1074\" srcset=\"https:\/\/carbonfiberinsoles.shop\/wp-content\/uploads\/2025\/03\/Carbon-Plate-Marathon-Running-Shoes-Sports-Shoes-Men-Women-Sneakers-2-2_1.jpg 790w, https:\/\/carbonfiberinsoles.shop\/wp-content\/uploads\/2025\/03\/Carbon-Plate-Marathon-Running-Shoes-Sports-Shoes-Men-Women-Sneakers-2-2_1-430x585.jpg 430w, https:\/\/carbonfiberinsoles.shop\/wp-content\/uploads\/2025\/03\/Carbon-Plate-Marathon-Running-Shoes-Sports-Shoes-Men-Women-Sneakers-2-2_1-700x952.jpg 700w, https:\/\/carbonfiberinsoles.shop\/wp-content\/uploads\/2025\/03\/Carbon-Plate-Marathon-Running-Shoes-Sports-Shoes-Men-Women-Sneakers-2-2_1-221x300.jpg 221w, https:\/\/carbonfiberinsoles.shop\/wp-content\/uploads\/2025\/03\/Carbon-Plate-Marathon-Running-Shoes-Sports-Shoes-Men-Women-Sneakers-2-2_1-588x800.jpg 588w, https:\/\/carbonfiberinsoles.shop\/wp-content\/uploads\/2025\/03\/Carbon-Plate-Marathon-Running-Shoes-Sports-Shoes-Men-Women-Sneakers-2-2_1-768x1044.jpg 768w, https:\/\/carbonfiberinsoles.shop\/wp-content\/uploads\/2025\/03\/Carbon-Plate-Marathon-Running-Shoes-Sports-Shoes-Men-Women-Sneakers-2-2_1-9x12.jpg 9w\" sizes=\"(max-width: 790px) 100vw, 790px\" \/><\/h3><h3 data-start=\"1670\" data-end=\"1690\"><img decoding=\"async\" class=\"aligncenter wp-image-19995 size-full\" src=\"https:\/\/carbonfiberinsoles.shop\/wp-content\/uploads\/2025\/03\/Carbon-Plate-Marathon-Running-Shoes-Sports-Shoes-Men-Women-Sneakers-2-3_1.jpg\" alt=\"\" width=\"790\" height=\"1214\" srcset=\"https:\/\/carbonfiberinsoles.shop\/wp-content\/uploads\/2025\/03\/Carbon-Plate-Marathon-Running-Shoes-Sports-Shoes-Men-Women-Sneakers-2-3_1.jpg 790w, https:\/\/carbonfiberinsoles.shop\/wp-content\/uploads\/2025\/03\/Carbon-Plate-Marathon-Running-Shoes-Sports-Shoes-Men-Women-Sneakers-2-3_1-430x661.jpg 430w, https:\/\/carbonfiberinsoles.shop\/wp-content\/uploads\/2025\/03\/Carbon-Plate-Marathon-Running-Shoes-Sports-Shoes-Men-Women-Sneakers-2-3_1-700x1076.jpg 700w, https:\/\/carbonfiberinsoles.shop\/wp-content\/uploads\/2025\/03\/Carbon-Plate-Marathon-Running-Shoes-Sports-Shoes-Men-Women-Sneakers-2-3_1-195x300.jpg 195w, https:\/\/carbonfiberinsoles.shop\/wp-content\/uploads\/2025\/03\/Carbon-Plate-Marathon-Running-Shoes-Sports-Shoes-Men-Women-Sneakers-2-3_1-521x800.jpg 521w, https:\/\/carbonfiberinsoles.shop\/wp-content\/uploads\/2025\/03\/Carbon-Plate-Marathon-Running-Shoes-Sports-Shoes-Men-Women-Sneakers-2-3_1-768x1180.jpg 768w, https:\/\/carbonfiberinsoles.shop\/wp-content\/uploads\/2025\/03\/Carbon-Plate-Marathon-Running-Shoes-Sports-Shoes-Men-Women-Sneakers-2-3_1-8x12.jpg 8w\" sizes=\"(max-width: 790px) 100vw, 790px\" \/><\/h3><h3 data-start=\"1670\" data-end=\"1690\"><img loading=\"lazy\" decoding=\"async\" class=\"aligncenter wp-image-19997 size-full\" src=\"https:\/\/carbonfiberinsoles.shop\/wp-content\/uploads\/2025\/03\/Carbon-Plate-Marathon-Running-Shoes-Sports-Shoes-Men-Women-Sneakers-2-6_1.jpg\" alt=\"\" width=\"790\" height=\"1223\" srcset=\"https:\/\/carbonfiberinsoles.shop\/wp-content\/uploads\/2025\/03\/Carbon-Plate-Marathon-Running-Shoes-Sports-Shoes-Men-Women-Sneakers-2-6_1.jpg 790w, https:\/\/carbonfiberinsoles.shop\/wp-content\/uploads\/2025\/03\/Carbon-Plate-Marathon-Running-Shoes-Sports-Shoes-Men-Women-Sneakers-2-6_1-430x666.jpg 430w, https:\/\/carbonfiberinsoles.shop\/wp-content\/uploads\/2025\/03\/Carbon-Plate-Marathon-Running-Shoes-Sports-Shoes-Men-Women-Sneakers-2-6_1-700x1084.jpg 700w, https:\/\/carbonfiberinsoles.shop\/wp-content\/uploads\/2025\/03\/Carbon-Plate-Marathon-Running-Shoes-Sports-Shoes-Men-Women-Sneakers-2-6_1-194x300.jpg 194w, https:\/\/carbonfiberinsoles.shop\/wp-content\/uploads\/2025\/03\/Carbon-Plate-Marathon-Running-Shoes-Sports-Shoes-Men-Women-Sneakers-2-6_1-517x800.jpg 517w, https:\/\/carbonfiberinsoles.shop\/wp-content\/uploads\/2025\/03\/Carbon-Plate-Marathon-Running-Shoes-Sports-Shoes-Men-Women-Sneakers-2-6_1-768x1189.jpg 768w, https:\/\/carbonfiberinsoles.shop\/wp-content\/uploads\/2025\/03\/Carbon-Plate-Marathon-Running-Shoes-Sports-Shoes-Men-Women-Sneakers-2-6_1-8x12.jpg 8w\" sizes=\"(max-width: 790px) 100vw, 790px\" \/><br \/><img loading=\"lazy\" decoding=\"async\" class=\"aligncenter wp-image-19998 size-full\" src=\"https:\/\/carbonfiberinsoles.shop\/wp-content\/uploads\/2025\/05\/Carbon-Plate-Marathon-Running-Shoes-Sports-Shoes-Men-Women-Sneakers-2-5_1.jpg\" alt=\"\" width=\"790\" height=\"944\" srcset=\"https:\/\/carbonfiberinsoles.shop\/wp-content\/uploads\/2025\/05\/Carbon-Plate-Marathon-Running-Shoes-Sports-Shoes-Men-Women-Sneakers-2-5_1.jpg 790w, https:\/\/carbonfiberinsoles.shop\/wp-content\/uploads\/2025\/05\/Carbon-Plate-Marathon-Running-Shoes-Sports-Shoes-Men-Women-Sneakers-2-5_1-430x514.jpg 430w, https:\/\/carbonfiberinsoles.shop\/wp-content\/uploads\/2025\/05\/Carbon-Plate-Marathon-Running-Shoes-Sports-Shoes-Men-Women-Sneakers-2-5_1-700x836.jpg 700w, https:\/\/carbonfiberinsoles.shop\/wp-content\/uploads\/2025\/05\/Carbon-Plate-Marathon-Running-Shoes-Sports-Shoes-Men-Women-Sneakers-2-5_1-251x300.jpg 251w, https:\/\/carbonfiberinsoles.shop\/wp-content\/uploads\/2025\/05\/Carbon-Plate-Marathon-Running-Shoes-Sports-Shoes-Men-Women-Sneakers-2-5_1-669x800.jpg 669w, https:\/\/carbonfiberinsoles.shop\/wp-content\/uploads\/2025\/05\/Carbon-Plate-Marathon-Running-Shoes-Sports-Shoes-Men-Women-Sneakers-2-5_1-768x918.jpg 768w, https:\/\/carbonfiberinsoles.shop\/wp-content\/uploads\/2025\/05\/Carbon-Plate-Marathon-Running-Shoes-Sports-Shoes-Men-Women-Sneakers-2-5_1-10x12.jpg 10w\" sizes=\"(max-width: 790px) 100vw, 790px\" \/><\/h3><figure id=\"attachment_19589\" aria-describedby=\"caption-attachment-19589\" style=\"width: 754px\" class=\"wp-caption aligncenter\"><img loading=\"lazy\" decoding=\"async\" class=\"wp-image-19589 size-full\" src=\"https:\/\/carbonfiberinsoles.shop\/wp-content\/uploads\/2025\/05\/shoes-size-guide.png\" alt=\"guia de tamanhos de cal\u00e7ados\" width=\"754\" height=\"529\" srcset=\"https:\/\/carbonfiberinsoles.shop\/wp-content\/uploads\/2025\/05\/shoes-size-guide.png 754w, https:\/\/carbonfiberinsoles.shop\/wp-content\/uploads\/2025\/05\/shoes-size-guide-430x302.png 430w, https:\/\/carbonfiberinsoles.shop\/wp-content\/uploads\/2025\/05\/shoes-size-guide-700x491.png 700w, https:\/\/carbonfiberinsoles.shop\/wp-content\/uploads\/2025\/05\/shoes-size-guide-400x281.png 400w, https:\/\/carbonfiberinsoles.shop\/wp-content\/uploads\/2025\/05\/shoes-size-guide-18x12.png 18w\" sizes=\"(max-width: 754px) 100vw, 754px\" \/><figcaption id=\"caption-attachment-19589\" class=\"wp-caption-text\">\u00a0<\/figcaption><\/figure><h3 class=\"\" data-start=\"1670\" data-end=\"1690\"><strong data-start=\"1674\" data-end=\"1690\">Principais recursos<\/strong><\/h3><ol data-start=\"1691\" data-end=\"2143\"><li class=\"\" data-start=\"1691\" data-end=\"1774\"><p class=\"\" data-start=\"1694\" data-end=\"1774\"><strong data-start=\"1694\" data-end=\"1723\">Entressola com placa de carbono integral<\/strong> - Aumenta o retorno de energia para um desempenho mais r\u00e1pido.<\/p><\/li><li class=\"\" data-start=\"1775\" data-end=\"1872\"><p class=\"\" data-start=\"1778\" data-end=\"1872\"><strong data-start=\"1778\" data-end=\"1808\">Amortecimento para absor\u00e7\u00e3o de choques<\/strong> - Reduz o estresse do impacto sobre as articula\u00e7\u00f5es, proporcionando conforto durante todo o dia.<\/p><\/li><li class=\"\" data-start=\"1873\" data-end=\"1961\"><p class=\"\" data-start=\"1876\" data-end=\"1961\"><strong data-start=\"1876\" data-end=\"1904\">Sola de borracha antiderrapante<\/strong> - Garante ader\u00eancia e estabilidade superiores em todas as superf\u00edcies.<\/p><\/li><li class=\"\" data-start=\"1962\" data-end=\"2054\"><p class=\"\" data-start=\"1965\" data-end=\"2054\"><strong data-start=\"1965\" data-end=\"1990\">Parte superior em malha respir\u00e1vel<\/strong> - Mant\u00e9m seus p\u00e9s frescos e secos, mesmo durante treinos intensos.<\/p><\/li><li class=\"\" data-start=\"2055\" data-end=\"2143\"><p class=\"\" data-start=\"2058\" data-end=\"2143\"><strong data-start=\"2058\" data-end=\"2096\">Ajuste ergon\u00f4mico e design leve<\/strong> - Reduz a fadiga dos p\u00e9s e aumenta a agilidade.<\/p><\/li><\/ol><h3 class=\"\" data-start=\"2145\" data-end=\"2173\"><strong data-start=\"2149\" data-end=\"2173\">Por que comprar esse cal\u00e7ado?<\/strong><\/h3><ul data-start=\"2174\" data-end=\"2524\"><li class=\"\" data-start=\"2174\" data-end=\"2260\"><p class=\"\" data-start=\"2176\" data-end=\"2260\"><strong data-start=\"2176\" data-end=\"2198\">Aumentar o desempenho:<\/strong> Ideal para corredores de maratona que buscam velocidade e resist\u00eancia.<\/p><\/li><li class=\"\" data-start=\"2261\" data-end=\"2350\"><p class=\"\" data-start=\"2263\" data-end=\"2350\"><strong data-start=\"2263\" data-end=\"2281\">Uso vers\u00e1til:<\/strong> Adequado para atletas profissionais e entusiastas casuais do condicionamento f\u00edsico.<\/p><\/li><li class=\"\" data-start=\"2351\" data-end=\"2447\"><p class=\"\" data-start=\"2353\" data-end=\"2447\"><strong data-start=\"2353\" data-end=\"2378\">Durabilidade e conforto:<\/strong> Criado para suportar corridas de longa dist\u00e2ncia e treinamento de alto impacto.<\/p><\/li><li class=\"\" data-start=\"2448\" data-end=\"2524\"><p class=\"\" data-start=\"2450\" data-end=\"2524\"><strong data-start=\"2450\" data-end=\"2471\">Elegante e moderno:<\/strong> Design moderno adequado para esportes e uso casual.<\/p><\/li><\/ul><h3 class=\"\" data-start=\"2526\" data-end=\"2538\"><strong data-start=\"2530\" data-end=\"2538\">Perguntas frequentes<\/strong><\/h3><p class=\"\" data-start=\"2539\" data-end=\"2725\"><strong data-start=\"2539\" data-end=\"2597\">1. Esse t\u00eanis \u00e9 adequado para corridas de longa dist\u00e2ncia?<\/strong><br data-start=\"2597\" data-end=\"2600\" \/>Sim! Eles foram projetados especificamente para maratonas e treinamentos de resist\u00eancia, garantindo conforto e suporte em longas dist\u00e2ncias.<\/p><p class=\"\" data-start=\"2727\" data-end=\"2875\"><strong data-start=\"2727\" data-end=\"2766\">2. Posso us\u00e1-los para exerc\u00edcios na academia?<\/strong><br data-start=\"2766\" data-end=\"2769\" \/>Sem d\u00favida! Os recursos de absor\u00e7\u00e3o de choque e antiderrapante os tornam perfeitos para v\u00e1rias atividades de condicionamento f\u00edsico.<\/p><p class=\"\" data-start=\"2877\" data-end=\"3028\"><strong data-start=\"2877\" data-end=\"2909\">3. Eles s\u00e3o fi\u00e9is ao tamanho?<\/strong><br data-start=\"2909\" data-end=\"2912\" \/>Sim, os cal\u00e7ados foram projetados para se ajustar ao tamanho, mas se voc\u00ea preferir um ajuste mais folgado, considere pedir um tamanho meio maior.<\/p><p class=\"\" data-start=\"3030\" data-end=\"3229\"><strong data-start=\"3030\" data-end=\"3064\">4. Esse cal\u00e7ado \u00e9 \u00e0 prova d'\u00e1gua?<\/strong><br data-start=\"3064\" data-end=\"3067\" \/>Embora a parte superior em malha respir\u00e1vel proporcione ventila\u00e7\u00e3o, eles n\u00e3o s\u00e3o totalmente \u00e0 prova d'\u00e1gua. Eles podem suportar chuva leve, mas n\u00e3o foram projetados para condi\u00e7\u00f5es extremas de umidade.<\/p><p class=\"\" data-start=\"3231\" data-end=\"3356\"><strong data-start=\"3231\" data-end=\"3263\">5. Como fa\u00e7o para limpar os cal\u00e7ados?<\/strong><br data-start=\"3263\" data-end=\"3266\" \/>Use uma escova macia com \u00e1gua e sab\u00e3o neutro. Evite lavar na m\u00e1quina para manter a durabilidade.<\/p><hr class=\"\" data-start=\"3358\" data-end=\"3361\" \/><p class=\"\" data-start=\"3382\" data-end=\"3647\">\u00a0<\/p>\t\t\t\t\t\t\t\t<\/div>\n\t\t\t\t<\/div>\n\t\t\t\t\t<\/div>\n\t\t\t\t<\/div>\n\t\t\t\t<\/div>","protected":false},"excerpt":{"rendered":"<p>Leve seu desempenho de corrida para o pr\u00f3ximo n\u00edvel com esses t\u00eanis para maratona com placa de carbono integral. Projetados para suporte leve, absor\u00e7\u00e3o de choque e estabilidade antiderrapante, eles oferecem o equil\u00edbrio perfeito entre conforto e durabilidade. Quer esteja treinando para uma maratona ou praticando exerc\u00edcios di\u00e1rios, esses t\u00eanis esportivos proporcionam a melhor experi\u00eancia.<\/p>","protected":false},"featured_media":17913,"comment_status":"open","ping_status":"closed","template":"","meta":{"_kadence_starter_templates_imported_post":false,"_kad_post_transparent":"","_kad_post_title":"","_kad_post_layout":"","_kad_post_sidebar_id":"","_kad_post_content_style":"","_kad_post_vertical_padding":"","_kad_post_feature":"","_kad_post_feature_position":"","_kad_post_header":false,"_kad_post_footer":false},"product_brand":[],"product_cat":[253,252],"product_tag":[373,254,257,350,333,372,344,326],"class_list":{"0":"post-17896","1":"product","2":"type-product","3":"status-publish","4":"has-post-thumbnail","6":"product_cat-carbon-plate-running-shoes","7":"product_cat-carbon-shoes","8":"product_tag-anti-slip-shoes","9":"product_tag-carbon-plate-running-shoes","10":"product_tag-carbon-plated-shoes","11":"product_tag-marathon-shoes","12":"product_tag-shock-absorbing-shoes","13":"product_tag-sports-shoes","14":"product_tag-track-and-field-shoes","15":"product_tag-training-shoes","17":"first","18":"instock","19":"shipping-taxable","20":"purchasable","21":"product-type-variable","22":"has-default-attributes","23":"entry","24":"content-bg","25":"loop-entry"},"aioseo_notices":[],"_links":{"self":[{"href":"https:\/\/carbonfiberinsoles.shop\/pt\/wp-json\/wp\/v2\/product\/17896","targetHints":{"allow":["GET"]}}],"collection":[{"href":"https:\/\/carbonfiberinsoles.shop\/pt\/wp-json\/wp\/v2\/product"}],"about":[{"href":"https:\/\/carbonfiberinsoles.shop\/pt\/wp-json\/wp\/v2\/types\/product"}],"replies":[{"embeddable":true,"href":"https:\/\/carbonfiberinsoles.shop\/pt\/wp-json\/wp\/v2\/comments?post=17896"}],"version-history":[{"count":0,"href":"https:\/\/carbonfiberinsoles.shop\/pt\/wp-json\/wp\/v2\/product\/17896\/revisions"}],"wp:featuredmedia":[{"embeddable":true,"href":"https:\/\/carbonfiberinsoles.shop\/pt\/wp-json\/wp\/v2\/media\/17913"}],"wp:attachment":[{"href":"https:\/\/carbonfiberinsoles.shop\/pt\/wp-json\/wp\/v2\/media?parent=17896"}],"wp:term":[{"taxonomy":"product_brand","embeddable":true,"href":"https:\/\/carbonfiberinsoles.shop\/pt\/wp-json\/wp\/v2\/product_brand?post=17896"},{"taxonomy":"product_cat","embeddable":true,"href":"https:\/\/carbonfiberinsoles.shop\/pt\/wp-json\/wp\/v2\/product_cat?post=17896"},{"taxonomy":"product_tag","embeddable":true,"href":"https:\/\/carbonfiberinsoles.shop\/pt\/wp-json\/wp\/v2\/product_tag?post=17896"}],"curies":[{"name":"wp","href":"https:\/\/api.w.org\/{rel}","templated":true}]}}