{"id":15938,"date":"2024-12-21T21:53:21","date_gmt":"2024-12-21T21:53:21","guid":{"rendered":"https:\/\/carbonfiberinsoles.shop\/?post_type=product&#038;p=15938"},"modified":"2025-06-07T02:29:50","modified_gmt":"2025-06-07T02:29:50","slug":"carbon-fiber-insoles-meticulously-engineered-to-enhance-athletic-performance-for-basketball-players-and-athletes-across-various-sports","status":"publish","type":"product","link":"https:\/\/carbonfiberinsoles.shop\/pt\/produto\/carbon-fiber-insoles-meticulously-engineered-to-enhance-athletic-performance-for-basketball-players-and-athletes-across-various-sports\/","title":{"rendered":"Palmilhas de fibra de carbono Palmilhas de basquete que fazem voc\u00ea saltar mais alto"},"content":{"rendered":"<p><strong>Por que escolher nossas palmilhas?<\/strong><\/p>\n<ol>\n<li><strong>Desempenho aprimorado:<\/strong> A placa de fibra de carbono aumenta a propuls\u00e3o, auxiliando em corridas mais r\u00e1pidas e saltos mais altos.<\/li>\n<li><strong>Conforto superior:<\/strong> Os materiais PU e GEL de alta qualidade proporcionam um amortecimento excepcional, reduzindo a tens\u00e3o nos p\u00e9s.<\/li>\n<li><strong>Preven\u00e7\u00e3o de les\u00f5es:<\/strong> Projetado para oferecer estabilidade e suporte, minimizando o risco de entorses e outras les\u00f5es nos p\u00e9s.<\/li>\n<li><strong>Constru\u00e7\u00e3o dur\u00e1vel:<\/strong> Fabricado com materiais de primeira qualidade para resistir a atividades esportivas rigorosas.<\/li>\n<\/ol>\n<p><strong>Especifica\u00e7\u00f5es:<\/strong><\/p>\n<ul>\n<li><strong>Materiais:<\/strong> Placa de fibra de carbono, PU, GEL, malha respir\u00e1vel BK<\/li>\n<li><strong>Tamanhos dispon\u00edveis:<\/strong> V\u00e1rios tamanhos para se ajustar a v\u00e1rios tamanhos de cal\u00e7ados<\/li>\n<li><strong>Cor:<\/strong> Preto com detalhes em malha<\/li>\n<li><strong>Peso:<\/strong> Aproximadamente 220 gramas por par<\/li>\n<\/ul>\n<p>Melhore seu jogo com nosso <strong>Palmilhas de fibra de carbono<\/strong>O modelo de cal\u00e7ado de corrida da marca Kinross, projetado para oferecer o suporte, o conforto e a durabilidade de que os atletas precisam para ter o melhor desempenho poss\u00edvel.<\/p>\n<p>&nbsp;<\/p>\n<p><img fetchpriority=\"high\" decoding=\"async\" class=\"alignnone wp-image-15945\" src=\"https:\/\/carbonfiberinsoles.shop\/wp-content\/uploads\/2024\/12\/Carbon-Fiber-Insoles-meticulously-engineered-to-enhance-athletic-performance-for-basketball-players-and-athletes-across-various-9-400x217.jpg\" alt=\"Palmilhas de fibra de carbono - meticulosamente projetadas para aprimorar o desempenho atl\u00e9tico de jogadores de basquete e atletas de v\u00e1rios esportes ( (5)\" width=\"800\" height=\"433\" srcset=\"https:\/\/carbonfiberinsoles.shop\/wp-content\/uploads\/2024\/12\/Carbon-Fiber-Insoles-meticulously-engineered-to-enhance-athletic-performance-for-basketball-players-and-athletes-across-various-9-400x217.jpg 400w, https:\/\/carbonfiberinsoles.shop\/wp-content\/uploads\/2024\/12\/Carbon-Fiber-Insoles-meticulously-engineered-to-enhance-athletic-performance-for-basketball-players-and-athletes-across-various-9-430x233.jpg 430w, https:\/\/carbonfiberinsoles.shop\/wp-content\/uploads\/2024\/12\/Carbon-Fiber-Insoles-meticulously-engineered-to-enhance-athletic-performance-for-basketball-players-and-athletes-across-various-9-700x379.jpg 700w, https:\/\/carbonfiberinsoles.shop\/wp-content\/uploads\/2024\/12\/Carbon-Fiber-Insoles-meticulously-engineered-to-enhance-athletic-performance-for-basketball-players-and-athletes-across-various-9-768x416.jpg 768w, https:\/\/carbonfiberinsoles.shop\/wp-content\/uploads\/2024\/12\/Carbon-Fiber-Insoles-meticulously-engineered-to-enhance-athletic-performance-for-basketball-players-and-athletes-across-various-9.jpg 790w\" sizes=\"(max-width: 800px) 100vw, 800px\" \/><img decoding=\"async\" class=\"alignnone wp-image-15944\" src=\"https:\/\/carbonfiberinsoles.shop\/wp-content\/uploads\/2024\/12\/Carbon-Fiber-Insoles-meticulously-engineered-to-enhance-athletic-performance-for-basketball-players-and-athletes-across-various-8-178x300.jpg\" alt=\"Palmilhas de fibra de carbono - meticulosamente projetadas para aprimorar o desempenho atl\u00e9tico de jogadores de basquete e atletas de v\u00e1rios esportes ( (5)\" width=\"800\" height=\"1351\" srcset=\"https:\/\/carbonfiberinsoles.shop\/wp-content\/uploads\/2024\/12\/Carbon-Fiber-Insoles-meticulously-engineered-to-enhance-athletic-performance-for-basketball-players-and-athletes-across-various-8-178x300.jpg 178w, https:\/\/carbonfiberinsoles.shop\/wp-content\/uploads\/2024\/12\/Carbon-Fiber-Insoles-meticulously-engineered-to-enhance-athletic-performance-for-basketball-players-and-athletes-across-various-8-430x726.jpg 430w, https:\/\/carbonfiberinsoles.shop\/wp-content\/uploads\/2024\/12\/Carbon-Fiber-Insoles-meticulously-engineered-to-enhance-athletic-performance-for-basketball-players-and-athletes-across-various-8-700x1182.jpg 700w, https:\/\/carbonfiberinsoles.shop\/wp-content\/uploads\/2024\/12\/Carbon-Fiber-Insoles-meticulously-engineered-to-enhance-athletic-performance-for-basketball-players-and-athletes-across-various-8-474x800.jpg 474w, https:\/\/carbonfiberinsoles.shop\/wp-content\/uploads\/2024\/12\/Carbon-Fiber-Insoles-meticulously-engineered-to-enhance-athletic-performance-for-basketball-players-and-athletes-across-various-8-768x1297.jpg 768w, https:\/\/carbonfiberinsoles.shop\/wp-content\/uploads\/2024\/12\/Carbon-Fiber-Insoles-meticulously-engineered-to-enhance-athletic-performance-for-basketball-players-and-athletes-across-various-8-909x1536.jpg 909w, https:\/\/carbonfiberinsoles.shop\/wp-content\/uploads\/2024\/12\/Carbon-Fiber-Insoles-meticulously-engineered-to-enhance-athletic-performance-for-basketball-players-and-athletes-across-various-8-1213x2048.jpg 1213w, https:\/\/carbonfiberinsoles.shop\/wp-content\/uploads\/2024\/12\/Carbon-Fiber-Insoles-meticulously-engineered-to-enhance-athletic-performance-for-basketball-players-and-athletes-across-various-8.jpg 1498w\" sizes=\"(max-width: 800px) 100vw, 800px\" \/><img decoding=\"async\" class=\"alignnone wp-image-15946\" src=\"https:\/\/carbonfiberinsoles.shop\/wp-content\/uploads\/2024\/12\/Carbon-Fiber-Insoles-meticulously-engineered-to-enhance-athletic-performance-for-basketball-players-and-athletes-across-various-10-178x300.jpg\" alt=\"Palmilhas de fibra de carbono - meticulosamente projetadas para aprimorar o desempenho atl\u00e9tico de jogadores de basquete e atletas de v\u00e1rios esportes ( (5)\" width=\"800\" height=\"1351\" srcset=\"https:\/\/carbonfiberinsoles.shop\/wp-content\/uploads\/2024\/12\/Carbon-Fiber-Insoles-meticulously-engineered-to-enhance-athletic-performance-for-basketball-players-and-athletes-across-various-10-178x300.jpg 178w, https:\/\/carbonfiberinsoles.shop\/wp-content\/uploads\/2024\/12\/Carbon-Fiber-Insoles-meticulously-engineered-to-enhance-athletic-performance-for-basketball-players-and-athletes-across-various-10-430x726.jpg 430w, https:\/\/carbonfiberinsoles.shop\/wp-content\/uploads\/2024\/12\/Carbon-Fiber-Insoles-meticulously-engineered-to-enhance-athletic-performance-for-basketball-players-and-athletes-across-various-10-700x1182.jpg 700w, https:\/\/carbonfiberinsoles.shop\/wp-content\/uploads\/2024\/12\/Carbon-Fiber-Insoles-meticulously-engineered-to-enhance-athletic-performance-for-basketball-players-and-athletes-across-various-10-474x800.jpg 474w, https:\/\/carbonfiberinsoles.shop\/wp-content\/uploads\/2024\/12\/Carbon-Fiber-Insoles-meticulously-engineered-to-enhance-athletic-performance-for-basketball-players-and-athletes-across-various-10-768x1297.jpg 768w, https:\/\/carbonfiberinsoles.shop\/wp-content\/uploads\/2024\/12\/Carbon-Fiber-Insoles-meticulously-engineered-to-enhance-athletic-performance-for-basketball-players-and-athletes-across-various-10-909x1536.jpg 909w, https:\/\/carbonfiberinsoles.shop\/wp-content\/uploads\/2024\/12\/Carbon-Fiber-Insoles-meticulously-engineered-to-enhance-athletic-performance-for-basketball-players-and-athletes-across-various-10-1213x2048.jpg 1213w, https:\/\/carbonfiberinsoles.shop\/wp-content\/uploads\/2024\/12\/Carbon-Fiber-Insoles-meticulously-engineered-to-enhance-athletic-performance-for-basketball-players-and-athletes-across-various-10.jpg 1498w\" sizes=\"(max-width: 800px) 100vw, 800px\" \/> <img loading=\"lazy\" decoding=\"async\" class=\"alignnone wp-image-15947\" src=\"https:\/\/carbonfiberinsoles.shop\/wp-content\/uploads\/2024\/12\/Carbon-Fiber-Insoles-meticulously-engineered-to-enhance-athletic-performance-for-basketball-players-and-athletes-across-various-11-400x256.jpg\" alt=\"Palmilhas de fibra de carbono - meticulosamente projetadas para aprimorar o desempenho atl\u00e9tico de jogadores de basquete e atletas de v\u00e1rios esportes ( (5)\" width=\"800\" height=\"511\" srcset=\"https:\/\/carbonfiberinsoles.shop\/wp-content\/uploads\/2024\/12\/Carbon-Fiber-Insoles-meticulously-engineered-to-enhance-athletic-performance-for-basketball-players-and-athletes-across-various-11-400x256.jpg 400w, https:\/\/carbonfiberinsoles.shop\/wp-content\/uploads\/2024\/12\/Carbon-Fiber-Insoles-meticulously-engineered-to-enhance-athletic-performance-for-basketball-players-and-athletes-across-various-11-430x275.jpg 430w, https:\/\/carbonfiberinsoles.shop\/wp-content\/uploads\/2024\/12\/Carbon-Fiber-Insoles-meticulously-engineered-to-enhance-athletic-performance-for-basketball-players-and-athletes-across-various-11-700x447.jpg 700w, https:\/\/carbonfiberinsoles.shop\/wp-content\/uploads\/2024\/12\/Carbon-Fiber-Insoles-meticulously-engineered-to-enhance-athletic-performance-for-basketball-players-and-athletes-across-various-11-768x491.jpg 768w, https:\/\/carbonfiberinsoles.shop\/wp-content\/uploads\/2024\/12\/Carbon-Fiber-Insoles-meticulously-engineered-to-enhance-athletic-performance-for-basketball-players-and-athletes-across-various-11.jpg 790w\" sizes=\"(max-width: 800px) 100vw, 800px\" \/> <img loading=\"lazy\" decoding=\"async\" class=\"alignnone wp-image-15948\" src=\"https:\/\/carbonfiberinsoles.shop\/wp-content\/uploads\/2024\/12\/Carbon-Fiber-Insoles-meticulously-engineered-to-enhance-athletic-performance-for-basketball-players-and-athletes-across-various-12-194x300.jpg\" alt=\"Palmilhas de fibra de carbono - meticulosamente projetadas para aprimorar o desempenho atl\u00e9tico de jogadores de basquete e atletas de v\u00e1rios esportes ( (5)\" width=\"800\" height=\"1238\" srcset=\"https:\/\/carbonfiberinsoles.shop\/wp-content\/uploads\/2024\/12\/Carbon-Fiber-Insoles-meticulously-engineered-to-enhance-athletic-performance-for-basketball-players-and-athletes-across-various-12-194x300.jpg 194w, https:\/\/carbonfiberinsoles.shop\/wp-content\/uploads\/2024\/12\/Carbon-Fiber-Insoles-meticulously-engineered-to-enhance-athletic-performance-for-basketball-players-and-athletes-across-various-12-430x666.jpg 430w, https:\/\/carbonfiberinsoles.shop\/wp-content\/uploads\/2024\/12\/Carbon-Fiber-Insoles-meticulously-engineered-to-enhance-athletic-performance-for-basketball-players-and-athletes-across-various-12-700x1084.jpg 700w, https:\/\/carbonfiberinsoles.shop\/wp-content\/uploads\/2024\/12\/Carbon-Fiber-Insoles-meticulously-engineered-to-enhance-athletic-performance-for-basketball-players-and-athletes-across-various-12-517x800.jpg 517w, https:\/\/carbonfiberinsoles.shop\/wp-content\/uploads\/2024\/12\/Carbon-Fiber-Insoles-meticulously-engineered-to-enhance-athletic-performance-for-basketball-players-and-athletes-across-various-12-768x1189.jpg 768w, https:\/\/carbonfiberinsoles.shop\/wp-content\/uploads\/2024\/12\/Carbon-Fiber-Insoles-meticulously-engineered-to-enhance-athletic-performance-for-basketball-players-and-athletes-across-various-12-992x1536.jpg 992w, https:\/\/carbonfiberinsoles.shop\/wp-content\/uploads\/2024\/12\/Carbon-Fiber-Insoles-meticulously-engineered-to-enhance-athletic-performance-for-basketball-players-and-athletes-across-various-12-1323x2048.jpg 1323w, https:\/\/carbonfiberinsoles.shop\/wp-content\/uploads\/2024\/12\/Carbon-Fiber-Insoles-meticulously-engineered-to-enhance-athletic-performance-for-basketball-players-and-athletes-across-various-12.jpg 1498w\" sizes=\"(max-width: 800px) 100vw, 800px\" \/> <img loading=\"lazy\" decoding=\"async\" class=\"alignnone wp-image-15949\" src=\"https:\/\/carbonfiberinsoles.shop\/wp-content\/uploads\/2024\/12\/Carbon-Fiber-Insoles-meticulously-engineered-to-enhance-athletic-performance-for-basketball-players-and-athletes-across-various-13-177x300.jpg\" alt=\"Palmilhas de fibra de carbono - meticulosamente projetadas para aprimorar o desempenho atl\u00e9tico de jogadores de basquete e atletas de v\u00e1rios esportes ( (5)\" width=\"800\" height=\"1359\" srcset=\"https:\/\/carbonfiberinsoles.shop\/wp-content\/uploads\/2024\/12\/Carbon-Fiber-Insoles-meticulously-engineered-to-enhance-athletic-performance-for-basketball-players-and-athletes-across-various-13-177x300.jpg 177w, https:\/\/carbonfiberinsoles.shop\/wp-content\/uploads\/2024\/12\/Carbon-Fiber-Insoles-meticulously-engineered-to-enhance-athletic-performance-for-basketball-players-and-athletes-across-various-13-430x730.jpg 430w, https:\/\/carbonfiberinsoles.shop\/wp-content\/uploads\/2024\/12\/Carbon-Fiber-Insoles-meticulously-engineered-to-enhance-athletic-performance-for-basketball-players-and-athletes-across-various-13-700x1189.jpg 700w, https:\/\/carbonfiberinsoles.shop\/wp-content\/uploads\/2024\/12\/Carbon-Fiber-Insoles-meticulously-engineered-to-enhance-athletic-performance-for-basketball-players-and-athletes-across-various-13-471x800.jpg 471w, https:\/\/carbonfiberinsoles.shop\/wp-content\/uploads\/2024\/12\/Carbon-Fiber-Insoles-meticulously-engineered-to-enhance-athletic-performance-for-basketball-players-and-athletes-across-various-13-768x1304.jpg 768w, https:\/\/carbonfiberinsoles.shop\/wp-content\/uploads\/2024\/12\/Carbon-Fiber-Insoles-meticulously-engineered-to-enhance-athletic-performance-for-basketball-players-and-athletes-across-various-13-904x1536.jpg 904w, https:\/\/carbonfiberinsoles.shop\/wp-content\/uploads\/2024\/12\/Carbon-Fiber-Insoles-meticulously-engineered-to-enhance-athletic-performance-for-basketball-players-and-athletes-across-various-13-1206x2048.jpg 1206w, https:\/\/carbonfiberinsoles.shop\/wp-content\/uploads\/2024\/12\/Carbon-Fiber-Insoles-meticulously-engineered-to-enhance-athletic-performance-for-basketball-players-and-athletes-across-various-13.jpg 1498w\" sizes=\"(max-width: 800px) 100vw, 800px\" \/> <img loading=\"lazy\" decoding=\"async\" class=\"alignnone wp-image-15950\" src=\"https:\/\/carbonfiberinsoles.shop\/wp-content\/uploads\/2024\/12\/Carbon-Fiber-Insoles-meticulously-engineered-to-enhance-athletic-performance-for-basketball-players-and-athletes-across-various-14-178x300.jpg\" alt=\"Palmilhas de fibra de carbono - meticulosamente projetadas para aprimorar o desempenho atl\u00e9tico de jogadores de basquete e atletas de v\u00e1rios esportes ( (5)\" width=\"800\" height=\"1347\" \/> <img loading=\"lazy\" decoding=\"async\" class=\"alignnone wp-image-15952\" src=\"https:\/\/carbonfiberinsoles.shop\/wp-content\/uploads\/2024\/12\/Carbon-Fiber-Insoles-meticulously-engineered-to-enhance-athletic-performance-for-basketball-players-and-athletes-across-various-1-179x300.jpg\" alt=\"Palmilhas de fibra de carbono - meticulosamente projetadas para aprimorar o desempenho atl\u00e9tico de jogadores de basquete e atletas de v\u00e1rios esportes ( (5)\" width=\"800\" height=\"1343\" srcset=\"https:\/\/carbonfiberinsoles.shop\/wp-content\/uploads\/2024\/12\/Carbon-Fiber-Insoles-meticulously-engineered-to-enhance-athletic-performance-for-basketball-players-and-athletes-across-various-1-179x300.jpg 179w, https:\/\/carbonfiberinsoles.shop\/wp-content\/uploads\/2024\/12\/Carbon-Fiber-Insoles-meticulously-engineered-to-enhance-athletic-performance-for-basketball-players-and-athletes-across-various-1-430x722.jpg 430w, https:\/\/carbonfiberinsoles.shop\/wp-content\/uploads\/2024\/12\/Carbon-Fiber-Insoles-meticulously-engineered-to-enhance-athletic-performance-for-basketball-players-and-athletes-across-various-1-700x1175.jpg 700w, https:\/\/carbonfiberinsoles.shop\/wp-content\/uploads\/2024\/12\/Carbon-Fiber-Insoles-meticulously-engineered-to-enhance-athletic-performance-for-basketball-players-and-athletes-across-various-1-477x800.jpg 477w, https:\/\/carbonfiberinsoles.shop\/wp-content\/uploads\/2024\/12\/Carbon-Fiber-Insoles-meticulously-engineered-to-enhance-athletic-performance-for-basketball-players-and-athletes-across-various-1-768x1289.jpg 768w, https:\/\/carbonfiberinsoles.shop\/wp-content\/uploads\/2024\/12\/Carbon-Fiber-Insoles-meticulously-engineered-to-enhance-athletic-performance-for-basketball-players-and-athletes-across-various-1-915x1536.jpg 915w, https:\/\/carbonfiberinsoles.shop\/wp-content\/uploads\/2024\/12\/Carbon-Fiber-Insoles-meticulously-engineered-to-enhance-athletic-performance-for-basketball-players-and-athletes-across-various-1-1220x2048.jpg 1220w, https:\/\/carbonfiberinsoles.shop\/wp-content\/uploads\/2024\/12\/Carbon-Fiber-Insoles-meticulously-engineered-to-enhance-athletic-performance-for-basketball-players-and-athletes-across-various-1.jpg 1498w\" sizes=\"(max-width: 800px) 100vw, 800px\" \/><\/p>\n<p>&nbsp;<\/p>\n<p data-start=\"452\" data-end=\"688\">Eleve o n\u00edvel do seu jogo com nossas palmilhas premium de fibra de carbono, projetadas para aumentar o desempenho atl\u00e9tico em v\u00e1rias modalidades esportivas. Essas palmilhas oferecem suporte e estabilidade excepcionais, ajudando-o a atingir o seu melhor em todas as atividades.<\/p>\n<p data-start=\"690\" data-end=\"703\"><strong data-start=\"690\" data-end=\"703\">Caracter\u00edsticas:<\/strong><\/p>\n<ul data-start=\"705\" data-end=\"1065\">\n<li data-start=\"705\" data-end=\"800\"><strong data-start=\"707\" data-end=\"750\">Constru\u00e7\u00e3o em fibra de carbono de alta qualidade:<\/strong>\n<ul data-start=\"753\" data-end=\"800\">\n<li data-start=\"753\" data-end=\"800\">Oferece durabilidade leve e resist\u00eancia.<\/li>\n<\/ul>\n<\/li>\n<li data-start=\"801\" data-end=\"884\"><strong data-start=\"803\" data-end=\"829\">Suporte aprimorado para o arco:<\/strong>\n<ul data-start=\"832\" data-end=\"884\">\n<li data-start=\"832\" data-end=\"884\">Promove o alinhamento adequado dos p\u00e9s e reduz a tens\u00e3o.<\/li>\n<\/ul>\n<\/li>\n<li data-start=\"885\" data-end=\"972\"><strong data-start=\"887\" data-end=\"908\">Absor\u00e7\u00e3o de choques:<\/strong>\n<ul data-start=\"911\" data-end=\"972\">\n<li data-start=\"911\" data-end=\"972\">Minimiza o impacto sobre as articula\u00e7\u00f5es durante movimentos de alta intensidade.<\/li>\n<\/ul>\n<\/li>\n<li data-start=\"973\" data-end=\"1065\"><strong data-start=\"975\" data-end=\"996\">Design vers\u00e1til:<\/strong>\n<ul data-start=\"999\" data-end=\"1065\">\n<li data-start=\"999\" data-end=\"1065\">Adequado para basquete, corrida e v\u00e1rias atividades esportivas.<\/li>\n<\/ul>\n<\/li>\n<\/ul>\n<p data-start=\"1067\" data-end=\"1090\"><strong data-start=\"1067\" data-end=\"1090\">Por que voc\u00ea deve comprar:<\/strong><\/p>\n<p data-start=\"1092\" data-end=\"1339\">Investir nessas palmilhas de fibra de carbono significa priorizar seu desempenho atl\u00e9tico e a sa\u00fade dos p\u00e9s. O design avan\u00e7ado n\u00e3o apenas aumenta a agilidade e a velocidade, mas tamb\u00e9m ajuda a reduzir a fadiga, permitindo sess\u00f5es de treinamento mais longas e eficazes.<\/p>\n<p data-start=\"1341\" data-end=\"1350\"><strong data-start=\"1341\" data-end=\"1350\">Perguntas frequentes:<\/strong><\/p>\n<ul data-start=\"1352\" data-end=\"1858\">\n<li data-start=\"1352\" data-end=\"1502\"><strong data-start=\"1354\" data-end=\"1404\">Essas palmilhas s\u00e3o adequadas para todos os tipos de cal\u00e7ados?<\/strong>\n<ul data-start=\"1407\" data-end=\"1502\">\n<li data-start=\"1407\" data-end=\"1502\">Sim, eles foram projetados para se ajustar \u00e0 maioria dos cal\u00e7ados esportivos, inclusive t\u00eanis de basquete e de corrida.<\/li>\n<\/ul>\n<\/li>\n<li data-start=\"1503\" data-end=\"1696\"><strong data-start=\"1505\" data-end=\"1538\">Eles podem ajudar a aliviar a dor nos p\u00e9s?<\/strong>\n<ul data-start=\"1541\" data-end=\"1696\">\n<li data-start=\"1541\" data-end=\"1696\">As palmilhas oferecem excelente suporte para o arco e absor\u00e7\u00e3o de impactos, o que pode aliviar os desconfortos comuns nos p\u00e9s associados a atividades f\u00edsicas intensas.<\/li>\n<\/ul>\n<\/li>\n<li data-start=\"1697\" data-end=\"1858\"><strong data-start=\"1699\" data-end=\"1745\">Como fa\u00e7o para limpar e manter essas palmilhas?<\/strong>\n<ul data-start=\"1748\" data-end=\"1858\">\n<li data-start=\"1748\" data-end=\"1858\">Limpe suavemente com um pano \u00famido e deixe secar ao ar livre. Evite submergir em \u00e1gua ou usar produtos qu\u00edmicos agressivos.<\/li>\n<\/ul>\n<\/li>\n<\/ul>\n<p data-start=\"1860\" data-end=\"1977\">Para obter desempenho e conforto ideais, considere a possibilidade de substituir suas palmilhas a cada 6 a 12 meses, dependendo da intensidade do uso.<\/p>","protected":false},"excerpt":{"rendered":"<p><strong>Principais recursos:<\/strong><\/p>\n<ul>\n<li><strong>Placa de fibra de carbono:<\/strong> Proporciona rigidez e retorno de energia para movimentos explosivos.<\/li>\n<li><strong>PU e GEL de alto rebote:<\/strong> Oferece amortecimento e absor\u00e7\u00e3o de impactos superiores.<\/li>\n<li><strong>Camada de malha respir\u00e1vel:<\/strong> Garante o fluxo de ar ideal para manter os p\u00e9s frescos e secos.<\/li>\n<li><strong>Design de comprimento total:<\/strong> Oferece suporte abrangente do calcanhar aos dedos do p\u00e9.<\/li>\n<li><strong>Uso vers\u00e1til:<\/strong> Adequado para v\u00e1rios esportes, incluindo basquete, corrida, futebol americano e futebol.<\/li>\n<li><strong>Suporte antidesgaste:<\/strong> Aumenta a estabilidade para evitar les\u00f5es durante atividades intensas.<\/li>\n<\/ul>","protected":false},"featured_media":15941,"comment_status":"open","ping_status":"closed","template":"","meta":{"_kadence_starter_templates_imported_post":false,"_kad_post_transparent":"default","_kad_post_title":"","_kad_post_layout":"default","_kad_post_sidebar_id":"","_kad_post_content_style":"default","_kad_post_vertical_padding":"default","_kad_post_feature":"","_kad_post_feature_position":"","_kad_post_header":false,"_kad_post_footer":false},"product_brand":[],"product_cat":[234,22,236,238],"product_tag":[51,49,47,243,50],"class_list":{"0":"post-15938","1":"product","2":"type-product","3":"status-publish","4":"has-post-thumbnail","6":"product_cat-carbon-fibre-insoles-basketball","7":"product_cat-carbon-fiber-insoles","8":"product_cat-carbon-fiber-insoles-running","9":"product_cat-carbon-fiber-insoles-walking-and-hiking","10":"product_tag-carbon-fiber-foot-insoles","11":"product_tag-carbon-fiber-insole","12":"product_tag-carbon-fiber-insoles","13":"product_tag-carbon-fiber-insoles-for-basketball","14":"product_tag-carbon-fiber-shoe-insoles","16":"first","17":"instock","18":"sale","19":"shipping-taxable","20":"purchasable","21":"product-type-variable","22":"entry","23":"content-bg","24":"loop-entry"},"aioseo_notices":[],"_links":{"self":[{"href":"https:\/\/carbonfiberinsoles.shop\/pt\/wp-json\/wp\/v2\/product\/15938","targetHints":{"allow":["GET"]}}],"collection":[{"href":"https:\/\/carbonfiberinsoles.shop\/pt\/wp-json\/wp\/v2\/product"}],"about":[{"href":"https:\/\/carbonfiberinsoles.shop\/pt\/wp-json\/wp\/v2\/types\/product"}],"replies":[{"embeddable":true,"href":"https:\/\/carbonfiberinsoles.shop\/pt\/wp-json\/wp\/v2\/comments?post=15938"}],"version-history":[{"count":0,"href":"https:\/\/carbonfiberinsoles.shop\/pt\/wp-json\/wp\/v2\/product\/15938\/revisions"}],"wp:featuredmedia":[{"embeddable":true,"href":"https:\/\/carbonfiberinsoles.shop\/pt\/wp-json\/wp\/v2\/media\/15941"}],"wp:attachment":[{"href":"https:\/\/carbonfiberinsoles.shop\/pt\/wp-json\/wp\/v2\/media?parent=15938"}],"wp:term":[{"taxonomy":"product_brand","embeddable":true,"href":"https:\/\/carbonfiberinsoles.shop\/pt\/wp-json\/wp\/v2\/product_brand?post=15938"},{"taxonomy":"product_cat","embeddable":true,"href":"https:\/\/carbonfiberinsoles.shop\/pt\/wp-json\/wp\/v2\/product_cat?post=15938"},{"taxonomy":"product_tag","embeddable":true,"href":"https:\/\/carbonfiberinsoles.shop\/pt\/wp-json\/wp\/v2\/product_tag?post=15938"}],"curies":[{"name":"wp","href":"https:\/\/api.w.org\/{rel}","templated":true}]}}