{"id":3,"date":"2024-09-24T13:40:22","date_gmt":"2024-09-24T13:40:22","guid":{"rendered":"https:\/\/carbonfiberinsoles.shop\/?page_id=3"},"modified":"2025-01-24T09:49:31","modified_gmt":"2025-01-24T09:49:31","slug":"privacy-policy","status":"publish","type":"page","link":"https:\/\/carbonfiberinsoles.shop\/pt\/privacy-policy\/","title":{"rendered":"Pol\u00edtica de privacidade"},"content":{"rendered":"<div data-elementor-type=\"wp-page\" data-elementor-id=\"3\" class=\"elementor elementor-3\" data-elementor-post-type=\"page\">\n\t\t\t\t<div class=\"elementor-element elementor-element-7cc5d0c3 e-flex e-con-boxed e-con e-parent\" data-id=\"7cc5d0c3\" data-element_type=\"container\" data-e-type=\"container\">\n\t\t\t\t\t<div class=\"e-con-inner\">\n\t\t\t\t<div class=\"elementor-element elementor-element-7bc7bc87 elementor-widget elementor-widget-text-editor\" data-id=\"7bc7bc87\" data-element_type=\"widget\" data-e-type=\"widget\" data-widget_type=\"text-editor.default\">\n\t\t\t\t<div class=\"elementor-widget-container\">\n\t\t\t\t\t\t\t\t\t<ul><li><p>Quando voc\u00ea compra algo em nosso site, como parte do processo de compra e venda, coletamos as informa\u00e7\u00f5es pessoais que voc\u00ea nos fornece, como seu nome, endere\u00e7o, n\u00famero de telefone e endere\u00e7o de e-mail. Tamb\u00e9m coletamos suas informa\u00e7\u00f5es quando voc\u00ea se registra em uma conta ou se inscreve em nossa lista de e-mails.<\/p><p>Quando voc\u00ea navega em nosso site, tamb\u00e9m recebemos automaticamente o endere\u00e7o de protocolo de Internet (IP) do seu computador para nos fornecer informa\u00e7\u00f5es que nos ajudam a conhecer seu navegador e sistema operacional. Al\u00e9m disso, coletamos informa\u00e7\u00f5es demogr\u00e1ficas n\u00e3o identific\u00e1veis por meio do Google Analytics que mostram os interesses, as idades e as regi\u00f5es do nosso p\u00fablico como um todo.<\/p><p>Usamos essas informa\u00e7\u00f5es para personalizar sua experi\u00eancia no site, para atend\u00ea-lo melhor e responder \u00e0s suas solicita\u00e7\u00f5es de atendimento ao cliente, para processar rapidamente suas transa\u00e7\u00f5es e para administrar promo\u00e7\u00f5es ou outros recursos do site. Podemos lhe enviar e-mails sobre nossa empresa, novos produtos e outras atualiza\u00e7\u00f5es. Voc\u00ea pode optar por n\u00e3o receber esses e-mails enviando um e-mail para support@insolesus.com. Se voc\u00ea optar por n\u00e3o receber, ainda poderemos enviar e-mails n\u00e3o promocionais, como e-mails sobre suas contas ou sobre nossas rela\u00e7\u00f5es comerciais em andamento.<\/p><h3><strong><b>Consentimento<\/b><\/strong><\/h3><p>Quando voc\u00ea nos fornece informa\u00e7\u00f5es pessoais para fazer um pedido, providenciar a entrega ou a devolu\u00e7\u00e3o de uma compra ou entrar em contato com o atendimento ao cliente, fica impl\u00edcito que voc\u00ea concorda com a coleta das informa\u00e7\u00f5es e com seu uso de acordo com os termos desta Declara\u00e7\u00e3o de Privacidade.<\/p><p>Se solicitarmos suas informa\u00e7\u00f5es pessoais por um motivo secund\u00e1rio, solicitaremos diretamente seu consentimento expresso ou lhe daremos a oportunidade de recusar. Se, depois de optar por participar, voc\u00ea mudar de ideia, poder\u00e1 retirar seu consentimento para que entremos em contato com voc\u00ea entrando em contato conosco pelo e-mail support@insolesus.com ou enviando-nos pelo correio para: FootHealth, 16887 Partridge St NW, Andover MN 55304, EUA.<\/p><p>Ao usar nosso site, voc\u00ea concorda com nossa pol\u00edtica de privacidade.<\/p><h3><strong><b>Divulga\u00e7\u00e3o<\/b><\/strong><\/h3><p>N\u00e3o vendemos, trocamos ou transferimos de outra forma suas informa\u00e7\u00f5es de identifica\u00e7\u00e3o pessoal para terceiros. Poderemos divulgar suas informa\u00e7\u00f5es pessoais com seu consentimento ou se formos obrigados por lei a faz\u00ea-lo ou se voc\u00ea violar nossos Termos de Servi\u00e7o. Poderemos compartilhar suas informa\u00e7\u00f5es em rela\u00e7\u00e3o a qualquer fus\u00e3o, venda de nossos ativos ou financiamento ou aquisi\u00e7\u00e3o de toda ou parte de nossos neg\u00f3cios para outra empresa. Voc\u00ea ser\u00e1 notificado por e-mail e\/ou aviso em nosso site sobre qualquer altera\u00e7\u00e3o na propriedade ou nos usu\u00e1rios de suas informa\u00e7\u00f5es pessoais.<\/p><h3><strong><b>Servi\u00e7os de terceiros<\/b><\/strong><\/h3><p>Em geral, os provedores terceirizados utilizados por n\u00f3s somente coletar\u00e3o, usar\u00e3o e divulgar\u00e3o suas informa\u00e7\u00f5es na medida necess\u00e1ria para permitir que eles realizem os servi\u00e7os que nos prestam.<\/p><p>No entanto, determinados prestadores de servi\u00e7os terceirizados, como gateways de pagamento e outros processadores de transa\u00e7\u00f5es de pagamento, t\u00eam suas pr\u00f3prias pol\u00edticas de privacidade em rela\u00e7\u00e3o \u00e0s informa\u00e7\u00f5es que somos obrigados a fornecer a eles para suas transa\u00e7\u00f5es relacionadas a compras.<\/p><p>Para esses provedores, recomendamos que voc\u00ea leia suas pol\u00edticas de privacidade para que possa entender a maneira pela qual suas informa\u00e7\u00f5es pessoais ser\u00e3o tratadas por esses provedores.<\/p><p>Em particular, lembre-se de que determinados provedores podem estar localizados ou ter instala\u00e7\u00f5es localizadas em uma jurisdi\u00e7\u00e3o diferente da sua ou da nossa. Portanto, se voc\u00ea optar por prosseguir com uma transa\u00e7\u00e3o que envolva os servi\u00e7os de um provedor de servi\u00e7os terceirizado, suas informa\u00e7\u00f5es poder\u00e3o ficar sujeitas \u00e0s leis da(s) jurisdi\u00e7\u00e3o(\u00f5es) em que esse provedor de servi\u00e7os ou suas instala\u00e7\u00f5es est\u00e3o localizados.<\/p><p>Por exemplo, se voc\u00ea estiver localizado no Canad\u00e1 e sua transa\u00e7\u00e3o for processada por um gateway de pagamento localizado nos Estados Unidos, suas informa\u00e7\u00f5es pessoais usadas na conclus\u00e3o da transa\u00e7\u00e3o poder\u00e3o estar sujeitas \u00e0 divulga\u00e7\u00e3o de acordo com a legisla\u00e7\u00e3o dos Estados Unidos, inclusive a Lei Patriota.<\/p><p>Ao sair do nosso site ou ser redirecionado para um site ou aplicativo de terceiros, voc\u00ea n\u00e3o ser\u00e1 mais regido por esta Pol\u00edtica de Privacidade ou pelos Termos de Servi\u00e7o do nosso site.<\/p><p>Quando voc\u00ea clica em links em nosso site, eles podem direcion\u00e1-lo para fora do nosso site. Esses sites com links t\u00eam pol\u00edticas de privacidade separadas e independentes. N\u00e3o somos respons\u00e1veis pelas pr\u00e1ticas de privacidade de outros sites e recomendamos que voc\u00ea leia suas declara\u00e7\u00f5es de privacidade.<\/p><h3><strong><b>Seguran\u00e7a<\/b><\/strong><\/h3><p>Para proteger suas informa\u00e7\u00f5es pessoais, tomamos precau\u00e7\u00f5es razo\u00e1veis e seguimos as pr\u00e1ticas recomendadas do setor para garantir que elas n\u00e3o sejam perdidas, mal utilizadas, acessadas, divulgadas, alteradas ou destru\u00eddas de forma inadequada.<\/p><p>As informa\u00e7\u00f5es pessoais fornecidas no site e as transa\u00e7\u00f5es on-line com cart\u00e3o de cr\u00e9dito s\u00e3o transmitidas por meio de um servidor seguro. Temos o compromisso de tratar suas informa\u00e7\u00f5es pessoais com altos padr\u00f5es de seguran\u00e7a da informa\u00e7\u00e3o. Tomamos medidas f\u00edsicas, eletr\u00f4nicas e administrativas apropriadas para manter a seguran\u00e7a e a precis\u00e3o das informa\u00e7\u00f5es de identifica\u00e7\u00e3o pessoal que coletamos, inclusive limitando o n\u00famero de pessoas que t\u00eam acesso f\u00edsico aos nossos servidores de banco de dados, bem como empregando sistemas de seguran\u00e7a eletr\u00f4nica e prote\u00e7\u00f5es por senha que protegem contra acesso n\u00e3o autorizado.<\/p><p>Nosso site usa tecnologia de criptografia, como Secure Sockets Layer (SSL), para proteger suas informa\u00e7\u00f5es pessoais durante o transporte de dados. O SSL criptografa informa\u00e7\u00f5es de pedidos, como seu nome, endere\u00e7o e n\u00famero de cart\u00e3o de cr\u00e9dito. Nossa central de atendimento ao cliente e nossas lojas tamb\u00e9m operam em uma rede privada e segura. Observe que o e-mail n\u00e3o \u00e9 criptografado e n\u00e3o \u00e9 considerado um meio seguro de transmiss\u00e3o de informa\u00e7\u00f5es de cart\u00e3o de cr\u00e9dito.<\/p><p>Nenhum m\u00e9todo de transmiss\u00e3o pela Internet, ou m\u00e9todo de armazenamento eletr\u00f4nico, \u00e9 100% seguro. Embora fa\u00e7amos esfor\u00e7os de boa-f\u00e9 para armazenar as informa\u00e7\u00f5es coletadas no Servi\u00e7o em um ambiente operacional seguro, n\u00e3o podemos garantir a seguran\u00e7a absoluta dessas informa\u00e7\u00f5es durante sua transmiss\u00e3o ou armazenamento em nossos sistemas. Al\u00e9m disso, embora tentemos garantir a integridade e a seguran\u00e7a de nossa rede e de nossos sistemas, n\u00e3o podemos garantir que nossas medidas de seguran\u00e7a evitar\u00e3o que \"hackers\" de terceiros obtenham acesso ilegal a essas informa\u00e7\u00f5es. N\u00e3o obstante qualquer disposi\u00e7\u00e3o em contr\u00e1rio, n\u00e3o oferecemos nenhuma garantia ou declara\u00e7\u00e3o de que suas informa\u00e7\u00f5es estar\u00e3o protegidas contra perda, uso indevido ou altera\u00e7\u00e3o por terceiros.<\/p><h3><strong><b>Cookies e Web Beacons<\/b><\/strong><\/h3><p>Usamos cookies com a finalidade de rastrear e processar itens em seu carrinho de compras e para nos ajudar a entender suas prefer\u00eancias com base em atividades anteriores ou atuais no site, o que nos permite oferecer servi\u00e7os aprimorados. Tamb\u00e9m usamos cookies para nos ajudar a compilar dados agregados sobre o tr\u00e1fego e a intera\u00e7\u00e3o no site, para que possamos oferecer melhores experi\u00eancias e ferramentas no futuro.<\/p><p>Um cookie \u00e9 um pequeno arquivo que pede permiss\u00e3o para ser colocado no disco r\u00edgido de seu computador. Quando voc\u00ea concorda, o arquivo \u00e9 adicionado e o cookie ajuda a analisar o tr\u00e1fego da Web ou permite que voc\u00ea saiba quando visita um determinado site. Os cookies permitem que os aplicativos da Web respondam a voc\u00ea como um indiv\u00edduo. O aplicativo da Web pode adaptar suas opera\u00e7\u00f5es \u00e0s suas necessidades, gostos e desgostos, coletando e lembrando informa\u00e7\u00f5es sobre suas prefer\u00eancias.<\/p><p>Usamos cookies de registro de tr\u00e1fego para identificar quais p\u00e1ginas est\u00e3o sendo usadas. Isso nos ajuda a analisar dados sobre o tr\u00e1fego de p\u00e1ginas da Web e a aprimorar nosso site para adapt\u00e1-lo \u00e0s necessidades dos clientes. Usamos essas informa\u00e7\u00f5es somente para fins de an\u00e1lise estat\u00edstica e, em seguida, os dados s\u00e3o removidos do sistema.<\/p><p>De modo geral, os cookies nos ajudam a oferecer um site melhor, pois nos permitem monitorar quais p\u00e1ginas s\u00e3o \u00fateis para voc\u00ea e quais n\u00e3o s\u00e3o. Um cookie n\u00e3o nos d\u00e1 acesso ao seu computador ou a qualquer informa\u00e7\u00e3o sobre voc\u00ea, a n\u00e3o ser os dados que voc\u00ea decidir compartilhar conosco. Voc\u00ea pode optar por aceitar ou recusar cookies. A maioria dos navegadores da Web aceita cookies automaticamente, mas geralmente \u00e9 poss\u00edvel modificar a configura\u00e7\u00e3o do navegador para recusar cookies, se preferir. Isso pode impedi-lo de aproveitar ao m\u00e1ximo o site.<\/p><p>Um \"web beacon\", \"pixel tag\" ou \"clear gif\" \u00e9 normalmente uma imagem de um pixel, usada para transmitir informa\u00e7\u00f5es do seu computador ou dispositivo m\u00f3vel para um site.<\/p><p>Usamos cookies e web beacons para acompanhar o que voc\u00ea tem em seu carrinho de compras e para lembrar de voc\u00ea quando retornar ao site, bem como para identificar as p\u00e1ginas em que voc\u00ea clicou durante sua visita ao nosso site e o nome do site que voc\u00ea visitou imediatamente antes de clicar no site da Luma. Usamos essas informa\u00e7\u00f5es para melhorar o design de nosso site, a variedade de produtos, o atendimento ao cliente e as promo\u00e7\u00f5es especiais. \u00c9 claro que voc\u00ea pode desativar os cookies e web beacons em seu computador, indicando isso nos menus de prefer\u00eancias ou op\u00e7\u00f5es do seu navegador. Entretanto, \u00e9 poss\u00edvel que algumas partes do nosso site n\u00e3o funcionem corretamente se voc\u00ea desativar os cookies. Tamb\u00e9m podemos usar web beacons e outras tecnologias para ajudar a rastrear se nossas comunica\u00e7\u00f5es est\u00e3o chegando at\u00e9 voc\u00ea, para medir a efic\u00e1cia delas ou para coletar determinadas informa\u00e7\u00f5es n\u00e3o pessoais sobre seu computador, dispositivo ou navegador, a fim de nos permitir projetar melhor as futuras comunica\u00e7\u00f5es com voc\u00ea.<\/p><p>Podemos contratar terceiros que podem usar cookies e web beacons e coletar informa\u00e7\u00f5es em nosso nome ou fornecer servi\u00e7os como processamento de cart\u00e3o de cr\u00e9dito, remessa, servi\u00e7os promocionais ou gerenciamento de dados.<\/p><h3><strong><b>Uso do site por menores de idade<\/b><\/strong><\/h3><p>Ao usar este site, voc\u00ea declara que tem pelo menos a idade de maioridade em seu estado ou prov\u00edncia de resid\u00eancia, ou que tem a idade de maioridade em seu estado ou prov\u00edncia de resid\u00eancia e nos deu seu consentimento para permitir que qualquer um de seus dependentes menores use este site.<\/p><p>Ningu\u00e9m com menos de 13 anos de idade pode fornecer informa\u00e7\u00f5es pessoais. N\u00e3o coletamos nem solicitamos intencionalmente informa\u00e7\u00f5es pessoais de pessoas com menos de 13 anos de idade nem permitimos conscientemente que essas pessoas usem nosso Servi\u00e7o. Se voc\u00ea tiver menos de 13 anos, n\u00e3o envie nenhuma informa\u00e7\u00e3o pessoal para n\u00f3s, inclusive seu nome, endere\u00e7o, n\u00famero de telefone ou endere\u00e7o de e-mail. Caso tomemos conhecimento de que coletamos informa\u00e7\u00f5es pessoais de uma crian\u00e7a com menos de 13 anos, excluiremos essas informa\u00e7\u00f5es o mais r\u00e1pido poss\u00edvel. Se voc\u00ea acredita que podemos ter informa\u00e7\u00f5es de ou sobre uma crian\u00e7a com menos de 13 anos, entre em contato conosco pelo e-mail support@insolesus.com.<\/p><h3><strong><b>Altera\u00e7\u00f5es a esta pol\u00edtica de privacidade<\/b><\/strong><\/h3><p>Reservamo-nos o direito de modificar esta pol\u00edtica de privacidade a qualquer momento. As altera\u00e7\u00f5es e os esclarecimentos entrar\u00e3o em vigor imediatamente ap\u00f3s sua publica\u00e7\u00e3o no site. Se fizermos altera\u00e7\u00f5es significativas nesta pol\u00edtica, voc\u00ea ser\u00e1 notificado aqui de que ela foi atualizada, para que saiba quais informa\u00e7\u00f5es coletamos, como as usamos e em que circunst\u00e2ncias, se houver, as usamos e\/ou divulgamos.<\/p><\/li><\/ul>\t\t\t\t\t\t\t\t<\/div>\n\t\t\t\t<\/div>\n\t\t\t\t\t<\/div>\n\t\t\t\t<\/div>\n\t\t\t\t<\/div>","protected":false},"excerpt":{"rendered":"<p>Quando voc\u00ea compra algo em nosso site, como parte do processo de compra e venda, coletamos as informa\u00e7\u00f5es pessoais que voc\u00ea nos fornece, como seu nome, endere\u00e7o, n\u00famero de telefone e endere\u00e7o de e-mail. Tamb\u00e9m coletamos suas informa\u00e7\u00f5es quando voc\u00ea se registra em uma conta ou se inscreve em nossa lista de correspond\u00eancia. Quando voc\u00ea navega em nosso site,...<\/p>","protected":false},"author":1,"featured_media":0,"parent":0,"menu_order":0,"comment_status":"closed","ping_status":"closed","template":"","meta":{"_kadence_starter_templates_imported_post":false,"_kad_post_transparent":"","_kad_post_title":"","_kad_post_layout":"","_kad_post_sidebar_id":"","_kad_post_content_style":"","_kad_post_vertical_padding":"","_kad_post_feature":"","_kad_post_feature_position":"","_kad_post_header":false,"_kad_post_footer":false,"footnotes":""},"class_list":["post-3","page","type-page","status-publish","hentry"],"aioseo_notices":[],"_links":{"self":[{"href":"https:\/\/carbonfiberinsoles.shop\/pt\/wp-json\/wp\/v2\/pages\/3","targetHints":{"allow":["GET"]}}],"collection":[{"href":"https:\/\/carbonfiberinsoles.shop\/pt\/wp-json\/wp\/v2\/pages"}],"about":[{"href":"https:\/\/carbonfiberinsoles.shop\/pt\/wp-json\/wp\/v2\/types\/page"}],"author":[{"embeddable":true,"href":"https:\/\/carbonfiberinsoles.shop\/pt\/wp-json\/wp\/v2\/users\/1"}],"replies":[{"embeddable":true,"href":"https:\/\/carbonfiberinsoles.shop\/pt\/wp-json\/wp\/v2\/comments?post=3"}],"version-history":[{"count":0,"href":"https:\/\/carbonfiberinsoles.shop\/pt\/wp-json\/wp\/v2\/pages\/3\/revisions"}],"wp:attachment":[{"href":"https:\/\/carbonfiberinsoles.shop\/pt\/wp-json\/wp\/v2\/media?parent=3"}],"curies":[{"name":"wp","href":"https:\/\/api.w.org\/{rel}","templated":true}]}}