{"id":16706,"date":"2025-03-10T15:24:10","date_gmt":"2025-03-10T15:24:10","guid":{"rendered":"https:\/\/carbonfiberinsoles.shop\/?post_type=product&#038;p=16706"},"modified":"2025-06-27T23:23:12","modified_gmt":"2025-06-27T23:23:12","slug":"carbon-plate-running-shoes-cushioned-walking-shoe-for-men-women","status":"publish","type":"product","link":"https:\/\/carbonfiberinsoles.shop\/it\/prodotto\/carbon-plate-running-shoes-cushioned-walking-shoe-for-men-women\/","title":{"rendered":"Scarpe con piastra in carbonio Scarpa da passeggio ammortizzata per uomo e donna"},"content":{"rendered":"<h3 data-start=\"796\" data-end=\"815\"><strong data-start=\"800\" data-end=\"813\">Panoramica:<\/strong><\/h3>\n<p data-start=\"816\" data-end=\"1332\">Un passo avanti nell'innovazione con le ultime novit\u00e0 <strong data-start=\"853\" data-end=\"883\">Scarpe da corsa con piastra in carbonio<\/strong>, realizzato per coloro che esigono entrambe le cose <strong data-start=\"919\" data-end=\"944\">prestazioni e stile<\/strong>. Sia che siate atleti, appassionati di fitness o semplicemente alla ricerca di un'esperienza di <strong data-start=\"1015\" data-end=\"1055\">scarpe casual leggere ed eleganti<\/strong>Queste scarpe da ginnastica forniscono il <strong data-start=\"1084\" data-end=\"1140\">perfetto equilibrio tra velocit\u00e0, ammortizzazione e durata<\/strong>. Caratterizzato da un <strong data-start=\"1154\" data-end=\"1257\">piastra in fibra di carbonio per una maggiore propulsione, tomaia in rete traspirante e ammortizzazione<\/strong>Queste scarpe sono costruite per garantire comfort e agilit\u00e0 su qualsiasi terreno.<\/p>\n<hr data-start=\"1334\" data-end=\"1337\" \/>\n<h3 data-start=\"1339\" data-end=\"1364\"><strong data-start=\"1343\" data-end=\"1362\">Specifiche:<\/strong><\/h3>\n<ul data-start=\"1365\" data-end=\"1825\">\n<li data-start=\"1365\" data-end=\"1412\"><strong data-start=\"1367\" data-end=\"1386\">Materiale della tomaia:<\/strong> Rete traspirante di qualit\u00e0 superiore<\/li>\n<li data-start=\"1413\" data-end=\"1483\"><strong data-start=\"1415\" data-end=\"1427\">Intersuola:<\/strong> Schiuma ad alto rimbalzo con piastra in fibra di carbonio incorporata<\/li>\n<li data-start=\"1484\" data-end=\"1535\"><strong data-start=\"1486\" data-end=\"1498\">Suola:<\/strong> Gomma resistente con presa antiscivolo<\/li>\n<li data-start=\"1536\" data-end=\"1603\"><strong data-start=\"1538\" data-end=\"1559\">Assorbimento degli urti:<\/strong> Ammortizzazione avanzata per la protezione dagli impatti<\/li>\n<li data-start=\"1604\" data-end=\"1663\"><strong data-start=\"1606\" data-end=\"1627\">Caduta dal tallone alla punta:<\/strong> 8 mm per un'efficienza ottimale della falcata<\/li>\n<li data-start=\"1664\" data-end=\"1708\"><strong data-start=\"1666\" data-end=\"1677\">Peso:<\/strong> Circa 9 oz (255 g) per scarpa<\/li>\n<li data-start=\"1709\" data-end=\"1772\"><strong data-start=\"1711\" data-end=\"1731\">Taglie disponibili:<\/strong> EU 35-44 \/ US Uomo 5-12, Donna 4-11<\/li>\n<li data-start=\"1773\" data-end=\"1825\"><strong data-start=\"1775\" data-end=\"1786\">Colori:<\/strong> Bianco\/blu, nero\/bianco, arancione\/grigio<\/li>\n<\/ul>\n<hr data-start=\"1827\" data-end=\"1830\" \/>\n<h3 data-start=\"1832\" data-end=\"1851\"><strong data-start=\"1836\" data-end=\"1849\">Caratteristiche:<\/strong><\/h3>\n<p data-start=\"1852\" data-end=\"2327\">\u2705 <strong data-start=\"1854\" data-end=\"1887\">Tecnologia delle piastre in fibra di carbonio<\/strong> - Fornisce un maggiore ritorno di energia per la velocit\u00e0 e le prestazioni<br data-start=\"1947\" data-end=\"1950\" \/>\u2705 <strong data-start=\"1952\" data-end=\"1979\">Sistema di assorbimento degli urti<\/strong> - Riduce l'impatto sulle articolazioni per una guida pi\u00f9 fluida<br data-start=\"2022\" data-end=\"2025\" \/>\u2705 <strong data-start=\"2027\" data-end=\"2052\">Tomaia in mesh traspirante<\/strong> - Mantiene i piedi freschi e confortevoli<br data-start=\"2091\" data-end=\"2094\" \/>\u2705 <strong data-start=\"2096\" data-end=\"2129\">Design leggero e flessibile<\/strong> - Assicura comfort e agilit\u00e0 per tutto il giorno<br data-start=\"2167\" data-end=\"2170\" \/>\u2705 <strong data-start=\"2172\" data-end=\"2200\">Suola antiscivolo resistente<\/strong> - Offre una presa superiore su varie superfici<br data-start=\"2243\" data-end=\"2246\" \/>\u2705 <strong data-start=\"2248\" data-end=\"2265\">Vestibilit\u00e0 ergonomica<\/strong> - Progettato per prestazioni atletiche e comfort casual<\/p>\n<hr data-start=\"2329\" data-end=\"2332\" \/>\n<h3 data-start=\"2334\" data-end=\"2363\"><img fetchpriority=\"high\" decoding=\"async\" class=\"aligncenter wp-image-19954 size-full\" src=\"https:\/\/carbonfiberinsoles.shop\/wp-content\/uploads\/2025\/03\/Carbon-Plate-Running-Shoes-Cushioned-Walking-Shoe-for-Men-Women-2-2_1.jpg\" alt=\"\" width=\"800\" height=\"800\" srcset=\"https:\/\/carbonfiberinsoles.shop\/wp-content\/uploads\/2025\/03\/Carbon-Plate-Running-Shoes-Cushioned-Walking-Shoe-for-Men-Women-2-2_1.jpg 800w, https:\/\/carbonfiberinsoles.shop\/wp-content\/uploads\/2025\/03\/Carbon-Plate-Running-Shoes-Cushioned-Walking-Shoe-for-Men-Women-2-2_1-430x430.jpg 430w, https:\/\/carbonfiberinsoles.shop\/wp-content\/uploads\/2025\/03\/Carbon-Plate-Running-Shoes-Cushioned-Walking-Shoe-for-Men-Women-2-2_1-100x100.jpg 100w, https:\/\/carbonfiberinsoles.shop\/wp-content\/uploads\/2025\/03\/Carbon-Plate-Running-Shoes-Cushioned-Walking-Shoe-for-Men-Women-2-2_1-700x700.jpg 700w, https:\/\/carbonfiberinsoles.shop\/wp-content\/uploads\/2025\/03\/Carbon-Plate-Running-Shoes-Cushioned-Walking-Shoe-for-Men-Women-2-2_1-300x300.jpg 300w, https:\/\/carbonfiberinsoles.shop\/wp-content\/uploads\/2025\/03\/Carbon-Plate-Running-Shoes-Cushioned-Walking-Shoe-for-Men-Women-2-2_1-150x150.jpg 150w, https:\/\/carbonfiberinsoles.shop\/wp-content\/uploads\/2025\/03\/Carbon-Plate-Running-Shoes-Cushioned-Walking-Shoe-for-Men-Women-2-2_1-768x768.jpg 768w, https:\/\/carbonfiberinsoles.shop\/wp-content\/uploads\/2025\/03\/Carbon-Plate-Running-Shoes-Cushioned-Walking-Shoe-for-Men-Women-2-2_1-12x12.jpg 12w\" sizes=\"(max-width: 800px) 100vw, 800px\" \/> <img decoding=\"async\" class=\"aligncenter wp-image-19955 size-full\" src=\"https:\/\/carbonfiberinsoles.shop\/wp-content\/uploads\/2025\/03\/Carbon-Plate-Running-Shoes-Cushioned-Walking-Shoe-for-Men-Women-2-3_1.jpg\" alt=\"\" width=\"800\" height=\"800\" srcset=\"https:\/\/carbonfiberinsoles.shop\/wp-content\/uploads\/2025\/03\/Carbon-Plate-Running-Shoes-Cushioned-Walking-Shoe-for-Men-Women-2-3_1.jpg 800w, https:\/\/carbonfiberinsoles.shop\/wp-content\/uploads\/2025\/03\/Carbon-Plate-Running-Shoes-Cushioned-Walking-Shoe-for-Men-Women-2-3_1-430x430.jpg 430w, https:\/\/carbonfiberinsoles.shop\/wp-content\/uploads\/2025\/03\/Carbon-Plate-Running-Shoes-Cushioned-Walking-Shoe-for-Men-Women-2-3_1-100x100.jpg 100w, https:\/\/carbonfiberinsoles.shop\/wp-content\/uploads\/2025\/03\/Carbon-Plate-Running-Shoes-Cushioned-Walking-Shoe-for-Men-Women-2-3_1-700x700.jpg 700w, https:\/\/carbonfiberinsoles.shop\/wp-content\/uploads\/2025\/03\/Carbon-Plate-Running-Shoes-Cushioned-Walking-Shoe-for-Men-Women-2-3_1-300x300.jpg 300w, https:\/\/carbonfiberinsoles.shop\/wp-content\/uploads\/2025\/03\/Carbon-Plate-Running-Shoes-Cushioned-Walking-Shoe-for-Men-Women-2-3_1-150x150.jpg 150w, https:\/\/carbonfiberinsoles.shop\/wp-content\/uploads\/2025\/03\/Carbon-Plate-Running-Shoes-Cushioned-Walking-Shoe-for-Men-Women-2-3_1-768x768.jpg 768w, https:\/\/carbonfiberinsoles.shop\/wp-content\/uploads\/2025\/03\/Carbon-Plate-Running-Shoes-Cushioned-Walking-Shoe-for-Men-Women-2-3_1-12x12.jpg 12w\" sizes=\"(max-width: 800px) 100vw, 800px\" \/> <img decoding=\"async\" class=\"aligncenter wp-image-19956 size-full\" src=\"https:\/\/carbonfiberinsoles.shop\/wp-content\/uploads\/2025\/03\/Carbon-Plate-Running-Shoes-Cushioned-Walking-Shoe-for-Men-Women-2-4_1.jpg\" alt=\"\" width=\"800\" height=\"800\" srcset=\"https:\/\/carbonfiberinsoles.shop\/wp-content\/uploads\/2025\/03\/Carbon-Plate-Running-Shoes-Cushioned-Walking-Shoe-for-Men-Women-2-4_1.jpg 800w, https:\/\/carbonfiberinsoles.shop\/wp-content\/uploads\/2025\/03\/Carbon-Plate-Running-Shoes-Cushioned-Walking-Shoe-for-Men-Women-2-4_1-430x430.jpg 430w, https:\/\/carbonfiberinsoles.shop\/wp-content\/uploads\/2025\/03\/Carbon-Plate-Running-Shoes-Cushioned-Walking-Shoe-for-Men-Women-2-4_1-100x100.jpg 100w, https:\/\/carbonfiberinsoles.shop\/wp-content\/uploads\/2025\/03\/Carbon-Plate-Running-Shoes-Cushioned-Walking-Shoe-for-Men-Women-2-4_1-700x700.jpg 700w, https:\/\/carbonfiberinsoles.shop\/wp-content\/uploads\/2025\/03\/Carbon-Plate-Running-Shoes-Cushioned-Walking-Shoe-for-Men-Women-2-4_1-300x300.jpg 300w, https:\/\/carbonfiberinsoles.shop\/wp-content\/uploads\/2025\/03\/Carbon-Plate-Running-Shoes-Cushioned-Walking-Shoe-for-Men-Women-2-4_1-150x150.jpg 150w, https:\/\/carbonfiberinsoles.shop\/wp-content\/uploads\/2025\/03\/Carbon-Plate-Running-Shoes-Cushioned-Walking-Shoe-for-Men-Women-2-4_1-768x768.jpg 768w, https:\/\/carbonfiberinsoles.shop\/wp-content\/uploads\/2025\/03\/Carbon-Plate-Running-Shoes-Cushioned-Walking-Shoe-for-Men-Women-2-4_1-12x12.jpg 12w\" sizes=\"(max-width: 800px) 100vw, 800px\" \/> <img loading=\"lazy\" decoding=\"async\" class=\"aligncenter wp-image-19957 size-full\" src=\"https:\/\/carbonfiberinsoles.shop\/wp-content\/uploads\/2025\/03\/Carbon-Plate-Running-Shoes-Cushioned-Walking-Shoe-for-Men-Women-2-5_1.jpg\" alt=\"\" width=\"800\" height=\"800\" srcset=\"https:\/\/carbonfiberinsoles.shop\/wp-content\/uploads\/2025\/03\/Carbon-Plate-Running-Shoes-Cushioned-Walking-Shoe-for-Men-Women-2-5_1.jpg 800w, https:\/\/carbonfiberinsoles.shop\/wp-content\/uploads\/2025\/03\/Carbon-Plate-Running-Shoes-Cushioned-Walking-Shoe-for-Men-Women-2-5_1-430x430.jpg 430w, https:\/\/carbonfiberinsoles.shop\/wp-content\/uploads\/2025\/03\/Carbon-Plate-Running-Shoes-Cushioned-Walking-Shoe-for-Men-Women-2-5_1-100x100.jpg 100w, https:\/\/carbonfiberinsoles.shop\/wp-content\/uploads\/2025\/03\/Carbon-Plate-Running-Shoes-Cushioned-Walking-Shoe-for-Men-Women-2-5_1-700x700.jpg 700w, https:\/\/carbonfiberinsoles.shop\/wp-content\/uploads\/2025\/03\/Carbon-Plate-Running-Shoes-Cushioned-Walking-Shoe-for-Men-Women-2-5_1-300x300.jpg 300w, https:\/\/carbonfiberinsoles.shop\/wp-content\/uploads\/2025\/03\/Carbon-Plate-Running-Shoes-Cushioned-Walking-Shoe-for-Men-Women-2-5_1-150x150.jpg 150w, https:\/\/carbonfiberinsoles.shop\/wp-content\/uploads\/2025\/03\/Carbon-Plate-Running-Shoes-Cushioned-Walking-Shoe-for-Men-Women-2-5_1-768x768.jpg 768w, https:\/\/carbonfiberinsoles.shop\/wp-content\/uploads\/2025\/03\/Carbon-Plate-Running-Shoes-Cushioned-Walking-Shoe-for-Men-Women-2-5_1-12x12.jpg 12w\" sizes=\"(max-width: 800px) 100vw, 800px\" \/> <img loading=\"lazy\" decoding=\"async\" class=\"aligncenter wp-image-19950 size-full\" src=\"https:\/\/carbonfiberinsoles.shop\/wp-content\/uploads\/2025\/03\/Carbon-Plate-Running-Shoes-Cushioned-Walking-Shoe-for-Men-Women-1-3_1.jpg\" alt=\"\" width=\"800\" height=\"800\" srcset=\"https:\/\/carbonfiberinsoles.shop\/wp-content\/uploads\/2025\/03\/Carbon-Plate-Running-Shoes-Cushioned-Walking-Shoe-for-Men-Women-1-3_1.jpg 800w, https:\/\/carbonfiberinsoles.shop\/wp-content\/uploads\/2025\/03\/Carbon-Plate-Running-Shoes-Cushioned-Walking-Shoe-for-Men-Women-1-3_1-430x430.jpg 430w, https:\/\/carbonfiberinsoles.shop\/wp-content\/uploads\/2025\/03\/Carbon-Plate-Running-Shoes-Cushioned-Walking-Shoe-for-Men-Women-1-3_1-100x100.jpg 100w, https:\/\/carbonfiberinsoles.shop\/wp-content\/uploads\/2025\/03\/Carbon-Plate-Running-Shoes-Cushioned-Walking-Shoe-for-Men-Women-1-3_1-700x700.jpg 700w, https:\/\/carbonfiberinsoles.shop\/wp-content\/uploads\/2025\/03\/Carbon-Plate-Running-Shoes-Cushioned-Walking-Shoe-for-Men-Women-1-3_1-300x300.jpg 300w, https:\/\/carbonfiberinsoles.shop\/wp-content\/uploads\/2025\/03\/Carbon-Plate-Running-Shoes-Cushioned-Walking-Shoe-for-Men-Women-1-3_1-150x150.jpg 150w, https:\/\/carbonfiberinsoles.shop\/wp-content\/uploads\/2025\/03\/Carbon-Plate-Running-Shoes-Cushioned-Walking-Shoe-for-Men-Women-1-3_1-768x768.jpg 768w, https:\/\/carbonfiberinsoles.shop\/wp-content\/uploads\/2025\/03\/Carbon-Plate-Running-Shoes-Cushioned-Walking-Shoe-for-Men-Women-1-3_1-12x12.jpg 12w\" sizes=\"(max-width: 800px) 100vw, 800px\" \/> <img loading=\"lazy\" decoding=\"async\" class=\"aligncenter wp-image-19953 size-full\" src=\"https:\/\/carbonfiberinsoles.shop\/wp-content\/uploads\/2025\/03\/Carbon-Plate-Running-Shoes-Cushioned-Walking-Shoe-for-Men-Women-2-1_1.jpg\" alt=\"\" width=\"800\" height=\"800\" srcset=\"https:\/\/carbonfiberinsoles.shop\/wp-content\/uploads\/2025\/03\/Carbon-Plate-Running-Shoes-Cushioned-Walking-Shoe-for-Men-Women-2-1_1.jpg 800w, https:\/\/carbonfiberinsoles.shop\/wp-content\/uploads\/2025\/03\/Carbon-Plate-Running-Shoes-Cushioned-Walking-Shoe-for-Men-Women-2-1_1-430x430.jpg 430w, https:\/\/carbonfiberinsoles.shop\/wp-content\/uploads\/2025\/03\/Carbon-Plate-Running-Shoes-Cushioned-Walking-Shoe-for-Men-Women-2-1_1-100x100.jpg 100w, https:\/\/carbonfiberinsoles.shop\/wp-content\/uploads\/2025\/03\/Carbon-Plate-Running-Shoes-Cushioned-Walking-Shoe-for-Men-Women-2-1_1-700x700.jpg 700w, https:\/\/carbonfiberinsoles.shop\/wp-content\/uploads\/2025\/03\/Carbon-Plate-Running-Shoes-Cushioned-Walking-Shoe-for-Men-Women-2-1_1-300x300.jpg 300w, https:\/\/carbonfiberinsoles.shop\/wp-content\/uploads\/2025\/03\/Carbon-Plate-Running-Shoes-Cushioned-Walking-Shoe-for-Men-Women-2-1_1-150x150.jpg 150w, https:\/\/carbonfiberinsoles.shop\/wp-content\/uploads\/2025\/03\/Carbon-Plate-Running-Shoes-Cushioned-Walking-Shoe-for-Men-Women-2-1_1-768x768.jpg 768w, https:\/\/carbonfiberinsoles.shop\/wp-content\/uploads\/2025\/03\/Carbon-Plate-Running-Shoes-Cushioned-Walking-Shoe-for-Men-Women-2-1_1-12x12.jpg 12w\" sizes=\"(max-width: 800px) 100vw, 800px\" \/><\/h3>\n<figure id=\"attachment_19589\" aria-describedby=\"caption-attachment-19589\" style=\"width: 754px\" class=\"wp-caption aligncenter\"><img loading=\"lazy\" decoding=\"async\" class=\"wp-image-19589 size-full\" src=\"https:\/\/carbonfiberinsoles.shop\/wp-content\/uploads\/2025\/05\/shoes-size-guide.png\" alt=\"guida alle taglie delle scarpe\" width=\"754\" height=\"529\" srcset=\"https:\/\/carbonfiberinsoles.shop\/wp-content\/uploads\/2025\/05\/shoes-size-guide.png 754w, https:\/\/carbonfiberinsoles.shop\/wp-content\/uploads\/2025\/05\/shoes-size-guide-430x302.png 430w, https:\/\/carbonfiberinsoles.shop\/wp-content\/uploads\/2025\/05\/shoes-size-guide-700x491.png 700w, https:\/\/carbonfiberinsoles.shop\/wp-content\/uploads\/2025\/05\/shoes-size-guide-400x281.png 400w, https:\/\/carbonfiberinsoles.shop\/wp-content\/uploads\/2025\/05\/shoes-size-guide-18x12.png 18w\" sizes=\"(max-width: 754px) 100vw, 754px\" \/><figcaption id=\"caption-attachment-19589\" class=\"wp-caption-text\">guida alle taglie delle scarpe<\/figcaption><\/figure>\n<hr \/>\n<h3 data-start=\"2334\" data-end=\"2363\"><strong data-start=\"2338\" data-end=\"2361\">Perch\u00e9 si dovrebbe acquistare:<\/strong><\/h3>\n<p data-start=\"2364\" data-end=\"2819\">\u2714\ufe0f <strong data-start=\"2367\" data-end=\"2399\">Aumenta la velocit\u00e0 e la resistenza<\/strong> - La piastra in carbonio migliora la propulsione, riducendo l'affaticamento<br data-start=\"2452\" data-end=\"2455\" \/>\u2714\ufe0f <strong data-start=\"2458\" data-end=\"2481\">Proteggere le articolazioni<\/strong> - L'ammortizzazione avanzata riduce al minimo l'impatto, rendendo fluido ogni passo<br data-start=\"2545\" data-end=\"2548\" \/>\u2714\ufe0f <strong data-start=\"2551\" data-end=\"2574\">Elegante e versatile<\/strong> - Perfetto per la corsa, l'allenamento o l'abbigliamento casual di tutti i giorni<br data-start=\"2631\" data-end=\"2634\" \/>\u2714\ufe0f <strong data-start=\"2637\" data-end=\"2669\">Qualit\u00e0 e durata premium<\/strong> - Costruito per durare nel tempo con materiali ad alte prestazioni<br data-start=\"2717\" data-end=\"2720\" \/>\u2714\ufe0f <strong data-start=\"2723\" data-end=\"2748\">Adatto a tutti<\/strong> - Progettati per uomini e donne, sono un'ottima scelta per le coppie.<\/p>\n<hr data-start=\"2821\" data-end=\"2824\" \/>\n<h3 data-start=\"2826\" data-end=\"2841\"><strong data-start=\"2830\" data-end=\"2839\">Domande frequenti:<\/strong><\/h3>\n<p data-start=\"2843\" data-end=\"3011\">\ud83d\udd39 <strong data-start=\"2846\" data-end=\"2900\">D: Queste scarpe sono adatte alla corsa su lunghe distanze?<\/strong><br data-start=\"2900\" data-end=\"2903\" \/><strong data-start=\"2903\" data-end=\"2909\">A:<\/strong> S\u00ec! La piastra in carbonio e il sistema di assorbimento degli urti offrono un supporto eccellente per le corse di lunga durata.<\/p>\n<p data-start=\"3013\" data-end=\"3164\">\ud83d\udd39 <strong data-start=\"3016\" data-end=\"3059\">D: Sono adatti per essere indossati tutti i giorni?<\/strong><br data-start=\"3059\" data-end=\"3062\" \/><strong data-start=\"3062\" data-end=\"3068\">A:<\/strong> Assolutamente! Queste scarpe sono state progettate sia per la corsa ad alte prestazioni che per l'abbigliamento casual di tutti i giorni.<\/p>\n<p data-start=\"3166\" data-end=\"3303\">\ud83d\udd39 <strong data-start=\"3169\" data-end=\"3203\">D: Come si puliscono queste scarpe?<\/strong><br data-start=\"3203\" data-end=\"3206\" \/><strong data-start=\"3206\" data-end=\"3212\">A:<\/strong> Utilizzare acqua e sapone neutro per la pulizia delle macchie. Evitare il lavaggio in lavatrice per preservarne la durata.<\/p>\n<p data-start=\"3305\" data-end=\"3437\">\ud83d\udd39 <strong data-start=\"3308\" data-end=\"3340\">D: Sono conformi alla taglia?<\/strong><br data-start=\"3340\" data-end=\"3343\" \/><strong data-start=\"3343\" data-end=\"3349\">A:<\/strong> S\u00ec, corrispondono alla taglia. Se avete i piedi pi\u00f9 larghi, prendete in considerazione l'idea di ordinare una mezza taglia in pi\u00f9.<\/p>\n<p data-start=\"3439\" data-end=\"3590\">\ud83d\udd39 <strong data-start=\"3442\" data-end=\"3498\">D: Queste scarpe offrono una buona presa sulle superfici bagnate?<\/strong><br data-start=\"3498\" data-end=\"3501\" \/><strong data-start=\"3501\" data-end=\"3507\">A:<\/strong> S\u00ec, la suola in gomma resistente assicura un'eccellente trazione su diversi terreni.<\/p>","protected":false},"excerpt":{"rendered":"<p>Sprigionate tutto il vostro potenziale con le nostre scarpe da corsa Carbon Plate! Caratterizzate da un <strong data-start=\"561\" data-end=\"636\">design leggero, tecnologia di assorbimento degli urti e piastra in fibra di carbonio<\/strong>Queste scarpe da ginnastica offrono <strong data-start=\"661\" data-end=\"707\">massimo ritorno energetico e comfort superiore<\/strong> sia per i corridori che per gli indossatori occasionali.<\/p>","protected":false},"featured_media":19948,"comment_status":"open","ping_status":"closed","template":"","meta":{"_kadence_starter_templates_imported_post":false,"_kad_post_transparent":"","_kad_post_title":"","_kad_post_layout":"","_kad_post_sidebar_id":"","_kad_post_content_style":"","_kad_post_vertical_padding":"","_kad_post_feature":"","_kad_post_feature_position":"","_kad_post_header":false,"_kad_post_footer":false},"product_brand":[],"product_cat":[253,252],"product_tag":[254,257,259,264,258],"class_list":{"0":"post-16706","1":"product","2":"type-product","3":"status-publish","4":"has-post-thumbnail","6":"product_cat-carbon-plate-running-shoes","7":"product_cat-carbon-shoes","8":"product_tag-carbon-plate-running-shoes","9":"product_tag-carbon-plated-shoes","10":"product_tag-carbon-running-shoes","11":"product_tag-carbon-shoes","12":"product_tag-running-shoes-with-carbon-plate","14":"first","15":"instock","16":"shipping-taxable","17":"purchasable","18":"product-type-variable","19":"has-default-attributes","20":"entry","21":"content-bg","22":"loop-entry"},"aioseo_notices":[],"_links":{"self":[{"href":"https:\/\/carbonfiberinsoles.shop\/it\/wp-json\/wp\/v2\/product\/16706","targetHints":{"allow":["GET"]}}],"collection":[{"href":"https:\/\/carbonfiberinsoles.shop\/it\/wp-json\/wp\/v2\/product"}],"about":[{"href":"https:\/\/carbonfiberinsoles.shop\/it\/wp-json\/wp\/v2\/types\/product"}],"replies":[{"embeddable":true,"href":"https:\/\/carbonfiberinsoles.shop\/it\/wp-json\/wp\/v2\/comments?post=16706"}],"version-history":[{"count":0,"href":"https:\/\/carbonfiberinsoles.shop\/it\/wp-json\/wp\/v2\/product\/16706\/revisions"}],"wp:featuredmedia":[{"embeddable":true,"href":"https:\/\/carbonfiberinsoles.shop\/it\/wp-json\/wp\/v2\/media\/19948"}],"wp:attachment":[{"href":"https:\/\/carbonfiberinsoles.shop\/it\/wp-json\/wp\/v2\/media?parent=16706"}],"wp:term":[{"taxonomy":"product_brand","embeddable":true,"href":"https:\/\/carbonfiberinsoles.shop\/it\/wp-json\/wp\/v2\/product_brand?post=16706"},{"taxonomy":"product_cat","embeddable":true,"href":"https:\/\/carbonfiberinsoles.shop\/it\/wp-json\/wp\/v2\/product_cat?post=16706"},{"taxonomy":"product_tag","embeddable":true,"href":"https:\/\/carbonfiberinsoles.shop\/it\/wp-json\/wp\/v2\/product_tag?post=16706"}],"curies":[{"name":"wp","href":"https:\/\/api.w.org\/{rel}","templated":true}]}}