{"id":16701,"date":"2025-03-11T14:27:43","date_gmt":"2025-03-11T14:27:43","guid":{"rendered":"https:\/\/carbonfiberinsoles.shop\/?post_type=product&#038;p=16701"},"modified":"2025-06-28T10:46:04","modified_gmt":"2025-06-28T10:46:04","slug":"carbon-plate-running-shoes-cushioned-walking-shoes-athletic-gym-workout","status":"publish","type":"product","link":"https:\/\/carbonfiberinsoles.shop\/it\/prodotto\/carbon-plate-running-shoes-cushioned-walking-shoes-athletic-gym-workout\/","title":{"rendered":"Scarpe con piastra in carbonio Scarpe da passeggio ammortizzate Allenamento atletico in palestra"},"content":{"rendered":"<div data-elementor-type=\"product-post\" data-elementor-id=\"16701\" class=\"elementor elementor-16701\" data-elementor-post-type=\"product\">\n\t\t\t\t<div class=\"elementor-element elementor-element-848ea8a e-flex e-con-boxed e-con e-parent\" data-id=\"848ea8a\" data-element_type=\"container\" data-e-type=\"container\">\n\t\t\t\t\t<div class=\"e-con-inner\">\n\t\t\t\t<div class=\"elementor-element elementor-element-a55202f elementor-widget elementor-widget-video\" data-id=\"a55202f\" data-element_type=\"widget\" data-e-type=\"widget\" data-settings=\"{&quot;youtube_url&quot;:&quot;https:\\\/\\\/www.youtube.com\\\/watch?v=v0V4HqD4--w&quot;,&quot;loop&quot;:&quot;yes&quot;,&quot;video_type&quot;:&quot;youtube&quot;,&quot;controls&quot;:&quot;yes&quot;}\" data-widget_type=\"video.default\">\n\t\t\t\t<div class=\"elementor-widget-container\">\n\t\t\t\t\t\t\t<div class=\"elementor-wrapper elementor-open-inline\">\n\t\t\t<div class=\"elementor-video\"><\/div>\t\t<\/div>\n\t\t\t\t\t\t<\/div>\n\t\t\t\t<\/div>\n\t\t\t\t\t<\/div>\n\t\t\t\t<\/div>\n\t\t<div class=\"elementor-element elementor-element-55f48685 e-flex e-con-boxed e-con e-parent\" data-id=\"55f48685\" data-element_type=\"container\" data-e-type=\"container\">\n\t\t\t\t\t<div class=\"e-con-inner\">\n\t\t\t\t<div class=\"elementor-element elementor-element-13bbaa32 elementor-widget elementor-widget-text-editor\" data-id=\"13bbaa32\" data-element_type=\"widget\" data-e-type=\"widget\" data-widget_type=\"text-editor.default\">\n\t\t\t\t<div class=\"elementor-widget-container\">\n\t\t\t\t\t\t\t\t\t<h3 data-start=\"591\" data-end=\"610\"><strong data-start=\"595\" data-end=\"608\">Panoramica:<\/strong><\/h3><p data-start=\"611\" data-end=\"1005\">Introduzione al <strong data-start=\"627\" data-end=\"665\">Scarpe da corsa Premium con piastra in carbonio<\/strong>costruita per i corridori che esigono prestazioni elevate e comfort supremo. Con un <strong data-start=\"741\" data-end=\"763\">piastra in fibra di carbonio<\/strong> per il ritorno di energia e un <strong data-start=\"789\" data-end=\"825\">Sistema avanzato di assorbimento degli urti<\/strong>Queste scarpe riducono lo stress da impatto e migliorano la velocit\u00e0. Sia che ci si alleni per una maratona, che si faccia sprint o jogging, queste scarpe offrono il perfetto equilibrio tra sostegno e stile.<\/p><hr data-start=\"1007\" data-end=\"1010\" \/><h3 data-start=\"1012\" data-end=\"1037\"><strong data-start=\"1016\" data-end=\"1035\">Specifiche:<\/strong><\/h3><ul data-start=\"1038\" data-end=\"1494\"><li data-start=\"1038\" data-end=\"1088\"><strong data-start=\"1040\" data-end=\"1059\">Materiale della tomaia:<\/strong> Maglia ingegnerizzata traspirante<\/li><li data-start=\"1089\" data-end=\"1159\"><strong data-start=\"1091\" data-end=\"1103\">Intersuola:<\/strong> Schiuma ad alta resilienza con piastra in fibra di carbonio incorporata<\/li><li data-start=\"1160\" data-end=\"1218\"><strong data-start=\"1162\" data-end=\"1174\">Suola:<\/strong> Gomma resistente con presa multidirezionale<\/li><li data-start=\"1219\" data-end=\"1289\"><strong data-start=\"1221\" data-end=\"1242\">Assorbimento degli urti:<\/strong> Ammortizzazione avanzata per ridurre l'affaticamento delle articolazioni<\/li><li data-start=\"1290\" data-end=\"1345\"><strong data-start=\"1292\" data-end=\"1313\">Caduta dal tallone alla punta:<\/strong> 8 mm per un movimento naturale del piede<\/li><li data-start=\"1346\" data-end=\"1390\"><strong data-start=\"1348\" data-end=\"1359\">Peso:<\/strong> Circa 9 oz (255 g) per scarpa<\/li><li data-start=\"1391\" data-end=\"1443\"><strong data-start=\"1393\" data-end=\"1413\">Taglie disponibili:<\/strong> US Uomo 6-13, donna 5-12<\/li><li data-start=\"1444\" data-end=\"1494\"><strong data-start=\"1446\" data-end=\"1457\">Colori:<\/strong> Bianco\/grigio, nero\/blu, azzurro<\/li><\/ul><hr data-start=\"1496\" data-end=\"1499\" \/><h3 data-start=\"1501\" data-end=\"1520\"><strong data-start=\"1505\" data-end=\"1518\">Caratteristiche:<\/strong><\/h3><p data-start=\"1521\" data-end=\"2004\">\u2705 <strong data-start=\"1523\" data-end=\"1556\">Tecnologia delle piastre in fibra di carbonio<\/strong> - Spinge ogni passo in avanti con un elevato ritorno di energia<br data-start=\"1608\" data-end=\"1611\" \/>\u2705 <strong data-start=\"1613\" data-end=\"1640\">Sistema di assorbimento degli urti<\/strong> - Riduce lo stress da impatto, proteggendo articolazioni e piedi<br data-start=\"1692\" data-end=\"1695\" \/>\u2705 <strong data-start=\"1697\" data-end=\"1722\">Tomaia in mesh traspirante<\/strong> - Favorisce il flusso d'aria per mantenere i piedi freschi e asciutti<br data-start=\"1767\" data-end=\"1770\" \/>\u2705 <strong data-start=\"1772\" data-end=\"1797\">Ammortizzazione reattiva<\/strong> - Schiuma leggera e ad alto rimbalzo per comfort e velocit\u00e0<br data-start=\"1852\" data-end=\"1855\" \/>\u2705 <strong data-start=\"1857\" data-end=\"1885\">Suola antiscivolo resistente<\/strong> - Offre una trazione superiore per tutti i terreni<br data-start=\"1929\" data-end=\"1932\" \/>\u2705 <strong data-start=\"1934\" data-end=\"1958\">Design ergonomico<\/strong> - Vestibilit\u00e0 aderente ma flessibile per un comfort che dura tutto il giorno<\/p><hr data-start=\"2006\" data-end=\"2009\" \/><h3 data-start=\"2011\" data-end=\"2040\"><img fetchpriority=\"high\" decoding=\"async\" class=\"aligncenter wp-image-19937 size-full\" src=\"https:\/\/carbonfiberinsoles.shop\/wp-content\/uploads\/2025\/03\/Carbon-Plate-Running-Shoes-Cushioned-Walking-Shoes-3-1_1.jpg\" alt=\"\" width=\"800\" height=\"800\" srcset=\"https:\/\/carbonfiberinsoles.shop\/wp-content\/uploads\/2025\/03\/Carbon-Plate-Running-Shoes-Cushioned-Walking-Shoes-3-1_1.jpg 800w, https:\/\/carbonfiberinsoles.shop\/wp-content\/uploads\/2025\/03\/Carbon-Plate-Running-Shoes-Cushioned-Walking-Shoes-3-1_1-430x430.jpg 430w, https:\/\/carbonfiberinsoles.shop\/wp-content\/uploads\/2025\/03\/Carbon-Plate-Running-Shoes-Cushioned-Walking-Shoes-3-1_1-100x100.jpg 100w, https:\/\/carbonfiberinsoles.shop\/wp-content\/uploads\/2025\/03\/Carbon-Plate-Running-Shoes-Cushioned-Walking-Shoes-3-1_1-700x700.jpg 700w, https:\/\/carbonfiberinsoles.shop\/wp-content\/uploads\/2025\/03\/Carbon-Plate-Running-Shoes-Cushioned-Walking-Shoes-3-1_1-300x300.jpg 300w, https:\/\/carbonfiberinsoles.shop\/wp-content\/uploads\/2025\/03\/Carbon-Plate-Running-Shoes-Cushioned-Walking-Shoes-3-1_1-150x150.jpg 150w, https:\/\/carbonfiberinsoles.shop\/wp-content\/uploads\/2025\/03\/Carbon-Plate-Running-Shoes-Cushioned-Walking-Shoes-3-1_1-768x768.jpg 768w, https:\/\/carbonfiberinsoles.shop\/wp-content\/uploads\/2025\/03\/Carbon-Plate-Running-Shoes-Cushioned-Walking-Shoes-3-1_1-12x12.jpg 12w\" sizes=\"(max-width: 800px) 100vw, 800px\" \/><img decoding=\"async\" class=\"aligncenter wp-image-19934 size-full\" src=\"https:\/\/carbonfiberinsoles.shop\/wp-content\/uploads\/2025\/03\/Carbon-Plate-Running-Shoes-Cushioned-Walking-Shoes-2-8_1.jpg\" alt=\"\" width=\"790\" height=\"774\" srcset=\"https:\/\/carbonfiberinsoles.shop\/wp-content\/uploads\/2025\/03\/Carbon-Plate-Running-Shoes-Cushioned-Walking-Shoes-2-8_1.jpg 790w, https:\/\/carbonfiberinsoles.shop\/wp-content\/uploads\/2025\/03\/Carbon-Plate-Running-Shoes-Cushioned-Walking-Shoes-2-8_1-430x421.jpg 430w, https:\/\/carbonfiberinsoles.shop\/wp-content\/uploads\/2025\/03\/Carbon-Plate-Running-Shoes-Cushioned-Walking-Shoes-2-8_1-700x686.jpg 700w, https:\/\/carbonfiberinsoles.shop\/wp-content\/uploads\/2025\/03\/Carbon-Plate-Running-Shoes-Cushioned-Walking-Shoes-2-8_1-306x300.jpg 306w, https:\/\/carbonfiberinsoles.shop\/wp-content\/uploads\/2025\/03\/Carbon-Plate-Running-Shoes-Cushioned-Walking-Shoes-2-8_1-768x752.jpg 768w, https:\/\/carbonfiberinsoles.shop\/wp-content\/uploads\/2025\/03\/Carbon-Plate-Running-Shoes-Cushioned-Walking-Shoes-2-8_1-12x12.jpg 12w\" sizes=\"(max-width: 790px) 100vw, 790px\" \/> <img decoding=\"async\" class=\"aligncenter wp-image-19935 size-full\" src=\"https:\/\/carbonfiberinsoles.shop\/wp-content\/uploads\/2025\/03\/Carbon-Plate-Running-Shoes-Cushioned-Walking-Shoes-2-9_1.jpg\" alt=\"\" width=\"790\" height=\"1067\" srcset=\"https:\/\/carbonfiberinsoles.shop\/wp-content\/uploads\/2025\/03\/Carbon-Plate-Running-Shoes-Cushioned-Walking-Shoes-2-9_1.jpg 790w, https:\/\/carbonfiberinsoles.shop\/wp-content\/uploads\/2025\/03\/Carbon-Plate-Running-Shoes-Cushioned-Walking-Shoes-2-9_1-430x581.jpg 430w, https:\/\/carbonfiberinsoles.shop\/wp-content\/uploads\/2025\/03\/Carbon-Plate-Running-Shoes-Cushioned-Walking-Shoes-2-9_1-700x945.jpg 700w, https:\/\/carbonfiberinsoles.shop\/wp-content\/uploads\/2025\/03\/Carbon-Plate-Running-Shoes-Cushioned-Walking-Shoes-2-9_1-222x300.jpg 222w, https:\/\/carbonfiberinsoles.shop\/wp-content\/uploads\/2025\/03\/Carbon-Plate-Running-Shoes-Cushioned-Walking-Shoes-2-9_1-592x800.jpg 592w, https:\/\/carbonfiberinsoles.shop\/wp-content\/uploads\/2025\/03\/Carbon-Plate-Running-Shoes-Cushioned-Walking-Shoes-2-9_1-768x1037.jpg 768w, https:\/\/carbonfiberinsoles.shop\/wp-content\/uploads\/2025\/03\/Carbon-Plate-Running-Shoes-Cushioned-Walking-Shoes-2-9_1-9x12.jpg 9w\" sizes=\"(max-width: 790px) 100vw, 790px\" \/> <img loading=\"lazy\" decoding=\"async\" class=\"aligncenter wp-image-19929 size-full\" src=\"https:\/\/carbonfiberinsoles.shop\/wp-content\/uploads\/2025\/03\/Carbon-Plate-Running-Shoes-Cushioned-Walking-Shoes-2-3_1.jpg\" alt=\"\" width=\"790\" height=\"1018\" srcset=\"https:\/\/carbonfiberinsoles.shop\/wp-content\/uploads\/2025\/03\/Carbon-Plate-Running-Shoes-Cushioned-Walking-Shoes-2-3_1.jpg 790w, https:\/\/carbonfiberinsoles.shop\/wp-content\/uploads\/2025\/03\/Carbon-Plate-Running-Shoes-Cushioned-Walking-Shoes-2-3_1-430x554.jpg 430w, https:\/\/carbonfiberinsoles.shop\/wp-content\/uploads\/2025\/03\/Carbon-Plate-Running-Shoes-Cushioned-Walking-Shoes-2-3_1-700x902.jpg 700w, https:\/\/carbonfiberinsoles.shop\/wp-content\/uploads\/2025\/03\/Carbon-Plate-Running-Shoes-Cushioned-Walking-Shoes-2-3_1-233x300.jpg 233w, https:\/\/carbonfiberinsoles.shop\/wp-content\/uploads\/2025\/03\/Carbon-Plate-Running-Shoes-Cushioned-Walking-Shoes-2-3_1-621x800.jpg 621w, https:\/\/carbonfiberinsoles.shop\/wp-content\/uploads\/2025\/03\/Carbon-Plate-Running-Shoes-Cushioned-Walking-Shoes-2-3_1-768x990.jpg 768w, https:\/\/carbonfiberinsoles.shop\/wp-content\/uploads\/2025\/03\/Carbon-Plate-Running-Shoes-Cushioned-Walking-Shoes-2-3_1-9x12.jpg 9w\" sizes=\"(max-width: 790px) 100vw, 790px\" \/> <img loading=\"lazy\" decoding=\"async\" class=\"aligncenter wp-image-19936 size-full\" src=\"https:\/\/carbonfiberinsoles.shop\/wp-content\/uploads\/2025\/03\/Carbon-Plate-Running-Shoes-Cushioned-Walking-Shoes-2-10_1.jpg\" alt=\"\" width=\"790\" height=\"694\" srcset=\"https:\/\/carbonfiberinsoles.shop\/wp-content\/uploads\/2025\/03\/Carbon-Plate-Running-Shoes-Cushioned-Walking-Shoes-2-10_1.jpg 790w, https:\/\/carbonfiberinsoles.shop\/wp-content\/uploads\/2025\/03\/Carbon-Plate-Running-Shoes-Cushioned-Walking-Shoes-2-10_1-430x378.jpg 430w, https:\/\/carbonfiberinsoles.shop\/wp-content\/uploads\/2025\/03\/Carbon-Plate-Running-Shoes-Cushioned-Walking-Shoes-2-10_1-700x615.jpg 700w, https:\/\/carbonfiberinsoles.shop\/wp-content\/uploads\/2025\/03\/Carbon-Plate-Running-Shoes-Cushioned-Walking-Shoes-2-10_1-341x300.jpg 341w, https:\/\/carbonfiberinsoles.shop\/wp-content\/uploads\/2025\/03\/Carbon-Plate-Running-Shoes-Cushioned-Walking-Shoes-2-10_1-768x675.jpg 768w, https:\/\/carbonfiberinsoles.shop\/wp-content\/uploads\/2025\/03\/Carbon-Plate-Running-Shoes-Cushioned-Walking-Shoes-2-10_1-14x12.jpg 14w\" sizes=\"(max-width: 790px) 100vw, 790px\" \/> <img loading=\"lazy\" decoding=\"async\" class=\"aligncenter wp-image-19938 size-full\" src=\"https:\/\/carbonfiberinsoles.shop\/wp-content\/uploads\/2025\/03\/Carbon-Plate-Running-Shoes-Cushioned-Walking-Shoes-3-2_1.jpg\" alt=\"\" width=\"800\" height=\"800\" srcset=\"https:\/\/carbonfiberinsoles.shop\/wp-content\/uploads\/2025\/03\/Carbon-Plate-Running-Shoes-Cushioned-Walking-Shoes-3-2_1.jpg 800w, https:\/\/carbonfiberinsoles.shop\/wp-content\/uploads\/2025\/03\/Carbon-Plate-Running-Shoes-Cushioned-Walking-Shoes-3-2_1-430x430.jpg 430w, https:\/\/carbonfiberinsoles.shop\/wp-content\/uploads\/2025\/03\/Carbon-Plate-Running-Shoes-Cushioned-Walking-Shoes-3-2_1-100x100.jpg 100w, https:\/\/carbonfiberinsoles.shop\/wp-content\/uploads\/2025\/03\/Carbon-Plate-Running-Shoes-Cushioned-Walking-Shoes-3-2_1-700x700.jpg 700w, https:\/\/carbonfiberinsoles.shop\/wp-content\/uploads\/2025\/03\/Carbon-Plate-Running-Shoes-Cushioned-Walking-Shoes-3-2_1-300x300.jpg 300w, https:\/\/carbonfiberinsoles.shop\/wp-content\/uploads\/2025\/03\/Carbon-Plate-Running-Shoes-Cushioned-Walking-Shoes-3-2_1-150x150.jpg 150w, https:\/\/carbonfiberinsoles.shop\/wp-content\/uploads\/2025\/03\/Carbon-Plate-Running-Shoes-Cushioned-Walking-Shoes-3-2_1-768x768.jpg 768w, https:\/\/carbonfiberinsoles.shop\/wp-content\/uploads\/2025\/03\/Carbon-Plate-Running-Shoes-Cushioned-Walking-Shoes-3-2_1-12x12.jpg 12w\" sizes=\"(max-width: 800px) 100vw, 800px\" \/> <img loading=\"lazy\" decoding=\"async\" class=\"aligncenter wp-image-19927 size-full\" src=\"https:\/\/carbonfiberinsoles.shop\/wp-content\/uploads\/2025\/03\/Carbon-Plate-Running-Shoes-Cushioned-Walking-Shoes-2-1_1.jpg\" alt=\"\" width=\"790\" height=\"1290\" srcset=\"https:\/\/carbonfiberinsoles.shop\/wp-content\/uploads\/2025\/03\/Carbon-Plate-Running-Shoes-Cushioned-Walking-Shoes-2-1_1.jpg 790w, https:\/\/carbonfiberinsoles.shop\/wp-content\/uploads\/2025\/03\/Carbon-Plate-Running-Shoes-Cushioned-Walking-Shoes-2-1_1-430x702.jpg 430w, https:\/\/carbonfiberinsoles.shop\/wp-content\/uploads\/2025\/03\/Carbon-Plate-Running-Shoes-Cushioned-Walking-Shoes-2-1_1-700x1143.jpg 700w, https:\/\/carbonfiberinsoles.shop\/wp-content\/uploads\/2025\/03\/Carbon-Plate-Running-Shoes-Cushioned-Walking-Shoes-2-1_1-184x300.jpg 184w, https:\/\/carbonfiberinsoles.shop\/wp-content\/uploads\/2025\/03\/Carbon-Plate-Running-Shoes-Cushioned-Walking-Shoes-2-1_1-490x800.jpg 490w, https:\/\/carbonfiberinsoles.shop\/wp-content\/uploads\/2025\/03\/Carbon-Plate-Running-Shoes-Cushioned-Walking-Shoes-2-1_1-768x1254.jpg 768w, https:\/\/carbonfiberinsoles.shop\/wp-content\/uploads\/2025\/03\/Carbon-Plate-Running-Shoes-Cushioned-Walking-Shoes-2-1_1-7x12.jpg 7w\" sizes=\"(max-width: 790px) 100vw, 790px\" \/> <img loading=\"lazy\" decoding=\"async\" class=\"wp-image-19928 size-full aligncenter\" src=\"https:\/\/carbonfiberinsoles.shop\/wp-content\/uploads\/2025\/03\/Carbon-Plate-Running-Shoes-Cushioned-Walking-Shoes-2-2_1.jpg\" alt=\"\" width=\"790\" height=\"1337\" srcset=\"https:\/\/carbonfiberinsoles.shop\/wp-content\/uploads\/2025\/03\/Carbon-Plate-Running-Shoes-Cushioned-Walking-Shoes-2-2_1.jpg 790w, https:\/\/carbonfiberinsoles.shop\/wp-content\/uploads\/2025\/03\/Carbon-Plate-Running-Shoes-Cushioned-Walking-Shoes-2-2_1-430x728.jpg 430w, https:\/\/carbonfiberinsoles.shop\/wp-content\/uploads\/2025\/03\/Carbon-Plate-Running-Shoes-Cushioned-Walking-Shoes-2-2_1-700x1185.jpg 700w, https:\/\/carbonfiberinsoles.shop\/wp-content\/uploads\/2025\/03\/Carbon-Plate-Running-Shoes-Cushioned-Walking-Shoes-2-2_1-177x300.jpg 177w, https:\/\/carbonfiberinsoles.shop\/wp-content\/uploads\/2025\/03\/Carbon-Plate-Running-Shoes-Cushioned-Walking-Shoes-2-2_1-473x800.jpg 473w, https:\/\/carbonfiberinsoles.shop\/wp-content\/uploads\/2025\/03\/Carbon-Plate-Running-Shoes-Cushioned-Walking-Shoes-2-2_1-768x1300.jpg 768w, https:\/\/carbonfiberinsoles.shop\/wp-content\/uploads\/2025\/03\/Carbon-Plate-Running-Shoes-Cushioned-Walking-Shoes-2-2_1-7x12.jpg 7w\" sizes=\"(max-width: 790px) 100vw, 790px\" \/><\/h3><figure id=\"attachment_19589\" aria-describedby=\"caption-attachment-19589\" style=\"width: 754px\" class=\"wp-caption aligncenter\"><img loading=\"lazy\" decoding=\"async\" class=\"wp-image-19589 size-full\" src=\"https:\/\/carbonfiberinsoles.shop\/wp-content\/uploads\/2025\/05\/shoes-size-guide.png\" alt=\"guida alle taglie delle scarpe\" width=\"754\" height=\"529\" srcset=\"https:\/\/carbonfiberinsoles.shop\/wp-content\/uploads\/2025\/05\/shoes-size-guide.png 754w, https:\/\/carbonfiberinsoles.shop\/wp-content\/uploads\/2025\/05\/shoes-size-guide-430x302.png 430w, https:\/\/carbonfiberinsoles.shop\/wp-content\/uploads\/2025\/05\/shoes-size-guide-700x491.png 700w, https:\/\/carbonfiberinsoles.shop\/wp-content\/uploads\/2025\/05\/shoes-size-guide-400x281.png 400w, https:\/\/carbonfiberinsoles.shop\/wp-content\/uploads\/2025\/05\/shoes-size-guide-18x12.png 18w\" sizes=\"(max-width: 754px) 100vw, 754px\" \/><figcaption id=\"caption-attachment-19589\" class=\"wp-caption-text\">\u00a0<\/figcaption><\/figure><h3 data-start=\"2011\" data-end=\"2040\"><strong data-start=\"2015\" data-end=\"2038\">Perch\u00e9 si dovrebbe acquistare:<\/strong><\/h3><p data-start=\"2041\" data-end=\"2498\">\u2714\ufe0f <strong data-start=\"2044\" data-end=\"2065\">Aumento delle prestazioni<\/strong> - La piastra in carbonio ottimizza la propulsione, migliorando la velocit\u00e0 e la resistenza<br data-start=\"2136\" data-end=\"2139\" \/>\u2714\ufe0f <strong data-start=\"2142\" data-end=\"2166\">Comfort e protezione<\/strong> - L'ammortizzazione riduce l'affaticamento e protegge le articolazioni.<br data-start=\"2231\" data-end=\"2234\" \/>\u2714\ufe0f <strong data-start=\"2237\" data-end=\"2260\">Versatile ed elegante<\/strong> - Una perfetta combinazione di funzionalit\u00e0 sportiva e moda moderna<br data-start=\"2322\" data-end=\"2325\" \/>\u2714\ufe0f <strong data-start=\"2328\" data-end=\"2353\">Costruito per tutti i corridori<\/strong> - Ideale per il jogging quotidiano, l'allenamento intenso o le passeggiate occasionali<br data-start=\"2411\" data-end=\"2414\" \/>\u2714\ufe0f <strong data-start=\"2417\" data-end=\"2444\">Durata nel tempo<\/strong> - I materiali di alta qualit\u00e0 garantiscono prestazioni durature<\/p><hr data-start=\"2500\" data-end=\"2503\" \/><h3 data-start=\"2505\" data-end=\"2520\"><strong data-start=\"2509\" data-end=\"2518\">Domande frequenti:<\/strong><\/h3><p data-start=\"2522\" data-end=\"2685\">\ud83d\udd39 <strong data-start=\"2525\" data-end=\"2578\">D: Queste scarpe sono adatte alla maratona?<\/strong><br data-start=\"2578\" data-end=\"2581\" \/><strong data-start=\"2581\" data-end=\"2587\">A:<\/strong> S\u00ec! La piastra in fibra di carbonio e il sistema di assorbimento degli urti le rendono ideali per le corse di lunga durata.<\/p><p data-start=\"2687\" data-end=\"2819\">\ud83d\udd39 <strong data-start=\"2690\" data-end=\"2722\">D: Sono conformi alla taglia?<\/strong><br data-start=\"2722\" data-end=\"2725\" \/><strong data-start=\"2725\" data-end=\"2731\">A:<\/strong> S\u00ec, corrispondono alla taglia. Se avete i piedi pi\u00f9 larghi, prendete in considerazione l'idea di ordinare una mezza taglia in pi\u00f9.<\/p><p data-start=\"2821\" data-end=\"2953\">\ud83d\udd39 <strong data-start=\"2824\" data-end=\"2862\">D: Posso usarli per un abbigliamento casual?<\/strong><br data-start=\"2862\" data-end=\"2865\" \/><strong data-start=\"2865\" data-end=\"2871\">A:<\/strong> Assolutamente! Queste scarpe sono state progettate sia per le prestazioni che per il comfort quotidiano.<\/p><p data-start=\"2955\" data-end=\"3089\">\ud83d\udd39 <strong data-start=\"2958\" data-end=\"2989\">D: Come devo pulirli?<\/strong><br data-start=\"2989\" data-end=\"2992\" \/><strong data-start=\"2992\" data-end=\"2998\">A:<\/strong> Utilizzare acqua e sapone neutro per la pulizia delle macchie. Evitare il lavaggio in lavatrice per preservarne la durata.<\/p><p data-start=\"3091\" data-end=\"3236\">\ud83d\udd39 <strong data-start=\"3094\" data-end=\"3135\">D: Funzionano bene sulle superfici bagnate?<\/strong><br data-start=\"3135\" data-end=\"3138\" \/><strong data-start=\"3138\" data-end=\"3144\">A:<\/strong> S\u00ec, la suola in gomma resistente offre un'eccellente aderenza e trazione su vari terreni.<\/p><hr data-start=\"3238\" data-end=\"3241\" \/><p data-start=\"3243\" data-end=\"3382\" data-is-last-node=\"\" data-is-only-node=\"\">\ud83c\udfc3 <strong data-start=\"3246\" data-end=\"3379\">Migliorate la vostra esperienza di corsa con le scarpe da corsa Premium Carbon Plate: velocit\u00e0, comfort e ammortizzazione ad ogni passo!<\/strong> \ud83d\ude80<\/p>\t\t\t\t\t\t\t\t<\/div>\n\t\t\t\t<\/div>\n\t\t\t\t\t<\/div>\n\t\t\t\t<\/div>\n\t\t\t\t<\/div>","protected":false},"excerpt":{"rendered":"<p>Con le nostre scarpe da corsa Carbon Plate, il comfort e le prestazioni sono superiori. Grazie alla tecnologia in fibra di carbonio e all'ammortizzazione avanzata, queste scarpe offrono un ritorno di energia e una stabilit\u00e0 senza pari per ogni corsa.<\/p>","protected":false},"featured_media":17092,"comment_status":"open","ping_status":"closed","template":"","meta":{"_kadence_starter_templates_imported_post":false,"_kad_post_transparent":"","_kad_post_title":"","_kad_post_layout":"","_kad_post_sidebar_id":"","_kad_post_content_style":"","_kad_post_vertical_padding":"","_kad_post_feature":"","_kad_post_feature_position":"","_kad_post_header":false,"_kad_post_footer":false},"product_brand":[],"product_cat":[253,252],"product_tag":[254,257,259,264,258],"class_list":{"0":"post-16701","1":"product","2":"type-product","3":"status-publish","4":"has-post-thumbnail","6":"product_cat-carbon-plate-running-shoes","7":"product_cat-carbon-shoes","8":"product_tag-carbon-plate-running-shoes","9":"product_tag-carbon-plated-shoes","10":"product_tag-carbon-running-shoes","11":"product_tag-carbon-shoes","12":"product_tag-running-shoes-with-carbon-plate","14":"first","15":"instock","16":"shipping-taxable","17":"purchasable","18":"product-type-variable","19":"has-default-attributes","20":"entry","21":"content-bg","22":"loop-entry"},"aioseo_notices":[],"_links":{"self":[{"href":"https:\/\/carbonfiberinsoles.shop\/it\/wp-json\/wp\/v2\/product\/16701","targetHints":{"allow":["GET"]}}],"collection":[{"href":"https:\/\/carbonfiberinsoles.shop\/it\/wp-json\/wp\/v2\/product"}],"about":[{"href":"https:\/\/carbonfiberinsoles.shop\/it\/wp-json\/wp\/v2\/types\/product"}],"replies":[{"embeddable":true,"href":"https:\/\/carbonfiberinsoles.shop\/it\/wp-json\/wp\/v2\/comments?post=16701"}],"version-history":[{"count":0,"href":"https:\/\/carbonfiberinsoles.shop\/it\/wp-json\/wp\/v2\/product\/16701\/revisions"}],"wp:featuredmedia":[{"embeddable":true,"href":"https:\/\/carbonfiberinsoles.shop\/it\/wp-json\/wp\/v2\/media\/17092"}],"wp:attachment":[{"href":"https:\/\/carbonfiberinsoles.shop\/it\/wp-json\/wp\/v2\/media?parent=16701"}],"wp:term":[{"taxonomy":"product_brand","embeddable":true,"href":"https:\/\/carbonfiberinsoles.shop\/it\/wp-json\/wp\/v2\/product_brand?post=16701"},{"taxonomy":"product_cat","embeddable":true,"href":"https:\/\/carbonfiberinsoles.shop\/it\/wp-json\/wp\/v2\/product_cat?post=16701"},{"taxonomy":"product_tag","embeddable":true,"href":"https:\/\/carbonfiberinsoles.shop\/it\/wp-json\/wp\/v2\/product_tag?post=16701"}],"curies":[{"name":"wp","href":"https:\/\/api.w.org\/{rel}","templated":true}]}}