{"id":609,"date":"2024-10-07T13:00:16","date_gmt":"2024-10-07T13:00:16","guid":{"rendered":"https:\/\/carbonfiberinsoles.shop\/?post_type=product&#038;p=609"},"modified":"2025-06-07T03:32:25","modified_gmt":"2025-06-07T03:32:25","slug":"mortons-extension-orthoticcarbon-fiber-insolerigid-foot-support-insert-for-mortons-toeturf-toehallux-rigidusarthritis1-piece-27-5cm","status":"publish","type":"product","link":"https:\/\/carbonfiberinsoles.shop\/fr\/produit\/mortons-extension-orthoticcarbon-fiber-insolerigid-foot-support-insert-for-mortons-toeturf-toehallux-rigidusarthritis1-piece-27-5cm\/","title":{"rendered":"Semelle orthop\u00e9dique Morton's Extension en fibre de carbone"},"content":{"rendered":"<p>Faites l'exp\u00e9rience d'un soutien et d'un soulagement de la douleur in\u00e9gal\u00e9s gr\u00e2ce \u00e0 ces <strong>semelles en fibre de carbone<\/strong> avec une orth\u00e8se d'extension de Morton. Sp\u00e9cialement con\u00e7ues pour les personnes souffrant d'affections telles que l'orteil de Morton, le Turf Toe, l'Hallux Rigidus et l'arthrite, ces semelles orthop\u00e9diques rigides offrent la stabilit\u00e9 et l'alignement n\u00e9cessaires pour soulager l'inconfort et am\u00e9liorer la mobilit\u00e9.<\/p>\n<p>Fabriqu\u00e9es en fibre de carbone de haute qualit\u00e9, ces semelles sont \u00e0 la fois l\u00e9g\u00e8res et exceptionnellement r\u00e9sistantes, offrant une durabilit\u00e9 \u00e0 long terme sans ajouter d'encombrement inutile \u00e0 vos chaussures. Les <strong>semelles en fibre de carbone<\/strong> sont con\u00e7us pour r\u00e9duire la pression sur l'avant-pied, en particulier pour les personnes souffrant de l'orteil de Morton ou d'affections similaires, afin de soulager la tension et d'am\u00e9liorer la fonction du pied.<\/p>\n<p>Parfaites pour le port quotidien de chaussures d\u00e9contract\u00e9es ou athl\u00e9tiques, ces <strong>semelles en fibre de carbone<\/strong> offrent un soutien rigide qui favorise un alignement correct du pied et pr\u00e9vient d'autres blessures. Que vous soyez en train de marcher, de courir ou de vaquer \u00e0 vos occupations, ces semelles vous aident \u00e0 rester confortable et \u00e0 ne pas souffrir.<\/p>\n<p>&nbsp;<\/p>\n<p>&nbsp;<\/p>\n<p><img fetchpriority=\"high\" decoding=\"async\" class=\"wp-image-617 size-large\" src=\"https:\/\/carbonfiberinsoles.shop\/wp-content\/uploads\/2024\/10\/Mortons-Extension-OrthoticCarbon-Fiber-InsoleRigid-Foot-Support-Insert-for-Mortons-ToeTurf-Toe-8-1024x1024.jpg\" alt=\"Morton&#039;s Extension Orthotic,Carbon Fiber Insole,Rigid Foot Support Insert for Morton&#039;s Toe,Turf Toe (8)\" width=\"1024\" height=\"1024\" srcset=\"https:\/\/carbonfiberinsoles.shop\/wp-content\/uploads\/2024\/10\/Mortons-Extension-OrthoticCarbon-Fiber-InsoleRigid-Foot-Support-Insert-for-Mortons-ToeTurf-Toe-8-1024x1024.jpg 1024w, https:\/\/carbonfiberinsoles.shop\/wp-content\/uploads\/2024\/10\/Mortons-Extension-OrthoticCarbon-Fiber-InsoleRigid-Foot-Support-Insert-for-Mortons-ToeTurf-Toe-8-430x430.jpg 430w, https:\/\/carbonfiberinsoles.shop\/wp-content\/uploads\/2024\/10\/Mortons-Extension-OrthoticCarbon-Fiber-InsoleRigid-Foot-Support-Insert-for-Mortons-ToeTurf-Toe-8-100x100.jpg 100w, https:\/\/carbonfiberinsoles.shop\/wp-content\/uploads\/2024\/10\/Mortons-Extension-OrthoticCarbon-Fiber-InsoleRigid-Foot-Support-Insert-for-Mortons-ToeTurf-Toe-8-700x700.jpg 700w, https:\/\/carbonfiberinsoles.shop\/wp-content\/uploads\/2024\/10\/Mortons-Extension-OrthoticCarbon-Fiber-InsoleRigid-Foot-Support-Insert-for-Mortons-ToeTurf-Toe-8-300x300.jpg 300w, https:\/\/carbonfiberinsoles.shop\/wp-content\/uploads\/2024\/10\/Mortons-Extension-OrthoticCarbon-Fiber-InsoleRigid-Foot-Support-Insert-for-Mortons-ToeTurf-Toe-8-150x150.jpg 150w, https:\/\/carbonfiberinsoles.shop\/wp-content\/uploads\/2024\/10\/Mortons-Extension-OrthoticCarbon-Fiber-InsoleRigid-Foot-Support-Insert-for-Mortons-ToeTurf-Toe-8-768x768.jpg 768w, https:\/\/carbonfiberinsoles.shop\/wp-content\/uploads\/2024\/10\/Mortons-Extension-OrthoticCarbon-Fiber-InsoleRigid-Foot-Support-Insert-for-Mortons-ToeTurf-Toe-8.jpg 1329w\" sizes=\"(max-width: 1024px) 100vw, 1024px\" \/><\/p>\n<p><img decoding=\"async\" class=\"wp-image-610 size-large\" src=\"https:\/\/carbonfiberinsoles.shop\/wp-content\/uploads\/2024\/10\/Mortons-Extension-OrthoticCarbon-Fiber-InsoleRigid-Foot-Support-Insert-for-Mortons-ToeTurf-Toe-1-1024x982.jpg\" alt=\"Morton&#039;s Extension Orthotic,Carbon Fiber Insole,Rigid Foot Support Insert for Morton&#039;s Toe,Turf Toe (8)\" width=\"1024\" height=\"982\" srcset=\"https:\/\/carbonfiberinsoles.shop\/wp-content\/uploads\/2024\/10\/Mortons-Extension-OrthoticCarbon-Fiber-InsoleRigid-Foot-Support-Insert-for-Mortons-ToeTurf-Toe-1-1024x982.jpg 1024w, https:\/\/carbonfiberinsoles.shop\/wp-content\/uploads\/2024\/10\/Mortons-Extension-OrthoticCarbon-Fiber-InsoleRigid-Foot-Support-Insert-for-Mortons-ToeTurf-Toe-1-430x413.jpg 430w, https:\/\/carbonfiberinsoles.shop\/wp-content\/uploads\/2024\/10\/Mortons-Extension-OrthoticCarbon-Fiber-InsoleRigid-Foot-Support-Insert-for-Mortons-ToeTurf-Toe-1-700x672.jpg 700w, https:\/\/carbonfiberinsoles.shop\/wp-content\/uploads\/2024\/10\/Mortons-Extension-OrthoticCarbon-Fiber-InsoleRigid-Foot-Support-Insert-for-Mortons-ToeTurf-Toe-1-300x288.jpg 300w, https:\/\/carbonfiberinsoles.shop\/wp-content\/uploads\/2024\/10\/Mortons-Extension-OrthoticCarbon-Fiber-InsoleRigid-Foot-Support-Insert-for-Mortons-ToeTurf-Toe-1-768x737.jpg 768w, https:\/\/carbonfiberinsoles.shop\/wp-content\/uploads\/2024\/10\/Mortons-Extension-OrthoticCarbon-Fiber-InsoleRigid-Foot-Support-Insert-for-Mortons-ToeTurf-Toe-1.jpg 1500w\" sizes=\"(max-width: 1024px) 100vw, 1024px\" \/><\/p>\n<p><img decoding=\"async\" class=\"wp-image-611 size-large\" src=\"https:\/\/carbonfiberinsoles.shop\/wp-content\/uploads\/2024\/10\/Mortons-Extension-OrthoticCarbon-Fiber-InsoleRigid-Foot-Support-Insert-for-Mortons-ToeTurf-Toe-2-806x1024.jpg\" alt=\"Morton&#039;s Extension Orthotic,Carbon Fiber Insole,Rigid Foot Support Insert for Morton&#039;s Toe,Turf Toe (8)\" width=\"806\" height=\"1024\" srcset=\"https:\/\/carbonfiberinsoles.shop\/wp-content\/uploads\/2024\/10\/Mortons-Extension-OrthoticCarbon-Fiber-InsoleRigid-Foot-Support-Insert-for-Mortons-ToeTurf-Toe-2-806x1024.jpg 806w, https:\/\/carbonfiberinsoles.shop\/wp-content\/uploads\/2024\/10\/Mortons-Extension-OrthoticCarbon-Fiber-InsoleRigid-Foot-Support-Insert-for-Mortons-ToeTurf-Toe-2-430x546.jpg 430w, https:\/\/carbonfiberinsoles.shop\/wp-content\/uploads\/2024\/10\/Mortons-Extension-OrthoticCarbon-Fiber-InsoleRigid-Foot-Support-Insert-for-Mortons-ToeTurf-Toe-2-700x889.jpg 700w, https:\/\/carbonfiberinsoles.shop\/wp-content\/uploads\/2024\/10\/Mortons-Extension-OrthoticCarbon-Fiber-InsoleRigid-Foot-Support-Insert-for-Mortons-ToeTurf-Toe-2-236x300.jpg 236w, https:\/\/carbonfiberinsoles.shop\/wp-content\/uploads\/2024\/10\/Mortons-Extension-OrthoticCarbon-Fiber-InsoleRigid-Foot-Support-Insert-for-Mortons-ToeTurf-Toe-2-768x975.jpg 768w, https:\/\/carbonfiberinsoles.shop\/wp-content\/uploads\/2024\/10\/Mortons-Extension-OrthoticCarbon-Fiber-InsoleRigid-Foot-Support-Insert-for-Mortons-ToeTurf-Toe-2.jpg 1175w\" sizes=\"(max-width: 806px) 100vw, 806px\" \/><\/p>\n<p><img loading=\"lazy\" decoding=\"async\" class=\"wp-image-613 size-full\" src=\"https:\/\/carbonfiberinsoles.shop\/wp-content\/uploads\/2024\/10\/Mortons-Extension-OrthoticCarbon-Fiber-InsoleRigid-Foot-Support-Insert-for-Mortons-ToeTurf-Toe-4.jpg\" alt=\"Morton&#039;s Extension Orthotic,Carbon Fiber Insole,Rigid Foot Support Insert for Morton&#039;s Toe,Turf Toe (8)\" width=\"970\" height=\"300\" srcset=\"https:\/\/carbonfiberinsoles.shop\/wp-content\/uploads\/2024\/10\/Mortons-Extension-OrthoticCarbon-Fiber-InsoleRigid-Foot-Support-Insert-for-Mortons-ToeTurf-Toe-4.jpg 970w, https:\/\/carbonfiberinsoles.shop\/wp-content\/uploads\/2024\/10\/Mortons-Extension-OrthoticCarbon-Fiber-InsoleRigid-Foot-Support-Insert-for-Mortons-ToeTurf-Toe-4-430x133.jpg 430w, https:\/\/carbonfiberinsoles.shop\/wp-content\/uploads\/2024\/10\/Mortons-Extension-OrthoticCarbon-Fiber-InsoleRigid-Foot-Support-Insert-for-Mortons-ToeTurf-Toe-4-700x216.jpg 700w, https:\/\/carbonfiberinsoles.shop\/wp-content\/uploads\/2024\/10\/Mortons-Extension-OrthoticCarbon-Fiber-InsoleRigid-Foot-Support-Insert-for-Mortons-ToeTurf-Toe-4-300x93.jpg 300w, https:\/\/carbonfiberinsoles.shop\/wp-content\/uploads\/2024\/10\/Mortons-Extension-OrthoticCarbon-Fiber-InsoleRigid-Foot-Support-Insert-for-Mortons-ToeTurf-Toe-4-768x238.jpg 768w\" sizes=\"(max-width: 970px) 100vw, 970px\" \/> <img loading=\"lazy\" decoding=\"async\" class=\"wp-image-618 size-large\" src=\"https:\/\/carbonfiberinsoles.shop\/wp-content\/uploads\/2024\/10\/Mortons-Extension-OrthoticCarbon-Fiber-InsoleRigid-Foot-Support-Insert-for-Mortons-ToeTurf-Toe-9-1022x1024.jpg\" alt=\"Morton&#039;s Extension Orthotic,Carbon Fiber Insole,Rigid Foot Support Insert for Morton&#039;s Toe,Turf Toe (8)\" width=\"1022\" height=\"1024\" srcset=\"https:\/\/carbonfiberinsoles.shop\/wp-content\/uploads\/2024\/10\/Mortons-Extension-OrthoticCarbon-Fiber-InsoleRigid-Foot-Support-Insert-for-Mortons-ToeTurf-Toe-9-1022x1024.jpg 1022w, https:\/\/carbonfiberinsoles.shop\/wp-content\/uploads\/2024\/10\/Mortons-Extension-OrthoticCarbon-Fiber-InsoleRigid-Foot-Support-Insert-for-Mortons-ToeTurf-Toe-9-430x431.jpg 430w, https:\/\/carbonfiberinsoles.shop\/wp-content\/uploads\/2024\/10\/Mortons-Extension-OrthoticCarbon-Fiber-InsoleRigid-Foot-Support-Insert-for-Mortons-ToeTurf-Toe-9-100x100.jpg 100w, https:\/\/carbonfiberinsoles.shop\/wp-content\/uploads\/2024\/10\/Mortons-Extension-OrthoticCarbon-Fiber-InsoleRigid-Foot-Support-Insert-for-Mortons-ToeTurf-Toe-9-700x701.jpg 700w, https:\/\/carbonfiberinsoles.shop\/wp-content\/uploads\/2024\/10\/Mortons-Extension-OrthoticCarbon-Fiber-InsoleRigid-Foot-Support-Insert-for-Mortons-ToeTurf-Toe-9-300x300.jpg 300w, https:\/\/carbonfiberinsoles.shop\/wp-content\/uploads\/2024\/10\/Mortons-Extension-OrthoticCarbon-Fiber-InsoleRigid-Foot-Support-Insert-for-Mortons-ToeTurf-Toe-9-150x150.jpg 150w, https:\/\/carbonfiberinsoles.shop\/wp-content\/uploads\/2024\/10\/Mortons-Extension-OrthoticCarbon-Fiber-InsoleRigid-Foot-Support-Insert-for-Mortons-ToeTurf-Toe-9-768x770.jpg 768w, https:\/\/carbonfiberinsoles.shop\/wp-content\/uploads\/2024\/10\/Mortons-Extension-OrthoticCarbon-Fiber-InsoleRigid-Foot-Support-Insert-for-Mortons-ToeTurf-Toe-9.jpg 1471w\" sizes=\"(max-width: 1022px) 100vw, 1022px\" \/> <img loading=\"lazy\" decoding=\"async\" class=\"wp-image-619 size-large\" src=\"https:\/\/carbonfiberinsoles.shop\/wp-content\/uploads\/2024\/10\/Mortons-Extension-OrthoticCarbon-Fiber-InsoleRigid-Foot-Support-Insert-for-Mortons-ToeTurf-Toe-10-1024x997.jpg\" alt=\"Morton&#039;s Extension Orthotic,Carbon Fiber Insole,Rigid Foot Support Insert for Morton&#039;s Toe,Turf Toe (8)\" width=\"1024\" height=\"997\" srcset=\"https:\/\/carbonfiberinsoles.shop\/wp-content\/uploads\/2024\/10\/Mortons-Extension-OrthoticCarbon-Fiber-InsoleRigid-Foot-Support-Insert-for-Mortons-ToeTurf-Toe-10-1024x997.jpg 1024w, https:\/\/carbonfiberinsoles.shop\/wp-content\/uploads\/2024\/10\/Mortons-Extension-OrthoticCarbon-Fiber-InsoleRigid-Foot-Support-Insert-for-Mortons-ToeTurf-Toe-10-430x419.jpg 430w, https:\/\/carbonfiberinsoles.shop\/wp-content\/uploads\/2024\/10\/Mortons-Extension-OrthoticCarbon-Fiber-InsoleRigid-Foot-Support-Insert-for-Mortons-ToeTurf-Toe-10-700x682.jpg 700w, https:\/\/carbonfiberinsoles.shop\/wp-content\/uploads\/2024\/10\/Mortons-Extension-OrthoticCarbon-Fiber-InsoleRigid-Foot-Support-Insert-for-Mortons-ToeTurf-Toe-10-300x292.jpg 300w, https:\/\/carbonfiberinsoles.shop\/wp-content\/uploads\/2024\/10\/Mortons-Extension-OrthoticCarbon-Fiber-InsoleRigid-Foot-Support-Insert-for-Mortons-ToeTurf-Toe-10-768x748.jpg 768w, https:\/\/carbonfiberinsoles.shop\/wp-content\/uploads\/2024\/10\/Mortons-Extension-OrthoticCarbon-Fiber-InsoleRigid-Foot-Support-Insert-for-Mortons-ToeTurf-Toe-10.jpg 1500w\" sizes=\"(max-width: 1024px) 100vw, 1024px\" \/><\/p>\n<p>&nbsp;<\/p>\n<p>&nbsp;<\/p>\n<p><img loading=\"lazy\" decoding=\"async\" class=\"aligncenter wp-image-612 size-full\" src=\"https:\/\/carbonfiberinsoles.shop\/wp-content\/uploads\/2024\/10\/Mortons-Extension-OrthoticCarbon-Fiber-InsoleRigid-Foot-Support-Insert-for-Mortons-ToeTurf-Toe-3.jpg\" alt=\"Morton&#039;s Extension Orthotic,Carbon Fiber Insole,Rigid Foot Support Insert for Morton&#039;s Toe,Turf Toe (8)\" width=\"970\" height=\"600\" srcset=\"https:\/\/carbonfiberinsoles.shop\/wp-content\/uploads\/2024\/10\/Mortons-Extension-OrthoticCarbon-Fiber-InsoleRigid-Foot-Support-Insert-for-Mortons-ToeTurf-Toe-3.jpg 970w, https:\/\/carbonfiberinsoles.shop\/wp-content\/uploads\/2024\/10\/Mortons-Extension-OrthoticCarbon-Fiber-InsoleRigid-Foot-Support-Insert-for-Mortons-ToeTurf-Toe-3-430x266.jpg 430w, https:\/\/carbonfiberinsoles.shop\/wp-content\/uploads\/2024\/10\/Mortons-Extension-OrthoticCarbon-Fiber-InsoleRigid-Foot-Support-Insert-for-Mortons-ToeTurf-Toe-3-700x433.jpg 700w, https:\/\/carbonfiberinsoles.shop\/wp-content\/uploads\/2024\/10\/Mortons-Extension-OrthoticCarbon-Fiber-InsoleRigid-Foot-Support-Insert-for-Mortons-ToeTurf-Toe-3-300x186.jpg 300w, https:\/\/carbonfiberinsoles.shop\/wp-content\/uploads\/2024\/10\/Mortons-Extension-OrthoticCarbon-Fiber-InsoleRigid-Foot-Support-Insert-for-Mortons-ToeTurf-Toe-3-768x475.jpg 768w\" sizes=\"(max-width: 970px) 100vw, 970px\" \/><\/p>\n<p>&nbsp;<\/p>\n<p data-start=\"443\" data-end=\"804\"><em data-start=\"443\" data-end=\"454\">Vue d'ensemble :<\/em> Notre semelle orthop\u00e9dique en fibre de carbone pour l'extension de Morton est m\u00e9ticuleusement con\u00e7ue pour offrir un soutien rigide du pied aux personnes souffrant d'orteil de Morton, de Turf Toe, d'Hallux Rigidus et d'arthrite. Mesurant 27,5 cm, cette semelle procure un soulagement cibl\u00e9 en limitant le mouvement du gros orteil, r\u00e9duisant ainsi la g\u00eane et am\u00e9liorant la fonction globale du pied.<\/p>\n<p data-start=\"806\" data-end=\"817\"><em data-start=\"806\" data-end=\"817\">Caract\u00e9ristiques :<\/em><\/p>\n<ul data-start=\"818\" data-end=\"1303\">\n<li data-start=\"818\" data-end=\"944\"><strong data-start=\"820\" data-end=\"850\">Fibre de carbone Construction :<\/strong> Fabriqu\u00e9e en fibre de carbone de haute qualit\u00e9, cette semelle garantit la durabilit\u00e9 et un soutien efficace.<\/li>\n<li data-start=\"945\" data-end=\"1103\"><strong data-start=\"947\" data-end=\"977\">Morton's Extension Design :<\/strong> Sp\u00e9cialement con\u00e7u pour limiter le mouvement du gros orteil, il soulage les affections telles que l'Hallux Rigidus et le Turf Toe.<\/li>\n<li data-start=\"1104\" data-end=\"1220\"><strong data-start=\"1106\" data-end=\"1129\">Support de pied rigide :<\/strong> Offre un soutien ferme pour soulager la douleur associ\u00e9e \u00e0 l'arthrite et \u00e0 d'autres affections du pied.<\/li>\n<li data-start=\"1221\" data-end=\"1303\"><strong data-start=\"1223\" data-end=\"1241\">Coupe polyvalente :<\/strong> Convient aux chaussures de taille 11 pour les hommes et de taille 12 pour les femmes.<\/li>\n<\/ul>\n<p data-start=\"1305\" data-end=\"1339\"><em data-start=\"1305\" data-end=\"1339\">Pourquoi acheter ce produit ?<\/em><\/p>\n<ul data-start=\"1340\" data-end=\"1712\">\n<li data-start=\"1340\" data-end=\"1453\"><strong data-start=\"1342\" data-end=\"1362\">Aide cibl\u00e9e :<\/strong> Fournit un soutien sp\u00e9cialis\u00e9 pour des conditions sp\u00e9cifiques du pied, am\u00e9liorant le confort et la mobilit\u00e9.<\/li>\n<li data-start=\"1454\" data-end=\"1587\"><strong data-start=\"1456\" data-end=\"1484\">Durable et l\u00e9ger :<\/strong> Le mat\u00e9riau en fibre de carbone garantit une utilisation durable sans ajouter de poids inutile \u00e0 vos chaussures.<\/li>\n<li data-start=\"1588\" data-end=\"1712\"><strong data-start=\"1590\" data-end=\"1611\">Int\u00e9gration facile :<\/strong> S'adapte parfaitement \u00e0 diff\u00e9rents types de chaussures, ce qui en fait un compl\u00e9ment polyvalent \u00e0 votre collection de chaussures.<\/li>\n<\/ul>\n<p data-start=\"1714\" data-end=\"1721\"><em data-start=\"1714\" data-end=\"1721\">FAQs :<\/em><\/p>\n<ol data-start=\"1723\" data-end=\"2079\">\n<li data-start=\"1723\" data-end=\"1849\">\n<p data-start=\"1726\" data-end=\"1768\"><strong data-start=\"1726\" data-end=\"1768\">Cette semelle convient-elle \u00e0 un usage quotidien ?<\/strong><\/p>\n<ul data-start=\"1772\" data-end=\"1849\">\n<li data-start=\"1772\" data-end=\"1849\">Oui, il est con\u00e7u pour \u00eatre port\u00e9 quotidiennement afin de fournir un soutien et un soulagement continus.<\/li>\n<\/ul>\n<\/li>\n<li data-start=\"1851\" data-end=\"1968\">\n<p data-start=\"1854\" data-end=\"1898\"><strong data-start=\"1854\" data-end=\"1898\">Puis-je utiliser cette semelle dans des chaussures de sport ?<\/strong><\/p>\n<ul data-start=\"1902\" data-end=\"1968\">\n<li data-start=\"1902\" data-end=\"1968\">Absolument, il convient aussi bien aux chaussures d\u00e9contract\u00e9es qu'aux chaussures de sport.<\/li>\n<\/ul>\n<\/li>\n<li data-start=\"1970\" data-end=\"2079\">\n<p data-start=\"1973\" data-end=\"2003\"><strong data-start=\"1973\" data-end=\"2003\">Comment nettoyer la semelle int\u00e9rieure ?<\/strong><\/p>\n<ul data-start=\"2007\" data-end=\"2079\">\n<li data-start=\"2007\" data-end=\"2079\">Essuyez-le avec un chiffon humide et un savon doux ; \u00e9vitez de l'immerger dans l'eau.<\/li>\n<\/ul>\n<\/li>\n<\/ol>","protected":false},"excerpt":{"rendered":"<ul class=\"a-unordered-list a-vertical a-spacing-mini\">\n<li class=\"a-spacing-mini\"><strong>Caract\u00e9ristiques principales :<\/strong>\n<ul>\n<li><strong>Morton's Extension Design<\/strong>: Apporte un soutien cibl\u00e9 aux orteils de Morton, aux orteils de Turf, \u00e0 l'Hallux Rigidus et \u00e0 l'arthrite.<\/li>\n<li><strong>Construction rigide en fibre de carbone<\/strong>: L\u00e9ger et durable, il assure un soutien maximal du pied sans encombrement suppl\u00e9mentaire.<\/li>\n<li><strong>Soulagement de la douleur et stabilit\u00e9<\/strong>: R\u00e9duit la pression sur l'avant-pied et favorise l'alignement du pied pour un meilleur confort.<\/li>\n<li><strong>Utilisation polyvalente<\/strong>: Id\u00e9al pour un usage quotidien dans des chaussures d\u00e9contract\u00e9es, des chaussures de sport ou des bottes de travail.<\/li>\n<li><strong>Durabilit\u00e9 \u00e0 long terme<\/strong>: La fibre de carbone de haute qualit\u00e9 garantit que ces semelles r\u00e9sistent \u00e0 l'usure quotidienne tout en conservant leur structure de soutien.<\/li>\n<\/ul>\n<p>Soulagez vos douleurs aux pieds et am\u00e9liorez votre mobilit\u00e9 gr\u00e2ce \u00e0 ces produits. <strong>semelles en fibre de carbone<\/strong> con\u00e7ue pour les personnes souffrant de l'orteil de Morton et d'autres affections du pied. Profitez des avantages d'un soutien rigide et l\u00e9ger pour rester actif et confortable tout au long de la journ\u00e9e.<\/li>\n<\/ul>","protected":false},"featured_media":617,"comment_status":"open","ping_status":"closed","template":"","meta":{"_kadence_starter_templates_imported_post":false,"_kad_post_transparent":"default","_kad_post_title":"","_kad_post_layout":"default","_kad_post_sidebar_id":"","_kad_post_content_style":"default","_kad_post_vertical_padding":"default","_kad_post_feature":"","_kad_post_feature_position":"","_kad_post_header":false,"_kad_post_footer":false},"product_brand":[],"product_cat":[22,241,237],"product_tag":[51,49,47,50],"class_list":{"0":"post-609","1":"product","2":"type-product","3":"status-publish","4":"has-post-thumbnail","6":"product_cat-carbon-fiber-insoles","7":"product_cat-carbon-fiber-insoles-golf","8":"product_cat-carbon-fiber-medical-insoles","9":"product_tag-carbon-fiber-foot-insoles","10":"product_tag-carbon-fiber-insole","11":"product_tag-carbon-fiber-insoles","12":"product_tag-carbon-fiber-shoe-insoles","13":"pa_us-ca-size-m3-w5","14":"pa_us-ca-size-m3-5-w5-5-225mm","15":"pa_us-ca-size-m4-w6","16":"pa_us-ca-size-m4-5-w6-5-235mm","17":"pa_us-ca-size-m5-w7","18":"pa_us-ca-size-m5-5-w7-5-245mm","19":"pa_us-ca-size-m6-w8","20":"pa_us-ca-size-m7-w9","21":"pa_us-ca-size-m7-5-w9-5-260mm","22":"pa_us-ca-size-m10-w12","23":"pa_us-ca-size-m10-5-w12-5-285mm","24":"pa_us-ca-size-m11-w13","25":"pa_us-ca-size-m11-5-w13-5-295mm","26":"pa_us-ca-size-m8-5-w10-5-270mm","27":"pa_us-ca-size-m8-w10","28":"pa_us-ca-size-m9-w11","30":"first","31":"instock","32":"shipping-taxable","33":"purchasable","34":"product-type-variable","35":"entry","36":"content-bg","37":"loop-entry"},"aioseo_notices":[],"_links":{"self":[{"href":"https:\/\/carbonfiberinsoles.shop\/fr\/wp-json\/wp\/v2\/product\/609","targetHints":{"allow":["GET"]}}],"collection":[{"href":"https:\/\/carbonfiberinsoles.shop\/fr\/wp-json\/wp\/v2\/product"}],"about":[{"href":"https:\/\/carbonfiberinsoles.shop\/fr\/wp-json\/wp\/v2\/types\/product"}],"replies":[{"embeddable":true,"href":"https:\/\/carbonfiberinsoles.shop\/fr\/wp-json\/wp\/v2\/comments?post=609"}],"version-history":[{"count":0,"href":"https:\/\/carbonfiberinsoles.shop\/fr\/wp-json\/wp\/v2\/product\/609\/revisions"}],"wp:featuredmedia":[{"embeddable":true,"href":"https:\/\/carbonfiberinsoles.shop\/fr\/wp-json\/wp\/v2\/media\/617"}],"wp:attachment":[{"href":"https:\/\/carbonfiberinsoles.shop\/fr\/wp-json\/wp\/v2\/media?parent=609"}],"wp:term":[{"taxonomy":"product_brand","embeddable":true,"href":"https:\/\/carbonfiberinsoles.shop\/fr\/wp-json\/wp\/v2\/product_brand?post=609"},{"taxonomy":"product_cat","embeddable":true,"href":"https:\/\/carbonfiberinsoles.shop\/fr\/wp-json\/wp\/v2\/product_cat?post=609"},{"taxonomy":"product_tag","embeddable":true,"href":"https:\/\/carbonfiberinsoles.shop\/fr\/wp-json\/wp\/v2\/product_tag?post=609"}],"curies":[{"name":"wp","href":"https:\/\/api.w.org\/{rel}","templated":true}]}}