{"id":19739,"date":"2025-05-19T15:57:53","date_gmt":"2025-05-19T15:57:53","guid":{"rendered":"https:\/\/carbonfiberinsoles.shop\/?post_type=product&#038;p=19739"},"modified":"2026-03-30T07:58:41","modified_gmt":"2026-03-30T07:58:41","slug":"carbon-marathon-racing-sneakers-premium-shock-absorbing-shoes","status":"publish","type":"product","link":"https:\/\/carbonfiberinsoles.shop\/fr\/produit\/carbon-marathon-racing-sneakers-premium-shock-absorbing-shoes\/","title":{"rendered":"HYPER Wings Road 1 Carbon Marathon Racing Shoes - Shock Absorbing"},"content":{"rendered":"<h3 class=\"\" data-start=\"751\" data-end=\"771\">\u2705 <strong data-start=\"757\" data-end=\"769\">Vue d'ensemble<\/strong><\/h3>\n<p class=\"\" data-start=\"772\" data-end=\"1111\">Le <strong data-start=\"776\" data-end=\"815\">Chaussures de marathon HEALTH Carbon Racing<\/strong> sont con\u00e7ues pour les coureurs de comp\u00e9tition qui exigent vitesse, efficacit\u00e9 et soutien. Con\u00e7ues avec une plaque de propulsion en fibre de carbone et des semelles interm\u00e9diaires HiFoam\u2122 \u00e0 absorption de chocs avanc\u00e9e, ces baskets r\u00e9duisent la fatigue et augmentent le retour d'\u00e9nergie de la foul\u00e9e, ce qui en fait l'arme parfaite pour les marathoniens et les coureurs.<\/p>\n<h3 class=\"\" data-start=\"1118\" data-end=\"1144\">\u2705 <strong data-start=\"1124\" data-end=\"1142\">Sp\u00e9cifications<\/strong><\/h3>\n<ul data-start=\"1145\" data-end=\"1605\">\n<li class=\"\" data-start=\"1145\" data-end=\"1166\">\n<p class=\"\" data-start=\"1147\" data-end=\"1166\"><strong data-start=\"1147\" data-end=\"1156\">Marque<\/strong>: SANT\u00c9<\/p>\n<\/li>\n<li class=\"\" data-start=\"1167\" data-end=\"1213\">\n<p class=\"\" data-start=\"1169\" data-end=\"1213\"><strong data-start=\"1169\" data-end=\"1177\">Type<\/strong>: Chaussures de course \/ Baskets de marathon<\/p>\n<\/li>\n<li class=\"\" data-start=\"1214\" data-end=\"1290\">\n<p class=\"\" data-start=\"1216\" data-end=\"1290\"><strong data-start=\"1216\" data-end=\"1228\">Mat\u00e9riau<\/strong>: Semelle interm\u00e9diaire HiFoam\u2122, plaque en fibre de carbone, tige en mesh technique.<\/p>\n<\/li>\n<li class=\"\" data-start=\"1291\" data-end=\"1351\">\n<p class=\"\" data-start=\"1293\" data-end=\"1351\"><strong data-start=\"1293\" data-end=\"1303\">Poids<\/strong>: Ultra-l\u00e9ger (environ 85g de densit\u00e9 de mousse)<\/p>\n<\/li>\n<li class=\"\" data-start=\"1352\" data-end=\"1381\">\n<p class=\"\" data-start=\"1354\" data-end=\"1381\"><strong data-start=\"1354\" data-end=\"1362\">Chute<\/strong>: 4 mm du talon \u00e0 la pointe<\/p>\n<\/li>\n<li class=\"\" data-start=\"1382\" data-end=\"1407\">\n<p class=\"\" data-start=\"1384\" data-end=\"1407\"><strong data-start=\"1384\" data-end=\"1393\">Couleur<\/strong>: Vert fluo<\/p>\n<\/li>\n<li class=\"\" data-start=\"1408\" data-end=\"1448\">\n<p class=\"\" data-start=\"1410\" data-end=\"1448\"><strong data-start=\"1410\" data-end=\"1424\">Amortissement<\/strong>: Mousse absorbant les chocs<\/p>\n<\/li>\n<li class=\"\" data-start=\"1449\" data-end=\"1489\">\n<p class=\"\" data-start=\"1451\" data-end=\"1489\"><strong data-start=\"1451\" data-end=\"1462\">Semelle ext\u00e9rieure<\/strong>: Caoutchouc de traction durable<\/p>\n<\/li>\n<li class=\"\" data-start=\"1490\" data-end=\"1544\">\n<p class=\"\" data-start=\"1492\" data-end=\"1544\"><strong data-start=\"1492\" data-end=\"1501\">Tailles<\/strong>: Plusieurs tailles possibles pour les hommes et les femmes<\/p>\n<\/li>\n<li class=\"\" data-start=\"1545\" data-end=\"1605\">\n<p class=\"\" data-start=\"1547\" data-end=\"1605\"><strong data-start=\"1547\" data-end=\"1556\">Utilisation<\/strong>: Marathon, course sur route, entra\u00eenement longue distance<\/p>\n<\/li>\n<\/ul>\n<hr class=\"\" data-start=\"1607\" data-end=\"1610\" \/>\n<h3 class=\"\" data-start=\"1612\" data-end=\"1636\">\u2705 <strong data-start=\"1618\" data-end=\"1634\">Caract\u00e9ristiques principales<\/strong><\/h3>\n<ul data-start=\"1637\" data-end=\"2163\">\n<li class=\"\" data-start=\"1637\" data-end=\"1740\">\n<p class=\"\" data-start=\"1639\" data-end=\"1740\">\ud83c\udfc3 <strong data-start=\"1642\" data-end=\"1664\">Plaque en fibre de carbone<\/strong>: Le syst\u00e8me de propulsion \u00e0 double c\u0153ur am\u00e9liore l'efficacit\u00e9 \u00e9nerg\u00e9tique et la puissance de la foul\u00e9e.<\/p>\n<\/li>\n<li class=\"\" data-start=\"1741\" data-end=\"1847\">\n<p class=\"\" data-start=\"1743\" data-end=\"1847\">\u26a1 <strong data-start=\"1745\" data-end=\"1767\">Amortissement HiFoam\u2122<\/strong>: Mousse ultra-l\u00e9g\u00e8re et tr\u00e8s \u00e9lastique avec un rebond de 36% pour un confort sur longue distance.<\/p>\n<\/li>\n<li class=\"\" data-start=\"1848\" data-end=\"1946\">\n<p class=\"\" data-start=\"1850\" data-end=\"1946\">\ud83c\udf2c\ufe0f <strong data-start=\"1854\" data-end=\"1879\">Dessus en maille respirante<\/strong>: Con\u00e7ue pour garder les pieds au frais et l\u00e9gers pendant les activit\u00e9s intenses.<\/p>\n<\/li>\n<li class=\"\" data-start=\"1947\" data-end=\"2061\">\n<p class=\"\" data-start=\"1949\" data-end=\"2061\">\ud83e\udde0 <strong data-start=\"1952\" data-end=\"1975\">Stabilit\u00e9 et soutien<\/strong>: Structure anatomique de la vo\u00fbte plantaire avec soutien arri\u00e8re du pied et forme ergonomique.<\/p>\n<\/li>\n<li class=\"\" data-start=\"2062\" data-end=\"2163\">\n<p class=\"\" data-start=\"2064\" data-end=\"2163\">\ud83d\udc5f <strong data-start=\"2067\" data-end=\"2092\">Traction de type course<\/strong>: Con\u00e7u pour les surfaces s\u00e8ches et humides avec des motifs antid\u00e9rapants.<\/p>\n<\/li>\n<\/ul>\n<hr class=\"\" data-start=\"2165\" data-end=\"2168\" \/>\n<h3 class=\"\" data-start=\"2170\" data-end=\"2203\">\u2705 <strong data-start=\"2176\" data-end=\"2201\">Pourquoi acheter ce produit ?<\/strong><\/h3>\n<ul data-start=\"2204\" data-end=\"2505\">\n<li class=\"\" data-start=\"2204\" data-end=\"2275\">\n<p class=\"\" data-start=\"2206\" data-end=\"2275\">Sp\u00e9cifiquement optimis\u00e9 pour <strong data-start=\"2233\" data-end=\"2245\">marathon<\/strong> et <strong data-start=\"2250\" data-end=\"2260\">course<\/strong> performance.<\/p>\n<\/li>\n<li class=\"\" data-start=\"2276\" data-end=\"2334\">\n<p class=\"\" data-start=\"2278\" data-end=\"2334\">Les mat\u00e9riaux l\u00e9gers r\u00e9duisent la fatigue et am\u00e9liorent le rythme.<\/p>\n<\/li>\n<li class=\"\" data-start=\"2335\" data-end=\"2399\">\n<p class=\"\" data-start=\"2337\" data-end=\"2399\">La semelle interm\u00e9diaire amortissante prot\u00e8ge les articulations sur les longues distances.<\/p>\n<\/li>\n<li class=\"\" data-start=\"2400\" data-end=\"2448\">\n<p class=\"\" data-start=\"2402\" data-end=\"2448\">Approuv\u00e9 par des athl\u00e8tes de marathon internationaux.<\/p>\n<\/li>\n<li class=\"\" data-start=\"2449\" data-end=\"2505\">\n<p class=\"\" data-start=\"2451\" data-end=\"2505\">Design \u00e9l\u00e9gant et dynamique pour une pr\u00e9sentation professionnelle.<\/p>\n<\/li>\n<\/ul>\n<hr class=\"\" data-start=\"2507\" data-end=\"2510\" \/>\n<h3 class=\"\" data-start=\"2512\" data-end=\"2526\">\u2705 <strong data-start=\"2518\" data-end=\"2526\">FAQ<\/strong><\/h3>\n<p class=\"\" data-start=\"2528\" data-end=\"2687\"><strong data-start=\"2528\" data-end=\"2568\">Q : Ces produits conviennent-ils aux d\u00e9butants ?<\/strong><br data-start=\"2568\" data-end=\"2571\" \/>A : Bien qu'elle soit optimis\u00e9e pour les professionnels, les coureurs de tous niveaux peuvent b\u00e9n\u00e9ficier d'un retour d'\u00e9nergie et d'un soutien am\u00e9lior\u00e9s.<\/p>\n<p class=\"\" data-start=\"2689\" data-end=\"2846\"><strong data-start=\"2689\" data-end=\"2730\">Q : Quelle est la dur\u00e9e de vie des plaques en carbone ?<\/strong><br data-start=\"2730\" data-end=\"2733\" \/>R : Les plaques de carbone \u00e0 double c\u0153ur int\u00e9gr\u00e9es sont con\u00e7ues pour durer des centaines de kilom\u00e8tres sans d\u00e9gradation des performances.<\/p>\n<p class=\"\" data-start=\"2848\" data-end=\"2988\"><strong data-start=\"2848\" data-end=\"2889\">Q : Puis-je les utiliser pour l'entra\u00eenement quotidien ?<\/strong><br data-start=\"2889\" data-end=\"2892\" \/>R : Oui, bien qu'elles soient optimis\u00e9es pour la course, elles sont \u00e9galement id\u00e9ales pour les courses d'entra\u00eenement de longue dur\u00e9e.<\/p>\n<p class=\"\" data-start=\"2990\" data-end=\"3122\"><strong data-start=\"2990\" data-end=\"3022\">Q : Sont-ils r\u00e9sistants \u00e0 l'eau ?<\/strong><br data-start=\"3022\" data-end=\"3025\" \/>R : La tige est respirante mais pas imperm\u00e9able - nous recommandons des conditions s\u00e8ches pour des performances optimales.<\/p>","protected":false},"excerpt":{"rendered":"<p>D\u00e9couvrez le m\u00e9lange parfait de vitesse, de soutien et d'absorption des chocs avec les chaussures de course en carbone de HEALTH. Construites pour les marathons et les courses de comp\u00e9tition, ces baskets sont dot\u00e9es d'une propulsion avanc\u00e9e par plaques de carbone et d'un amorti HiFoam\u2122 pour une performance maximale.<\/p>","protected":false},"featured_media":20110,"comment_status":"open","ping_status":"closed","template":"","meta":{"_kadence_starter_templates_imported_post":false,"_kad_post_transparent":"","_kad_post_title":"","_kad_post_layout":"","_kad_post_sidebar_id":"","_kad_post_content_style":"","_kad_post_vertical_padding":"","_kad_post_feature":"","_kad_post_feature_position":"","_kad_post_header":false,"_kad_post_footer":false},"product_brand":[],"product_cat":[253,252,485],"product_tag":[256,254,257,264,350,349,333,452],"class_list":{"0":"post-19739","1":"product","2":"type-product","3":"status-publish","4":"has-post-thumbnail","6":"product_cat-carbon-plate-running-shoes","7":"product_cat-carbon-shoes","8":"product_cat-health-shoes","9":"product_tag-carbon-fiber-shoes","10":"product_tag-carbon-plate-running-shoes","11":"product_tag-carbon-plated-shoes","12":"product_tag-carbon-shoes","13":"product_tag-marathon-shoes","14":"product_tag-racing-shoes","15":"product_tag-shock-absorbing-shoes","16":"product_tag-sneakers","18":"first","19":"instock","20":"shipping-taxable","21":"purchasable","22":"product-type-variable","23":"has-default-attributes","24":"entry","25":"content-bg","26":"loop-entry"},"aioseo_notices":[],"_links":{"self":[{"href":"https:\/\/carbonfiberinsoles.shop\/fr\/wp-json\/wp\/v2\/product\/19739","targetHints":{"allow":["GET"]}}],"collection":[{"href":"https:\/\/carbonfiberinsoles.shop\/fr\/wp-json\/wp\/v2\/product"}],"about":[{"href":"https:\/\/carbonfiberinsoles.shop\/fr\/wp-json\/wp\/v2\/types\/product"}],"replies":[{"embeddable":true,"href":"https:\/\/carbonfiberinsoles.shop\/fr\/wp-json\/wp\/v2\/comments?post=19739"}],"version-history":[{"count":1,"href":"https:\/\/carbonfiberinsoles.shop\/fr\/wp-json\/wp\/v2\/product\/19739\/revisions"}],"predecessor-version":[{"id":21581,"href":"https:\/\/carbonfiberinsoles.shop\/fr\/wp-json\/wp\/v2\/product\/19739\/revisions\/21581"}],"wp:featuredmedia":[{"embeddable":true,"href":"https:\/\/carbonfiberinsoles.shop\/fr\/wp-json\/wp\/v2\/media\/20110"}],"wp:attachment":[{"href":"https:\/\/carbonfiberinsoles.shop\/fr\/wp-json\/wp\/v2\/media?parent=19739"}],"wp:term":[{"taxonomy":"product_brand","embeddable":true,"href":"https:\/\/carbonfiberinsoles.shop\/fr\/wp-json\/wp\/v2\/product_brand?post=19739"},{"taxonomy":"product_cat","embeddable":true,"href":"https:\/\/carbonfiberinsoles.shop\/fr\/wp-json\/wp\/v2\/product_cat?post=19739"},{"taxonomy":"product_tag","embeddable":true,"href":"https:\/\/carbonfiberinsoles.shop\/fr\/wp-json\/wp\/v2\/product_tag?post=19739"}],"curies":[{"name":"wp","href":"https:\/\/api.w.org\/{rel}","templated":true}]}}