{"id":16025,"date":"2024-12-28T13:52:13","date_gmt":"2024-12-28T13:52:13","guid":{"rendered":"https:\/\/carbonfiberinsoles.shop\/?page_id=16025"},"modified":"2024-12-28T13:52:13","modified_gmt":"2024-12-28T13:52:13","slug":"terms-and-condition","status":"publish","type":"page","link":"https:\/\/carbonfiberinsoles.shop\/fr\/terms-and-condition\/","title":{"rendered":"Conditions g\u00e9n\u00e9rales d'utilisation"},"content":{"rendered":"<h3><strong>Compte d'utilisateur<\/strong><\/h3>\n<p>Pour des raisons de s\u00e9curit\u00e9, chaque client ne peut cr\u00e9er qu'un seul compte enregistr\u00e9 par d\u00e9faut. Pour les clients qui tentent de cr\u00e9er plusieurs comptes, nous nous r\u00e9servons le droit de suspendre les comptes sans autre avis.<\/p>\n<p>&nbsp;<\/p>\n<h3><strong>Informations personnelles<\/strong><\/h3>\n<p>Toutes les informations personnelles soumises par l'interm\u00e9diaire de nos sites seront r\u00e9gies conform\u00e9ment aux dispositions de notre politique de protection de la vie priv\u00e9e.<\/p>\n<p>&nbsp;<\/p>\n<h3><strong>Protection par mot de passe<\/strong><\/h3>\n<p>Carbon Fiber Insoles vous offre la possibilit\u00e9 de devenir un membre enregistr\u00e9 de nos sites par le biais de la fonction \"Mon compte\". Afin de configurer votre compte personnel, nous vous demandons de cr\u00e9er un mot de passe personnel et confidentiel, qui doit \u00eatre reproduit \u00e0 chaque fois que vous vous connectez. Vous \u00eates responsable de la protection de la confidentialit\u00e9 de votre mot de passe et du contr\u00f4le des personnes ayant acc\u00e8s \u00e0 votre compte. Vous acceptez d'\u00eatre seul responsable de toutes les activit\u00e9s qui se d\u00e9roulent sous votre compte. Dans le cas o\u00f9 votre compte a \u00e9t\u00e9 compromis et votre mot de passe obtenu de mani\u00e8re illicite, veuillez en informer Carbon Fiber Insoles imm\u00e9diatement.<\/p>\n<p>&nbsp;<\/p>\n<h3>Annulation de la commande<\/h3>\n<p>Les clients peuvent annuler leur commande \u00e0 tout moment avant l'exp\u00e9dition ; veuillez contacter notre service client\u00e8le\uff08service@insolesus.com\uff09. Cependant, une fois que la commande a \u00e9t\u00e9 exp\u00e9di\u00e9e, elle ne peut \u00eatre ni annul\u00e9e, ni modifi\u00e9e, ni rembours\u00e9e. D\u00e8s r\u00e9ception du colis, notre politique de retour entre en vigueur.<\/p>\n<p>&nbsp;<\/p>\n<h3>Marques d\u00e9pos\u00e9es<\/h3>\n<p>Toutes les marques commerciales, marques de service, noms commerciaux et logos pr\u00e9sents sur nos sites sont des marques commerciales ou des marques d\u00e9pos\u00e9es de Carbon Fiber Insoles\u00ae, de nos filiales ou de tiers ind\u00e9pendants dont nous int\u00e9grons l\u00e9galement les mat\u00e9riaux ou les technologies dans les diff\u00e9rents produits pr\u00e9sents sur nos sites, ou dont nous utilisons les services pour soutenir nos op\u00e9rations commerciales. Carbon Fiber Insoles conserve tous les droits sur ses marques et autres propri\u00e9t\u00e9s intellectuelles, conform\u00e9ment \u00e0 la l\u00e9gislation am\u00e9ricaine sur les marques et aux lois et trait\u00e9s internationaux applicables.<\/p>\n<p>Aucune licence ni aucun droit d'utilisation des marques commerciales, des marques de service, des noms commerciaux ou des logos de Carbon Fiber Insoles ne vous sont accord\u00e9s du fait de votre visite sur nos sites ou de votre acceptation des pr\u00e9sentes conditions. Vous acceptez de ne pas utiliser les marques commerciales ou autres propri\u00e9t\u00e9s intellectuelles de Carbon Fiber Insoles de quelque mani\u00e8re que ce soit sans l'autorisation \u00e9crite de Carbon Fiber Insoles. Toute utilisation non autoris\u00e9e de nos marques ou autres propri\u00e9t\u00e9s intellectuelles est strictement interdite et peut entra\u00eener des poursuites judiciaires.<\/p>\n<p>&nbsp;<\/p>\n<h3>Propri\u00e9t\u00e9 du contenu<\/h3>\n<p>Le contenu collectif de nos sites, y compris, mais sans s'y limiter, toute conception, tout texte, toute image ou tout \u00e9l\u00e9ment graphique, est prot\u00e9g\u00e9 par les lois am\u00e9ricaines sur les droits d'auteur. Tout le contenu est fourni uniquement pour votre usage personnel et non commercial. Toute utilisation commerciale ou d\u00e9riv\u00e9e de nos sites est strictement interdite, ce qui inclut sans limitation la distribution, la modification, la publication, la vente ou l'affichage public de tout contenu obtenu \u00e0 partir de nos sites. Carbon Fiber Insoles se r\u00e9serve le droit de prot\u00e9ger sa propri\u00e9t\u00e9 intellectuelle et le contenu de son site dans toute la mesure permise par la loi.<\/p>\n<h3>Conflit d'articles<\/h3>\n<p>En cas de conflit ou d'incoh\u00e9rence entre les dispositions des pr\u00e9sentes conditions et d'autres politiques, notifications ou conditions g\u00e9n\u00e9rales de Carbon Fiber Insoles, les autres politiques, notifications ou conditions g\u00e9n\u00e9rales sp\u00e9cifiques \u00e0 un produit, un service, un concours ou une section particuli\u00e8re de nos sites r\u00e9giront votre utilisation de cette section sp\u00e9cifique.<\/p>\n<p>&nbsp;<\/p>\n<h3>Missions<\/h3>\n<p>Les pr\u00e9sentes conditions n'ont pas pour objet d'accorder un droit ou un avantage \u00e0 un tiers, ni d'\u00e9tendre les obligations ou les responsabilit\u00e9s \u00e0 un tiers. Vous ne pouvez en aucun cas c\u00e9der vos droits, obligations ou responsabilit\u00e9s en vertu des pr\u00e9sentes conditions \u00e0 des tiers sans le consentement \u00e9crit expr\u00e8s de Carbon Fiber Insoles.<\/p>\n<p>&nbsp;<\/p>\n<h3>Cessation d'activit\u00e9<\/h3>\n<p>Cet accord et ces conditions resteront en vigueur jusqu'\u00e0 ce qu'ils soient r\u00e9sili\u00e9s par l'une ou l'autre des parties. Vous ou Carbon Fiber Insoles pouvez r\u00e9silier cet accord \u00e0 tout moment, avec ou sans pr\u00e9avis. Carbon Fiber Insoles se r\u00e9serve par cons\u00e9quent le droit de refuser, de bloquer ou d'emp\u00eacher votre acc\u00e8s \u00e0 nos sites ou \u00e0 toute partie de nos sites, pour quelque raison que ce soit ou sans raison, et aussi longtemps que nous le jugeons n\u00e9cessaire.<\/p>\n<p>&nbsp;<\/p>\n<h3>R\u00e9solution des litiges<\/h3>\n<p>Dans le cas improbable o\u00f9 un probl\u00e8me surviendrait concernant votre utilisation de ces sites et de ces conditions, Carbon Fiber Insoles souhaiterait r\u00e9pondre \u00e0 vos pr\u00e9occupations sans avoir besoin d'une affaire ou d'une proc\u00e9dure juridique. Avant d'entamer une action en justice contre Carbon Fiber Insoles, nous vous demandons de travailler avec nous pour r\u00e9soudre le litige de mani\u00e8re informelle en contactant notre service client\u00e8le.<\/p>\n<p>&nbsp;<\/p>\n<h3>Prix<\/h3>\n<p>Les prix et la disponibilit\u00e9 des articles peuvent \u00eatre modifi\u00e9s sans pr\u00e9avis. Les prix n'incluent pas les taxes d'importation et les droits de douane, au cas o\u00f9 votre colis serait examin\u00e9 et jug\u00e9 taxable par les douanes locales. Le paiement de ces taxes est \u00e0 la charge de l'acheteur.<\/p>\n<p>&nbsp;<\/p>\n<h3>Avis de confidentialit\u00e9<\/h3>\n<p>Note : L'inscription \u00e0 la newsletter sur la page d'inscription est coch\u00e9e par d\u00e9faut. Carbon Fiber Insoles respecte la vie priv\u00e9e de ses clients. Veuillez lire notre politique de confidentialit\u00e9 ici : https:\/\/carbonfiberinsoles.shop\/privacy-policy\/<\/p>\n<p>Les pr\u00e9sentes conditions d'utilisation et tout accord s\u00e9par\u00e9 par lequel nous vous fournissons des services sont r\u00e9gis et interpr\u00e9t\u00e9s conform\u00e9ment aux lois des \u00c9tats-Unis.<\/p>","protected":false},"excerpt":{"rendered":"<p>Compte d'utilisateur Pour des raisons de s\u00e9curit\u00e9, chaque client n'est autoris\u00e9 \u00e0 cr\u00e9er qu'un seul compte enregistr\u00e9 par d\u00e9faut. Pour les clients qui tentent de cr\u00e9er plusieurs comptes, nous nous r\u00e9servons le droit de suspendre les comptes sans autre avis.   Informations personnelles Toutes les informations personnelles soumises par l'interm\u00e9diaire de nos sites seront r\u00e9gies conform\u00e9ment aux...<\/p>","protected":false},"author":1,"featured_media":0,"parent":0,"menu_order":0,"comment_status":"closed","ping_status":"closed","template":"","meta":{"_kadence_starter_templates_imported_post":false,"_kad_post_transparent":"","_kad_post_title":"","_kad_post_layout":"","_kad_post_sidebar_id":"","_kad_post_content_style":"","_kad_post_vertical_padding":"","_kad_post_feature":"","_kad_post_feature_position":"","_kad_post_header":false,"_kad_post_footer":false,"footnotes":""},"class_list":["post-16025","page","type-page","status-publish","hentry"],"aioseo_notices":[],"_links":{"self":[{"href":"https:\/\/carbonfiberinsoles.shop\/fr\/wp-json\/wp\/v2\/pages\/16025","targetHints":{"allow":["GET"]}}],"collection":[{"href":"https:\/\/carbonfiberinsoles.shop\/fr\/wp-json\/wp\/v2\/pages"}],"about":[{"href":"https:\/\/carbonfiberinsoles.shop\/fr\/wp-json\/wp\/v2\/types\/page"}],"author":[{"embeddable":true,"href":"https:\/\/carbonfiberinsoles.shop\/fr\/wp-json\/wp\/v2\/users\/1"}],"replies":[{"embeddable":true,"href":"https:\/\/carbonfiberinsoles.shop\/fr\/wp-json\/wp\/v2\/comments?post=16025"}],"version-history":[{"count":0,"href":"https:\/\/carbonfiberinsoles.shop\/fr\/wp-json\/wp\/v2\/pages\/16025\/revisions"}],"wp:attachment":[{"href":"https:\/\/carbonfiberinsoles.shop\/fr\/wp-json\/wp\/v2\/media?parent=16025"}],"curies":[{"name":"wp","href":"https:\/\/api.w.org\/{rel}","templated":true}]}}