{"id":20938,"date":"2025-08-24T13:35:37","date_gmt":"2025-08-24T13:35:37","guid":{"rendered":"https:\/\/carbonfiberinsoles.shop\/?post_type=product&#038;p=20938"},"modified":"2026-03-30T07:58:01","modified_gmt":"2026-03-30T07:58:01","slug":"women-men-diabetic-shoes-with-arch-support-extra-wide-widths-walking-edema-sneakers-adjustable-strap","status":"publish","type":"product","link":"https:\/\/carbonfiberinsoles.shop\/es\/producto\/women-men-diabetic-shoes-with-arch-support-extra-wide-widths-walking-edema-sneakers-adjustable-strap\/","title":{"rendered":"Zapatos para diab\u00e9ticos con soporte para el arco - Extra Wide Walking Sneakers"},"content":{"rendered":"<p>F\u00c1CIL DE PONER Y QUITAR - Las correas del antepi\u00e9 son muy ajustables gracias a los cierres, el rango de ajuste es ideal para los cambios en el grado de hinchaz\u00f3n. El uso de este calzado ligero para diab\u00e9ticos puede ayudar a aliviar la presi\u00f3n en pies hinchados, juanetes, edemas, diabetes o dedos en martillo.<br \/>\nANCHURA EXTENDIDA - La puntera ancha ofrece un ajuste c\u00f3modo y sin ataduras, y alivia la presi\u00f3n en los pies sensibles. La parte superior de malla el\u00e1stica transpirable se expande con el pie al caminar, perfecta para todas las estaciones y actividades al aire libre. Ajuste ce\u00f1ido m\u00e1s c\u00f3modo para ayudarte a reducir la irritaci\u00f3n.<br \/>\n3 PARES DE PLANTILLAS DE ESPUMA EXTRA - Dise\u00f1o de profundidad extra con soporte para el arco, 3 pares de plantillas extra\u00edbles de espuma con memoria que proporcionan un amplio espacio para plantillas ortop\u00e9dicas hechas a medida. Estas c\u00f3modas plantillas proporcionan un control moderado y apoyo y protecci\u00f3n para los pies hinchados, ofreciendo la mejor soluci\u00f3n y ajuste personalizado para las mujeres y los hombres zapatos diab\u00e9ticos, pies problem\u00e1ticos.<br \/>\nUSUARIO OBJETIVO Y OCASI\u00d3N - Ideal para aquellos que necesitan un estiramiento extra, comodidad y suavidad para acomodar pies hinchados, dedos en martillo, juanetes, fascitis plantar, callos, durezas, osteoartritis, artritis reumatoide, dedos en martillo, neuroma de Morton, edema, demencia, lesiones que involucran tendones, m\u00fasculos y huesos o necesitan un zapato postoperatorio.<\/p>\n<p><img fetchpriority=\"high\" decoding=\"async\" class=\"aligncenter wp-image-20948 size-full\" src=\"https:\/\/carbonfiberinsoles.shop\/wp-content\/uploads\/2025\/08\/Women-Men-Diabetic-Shoes-with-Arch-Support-Extra-Wide-Widths-Walking-Edema-Sneakers-Adjustable-Strap-7.jpg\" alt=\"Elegantes zapatos para diab\u00e9ticos con soporte para el arco,Extra Wide Widths Walking Edema Sneakers Adjustable Strap Easy On\/Off with 3 Pairs Insoles Replacement for Support Swollen Feet\" width=\"970\" height=\"600\" srcset=\"https:\/\/carbonfiberinsoles.shop\/wp-content\/uploads\/2025\/08\/Women-Men-Diabetic-Shoes-with-Arch-Support-Extra-Wide-Widths-Walking-Edema-Sneakers-Adjustable-Strap-7.jpg 970w, https:\/\/carbonfiberinsoles.shop\/wp-content\/uploads\/2025\/08\/Women-Men-Diabetic-Shoes-with-Arch-Support-Extra-Wide-Widths-Walking-Edema-Sneakers-Adjustable-Strap-7-430x266.jpg 430w, https:\/\/carbonfiberinsoles.shop\/wp-content\/uploads\/2025\/08\/Women-Men-Diabetic-Shoes-with-Arch-Support-Extra-Wide-Widths-Walking-Edema-Sneakers-Adjustable-Strap-7-700x433.jpg 700w, https:\/\/carbonfiberinsoles.shop\/wp-content\/uploads\/2025\/08\/Women-Men-Diabetic-Shoes-with-Arch-Support-Extra-Wide-Widths-Walking-Edema-Sneakers-Adjustable-Strap-7-400x247.jpg 400w, https:\/\/carbonfiberinsoles.shop\/wp-content\/uploads\/2025\/08\/Women-Men-Diabetic-Shoes-with-Arch-Support-Extra-Wide-Widths-Walking-Edema-Sneakers-Adjustable-Strap-7-768x475.jpg 768w, https:\/\/carbonfiberinsoles.shop\/wp-content\/uploads\/2025\/08\/Women-Men-Diabetic-Shoes-with-Arch-Support-Extra-Wide-Widths-Walking-Edema-Sneakers-Adjustable-Strap-7-18x12.jpg 18w\" sizes=\"(max-width: 970px) 100vw, 970px\" \/> <img decoding=\"async\" class=\"aligncenter wp-image-20943 size-full\" src=\"https:\/\/carbonfiberinsoles.shop\/wp-content\/uploads\/2025\/08\/Women-Men-Diabetic-Shoes-with-Arch-Support-Extra-Wide-Widths-Walking-Edema-Sneakers-Adjustable-Strap-2.jpg\" alt=\"Mujeres Hombres Zapatos Diab\u00e9ticos con Soporte para el Arco Anchura Extra Ancha Caminar Edema Zapatillas Correa Ajustable\" width=\"970\" height=\"600\" srcset=\"https:\/\/carbonfiberinsoles.shop\/wp-content\/uploads\/2025\/08\/Women-Men-Diabetic-Shoes-with-Arch-Support-Extra-Wide-Widths-Walking-Edema-Sneakers-Adjustable-Strap-2.jpg 970w, https:\/\/carbonfiberinsoles.shop\/wp-content\/uploads\/2025\/08\/Women-Men-Diabetic-Shoes-with-Arch-Support-Extra-Wide-Widths-Walking-Edema-Sneakers-Adjustable-Strap-2-430x266.jpg 430w, https:\/\/carbonfiberinsoles.shop\/wp-content\/uploads\/2025\/08\/Women-Men-Diabetic-Shoes-with-Arch-Support-Extra-Wide-Widths-Walking-Edema-Sneakers-Adjustable-Strap-2-700x433.jpg 700w, https:\/\/carbonfiberinsoles.shop\/wp-content\/uploads\/2025\/08\/Women-Men-Diabetic-Shoes-with-Arch-Support-Extra-Wide-Widths-Walking-Edema-Sneakers-Adjustable-Strap-2-400x247.jpg 400w, https:\/\/carbonfiberinsoles.shop\/wp-content\/uploads\/2025\/08\/Women-Men-Diabetic-Shoes-with-Arch-Support-Extra-Wide-Widths-Walking-Edema-Sneakers-Adjustable-Strap-2-768x475.jpg 768w, https:\/\/carbonfiberinsoles.shop\/wp-content\/uploads\/2025\/08\/Women-Men-Diabetic-Shoes-with-Arch-Support-Extra-Wide-Widths-Walking-Edema-Sneakers-Adjustable-Strap-2-18x12.jpg 18w\" sizes=\"(max-width: 970px) 100vw, 970px\" \/><img decoding=\"async\" class=\"aligncenter wp-image-20942 size-full\" src=\"https:\/\/carbonfiberinsoles.shop\/wp-content\/uploads\/2025\/08\/Women-Men-Diabetic-Shoes-with-Arch-Support-Extra-Wide-Widths-Walking-Edema-Sneakers-Adjustable-Strap-1.jpg\" alt=\"Mujeres Hombres Zapatos Diab\u00e9ticos con Soporte para el Arco Anchura Extra Ancha Caminar Edema Zapatillas Correa Ajustable\" width=\"970\" height=\"600\" srcset=\"https:\/\/carbonfiberinsoles.shop\/wp-content\/uploads\/2025\/08\/Women-Men-Diabetic-Shoes-with-Arch-Support-Extra-Wide-Widths-Walking-Edema-Sneakers-Adjustable-Strap-1.jpg 970w, https:\/\/carbonfiberinsoles.shop\/wp-content\/uploads\/2025\/08\/Women-Men-Diabetic-Shoes-with-Arch-Support-Extra-Wide-Widths-Walking-Edema-Sneakers-Adjustable-Strap-1-430x266.jpg 430w, https:\/\/carbonfiberinsoles.shop\/wp-content\/uploads\/2025\/08\/Women-Men-Diabetic-Shoes-with-Arch-Support-Extra-Wide-Widths-Walking-Edema-Sneakers-Adjustable-Strap-1-700x433.jpg 700w, https:\/\/carbonfiberinsoles.shop\/wp-content\/uploads\/2025\/08\/Women-Men-Diabetic-Shoes-with-Arch-Support-Extra-Wide-Widths-Walking-Edema-Sneakers-Adjustable-Strap-1-400x247.jpg 400w, https:\/\/carbonfiberinsoles.shop\/wp-content\/uploads\/2025\/08\/Women-Men-Diabetic-Shoes-with-Arch-Support-Extra-Wide-Widths-Walking-Edema-Sneakers-Adjustable-Strap-1-768x475.jpg 768w, https:\/\/carbonfiberinsoles.shop\/wp-content\/uploads\/2025\/08\/Women-Men-Diabetic-Shoes-with-Arch-Support-Extra-Wide-Widths-Walking-Edema-Sneakers-Adjustable-Strap-1-18x12.jpg 18w\" sizes=\"(max-width: 970px) 100vw, 970px\" \/> <img loading=\"lazy\" decoding=\"async\" class=\"aligncenter wp-image-20944 size-full\" src=\"https:\/\/carbonfiberinsoles.shop\/wp-content\/uploads\/2025\/08\/Women-Men-Diabetic-Shoes-with-Arch-Support-Extra-Wide-Widths-Walking-Edema-Sneakers-Adjustable-Strap-3.jpg\" alt=\"Elegantes zapatos para diab\u00e9ticos con soporte para el arco,Extra Wide Widths Walking Edema Sneakers Adjustable Strap Easy On\/Off with 3 Pairs Insoles Replacement for Support Swollen Feet\" width=\"970\" height=\"600\" srcset=\"https:\/\/carbonfiberinsoles.shop\/wp-content\/uploads\/2025\/08\/Women-Men-Diabetic-Shoes-with-Arch-Support-Extra-Wide-Widths-Walking-Edema-Sneakers-Adjustable-Strap-3.jpg 970w, https:\/\/carbonfiberinsoles.shop\/wp-content\/uploads\/2025\/08\/Women-Men-Diabetic-Shoes-with-Arch-Support-Extra-Wide-Widths-Walking-Edema-Sneakers-Adjustable-Strap-3-430x266.jpg 430w, https:\/\/carbonfiberinsoles.shop\/wp-content\/uploads\/2025\/08\/Women-Men-Diabetic-Shoes-with-Arch-Support-Extra-Wide-Widths-Walking-Edema-Sneakers-Adjustable-Strap-3-700x433.jpg 700w, https:\/\/carbonfiberinsoles.shop\/wp-content\/uploads\/2025\/08\/Women-Men-Diabetic-Shoes-with-Arch-Support-Extra-Wide-Widths-Walking-Edema-Sneakers-Adjustable-Strap-3-400x247.jpg 400w, https:\/\/carbonfiberinsoles.shop\/wp-content\/uploads\/2025\/08\/Women-Men-Diabetic-Shoes-with-Arch-Support-Extra-Wide-Widths-Walking-Edema-Sneakers-Adjustable-Strap-3-768x475.jpg 768w, https:\/\/carbonfiberinsoles.shop\/wp-content\/uploads\/2025\/08\/Women-Men-Diabetic-Shoes-with-Arch-Support-Extra-Wide-Widths-Walking-Edema-Sneakers-Adjustable-Strap-3-18x12.jpg 18w\" sizes=\"(max-width: 970px) 100vw, 970px\" \/><\/p>\n<p><img loading=\"lazy\" decoding=\"async\" class=\"aligncenter wp-image-20998 size-full\" src=\"https:\/\/carbonfiberinsoles.shop\/wp-content\/uploads\/2025\/08\/Diabetic-Shoes-Size.jpg\" alt=\"\" width=\"737\" height=\"378\" srcset=\"https:\/\/carbonfiberinsoles.shop\/wp-content\/uploads\/2025\/08\/Diabetic-Shoes-Size.jpg 737w, https:\/\/carbonfiberinsoles.shop\/wp-content\/uploads\/2025\/08\/Diabetic-Shoes-Size-430x221.jpg 430w, https:\/\/carbonfiberinsoles.shop\/wp-content\/uploads\/2025\/08\/Diabetic-Shoes-Size-700x359.jpg 700w, https:\/\/carbonfiberinsoles.shop\/wp-content\/uploads\/2025\/08\/Diabetic-Shoes-Size-400x205.jpg 400w, https:\/\/carbonfiberinsoles.shop\/wp-content\/uploads\/2025\/08\/Diabetic-Shoes-Size-18x9.jpg 18w\" sizes=\"(max-width: 737px) 100vw, 737px\" \/><\/p>\n<h4 data-start=\"1823\" data-end=\"1849\"><strong data-start=\"1831\" data-end=\"1847\">Caracter\u00edsticas principales<\/strong><\/h4>\n<ul data-start=\"1850\" data-end=\"2543\">\n<li data-start=\"1850\" data-end=\"1952\">\n<p data-start=\"1852\" data-end=\"1952\"><strong data-start=\"1852\" data-end=\"1886\">Construcci\u00f3n apta para diab\u00e9ticos<\/strong>: Los interiores sin costuras y la amplia puntera ayudan a minimizar la irritaci\u00f3n.<\/p>\n<\/li>\n<li data-start=\"1953\" data-end=\"2047\">\n<p data-start=\"1955\" data-end=\"2047\"><strong data-start=\"1955\" data-end=\"1971\">Soporte del arco<\/strong>: El arco plantar integrado favorece la alineaci\u00f3n del pie y la comodidad al caminar.<\/p>\n<\/li>\n<li data-start=\"2048\" data-end=\"2142\">\n<p data-start=\"2050\" data-end=\"2142\"><strong data-start=\"2050\" data-end=\"2068\">Ajuste extra ancho<\/strong>: Ofrece un amplio espacio para hinchazones, \u00f3rtesis o afecciones delicadas.<\/p>\n<\/li>\n<li data-start=\"2143\" data-end=\"2248\">\n<p data-start=\"2145\" data-end=\"2248\"><strong data-start=\"2145\" data-end=\"2166\">Correas ajustables<\/strong>: Las correas f\u00e1ciles de poner y quitar permiten ajustes r\u00e1pidos para un ajuste perfecto durante todo el d\u00eda.<\/p>\n<\/li>\n<li data-start=\"2249\" data-end=\"2346\">\n<p data-start=\"2251\" data-end=\"2346\"><strong data-start=\"2251\" data-end=\"2271\">Plantillas m\u00faltiples<\/strong>: Tres plantillas intercambiables que permiten ajustar la amortiguaci\u00f3n y la sujeci\u00f3n.<\/p>\n<\/li>\n<li data-start=\"2347\" data-end=\"2435\">\n<p data-start=\"2349\" data-end=\"2435\"><strong data-start=\"2349\" data-end=\"2371\">Dise\u00f1o ligero<\/strong>: Garantiza flexibilidad para caminar sin esfuerzo y llevarlo todo el d\u00eda.<\/p>\n<\/li>\n<li data-start=\"2436\" data-end=\"2543\">\n<p data-start=\"2438\" data-end=\"2543\"><strong data-start=\"2438\" data-end=\"2461\">Elegante y vers\u00e1til<\/strong>: Suficientemente elegantes para salidas informales, pero dise\u00f1adas para un uso terap\u00e9utico funcional.<\/p>\n<\/li>\n<\/ul>\n<h4 data-start=\"2545\" data-end=\"2585\"><strong data-start=\"2553\" data-end=\"2583\">\u00bfPor qu\u00e9 elegir estas zapatillas?<\/strong><\/h4>\n<ul data-start=\"2586\" data-end=\"3060\">\n<li data-start=\"2586\" data-end=\"2679\">\n<p data-start=\"2588\" data-end=\"2679\">Adaptados a las condiciones diab\u00e9ticas, estos zapatos reducen la presi\u00f3n y protegen la piel sensible.<\/p>\n<\/li>\n<li data-start=\"2680\" data-end=\"2780\">\n<p data-start=\"2682\" data-end=\"2780\">El soporte del arco mejora la postura y alivia la fatiga del pie, ideal para caminar o estar de pie mucho tiempo.<\/p>\n<\/li>\n<li data-start=\"2781\" data-end=\"2888\">\n<p data-start=\"2783\" data-end=\"2888\">El ajuste extra ancho y regulable se adapta a los cambios del pie a lo largo del d\u00eda, especialmente a hinchazones o edemas.<\/p>\n<\/li>\n<li data-start=\"2889\" data-end=\"2959\">\n<p data-start=\"2891\" data-end=\"2959\">Las m\u00faltiples plantillas permiten a los clientes personalizar la amortiguaci\u00f3n y la sujeci\u00f3n.<\/p>\n<\/li>\n<li data-start=\"2960\" data-end=\"3060\">\n<p data-start=\"2962\" data-end=\"3060\">Ofrece comodidad y estilo, perfecto para un atuendo informal sin comprometer los beneficios terap\u00e9uticos.<\/p>\n<\/li>\n<\/ul>\n<h4 data-start=\"3062\" data-end=\"3078\"><strong data-start=\"3070\" data-end=\"3078\">Preguntas frecuentes<\/strong><\/h4>\n<p data-start=\"3080\" data-end=\"3297\"><strong data-start=\"3080\" data-end=\"3144\">P: \u00bfSon adecuados para personas con edemas o pies hinchados?<\/strong><br data-start=\"3144\" data-end=\"3147\" \/>R: Por supuesto, es una prioridad absoluta. El dise\u00f1o extra ancho y las correas ajustables crean un ajuste personalizable para adaptarse a la hinchaz\u00f3n y garantizar la comodidad.<\/p>\n<p data-start=\"3299\" data-end=\"3523\"><strong data-start=\"3299\" data-end=\"3379\">P: \u00bfC\u00f3mo funcionan las plantillas? Puedo sustituirlas por mis propias plantillas ortop\u00e9dicas?<\/strong><br data-start=\"3379\" data-end=\"3382\" \/>R: S\u00ed. Puede elegir entre las tres plantillas incluidas en funci\u00f3n de sus necesidades de comodidad, o cambiarlas por sus propias plantillas ortop\u00e9dicas personalizadas si lo desea.<\/p>\n<p data-start=\"3525\" data-end=\"3712\"><strong data-start=\"3525\" data-end=\"3564\">P: \u00bfOfrecen una buena sujeci\u00f3n del arco plantar?<\/strong><br data-start=\"3564\" data-end=\"3567\" \/>R: \u00a1S\u00ed! El soporte del arco incorporado est\u00e1 dise\u00f1ado para mejorar la alineaci\u00f3n y reducir la tensi\u00f3n del pie, por lo que estos zapatos diab\u00e9ticos ideales para caminar todos los d\u00edas.<\/p>\n<p data-start=\"3714\" data-end=\"3880\"><strong data-start=\"3714\" data-end=\"3755\">P: \u00bfSon f\u00e1ciles de poner estas zapatillas?<\/strong><br data-start=\"3755\" data-end=\"3758\" \/>R: Por supuesto. Las correas ajustables facilitan su colocaci\u00f3n, especialmente \u00fatil en caso de movilidad o flexibilidad limitadas.<\/p>\n<p data-start=\"3882\" data-end=\"4051\"><strong data-start=\"3882\" data-end=\"3937\">P: \u00bfPuedo llevarlos casualmente o para caminar activamente?<\/strong><br data-start=\"3937\" data-end=\"3940\" \/>R: \u00a1S\u00ed! Combinan un aspecto elegante e informal de zapatilla deportiva con un dise\u00f1o de apoyo para caminar o realizar actividades ligeras.<\/p>\n<p>&nbsp;<\/p>","protected":false},"excerpt":{"rendered":"<p><strong>Detalles del producto<\/strong><br \/>\nTipo de tejido: 100% Algod\u00f3n<br \/>\nMaterial de la suela: Goma<br \/>\nMaterial exterior: Malla<br \/>\nTipo de cierre: Pull-On<\/p>","protected":false},"featured_media":20956,"comment_status":"open","ping_status":"closed","template":"","meta":{"_kadence_starter_templates_imported_post":false,"_kad_post_transparent":"default","_kad_post_title":"","_kad_post_layout":"default","_kad_post_sidebar_id":"","_kad_post_content_style":"default","_kad_post_vertical_padding":"default","_kad_post_feature":"","_kad_post_feature_position":"","_kad_post_header":false,"_kad_post_footer":false},"product_brand":[],"product_cat":[570,533,534,530,532,586,528,527,529,531],"product_tag":[332,535],"class_list":{"0":"post-20938","1":"product","2":"type-product","3":"status-publish","4":"has-post-thumbnail","6":"product_cat-diabetic-shoes","7":"product_cat-men-diabetic-shoes","8":"product_cat-men-orthopedic-shoes","9":"product_cat-men-shoes","10":"product_cat-men-walking-shoes","11":"product_cat-recovery-shoes","12":"product_cat-women-diabetic-shoes","13":"product_cat-women-orthopedic-shoes","14":"product_cat-women-shoes","15":"product_cat-women-walking-shoes","16":"product_tag-casual-shoes","17":"product_tag-diabetic-shoes","19":"first","20":"instock","21":"shipping-taxable","22":"purchasable","23":"product-type-variable","24":"has-default-attributes","25":"entry","26":"content-bg","27":"loop-entry"},"aioseo_notices":[],"_links":{"self":[{"href":"https:\/\/carbonfiberinsoles.shop\/es\/wp-json\/wp\/v2\/product\/20938","targetHints":{"allow":["GET"]}}],"collection":[{"href":"https:\/\/carbonfiberinsoles.shop\/es\/wp-json\/wp\/v2\/product"}],"about":[{"href":"https:\/\/carbonfiberinsoles.shop\/es\/wp-json\/wp\/v2\/types\/product"}],"replies":[{"embeddable":true,"href":"https:\/\/carbonfiberinsoles.shop\/es\/wp-json\/wp\/v2\/comments?post=20938"}],"version-history":[{"count":8,"href":"https:\/\/carbonfiberinsoles.shop\/es\/wp-json\/wp\/v2\/product\/20938\/revisions"}],"predecessor-version":[{"id":21577,"href":"https:\/\/carbonfiberinsoles.shop\/es\/wp-json\/wp\/v2\/product\/20938\/revisions\/21577"}],"wp:featuredmedia":[{"embeddable":true,"href":"https:\/\/carbonfiberinsoles.shop\/es\/wp-json\/wp\/v2\/media\/20956"}],"wp:attachment":[{"href":"https:\/\/carbonfiberinsoles.shop\/es\/wp-json\/wp\/v2\/media?parent=20938"}],"wp:term":[{"taxonomy":"product_brand","embeddable":true,"href":"https:\/\/carbonfiberinsoles.shop\/es\/wp-json\/wp\/v2\/product_brand?post=20938"},{"taxonomy":"product_cat","embeddable":true,"href":"https:\/\/carbonfiberinsoles.shop\/es\/wp-json\/wp\/v2\/product_cat?post=20938"},{"taxonomy":"product_tag","embeddable":true,"href":"https:\/\/carbonfiberinsoles.shop\/es\/wp-json\/wp\/v2\/product_tag?post=20938"}],"curies":[{"name":"wp","href":"https:\/\/api.w.org\/{rel}","templated":true}]}}