{"id":16706,"date":"2025-03-10T15:24:10","date_gmt":"2025-03-10T15:24:10","guid":{"rendered":"https:\/\/carbonfiberinsoles.shop\/?post_type=product&#038;p=16706"},"modified":"2025-06-27T23:23:12","modified_gmt":"2025-06-27T23:23:12","slug":"carbon-plate-running-shoes-cushioned-walking-shoe-for-men-women","status":"publish","type":"product","link":"https:\/\/carbonfiberinsoles.shop\/es\/producto\/carbon-plate-running-shoes-cushioned-walking-shoe-for-men-women\/","title":{"rendered":"Calzado con placa de carbono Calzado amortiguado para caminar para hombres y mujeres"},"content":{"rendered":"<h3 data-start=\"796\" data-end=\"815\"><strong data-start=\"800\" data-end=\"813\">Visi\u00f3n general:<\/strong><\/h3>\n<p data-start=\"816\" data-end=\"1332\">Entre en la innovaci\u00f3n con lo \u00faltimo <strong data-start=\"853\" data-end=\"883\">Zapatillas de running con placa de carbono<\/strong>, dise\u00f1ado para quienes exigen tanto <strong data-start=\"919\" data-end=\"944\">rendimiento y estilo<\/strong>. Tanto si es usted deportista, aficionado al fitness o simplemente busca <strong data-start=\"1015\" data-end=\"1055\">calzado casual ligero y elegante<\/strong>Estas zapatillas proporcionan <strong data-start=\"1084\" data-end=\"1140\">equilibrio perfecto entre velocidad, amortiguaci\u00f3n y durabilidad<\/strong>. Con un <strong data-start=\"1154\" data-end=\"1257\">placa de fibra de carbono para mejorar la propulsi\u00f3n, parte superior de malla transpirable y amortiguaci\u00f3n que absorbe los impactos<\/strong>Estas zapatillas est\u00e1n dise\u00f1adas para que te sientas c\u00f3modo y \u00e1gil en cualquier terreno.<\/p>\n<hr data-start=\"1334\" data-end=\"1337\" \/>\n<h3 data-start=\"1339\" data-end=\"1364\"><strong data-start=\"1343\" data-end=\"1362\">Especificaciones:<\/strong><\/h3>\n<ul data-start=\"1365\" data-end=\"1825\">\n<li data-start=\"1365\" data-end=\"1412\"><strong data-start=\"1367\" data-end=\"1386\">Material superior:<\/strong> Malla transpirable de primera calidad<\/li>\n<li data-start=\"1413\" data-end=\"1483\"><strong data-start=\"1415\" data-end=\"1427\">Suela intermedia:<\/strong> Espuma de alto rebote con una placa de fibra de carbono incrustada<\/li>\n<li data-start=\"1484\" data-end=\"1535\"><strong data-start=\"1486\" data-end=\"1498\">Suela:<\/strong> Goma duradera con agarre antideslizante<\/li>\n<li data-start=\"1536\" data-end=\"1603\"><strong data-start=\"1538\" data-end=\"1559\">Absorci\u00f3n de impactos:<\/strong> Amortiguaci\u00f3n avanzada para protecci\u00f3n contra impactos<\/li>\n<li data-start=\"1604\" data-end=\"1663\"><strong data-start=\"1606\" data-end=\"1627\">Ca\u00edda del tal\u00f3n a la punta:<\/strong> 8 mm para una eficacia \u00f3ptima de la zancada<\/li>\n<li data-start=\"1664\" data-end=\"1708\"><strong data-start=\"1666\" data-end=\"1677\">Peso:<\/strong> Aprox. 255 g (9 oz) por zapato<\/li>\n<li data-start=\"1709\" data-end=\"1772\"><strong data-start=\"1711\" data-end=\"1731\">Tallas disponibles:<\/strong> EU 35-44 \/ US Hombres 5-12, Mujeres 4-11<\/li>\n<li data-start=\"1773\" data-end=\"1825\"><strong data-start=\"1775\" data-end=\"1786\">Colores:<\/strong> Blanco\/Azul, Negro\/Blanco, Naranja\/Gris<\/li>\n<\/ul>\n<hr data-start=\"1827\" data-end=\"1830\" \/>\n<h3 data-start=\"1832\" data-end=\"1851\"><strong data-start=\"1836\" data-end=\"1849\">Caracter\u00edsticas:<\/strong><\/h3>\n<p data-start=\"1852\" data-end=\"2327\">\u2705 <strong data-start=\"1854\" data-end=\"1887\">Tecnolog\u00eda de placas de fibra de carbono<\/strong> - Proporciona un mayor retorno de energ\u00eda para aumentar la velocidad y el rendimiento<br data-start=\"1947\" data-end=\"1950\" \/>\u2705 <strong data-start=\"1952\" data-end=\"1979\">Sistema de absorci\u00f3n de impactos<\/strong> - Reduce el impacto articular para una conducci\u00f3n m\u00e1s suave<br data-start=\"2022\" data-end=\"2025\" \/>\u2705 <strong data-start=\"2027\" data-end=\"2052\">Parte superior de malla transpirable<\/strong> - Mantiene los pies frescos y c\u00f3modos<br data-start=\"2091\" data-end=\"2094\" \/>\u2705 <strong data-start=\"2096\" data-end=\"2129\">Dise\u00f1o ligero y flexible<\/strong> - Garantiza comodidad y agilidad durante todo el d\u00eda<br data-start=\"2167\" data-end=\"2170\" \/>\u2705 <strong data-start=\"2172\" data-end=\"2200\">Suela antideslizante duradera<\/strong> - Ofrece un agarre superior en diversas superficies<br data-start=\"2243\" data-end=\"2246\" \/>\u2705 <strong data-start=\"2248\" data-end=\"2265\">Ajuste ergon\u00f3mico<\/strong> - Dise\u00f1ado tanto para el rendimiento atl\u00e9tico como para la comodidad informal<\/p>\n<hr data-start=\"2329\" data-end=\"2332\" \/>\n<h3 data-start=\"2334\" data-end=\"2363\"><img fetchpriority=\"high\" decoding=\"async\" class=\"aligncenter wp-image-19954 size-full\" src=\"https:\/\/carbonfiberinsoles.shop\/wp-content\/uploads\/2025\/03\/Carbon-Plate-Running-Shoes-Cushioned-Walking-Shoe-for-Men-Women-2-2_1.jpg\" alt=\"\" width=\"800\" height=\"800\" srcset=\"https:\/\/carbonfiberinsoles.shop\/wp-content\/uploads\/2025\/03\/Carbon-Plate-Running-Shoes-Cushioned-Walking-Shoe-for-Men-Women-2-2_1.jpg 800w, https:\/\/carbonfiberinsoles.shop\/wp-content\/uploads\/2025\/03\/Carbon-Plate-Running-Shoes-Cushioned-Walking-Shoe-for-Men-Women-2-2_1-430x430.jpg 430w, https:\/\/carbonfiberinsoles.shop\/wp-content\/uploads\/2025\/03\/Carbon-Plate-Running-Shoes-Cushioned-Walking-Shoe-for-Men-Women-2-2_1-100x100.jpg 100w, https:\/\/carbonfiberinsoles.shop\/wp-content\/uploads\/2025\/03\/Carbon-Plate-Running-Shoes-Cushioned-Walking-Shoe-for-Men-Women-2-2_1-700x700.jpg 700w, https:\/\/carbonfiberinsoles.shop\/wp-content\/uploads\/2025\/03\/Carbon-Plate-Running-Shoes-Cushioned-Walking-Shoe-for-Men-Women-2-2_1-300x300.jpg 300w, https:\/\/carbonfiberinsoles.shop\/wp-content\/uploads\/2025\/03\/Carbon-Plate-Running-Shoes-Cushioned-Walking-Shoe-for-Men-Women-2-2_1-150x150.jpg 150w, https:\/\/carbonfiberinsoles.shop\/wp-content\/uploads\/2025\/03\/Carbon-Plate-Running-Shoes-Cushioned-Walking-Shoe-for-Men-Women-2-2_1-768x768.jpg 768w, https:\/\/carbonfiberinsoles.shop\/wp-content\/uploads\/2025\/03\/Carbon-Plate-Running-Shoes-Cushioned-Walking-Shoe-for-Men-Women-2-2_1-12x12.jpg 12w\" sizes=\"(max-width: 800px) 100vw, 800px\" \/> <img decoding=\"async\" class=\"aligncenter wp-image-19955 size-full\" src=\"https:\/\/carbonfiberinsoles.shop\/wp-content\/uploads\/2025\/03\/Carbon-Plate-Running-Shoes-Cushioned-Walking-Shoe-for-Men-Women-2-3_1.jpg\" alt=\"\" width=\"800\" height=\"800\" srcset=\"https:\/\/carbonfiberinsoles.shop\/wp-content\/uploads\/2025\/03\/Carbon-Plate-Running-Shoes-Cushioned-Walking-Shoe-for-Men-Women-2-3_1.jpg 800w, https:\/\/carbonfiberinsoles.shop\/wp-content\/uploads\/2025\/03\/Carbon-Plate-Running-Shoes-Cushioned-Walking-Shoe-for-Men-Women-2-3_1-430x430.jpg 430w, https:\/\/carbonfiberinsoles.shop\/wp-content\/uploads\/2025\/03\/Carbon-Plate-Running-Shoes-Cushioned-Walking-Shoe-for-Men-Women-2-3_1-100x100.jpg 100w, https:\/\/carbonfiberinsoles.shop\/wp-content\/uploads\/2025\/03\/Carbon-Plate-Running-Shoes-Cushioned-Walking-Shoe-for-Men-Women-2-3_1-700x700.jpg 700w, https:\/\/carbonfiberinsoles.shop\/wp-content\/uploads\/2025\/03\/Carbon-Plate-Running-Shoes-Cushioned-Walking-Shoe-for-Men-Women-2-3_1-300x300.jpg 300w, https:\/\/carbonfiberinsoles.shop\/wp-content\/uploads\/2025\/03\/Carbon-Plate-Running-Shoes-Cushioned-Walking-Shoe-for-Men-Women-2-3_1-150x150.jpg 150w, https:\/\/carbonfiberinsoles.shop\/wp-content\/uploads\/2025\/03\/Carbon-Plate-Running-Shoes-Cushioned-Walking-Shoe-for-Men-Women-2-3_1-768x768.jpg 768w, https:\/\/carbonfiberinsoles.shop\/wp-content\/uploads\/2025\/03\/Carbon-Plate-Running-Shoes-Cushioned-Walking-Shoe-for-Men-Women-2-3_1-12x12.jpg 12w\" sizes=\"(max-width: 800px) 100vw, 800px\" \/> <img decoding=\"async\" class=\"aligncenter wp-image-19956 size-full\" src=\"https:\/\/carbonfiberinsoles.shop\/wp-content\/uploads\/2025\/03\/Carbon-Plate-Running-Shoes-Cushioned-Walking-Shoe-for-Men-Women-2-4_1.jpg\" alt=\"\" width=\"800\" height=\"800\" srcset=\"https:\/\/carbonfiberinsoles.shop\/wp-content\/uploads\/2025\/03\/Carbon-Plate-Running-Shoes-Cushioned-Walking-Shoe-for-Men-Women-2-4_1.jpg 800w, https:\/\/carbonfiberinsoles.shop\/wp-content\/uploads\/2025\/03\/Carbon-Plate-Running-Shoes-Cushioned-Walking-Shoe-for-Men-Women-2-4_1-430x430.jpg 430w, https:\/\/carbonfiberinsoles.shop\/wp-content\/uploads\/2025\/03\/Carbon-Plate-Running-Shoes-Cushioned-Walking-Shoe-for-Men-Women-2-4_1-100x100.jpg 100w, https:\/\/carbonfiberinsoles.shop\/wp-content\/uploads\/2025\/03\/Carbon-Plate-Running-Shoes-Cushioned-Walking-Shoe-for-Men-Women-2-4_1-700x700.jpg 700w, https:\/\/carbonfiberinsoles.shop\/wp-content\/uploads\/2025\/03\/Carbon-Plate-Running-Shoes-Cushioned-Walking-Shoe-for-Men-Women-2-4_1-300x300.jpg 300w, https:\/\/carbonfiberinsoles.shop\/wp-content\/uploads\/2025\/03\/Carbon-Plate-Running-Shoes-Cushioned-Walking-Shoe-for-Men-Women-2-4_1-150x150.jpg 150w, https:\/\/carbonfiberinsoles.shop\/wp-content\/uploads\/2025\/03\/Carbon-Plate-Running-Shoes-Cushioned-Walking-Shoe-for-Men-Women-2-4_1-768x768.jpg 768w, https:\/\/carbonfiberinsoles.shop\/wp-content\/uploads\/2025\/03\/Carbon-Plate-Running-Shoes-Cushioned-Walking-Shoe-for-Men-Women-2-4_1-12x12.jpg 12w\" sizes=\"(max-width: 800px) 100vw, 800px\" \/> <img loading=\"lazy\" decoding=\"async\" class=\"aligncenter wp-image-19957 size-full\" src=\"https:\/\/carbonfiberinsoles.shop\/wp-content\/uploads\/2025\/03\/Carbon-Plate-Running-Shoes-Cushioned-Walking-Shoe-for-Men-Women-2-5_1.jpg\" alt=\"\" width=\"800\" height=\"800\" srcset=\"https:\/\/carbonfiberinsoles.shop\/wp-content\/uploads\/2025\/03\/Carbon-Plate-Running-Shoes-Cushioned-Walking-Shoe-for-Men-Women-2-5_1.jpg 800w, https:\/\/carbonfiberinsoles.shop\/wp-content\/uploads\/2025\/03\/Carbon-Plate-Running-Shoes-Cushioned-Walking-Shoe-for-Men-Women-2-5_1-430x430.jpg 430w, https:\/\/carbonfiberinsoles.shop\/wp-content\/uploads\/2025\/03\/Carbon-Plate-Running-Shoes-Cushioned-Walking-Shoe-for-Men-Women-2-5_1-100x100.jpg 100w, https:\/\/carbonfiberinsoles.shop\/wp-content\/uploads\/2025\/03\/Carbon-Plate-Running-Shoes-Cushioned-Walking-Shoe-for-Men-Women-2-5_1-700x700.jpg 700w, https:\/\/carbonfiberinsoles.shop\/wp-content\/uploads\/2025\/03\/Carbon-Plate-Running-Shoes-Cushioned-Walking-Shoe-for-Men-Women-2-5_1-300x300.jpg 300w, https:\/\/carbonfiberinsoles.shop\/wp-content\/uploads\/2025\/03\/Carbon-Plate-Running-Shoes-Cushioned-Walking-Shoe-for-Men-Women-2-5_1-150x150.jpg 150w, https:\/\/carbonfiberinsoles.shop\/wp-content\/uploads\/2025\/03\/Carbon-Plate-Running-Shoes-Cushioned-Walking-Shoe-for-Men-Women-2-5_1-768x768.jpg 768w, https:\/\/carbonfiberinsoles.shop\/wp-content\/uploads\/2025\/03\/Carbon-Plate-Running-Shoes-Cushioned-Walking-Shoe-for-Men-Women-2-5_1-12x12.jpg 12w\" sizes=\"(max-width: 800px) 100vw, 800px\" \/> <img loading=\"lazy\" decoding=\"async\" class=\"aligncenter wp-image-19950 size-full\" src=\"https:\/\/carbonfiberinsoles.shop\/wp-content\/uploads\/2025\/03\/Carbon-Plate-Running-Shoes-Cushioned-Walking-Shoe-for-Men-Women-1-3_1.jpg\" alt=\"\" width=\"800\" height=\"800\" srcset=\"https:\/\/carbonfiberinsoles.shop\/wp-content\/uploads\/2025\/03\/Carbon-Plate-Running-Shoes-Cushioned-Walking-Shoe-for-Men-Women-1-3_1.jpg 800w, https:\/\/carbonfiberinsoles.shop\/wp-content\/uploads\/2025\/03\/Carbon-Plate-Running-Shoes-Cushioned-Walking-Shoe-for-Men-Women-1-3_1-430x430.jpg 430w, https:\/\/carbonfiberinsoles.shop\/wp-content\/uploads\/2025\/03\/Carbon-Plate-Running-Shoes-Cushioned-Walking-Shoe-for-Men-Women-1-3_1-100x100.jpg 100w, https:\/\/carbonfiberinsoles.shop\/wp-content\/uploads\/2025\/03\/Carbon-Plate-Running-Shoes-Cushioned-Walking-Shoe-for-Men-Women-1-3_1-700x700.jpg 700w, https:\/\/carbonfiberinsoles.shop\/wp-content\/uploads\/2025\/03\/Carbon-Plate-Running-Shoes-Cushioned-Walking-Shoe-for-Men-Women-1-3_1-300x300.jpg 300w, https:\/\/carbonfiberinsoles.shop\/wp-content\/uploads\/2025\/03\/Carbon-Plate-Running-Shoes-Cushioned-Walking-Shoe-for-Men-Women-1-3_1-150x150.jpg 150w, https:\/\/carbonfiberinsoles.shop\/wp-content\/uploads\/2025\/03\/Carbon-Plate-Running-Shoes-Cushioned-Walking-Shoe-for-Men-Women-1-3_1-768x768.jpg 768w, https:\/\/carbonfiberinsoles.shop\/wp-content\/uploads\/2025\/03\/Carbon-Plate-Running-Shoes-Cushioned-Walking-Shoe-for-Men-Women-1-3_1-12x12.jpg 12w\" sizes=\"(max-width: 800px) 100vw, 800px\" \/> <img loading=\"lazy\" decoding=\"async\" class=\"aligncenter wp-image-19953 size-full\" src=\"https:\/\/carbonfiberinsoles.shop\/wp-content\/uploads\/2025\/03\/Carbon-Plate-Running-Shoes-Cushioned-Walking-Shoe-for-Men-Women-2-1_1.jpg\" alt=\"\" width=\"800\" height=\"800\" srcset=\"https:\/\/carbonfiberinsoles.shop\/wp-content\/uploads\/2025\/03\/Carbon-Plate-Running-Shoes-Cushioned-Walking-Shoe-for-Men-Women-2-1_1.jpg 800w, https:\/\/carbonfiberinsoles.shop\/wp-content\/uploads\/2025\/03\/Carbon-Plate-Running-Shoes-Cushioned-Walking-Shoe-for-Men-Women-2-1_1-430x430.jpg 430w, https:\/\/carbonfiberinsoles.shop\/wp-content\/uploads\/2025\/03\/Carbon-Plate-Running-Shoes-Cushioned-Walking-Shoe-for-Men-Women-2-1_1-100x100.jpg 100w, https:\/\/carbonfiberinsoles.shop\/wp-content\/uploads\/2025\/03\/Carbon-Plate-Running-Shoes-Cushioned-Walking-Shoe-for-Men-Women-2-1_1-700x700.jpg 700w, https:\/\/carbonfiberinsoles.shop\/wp-content\/uploads\/2025\/03\/Carbon-Plate-Running-Shoes-Cushioned-Walking-Shoe-for-Men-Women-2-1_1-300x300.jpg 300w, https:\/\/carbonfiberinsoles.shop\/wp-content\/uploads\/2025\/03\/Carbon-Plate-Running-Shoes-Cushioned-Walking-Shoe-for-Men-Women-2-1_1-150x150.jpg 150w, https:\/\/carbonfiberinsoles.shop\/wp-content\/uploads\/2025\/03\/Carbon-Plate-Running-Shoes-Cushioned-Walking-Shoe-for-Men-Women-2-1_1-768x768.jpg 768w, https:\/\/carbonfiberinsoles.shop\/wp-content\/uploads\/2025\/03\/Carbon-Plate-Running-Shoes-Cushioned-Walking-Shoe-for-Men-Women-2-1_1-12x12.jpg 12w\" sizes=\"(max-width: 800px) 100vw, 800px\" \/><\/h3>\n<figure id=\"attachment_19589\" aria-describedby=\"caption-attachment-19589\" style=\"width: 754px\" class=\"wp-caption aligncenter\"><img loading=\"lazy\" decoding=\"async\" class=\"wp-image-19589 size-full\" src=\"https:\/\/carbonfiberinsoles.shop\/wp-content\/uploads\/2025\/05\/shoes-size-guide.png\" alt=\"gu\u00eda de tallas de zapatos\" width=\"754\" height=\"529\" srcset=\"https:\/\/carbonfiberinsoles.shop\/wp-content\/uploads\/2025\/05\/shoes-size-guide.png 754w, https:\/\/carbonfiberinsoles.shop\/wp-content\/uploads\/2025\/05\/shoes-size-guide-430x302.png 430w, https:\/\/carbonfiberinsoles.shop\/wp-content\/uploads\/2025\/05\/shoes-size-guide-700x491.png 700w, https:\/\/carbonfiberinsoles.shop\/wp-content\/uploads\/2025\/05\/shoes-size-guide-400x281.png 400w, https:\/\/carbonfiberinsoles.shop\/wp-content\/uploads\/2025\/05\/shoes-size-guide-18x12.png 18w\" sizes=\"(max-width: 754px) 100vw, 754px\" \/><figcaption id=\"caption-attachment-19589\" class=\"wp-caption-text\">gu\u00eda de tallas de zapatos<\/figcaption><\/figure>\n<hr \/>\n<h3 data-start=\"2334\" data-end=\"2363\"><strong data-start=\"2338\" data-end=\"2361\">Por qu\u00e9 deber\u00edas comprarlo:<\/strong><\/h3>\n<p data-start=\"2364\" data-end=\"2819\">\u2714\ufe0f <strong data-start=\"2367\" data-end=\"2399\">Aumente su velocidad y resistencia<\/strong> - La placa de carbono mejora la propulsi\u00f3n y reduce la fatiga<br data-start=\"2452\" data-end=\"2455\" \/>\u2714\ufe0f <strong data-start=\"2458\" data-end=\"2481\">Proteja sus articulaciones<\/strong> - La amortiguaci\u00f3n avanzada minimiza el impacto, haciendo que cada paso sea suave<br data-start=\"2545\" data-end=\"2548\" \/>\u2714\ufe0f <strong data-start=\"2551\" data-end=\"2574\">Elegante y vers\u00e1til<\/strong> - Perfecta para correr, entrenar o para el d\u00eda a d\u00eda.<br data-start=\"2631\" data-end=\"2634\" \/>\u2714\ufe0f <strong data-start=\"2637\" data-end=\"2669\">Calidad y durabilidad superiores<\/strong> - Fabricado para durar con materiales de alto rendimiento<br data-start=\"2717\" data-end=\"2720\" \/>\u2714\ufe0f <strong data-start=\"2723\" data-end=\"2748\">Apto para todos los p\u00fablicos<\/strong> - Dise\u00f1adas para hombres y mujeres, lo que las convierte en una gran elecci\u00f3n para parejas<\/p>\n<hr data-start=\"2821\" data-end=\"2824\" \/>\n<h3 data-start=\"2826\" data-end=\"2841\"><strong data-start=\"2830\" data-end=\"2839\">Preguntas frecuentes:<\/strong><\/h3>\n<p data-start=\"2843\" data-end=\"3011\">\ud83d\udd39 <strong data-start=\"2846\" data-end=\"2900\">P: \u00bfSon buenas estas zapatillas para correr largas distancias?<\/strong><br data-start=\"2900\" data-end=\"2903\" \/><strong data-start=\"2903\" data-end=\"2909\">A:<\/strong> S\u00ed. La placa de carbono y el sistema de amortiguaci\u00f3n proporcionan una sujeci\u00f3n excelente para carreras de larga distancia.<\/p>\n<p data-start=\"3013\" data-end=\"3164\">\ud83d\udd39 <strong data-start=\"3016\" data-end=\"3059\">P: \u00bfSon adecuados para llevarlos a diario?<\/strong><br data-start=\"3059\" data-end=\"3062\" \/><strong data-start=\"3062\" data-end=\"3068\">A:<\/strong> Sin duda. Estas zapatillas est\u00e1n dise\u00f1adas tanto para el running de alto rendimiento como para el uso diario informal.<\/p>\n<p data-start=\"3166\" data-end=\"3303\">\ud83d\udd39 <strong data-start=\"3169\" data-end=\"3203\">P: \u00bfC\u00f3mo se limpian estos zapatos?<\/strong><br data-start=\"3203\" data-end=\"3206\" \/><strong data-start=\"3206\" data-end=\"3212\">A:<\/strong> Utilice jab\u00f3n suave y agua para limpiar las manchas. Evite el lavado a m\u00e1quina para mantener la durabilidad.<\/p>\n<p data-start=\"3305\" data-end=\"3437\">\ud83d\udd39 <strong data-start=\"3308\" data-end=\"3340\">P: \u00bfSe ajustan bien a la talla?<\/strong><br data-start=\"3340\" data-end=\"3343\" \/><strong data-start=\"3343\" data-end=\"3349\">A:<\/strong> S\u00ed, se ajustan a la talla. Si tienes los pies m\u00e1s anchos, considera pedir media talla m\u00e1s.<\/p>\n<p data-start=\"3439\" data-end=\"3590\">\ud83d\udd39 <strong data-start=\"3442\" data-end=\"3498\">P: \u00bfProporcionan estas zapatillas un buen agarre en superficies mojadas?<\/strong><br data-start=\"3498\" data-end=\"3501\" \/><strong data-start=\"3501\" data-end=\"3507\">A:<\/strong> S\u00ed, la duradera suela de caucho garantiza una excelente tracci\u00f3n en m\u00faltiples terrenos.<\/p>","protected":false},"excerpt":{"rendered":"<p>Libera todo tu potencial con nuestras zapatillas de running Carbon Plate. Con un <strong data-start=\"561\" data-end=\"636\">dise\u00f1o ligero, tecnolog\u00eda de absorci\u00f3n de impactos y placa de fibra de carbono<\/strong>estas zapatillas ofrecen <strong data-start=\"661\" data-end=\"707\">m\u00e1ximo rendimiento energ\u00e9tico y confort superior<\/strong> tanto para corredores de alto rendimiento como para usuarios ocasionales.<\/p>","protected":false},"featured_media":19948,"comment_status":"open","ping_status":"closed","template":"","meta":{"_kadence_starter_templates_imported_post":false,"_kad_post_transparent":"","_kad_post_title":"","_kad_post_layout":"","_kad_post_sidebar_id":"","_kad_post_content_style":"","_kad_post_vertical_padding":"","_kad_post_feature":"","_kad_post_feature_position":"","_kad_post_header":false,"_kad_post_footer":false},"product_brand":[],"product_cat":[253,252],"product_tag":[254,257,259,264,258],"class_list":{"0":"post-16706","1":"product","2":"type-product","3":"status-publish","4":"has-post-thumbnail","6":"product_cat-carbon-plate-running-shoes","7":"product_cat-carbon-shoes","8":"product_tag-carbon-plate-running-shoes","9":"product_tag-carbon-plated-shoes","10":"product_tag-carbon-running-shoes","11":"product_tag-carbon-shoes","12":"product_tag-running-shoes-with-carbon-plate","14":"first","15":"instock","16":"shipping-taxable","17":"purchasable","18":"product-type-variable","19":"has-default-attributes","20":"entry","21":"content-bg","22":"loop-entry"},"aioseo_notices":[],"_links":{"self":[{"href":"https:\/\/carbonfiberinsoles.shop\/es\/wp-json\/wp\/v2\/product\/16706","targetHints":{"allow":["GET"]}}],"collection":[{"href":"https:\/\/carbonfiberinsoles.shop\/es\/wp-json\/wp\/v2\/product"}],"about":[{"href":"https:\/\/carbonfiberinsoles.shop\/es\/wp-json\/wp\/v2\/types\/product"}],"replies":[{"embeddable":true,"href":"https:\/\/carbonfiberinsoles.shop\/es\/wp-json\/wp\/v2\/comments?post=16706"}],"version-history":[{"count":0,"href":"https:\/\/carbonfiberinsoles.shop\/es\/wp-json\/wp\/v2\/product\/16706\/revisions"}],"wp:featuredmedia":[{"embeddable":true,"href":"https:\/\/carbonfiberinsoles.shop\/es\/wp-json\/wp\/v2\/media\/19948"}],"wp:attachment":[{"href":"https:\/\/carbonfiberinsoles.shop\/es\/wp-json\/wp\/v2\/media?parent=16706"}],"wp:term":[{"taxonomy":"product_brand","embeddable":true,"href":"https:\/\/carbonfiberinsoles.shop\/es\/wp-json\/wp\/v2\/product_brand?post=16706"},{"taxonomy":"product_cat","embeddable":true,"href":"https:\/\/carbonfiberinsoles.shop\/es\/wp-json\/wp\/v2\/product_cat?post=16706"},{"taxonomy":"product_tag","embeddable":true,"href":"https:\/\/carbonfiberinsoles.shop\/es\/wp-json\/wp\/v2\/product_tag?post=16706"}],"curies":[{"name":"wp","href":"https:\/\/api.w.org\/{rel}","templated":true}]}}