{"id":16701,"date":"2025-03-11T14:27:43","date_gmt":"2025-03-11T14:27:43","guid":{"rendered":"https:\/\/carbonfiberinsoles.shop\/?post_type=product&#038;p=16701"},"modified":"2025-06-28T10:46:04","modified_gmt":"2025-06-28T10:46:04","slug":"carbon-plate-running-shoes-cushioned-walking-shoes-athletic-gym-workout","status":"publish","type":"product","link":"https:\/\/carbonfiberinsoles.shop\/es\/producto\/carbon-plate-running-shoes-cushioned-walking-shoes-athletic-gym-workout\/","title":{"rendered":"Placa de Carbono Zapatillas Acolchadas para Caminar Athletic Gym Workout"},"content":{"rendered":"<div data-elementor-type=\"product-post\" data-elementor-id=\"16701\" class=\"elementor elementor-16701\" data-elementor-post-type=\"product\">\n\t\t\t\t<div class=\"elementor-element elementor-element-848ea8a e-flex e-con-boxed e-con e-parent\" data-id=\"848ea8a\" data-element_type=\"container\" data-e-type=\"container\">\n\t\t\t\t\t<div class=\"e-con-inner\">\n\t\t\t\t<div class=\"elementor-element elementor-element-a55202f elementor-widget elementor-widget-video\" data-id=\"a55202f\" data-element_type=\"widget\" data-e-type=\"widget\" data-settings=\"{&quot;youtube_url&quot;:&quot;https:\\\/\\\/www.youtube.com\\\/watch?v=v0V4HqD4--w&quot;,&quot;loop&quot;:&quot;yes&quot;,&quot;video_type&quot;:&quot;youtube&quot;,&quot;controls&quot;:&quot;yes&quot;}\" data-widget_type=\"video.default\">\n\t\t\t\t<div class=\"elementor-widget-container\">\n\t\t\t\t\t\t\t<div class=\"elementor-wrapper elementor-open-inline\">\n\t\t\t<div class=\"elementor-video\"><\/div>\t\t<\/div>\n\t\t\t\t\t\t<\/div>\n\t\t\t\t<\/div>\n\t\t\t\t\t<\/div>\n\t\t\t\t<\/div>\n\t\t<div class=\"elementor-element elementor-element-55f48685 e-flex e-con-boxed e-con e-parent\" data-id=\"55f48685\" data-element_type=\"container\" data-e-type=\"container\">\n\t\t\t\t\t<div class=\"e-con-inner\">\n\t\t\t\t<div class=\"elementor-element elementor-element-13bbaa32 elementor-widget elementor-widget-text-editor\" data-id=\"13bbaa32\" data-element_type=\"widget\" data-e-type=\"widget\" data-widget_type=\"text-editor.default\">\n\t\t\t\t<div class=\"elementor-widget-container\">\n\t\t\t\t\t\t\t\t\t<h3 data-start=\"591\" data-end=\"610\"><strong data-start=\"595\" data-end=\"608\">Visi\u00f3n general:<\/strong><\/h3><p data-start=\"611\" data-end=\"1005\">Presentaci\u00f3n de la <strong data-start=\"627\" data-end=\"665\">Zapatillas de running Premium Carbon Plate<\/strong>La nueva zapatilla de running de la marca de la casa, fabricada para corredores que exigen un alto rendimiento y una comodidad suprema. Con un <strong data-start=\"741\" data-end=\"763\">placa de fibra de carbono<\/strong> para el retorno de energ\u00eda y un <strong data-start=\"789\" data-end=\"825\">sistema avanzado de absorci\u00f3n de impactos<\/strong>Estas zapatillas reducen el estr\u00e9s del impacto y aumentan la velocidad. Tanto si entrenas para una marat\u00f3n, como si esprintas o haces footing, estas zapatillas ofrecen el equilibrio perfecto entre sujeci\u00f3n y estilo.<\/p><hr data-start=\"1007\" data-end=\"1010\" \/><h3 data-start=\"1012\" data-end=\"1037\"><strong data-start=\"1016\" data-end=\"1035\">Especificaciones:<\/strong><\/h3><ul data-start=\"1038\" data-end=\"1494\"><li data-start=\"1038\" data-end=\"1088\"><strong data-start=\"1040\" data-end=\"1059\">Material superior:<\/strong> Malla de ingenier\u00eda transpirable<\/li><li data-start=\"1089\" data-end=\"1159\"><strong data-start=\"1091\" data-end=\"1103\">Suela intermedia:<\/strong> Espuma de alta elasticidad con placa de fibra de carbono incrustada<\/li><li data-start=\"1160\" data-end=\"1218\"><strong data-start=\"1162\" data-end=\"1174\">Suela:<\/strong> Goma duradera con agarre multidireccional<\/li><li data-start=\"1219\" data-end=\"1289\"><strong data-start=\"1221\" data-end=\"1242\">Absorci\u00f3n de impactos:<\/strong> Amortiguaci\u00f3n avanzada para reducir la tensi\u00f3n articular<\/li><li data-start=\"1290\" data-end=\"1345\"><strong data-start=\"1292\" data-end=\"1313\">Ca\u00edda del tal\u00f3n a la punta:<\/strong> 8 mm para un movimiento natural del pie<\/li><li data-start=\"1346\" data-end=\"1390\"><strong data-start=\"1348\" data-end=\"1359\">Peso:<\/strong> Aprox. 255 g (9 oz) por zapato<\/li><li data-start=\"1391\" data-end=\"1443\"><strong data-start=\"1393\" data-end=\"1413\">Tallas disponibles:<\/strong> US Hombres 6-13, Mujeres 5-12<\/li><li data-start=\"1444\" data-end=\"1494\"><strong data-start=\"1446\" data-end=\"1457\">Colores:<\/strong> Blanco\/gris, negro\/azul, azul claro<\/li><\/ul><hr data-start=\"1496\" data-end=\"1499\" \/><h3 data-start=\"1501\" data-end=\"1520\"><strong data-start=\"1505\" data-end=\"1518\">Caracter\u00edsticas:<\/strong><\/h3><p data-start=\"1521\" data-end=\"2004\">\u2705 <strong data-start=\"1523\" data-end=\"1556\">Tecnolog\u00eda de placas de fibra de carbono<\/strong> - Impulsa cada paso hacia delante con un alto retorno de energ\u00eda<br data-start=\"1608\" data-end=\"1611\" \/>\u2705 <strong data-start=\"1613\" data-end=\"1640\">Sistema de absorci\u00f3n de impactos<\/strong> - Reduce la tensi\u00f3n del impacto, protegiendo las articulaciones y los pies<br data-start=\"1692\" data-end=\"1695\" \/>\u2705 <strong data-start=\"1697\" data-end=\"1722\">Parte superior de malla transpirable<\/strong> - Mejora el flujo de aire para mantener los pies frescos y secos<br data-start=\"1767\" data-end=\"1770\" \/>\u2705 <strong data-start=\"1772\" data-end=\"1797\">Amortiguaci\u00f3n reactiva<\/strong> - Espuma ligera de alto rebote para mayor comodidad y velocidad<br data-start=\"1852\" data-end=\"1855\" \/>\u2705 <strong data-start=\"1857\" data-end=\"1885\">Suela antideslizante duradera<\/strong> - Ofrece una tracci\u00f3n superior en todos los terrenos<br data-start=\"1929\" data-end=\"1932\" \/>\u2705 <strong data-start=\"1934\" data-end=\"1958\">Dise\u00f1o de ajuste ergon\u00f3mico<\/strong> - Ajuste ce\u00f1ido pero flexible para una mayor comodidad durante todo el d\u00eda<\/p><hr data-start=\"2006\" data-end=\"2009\" \/><h3 data-start=\"2011\" data-end=\"2040\"><img fetchpriority=\"high\" decoding=\"async\" class=\"aligncenter wp-image-19937 size-full\" src=\"https:\/\/carbonfiberinsoles.shop\/wp-content\/uploads\/2025\/03\/Carbon-Plate-Running-Shoes-Cushioned-Walking-Shoes-3-1_1.jpg\" alt=\"\" width=\"800\" height=\"800\" srcset=\"https:\/\/carbonfiberinsoles.shop\/wp-content\/uploads\/2025\/03\/Carbon-Plate-Running-Shoes-Cushioned-Walking-Shoes-3-1_1.jpg 800w, https:\/\/carbonfiberinsoles.shop\/wp-content\/uploads\/2025\/03\/Carbon-Plate-Running-Shoes-Cushioned-Walking-Shoes-3-1_1-430x430.jpg 430w, https:\/\/carbonfiberinsoles.shop\/wp-content\/uploads\/2025\/03\/Carbon-Plate-Running-Shoes-Cushioned-Walking-Shoes-3-1_1-100x100.jpg 100w, https:\/\/carbonfiberinsoles.shop\/wp-content\/uploads\/2025\/03\/Carbon-Plate-Running-Shoes-Cushioned-Walking-Shoes-3-1_1-700x700.jpg 700w, https:\/\/carbonfiberinsoles.shop\/wp-content\/uploads\/2025\/03\/Carbon-Plate-Running-Shoes-Cushioned-Walking-Shoes-3-1_1-300x300.jpg 300w, https:\/\/carbonfiberinsoles.shop\/wp-content\/uploads\/2025\/03\/Carbon-Plate-Running-Shoes-Cushioned-Walking-Shoes-3-1_1-150x150.jpg 150w, https:\/\/carbonfiberinsoles.shop\/wp-content\/uploads\/2025\/03\/Carbon-Plate-Running-Shoes-Cushioned-Walking-Shoes-3-1_1-768x768.jpg 768w, https:\/\/carbonfiberinsoles.shop\/wp-content\/uploads\/2025\/03\/Carbon-Plate-Running-Shoes-Cushioned-Walking-Shoes-3-1_1-12x12.jpg 12w\" sizes=\"(max-width: 800px) 100vw, 800px\" \/><img decoding=\"async\" class=\"aligncenter wp-image-19934 size-full\" src=\"https:\/\/carbonfiberinsoles.shop\/wp-content\/uploads\/2025\/03\/Carbon-Plate-Running-Shoes-Cushioned-Walking-Shoes-2-8_1.jpg\" alt=\"\" width=\"790\" height=\"774\" srcset=\"https:\/\/carbonfiberinsoles.shop\/wp-content\/uploads\/2025\/03\/Carbon-Plate-Running-Shoes-Cushioned-Walking-Shoes-2-8_1.jpg 790w, https:\/\/carbonfiberinsoles.shop\/wp-content\/uploads\/2025\/03\/Carbon-Plate-Running-Shoes-Cushioned-Walking-Shoes-2-8_1-430x421.jpg 430w, https:\/\/carbonfiberinsoles.shop\/wp-content\/uploads\/2025\/03\/Carbon-Plate-Running-Shoes-Cushioned-Walking-Shoes-2-8_1-700x686.jpg 700w, https:\/\/carbonfiberinsoles.shop\/wp-content\/uploads\/2025\/03\/Carbon-Plate-Running-Shoes-Cushioned-Walking-Shoes-2-8_1-306x300.jpg 306w, https:\/\/carbonfiberinsoles.shop\/wp-content\/uploads\/2025\/03\/Carbon-Plate-Running-Shoes-Cushioned-Walking-Shoes-2-8_1-768x752.jpg 768w, https:\/\/carbonfiberinsoles.shop\/wp-content\/uploads\/2025\/03\/Carbon-Plate-Running-Shoes-Cushioned-Walking-Shoes-2-8_1-12x12.jpg 12w\" sizes=\"(max-width: 790px) 100vw, 790px\" \/> <img decoding=\"async\" class=\"aligncenter wp-image-19935 size-full\" src=\"https:\/\/carbonfiberinsoles.shop\/wp-content\/uploads\/2025\/03\/Carbon-Plate-Running-Shoes-Cushioned-Walking-Shoes-2-9_1.jpg\" alt=\"\" width=\"790\" height=\"1067\" srcset=\"https:\/\/carbonfiberinsoles.shop\/wp-content\/uploads\/2025\/03\/Carbon-Plate-Running-Shoes-Cushioned-Walking-Shoes-2-9_1.jpg 790w, https:\/\/carbonfiberinsoles.shop\/wp-content\/uploads\/2025\/03\/Carbon-Plate-Running-Shoes-Cushioned-Walking-Shoes-2-9_1-430x581.jpg 430w, https:\/\/carbonfiberinsoles.shop\/wp-content\/uploads\/2025\/03\/Carbon-Plate-Running-Shoes-Cushioned-Walking-Shoes-2-9_1-700x945.jpg 700w, https:\/\/carbonfiberinsoles.shop\/wp-content\/uploads\/2025\/03\/Carbon-Plate-Running-Shoes-Cushioned-Walking-Shoes-2-9_1-222x300.jpg 222w, https:\/\/carbonfiberinsoles.shop\/wp-content\/uploads\/2025\/03\/Carbon-Plate-Running-Shoes-Cushioned-Walking-Shoes-2-9_1-592x800.jpg 592w, https:\/\/carbonfiberinsoles.shop\/wp-content\/uploads\/2025\/03\/Carbon-Plate-Running-Shoes-Cushioned-Walking-Shoes-2-9_1-768x1037.jpg 768w, https:\/\/carbonfiberinsoles.shop\/wp-content\/uploads\/2025\/03\/Carbon-Plate-Running-Shoes-Cushioned-Walking-Shoes-2-9_1-9x12.jpg 9w\" sizes=\"(max-width: 790px) 100vw, 790px\" \/> <img loading=\"lazy\" decoding=\"async\" class=\"aligncenter wp-image-19929 size-full\" src=\"https:\/\/carbonfiberinsoles.shop\/wp-content\/uploads\/2025\/03\/Carbon-Plate-Running-Shoes-Cushioned-Walking-Shoes-2-3_1.jpg\" alt=\"\" width=\"790\" height=\"1018\" srcset=\"https:\/\/carbonfiberinsoles.shop\/wp-content\/uploads\/2025\/03\/Carbon-Plate-Running-Shoes-Cushioned-Walking-Shoes-2-3_1.jpg 790w, https:\/\/carbonfiberinsoles.shop\/wp-content\/uploads\/2025\/03\/Carbon-Plate-Running-Shoes-Cushioned-Walking-Shoes-2-3_1-430x554.jpg 430w, https:\/\/carbonfiberinsoles.shop\/wp-content\/uploads\/2025\/03\/Carbon-Plate-Running-Shoes-Cushioned-Walking-Shoes-2-3_1-700x902.jpg 700w, https:\/\/carbonfiberinsoles.shop\/wp-content\/uploads\/2025\/03\/Carbon-Plate-Running-Shoes-Cushioned-Walking-Shoes-2-3_1-233x300.jpg 233w, https:\/\/carbonfiberinsoles.shop\/wp-content\/uploads\/2025\/03\/Carbon-Plate-Running-Shoes-Cushioned-Walking-Shoes-2-3_1-621x800.jpg 621w, https:\/\/carbonfiberinsoles.shop\/wp-content\/uploads\/2025\/03\/Carbon-Plate-Running-Shoes-Cushioned-Walking-Shoes-2-3_1-768x990.jpg 768w, https:\/\/carbonfiberinsoles.shop\/wp-content\/uploads\/2025\/03\/Carbon-Plate-Running-Shoes-Cushioned-Walking-Shoes-2-3_1-9x12.jpg 9w\" sizes=\"(max-width: 790px) 100vw, 790px\" \/> <img loading=\"lazy\" decoding=\"async\" class=\"aligncenter wp-image-19936 size-full\" src=\"https:\/\/carbonfiberinsoles.shop\/wp-content\/uploads\/2025\/03\/Carbon-Plate-Running-Shoes-Cushioned-Walking-Shoes-2-10_1.jpg\" alt=\"\" width=\"790\" height=\"694\" srcset=\"https:\/\/carbonfiberinsoles.shop\/wp-content\/uploads\/2025\/03\/Carbon-Plate-Running-Shoes-Cushioned-Walking-Shoes-2-10_1.jpg 790w, https:\/\/carbonfiberinsoles.shop\/wp-content\/uploads\/2025\/03\/Carbon-Plate-Running-Shoes-Cushioned-Walking-Shoes-2-10_1-430x378.jpg 430w, https:\/\/carbonfiberinsoles.shop\/wp-content\/uploads\/2025\/03\/Carbon-Plate-Running-Shoes-Cushioned-Walking-Shoes-2-10_1-700x615.jpg 700w, https:\/\/carbonfiberinsoles.shop\/wp-content\/uploads\/2025\/03\/Carbon-Plate-Running-Shoes-Cushioned-Walking-Shoes-2-10_1-341x300.jpg 341w, https:\/\/carbonfiberinsoles.shop\/wp-content\/uploads\/2025\/03\/Carbon-Plate-Running-Shoes-Cushioned-Walking-Shoes-2-10_1-768x675.jpg 768w, https:\/\/carbonfiberinsoles.shop\/wp-content\/uploads\/2025\/03\/Carbon-Plate-Running-Shoes-Cushioned-Walking-Shoes-2-10_1-14x12.jpg 14w\" sizes=\"(max-width: 790px) 100vw, 790px\" \/> <img loading=\"lazy\" decoding=\"async\" class=\"aligncenter wp-image-19938 size-full\" src=\"https:\/\/carbonfiberinsoles.shop\/wp-content\/uploads\/2025\/03\/Carbon-Plate-Running-Shoes-Cushioned-Walking-Shoes-3-2_1.jpg\" alt=\"\" width=\"800\" height=\"800\" srcset=\"https:\/\/carbonfiberinsoles.shop\/wp-content\/uploads\/2025\/03\/Carbon-Plate-Running-Shoes-Cushioned-Walking-Shoes-3-2_1.jpg 800w, https:\/\/carbonfiberinsoles.shop\/wp-content\/uploads\/2025\/03\/Carbon-Plate-Running-Shoes-Cushioned-Walking-Shoes-3-2_1-430x430.jpg 430w, https:\/\/carbonfiberinsoles.shop\/wp-content\/uploads\/2025\/03\/Carbon-Plate-Running-Shoes-Cushioned-Walking-Shoes-3-2_1-100x100.jpg 100w, https:\/\/carbonfiberinsoles.shop\/wp-content\/uploads\/2025\/03\/Carbon-Plate-Running-Shoes-Cushioned-Walking-Shoes-3-2_1-700x700.jpg 700w, https:\/\/carbonfiberinsoles.shop\/wp-content\/uploads\/2025\/03\/Carbon-Plate-Running-Shoes-Cushioned-Walking-Shoes-3-2_1-300x300.jpg 300w, https:\/\/carbonfiberinsoles.shop\/wp-content\/uploads\/2025\/03\/Carbon-Plate-Running-Shoes-Cushioned-Walking-Shoes-3-2_1-150x150.jpg 150w, https:\/\/carbonfiberinsoles.shop\/wp-content\/uploads\/2025\/03\/Carbon-Plate-Running-Shoes-Cushioned-Walking-Shoes-3-2_1-768x768.jpg 768w, https:\/\/carbonfiberinsoles.shop\/wp-content\/uploads\/2025\/03\/Carbon-Plate-Running-Shoes-Cushioned-Walking-Shoes-3-2_1-12x12.jpg 12w\" sizes=\"(max-width: 800px) 100vw, 800px\" \/> <img loading=\"lazy\" decoding=\"async\" class=\"aligncenter wp-image-19927 size-full\" src=\"https:\/\/carbonfiberinsoles.shop\/wp-content\/uploads\/2025\/03\/Carbon-Plate-Running-Shoes-Cushioned-Walking-Shoes-2-1_1.jpg\" alt=\"\" width=\"790\" height=\"1290\" srcset=\"https:\/\/carbonfiberinsoles.shop\/wp-content\/uploads\/2025\/03\/Carbon-Plate-Running-Shoes-Cushioned-Walking-Shoes-2-1_1.jpg 790w, https:\/\/carbonfiberinsoles.shop\/wp-content\/uploads\/2025\/03\/Carbon-Plate-Running-Shoes-Cushioned-Walking-Shoes-2-1_1-430x702.jpg 430w, https:\/\/carbonfiberinsoles.shop\/wp-content\/uploads\/2025\/03\/Carbon-Plate-Running-Shoes-Cushioned-Walking-Shoes-2-1_1-700x1143.jpg 700w, https:\/\/carbonfiberinsoles.shop\/wp-content\/uploads\/2025\/03\/Carbon-Plate-Running-Shoes-Cushioned-Walking-Shoes-2-1_1-184x300.jpg 184w, https:\/\/carbonfiberinsoles.shop\/wp-content\/uploads\/2025\/03\/Carbon-Plate-Running-Shoes-Cushioned-Walking-Shoes-2-1_1-490x800.jpg 490w, https:\/\/carbonfiberinsoles.shop\/wp-content\/uploads\/2025\/03\/Carbon-Plate-Running-Shoes-Cushioned-Walking-Shoes-2-1_1-768x1254.jpg 768w, https:\/\/carbonfiberinsoles.shop\/wp-content\/uploads\/2025\/03\/Carbon-Plate-Running-Shoes-Cushioned-Walking-Shoes-2-1_1-7x12.jpg 7w\" sizes=\"(max-width: 790px) 100vw, 790px\" \/> <img loading=\"lazy\" decoding=\"async\" class=\"wp-image-19928 size-full aligncenter\" src=\"https:\/\/carbonfiberinsoles.shop\/wp-content\/uploads\/2025\/03\/Carbon-Plate-Running-Shoes-Cushioned-Walking-Shoes-2-2_1.jpg\" alt=\"\" width=\"790\" height=\"1337\" srcset=\"https:\/\/carbonfiberinsoles.shop\/wp-content\/uploads\/2025\/03\/Carbon-Plate-Running-Shoes-Cushioned-Walking-Shoes-2-2_1.jpg 790w, https:\/\/carbonfiberinsoles.shop\/wp-content\/uploads\/2025\/03\/Carbon-Plate-Running-Shoes-Cushioned-Walking-Shoes-2-2_1-430x728.jpg 430w, https:\/\/carbonfiberinsoles.shop\/wp-content\/uploads\/2025\/03\/Carbon-Plate-Running-Shoes-Cushioned-Walking-Shoes-2-2_1-700x1185.jpg 700w, https:\/\/carbonfiberinsoles.shop\/wp-content\/uploads\/2025\/03\/Carbon-Plate-Running-Shoes-Cushioned-Walking-Shoes-2-2_1-177x300.jpg 177w, https:\/\/carbonfiberinsoles.shop\/wp-content\/uploads\/2025\/03\/Carbon-Plate-Running-Shoes-Cushioned-Walking-Shoes-2-2_1-473x800.jpg 473w, https:\/\/carbonfiberinsoles.shop\/wp-content\/uploads\/2025\/03\/Carbon-Plate-Running-Shoes-Cushioned-Walking-Shoes-2-2_1-768x1300.jpg 768w, https:\/\/carbonfiberinsoles.shop\/wp-content\/uploads\/2025\/03\/Carbon-Plate-Running-Shoes-Cushioned-Walking-Shoes-2-2_1-7x12.jpg 7w\" sizes=\"(max-width: 790px) 100vw, 790px\" \/><\/h3><figure id=\"attachment_19589\" aria-describedby=\"caption-attachment-19589\" style=\"width: 754px\" class=\"wp-caption aligncenter\"><img loading=\"lazy\" decoding=\"async\" class=\"wp-image-19589 size-full\" src=\"https:\/\/carbonfiberinsoles.shop\/wp-content\/uploads\/2025\/05\/shoes-size-guide.png\" alt=\"gu\u00eda de tallas de zapatos\" width=\"754\" height=\"529\" srcset=\"https:\/\/carbonfiberinsoles.shop\/wp-content\/uploads\/2025\/05\/shoes-size-guide.png 754w, https:\/\/carbonfiberinsoles.shop\/wp-content\/uploads\/2025\/05\/shoes-size-guide-430x302.png 430w, https:\/\/carbonfiberinsoles.shop\/wp-content\/uploads\/2025\/05\/shoes-size-guide-700x491.png 700w, https:\/\/carbonfiberinsoles.shop\/wp-content\/uploads\/2025\/05\/shoes-size-guide-400x281.png 400w, https:\/\/carbonfiberinsoles.shop\/wp-content\/uploads\/2025\/05\/shoes-size-guide-18x12.png 18w\" sizes=\"(max-width: 754px) 100vw, 754px\" \/><figcaption id=\"caption-attachment-19589\" class=\"wp-caption-text\">\u00a0<\/figcaption><\/figure><h3 data-start=\"2011\" data-end=\"2040\"><strong data-start=\"2015\" data-end=\"2038\">Por qu\u00e9 deber\u00edas comprarlo:<\/strong><\/h3><p data-start=\"2041\" data-end=\"2498\">\u2714\ufe0f <strong data-start=\"2044\" data-end=\"2065\">Aumento del rendimiento<\/strong> - La placa de carbono optimiza la propulsi\u00f3n, mejorando la velocidad y la resistencia<br data-start=\"2136\" data-end=\"2139\" \/>\u2714\ufe0f <strong data-start=\"2142\" data-end=\"2166\">Confort y protecci\u00f3n<\/strong> - La amortiguaci\u00f3n reduce la fatiga y protege las articulaciones<br data-start=\"2231\" data-end=\"2234\" \/>\u2714\ufe0f <strong data-start=\"2237\" data-end=\"2260\">Vers\u00e1til y con estilo<\/strong> - Una combinaci\u00f3n perfecta de funci\u00f3n deportiva y moda moderna<br data-start=\"2322\" data-end=\"2325\" \/>\u2714\ufe0f <strong data-start=\"2328\" data-end=\"2353\">Dise\u00f1ado para todos los corredores<\/strong> - Ideal para trotes diarios, entrenamientos intensos o paseos ocasionales<br data-start=\"2411\" data-end=\"2414\" \/>\u2714\ufe0f <strong data-start=\"2417\" data-end=\"2444\">Durabilidad a largo plazo<\/strong> - Los materiales de alta calidad garantizan un rendimiento duradero<\/p><hr data-start=\"2500\" data-end=\"2503\" \/><h3 data-start=\"2505\" data-end=\"2520\"><strong data-start=\"2509\" data-end=\"2518\">Preguntas frecuentes:<\/strong><\/h3><p data-start=\"2522\" data-end=\"2685\">\ud83d\udd39 <strong data-start=\"2525\" data-end=\"2578\">P: \u00bfEstas zapatillas son adecuadas para correr maratones?<\/strong><br data-start=\"2578\" data-end=\"2581\" \/><strong data-start=\"2581\" data-end=\"2587\">A:<\/strong> S\u00ed. La placa de fibra de carbono y el sistema de absorci\u00f3n de impactos las hacen ideales para carreras de larga distancia.<\/p><p data-start=\"2687\" data-end=\"2819\">\ud83d\udd39 <strong data-start=\"2690\" data-end=\"2722\">P: \u00bfSe ajustan bien a la talla?<\/strong><br data-start=\"2722\" data-end=\"2725\" \/><strong data-start=\"2725\" data-end=\"2731\">A:<\/strong> S\u00ed, se ajustan a la talla. Si tienes los pies m\u00e1s anchos, considera pedir media talla m\u00e1s.<\/p><p data-start=\"2821\" data-end=\"2953\">\ud83d\udd39 <strong data-start=\"2824\" data-end=\"2862\">P: \u00bfPuedo usarlos para ropa informal?<\/strong><br data-start=\"2862\" data-end=\"2865\" \/><strong data-start=\"2865\" data-end=\"2871\">A:<\/strong> Por supuesto. Estas zapatillas est\u00e1n dise\u00f1adas tanto para el rendimiento como para la comodidad diaria.<\/p><p data-start=\"2955\" data-end=\"3089\">\ud83d\udd39 <strong data-start=\"2958\" data-end=\"2989\">P: \u00bfC\u00f3mo debo limpiarlos?<\/strong><br data-start=\"2989\" data-end=\"2992\" \/><strong data-start=\"2992\" data-end=\"2998\">A:<\/strong> Utilice jab\u00f3n suave y agua para limpiar las manchas. Evite el lavado a m\u00e1quina para mantener la durabilidad.<\/p><p data-start=\"3091\" data-end=\"3236\">\ud83d\udd39 <strong data-start=\"3094\" data-end=\"3135\">P: \u00bfFuncionan bien en superficies mojadas?<\/strong><br data-start=\"3135\" data-end=\"3138\" \/><strong data-start=\"3138\" data-end=\"3144\">A:<\/strong> S\u00ed, la duradera suela de caucho proporciona un excelente agarre y tracci\u00f3n en diversos terrenos.<\/p><hr data-start=\"3238\" data-end=\"3241\" \/><p data-start=\"3243\" data-end=\"3382\" data-is-last-node=\"\" data-is-only-node=\"\">\ud83c\udfc3 <strong data-start=\"3246\" data-end=\"3379\">Mejora tu experiencia de carrera con las zapatillas de running Premium Carbon Plate: \u00a1velocidad, comodidad y amortiguaci\u00f3n en cada paso!<\/strong> \ud83d\ude80<\/p>\t\t\t\t\t\t\t\t<\/div>\n\t\t\t\t<\/div>\n\t\t\t\t\t<\/div>\n\t\t\t\t<\/div>\n\t\t\t\t<\/div>","protected":false},"excerpt":{"rendered":"<p>Disfruta de una comodidad y un rendimiento superiores con nuestras zapatillas de running Carbon Plate. Con tecnolog\u00eda de fibra de carbono y amortiguaci\u00f3n avanzada, estas zapatillas ofrecen un retorno de energ\u00eda y una estabilidad inigualables en cada carrera.<\/p>","protected":false},"featured_media":17092,"comment_status":"open","ping_status":"closed","template":"","meta":{"_kadence_starter_templates_imported_post":false,"_kad_post_transparent":"","_kad_post_title":"","_kad_post_layout":"","_kad_post_sidebar_id":"","_kad_post_content_style":"","_kad_post_vertical_padding":"","_kad_post_feature":"","_kad_post_feature_position":"","_kad_post_header":false,"_kad_post_footer":false},"product_brand":[],"product_cat":[253,252],"product_tag":[254,257,259,264,258],"class_list":{"0":"post-16701","1":"product","2":"type-product","3":"status-publish","4":"has-post-thumbnail","6":"product_cat-carbon-plate-running-shoes","7":"product_cat-carbon-shoes","8":"product_tag-carbon-plate-running-shoes","9":"product_tag-carbon-plated-shoes","10":"product_tag-carbon-running-shoes","11":"product_tag-carbon-shoes","12":"product_tag-running-shoes-with-carbon-plate","14":"first","15":"instock","16":"shipping-taxable","17":"purchasable","18":"product-type-variable","19":"has-default-attributes","20":"entry","21":"content-bg","22":"loop-entry"},"aioseo_notices":[],"_links":{"self":[{"href":"https:\/\/carbonfiberinsoles.shop\/es\/wp-json\/wp\/v2\/product\/16701","targetHints":{"allow":["GET"]}}],"collection":[{"href":"https:\/\/carbonfiberinsoles.shop\/es\/wp-json\/wp\/v2\/product"}],"about":[{"href":"https:\/\/carbonfiberinsoles.shop\/es\/wp-json\/wp\/v2\/types\/product"}],"replies":[{"embeddable":true,"href":"https:\/\/carbonfiberinsoles.shop\/es\/wp-json\/wp\/v2\/comments?post=16701"}],"version-history":[{"count":0,"href":"https:\/\/carbonfiberinsoles.shop\/es\/wp-json\/wp\/v2\/product\/16701\/revisions"}],"wp:featuredmedia":[{"embeddable":true,"href":"https:\/\/carbonfiberinsoles.shop\/es\/wp-json\/wp\/v2\/media\/17092"}],"wp:attachment":[{"href":"https:\/\/carbonfiberinsoles.shop\/es\/wp-json\/wp\/v2\/media?parent=16701"}],"wp:term":[{"taxonomy":"product_brand","embeddable":true,"href":"https:\/\/carbonfiberinsoles.shop\/es\/wp-json\/wp\/v2\/product_brand?post=16701"},{"taxonomy":"product_cat","embeddable":true,"href":"https:\/\/carbonfiberinsoles.shop\/es\/wp-json\/wp\/v2\/product_cat?post=16701"},{"taxonomy":"product_tag","embeddable":true,"href":"https:\/\/carbonfiberinsoles.shop\/es\/wp-json\/wp\/v2\/product_tag?post=16701"}],"curies":[{"name":"wp","href":"https:\/\/api.w.org\/{rel}","templated":true}]}}