{"id":3,"date":"2024-09-24T13:40:22","date_gmt":"2024-09-24T13:40:22","guid":{"rendered":"https:\/\/carbonfiberinsoles.shop\/?page_id=3"},"modified":"2025-01-24T09:49:31","modified_gmt":"2025-01-24T09:49:31","slug":"privacy-policy","status":"publish","type":"page","link":"https:\/\/carbonfiberinsoles.shop\/es\/privacy-policy\/","title":{"rendered":"Pol\u00edtica de privacidad"},"content":{"rendered":"<div data-elementor-type=\"wp-page\" data-elementor-id=\"3\" class=\"elementor elementor-3\" data-elementor-post-type=\"page\">\n\t\t\t\t<div class=\"elementor-element elementor-element-7cc5d0c3 e-flex e-con-boxed e-con e-parent\" data-id=\"7cc5d0c3\" data-element_type=\"container\" data-e-type=\"container\">\n\t\t\t\t\t<div class=\"e-con-inner\">\n\t\t\t\t<div class=\"elementor-element elementor-element-7bc7bc87 elementor-widget elementor-widget-text-editor\" data-id=\"7bc7bc87\" data-element_type=\"widget\" data-e-type=\"widget\" data-widget_type=\"text-editor.default\">\n\t\t\t\t<div class=\"elementor-widget-container\">\n\t\t\t\t\t\t\t\t\t<ul><li><p>Cuando compra algo en nuestro sitio, como parte del proceso de compraventa, recogemos la informaci\u00f3n personal que nos facilita, como su nombre, direcci\u00f3n, n\u00famero de tel\u00e9fono y direcci\u00f3n de correo electr\u00f3nico. Tambi\u00e9n recogemos sus datos cuando se registra para obtener una cuenta o se suscribe a nuestra lista de correo.<\/p><p>Cuando navega por nuestro sitio, tambi\u00e9n recibimos autom\u00e1ticamente la direcci\u00f3n de protocolo de Internet (IP) de su ordenador para proporcionarnos informaci\u00f3n que nos ayude a conocer su navegador y sistema operativo. Adem\u00e1s, recopilamos informaci\u00f3n demogr\u00e1fica no identificativa a trav\u00e9s de Google Analytics que muestra los intereses, edades y regiones de nuestra audiencia en su conjunto.<\/p><p>Utilizamos esta informaci\u00f3n para personalizar su experiencia en el sitio, para responder mejor a sus solicitudes de servicio al cliente, para procesar r\u00e1pidamente sus transacciones y para administrar promociones u otras funciones del sitio. Podemos enviarle correos electr\u00f3nicos sobre nuestra empresa, nuevos productos y otras actualizaciones. Puede optar por no recibir dichos correos electr\u00f3nicos envi\u00e1ndonos un correo electr\u00f3nico a support@insolesus.com. Si opta por no recibirlos, podremos seguir envi\u00e1ndole correos electr\u00f3nicos no promocionales, como correos electr\u00f3nicos sobre sus cuentas o nuestras relaciones comerciales en curso.<\/p><h3><strong><b>Consentimiento<\/b><\/strong><\/h3><p>Cuando usted nos proporciona informaci\u00f3n personal para realizar un pedido, organizar una entrega o devoluci\u00f3n de una compra, o poni\u00e9ndose en contacto con el servicio de atenci\u00f3n al cliente, queda impl\u00edcito que da su consentimiento para que recopilemos la informaci\u00f3n y la utilicemos de acuerdo con los t\u00e9rminos de esta Declaraci\u00f3n de privacidad.<\/p><p>Si solicitamos sus datos personales por un motivo secundario, le pediremos directamente su consentimiento expreso o le daremos la oportunidad de negarse. Si despu\u00e9s de haber optado por ello, cambia de opini\u00f3n, puede retirar su consentimiento para que nos pongamos en contacto con usted poni\u00e9ndose en contacto con nosotros en support@insolesus.com o envi\u00e1ndonos un correo postal a: FootHealth, 16887 Partridge St NW, Andover MN 55304, USA.<\/p><p>Al utilizar nuestro sitio, usted acepta nuestra pol\u00edtica de privacidad.<\/p><h3><strong><b>Divulgaci\u00f3n<\/b><\/strong><\/h3><p>No vendemos, comerciamos ni transferimos de ning\u00fan otro modo sus datos personales a terceros. Podemos revelar su informaci\u00f3n personal con su consentimiento, o si estamos obligados por ley a hacerlo o si usted viola nuestros T\u00e9rminos de Servicio. Podemos compartir su informaci\u00f3n en relaci\u00f3n con cualquier fusi\u00f3n, venta de nuestros activos, o una financiaci\u00f3n o adquisici\u00f3n de la totalidad o una parte de nuestro negocio a otra empresa. Se le notificar\u00e1 por correo electr\u00f3nico y\/o mediante un aviso en nuestro sitio web cualquier cambio en la propiedad o en los usuarios de su informaci\u00f3n personal.<\/p><h3><strong><b>Servicios de terceros<\/b><\/strong><\/h3><p>En general, los terceros proveedores a los que recurrimos s\u00f3lo recopilar\u00e1n, utilizar\u00e1n y divulgar\u00e1n su informaci\u00f3n en la medida necesaria para permitirles prestar los servicios que nos proporcionan.<\/p><p>Sin embargo, algunos proveedores de servicios externos, como las pasarelas de pago y otros procesadores de transacciones de pago, tienen sus propias pol\u00edticas de privacidad con respecto a la informaci\u00f3n que estamos obligados a proporcionarles para sus transacciones relacionadas con compras.<\/p><p>Para estos proveedores, le recomendamos que lea sus pol\u00edticas de privacidad para que pueda entender la forma en que su informaci\u00f3n personal ser\u00e1 tratada por estos proveedores.<\/p><p>En particular, recuerde que ciertos proveedores pueden estar ubicados o tener instalaciones ubicadas en una jurisdicci\u00f3n diferente a la suya o a la nuestra. Por lo tanto, si decide realizar una transacci\u00f3n que implique los servicios de un proveedor de servicios externo, su informaci\u00f3n puede quedar sujeta a las leyes de la(s) jurisdicci\u00f3n(es) en la(s) que se encuentre dicho proveedor de servicios o sus instalaciones.<\/p><p>Por ejemplo, si usted se encuentra en Canad\u00e1 y su transacci\u00f3n es procesada por una pasarela de pago situada en Estados Unidos, su informaci\u00f3n personal utilizada para completar esa transacci\u00f3n puede estar sujeta a divulgaci\u00f3n en virtud de la legislaci\u00f3n estadounidense, incluida la Patriot Act.<\/p><p>Una vez que abandona nuestro sitio web o es redirigido a un sitio web o aplicaci\u00f3n de terceros, ya no se rige por la presente Pol\u00edtica de Privacidad ni por las Condiciones de Servicio de nuestro sitio web.<\/p><p>Al hacer clic en los enlaces de nuestro sitio, es posible que le dirijan fuera de \u00e9l. Estos sitios enlazados tienen pol\u00edticas de privacidad separadas e independientes. No somos responsables de las pr\u00e1cticas de privacidad de otros sitios y le recomendamos que lea sus declaraciones de privacidad.<\/p><h3><strong><b>Seguridad<\/b><\/strong><\/h3><p>Para proteger su informaci\u00f3n personal, tomamos precauciones razonables y seguimos las mejores pr\u00e1cticas del sector para asegurarnos de que no se pierda, se utilice indebidamente, se acceda a ella, se divulgue, se altere o se destruya.<\/p><p>La informaci\u00f3n personal facilitada en el sitio web y las transacciones en l\u00ednea con tarjeta de cr\u00e9dito se transmiten a trav\u00e9s de un servidor seguro. Nos comprometemos a tratar su informaci\u00f3n personal con altos est\u00e1ndares de seguridad de la informaci\u00f3n. Tomamos las medidas f\u00edsicas, electr\u00f3nicas y administrativas apropiadas para mantener la seguridad y exactitud de la informaci\u00f3n personal que recopilamos, incluyendo la limitaci\u00f3n del n\u00famero de personas que tienen acceso f\u00edsico a nuestros servidores de bases de datos, as\u00ed como el empleo de sistemas electr\u00f3nicos de seguridad y protecci\u00f3n de contrase\u00f1as que impiden el acceso no autorizado.<\/p><p>Nuestro sitio web utiliza tecnolog\u00eda de encriptaci\u00f3n, como Secure Sockets Layer (SSL), para proteger su informaci\u00f3n personal durante el transporte de datos. SSL encripta la informaci\u00f3n de los pedidos, como su nombre, direcci\u00f3n y n\u00famero de tarjeta de cr\u00e9dito. Nuestro centro de atenci\u00f3n al cliente y nuestras tiendas tambi\u00e9n funcionan a trav\u00e9s de una red privada y segura. Tenga en cuenta que el correo electr\u00f3nico no est\u00e1 encriptado y no se considera un medio seguro para transmitir informaci\u00f3n sobre tarjetas de cr\u00e9dito.<\/p><p>Ning\u00fan m\u00e9todo de transmisi\u00f3n a trav\u00e9s de Internet, o m\u00e9todo de almacenamiento electr\u00f3nico, es 100% seguro. Aunque nos esforzamos de buena fe por almacenar la informaci\u00f3n recogida en el Servicio en un entorno operativo seguro, no podemos garantizar la seguridad absoluta de dicha informaci\u00f3n durante su transmisi\u00f3n o su almacenamiento en nuestros sistemas. Adem\u00e1s, aunque intentamos garantizar la integridad y seguridad de nuestra red y sistemas, no podemos garantizar que nuestras medidas de seguridad impidan a terceros \"piratas inform\u00e1ticos\" acceder ilegalmente a esta informaci\u00f3n. A pesar de cualquier indicaci\u00f3n en sentido contrario, no garantizamos que su informaci\u00f3n est\u00e9 protegida contra la p\u00e9rdida, el uso indebido o la alteraci\u00f3n por parte de terceros.<\/p><h3><strong><b>Cookies y balizas web<\/b><\/strong><\/h3><p>Utilizamos cookies con el fin de rastrear y procesar los art\u00edculos en su cesta de la compra y para ayudarnos a entender sus preferencias basadas en la actividad previa o actual del sitio, lo que nos permite ofrecerle servicios mejorados. Tambi\u00e9n utilizamos cookies para recopilar datos agregados sobre el tr\u00e1fico y la interacci\u00f3n en el sitio web, de modo que podamos ofrecer mejores experiencias y herramientas en el futuro.<\/p><p>Una cookie es un peque\u00f1o archivo que pide permiso para instalarse en el disco duro de su ordenador. Una vez que usted acepta, el archivo se a\u00f1ade y la cookie ayuda a analizar el tr\u00e1fico web o le permite saber cu\u00e1ndo visita un sitio concreto. Las cookies permiten a las aplicaciones web responderle como individuo. La aplicaci\u00f3n web puede adaptar sus operaciones a sus necesidades, gustos y aversiones recopilando y recordando informaci\u00f3n sobre sus preferencias.<\/p><p>Utilizamos cookies de registro de tr\u00e1fico para identificar qu\u00e9 p\u00e1ginas se est\u00e1n utilizando. Esto nos ayuda a analizar datos sobre el tr\u00e1fico de p\u00e1ginas web y a mejorar nuestro sitio web para adaptarlo a las necesidades de los clientes. Solo utilizamos esta informaci\u00f3n con fines de an\u00e1lisis estad\u00edstico y despu\u00e9s los datos se eliminan del sistema.<\/p><p>En general, las cookies nos ayudan a ofrecerle un sitio web mejor, ya que nos permiten controlar qu\u00e9 p\u00e1ginas le resultan \u00fatiles y cu\u00e1les no. Una cookie no nos da acceso a su ordenador ni a ninguna informaci\u00f3n sobre usted, salvo los datos que usted decida compartir con nosotros. Puede aceptar o rechazar las cookies. La mayor\u00eda de los navegadores aceptan autom\u00e1ticamente las cookies, pero normalmente puede modificar la configuraci\u00f3n de su navegador para rechazarlas si lo prefiere. Esto puede impedirle aprovechar plenamente el sitio web.<\/p><p>Un \"web beacon\" o \"pixel tag\" o \"clear gif\" suele ser una imagen de un p\u00edxel que se utiliza para transmitir informaci\u00f3n desde su ordenador o dispositivo m\u00f3vil a un sitio web.<\/p><p>Utilizamos cookies y balizas web para realizar un seguimiento de lo que tiene en su cesta de la compra y para recordarle cuando vuelva al sitio web, as\u00ed como para identificar las p\u00e1ginas en las que hace clic durante su visita a nuestro sitio y el nombre del sitio web que visit\u00f3 inmediatamente antes de hacer clic en el sitio web de Luma. Utilizamos esta informaci\u00f3n para mejorar el dise\u00f1o de nuestro sitio, el surtido de productos, el servicio al cliente y las promociones especiales. Por supuesto, usted puede desactivar las cookies y las balizas web en su ordenador indic\u00e1ndolo en los men\u00fas de preferencias u opciones de su navegador. Sin embargo, es posible que algunas partes de nuestro sitio web no funcionen correctamente si desactiva las cookies. Tambi\u00e9n podemos utilizar balizas web, y otras tecnolog\u00edas, para ayudar a rastrear si nuestras comunicaciones est\u00e1n llegando a usted, para medir su eficacia, o para recopilar cierta informaci\u00f3n no personal acerca de su ordenador, dispositivo o navegador con el fin de permitirnos dise\u00f1ar mejor futuras comunicaciones a usted.<\/p><p>Podemos contratar a terceros que pueden utilizar cookies y balizas web y recopilar informaci\u00f3n en nuestro nombre o prestar servicios como procesamiento de tarjetas de cr\u00e9dito, env\u00edo, servicios promocionales o gesti\u00f3n de datos.<\/p><h3><strong><b>Uso del sitio por menores<\/b><\/strong><\/h3><p>Al utilizar este sitio, usted declara que es mayor de edad en su estado o provincia de residencia, o que es mayor de edad en su estado o provincia de residencia y nos ha dado su consentimiento para permitir que cualquiera de sus dependientes menores de edad utilice este sitio.<\/p><p>Ninguna persona menor de 13 a\u00f1os puede proporcionar informaci\u00f3n personal. No recopilamos ni solicitamos conscientemente informaci\u00f3n personal a menores de 13 a\u00f1os ni permitimos conscientemente que dichas personas utilicen nuestro Servicio. Si usted es menor de 13 a\u00f1os, por favor no nos env\u00ede ninguna informaci\u00f3n sobre usted, incluyendo su nombre, direcci\u00f3n, n\u00famero de tel\u00e9fono o direcci\u00f3n de correo electr\u00f3nico. En caso de que nos enteremos de que hemos recopilado informaci\u00f3n personal de un ni\u00f1o menor de 13 a\u00f1os, eliminaremos dicha informaci\u00f3n lo antes posible. Si cree que podemos tener informaci\u00f3n de o sobre un ni\u00f1o menor de 13 a\u00f1os, p\u00f3ngase en contacto con nosotros en support@insolesus.com.<\/p><h3><strong><b>Cambios en esta pol\u00edtica de privacidad<\/b><\/strong><\/h3><p>Nos reservamos el derecho a modificar esta pol\u00edtica de privacidad en cualquier momento. Los cambios y aclaraciones entrar\u00e1n en vigor inmediatamente despu\u00e9s de su publicaci\u00f3n en el sitio web. Si introducimos cambios sustanciales en esta pol\u00edtica, le notificaremos aqu\u00ed que ha sido actualizada, para que sepa qu\u00e9 informaci\u00f3n recogemos, c\u00f3mo la utilizamos y en qu\u00e9 circunstancias, en su caso, la utilizamos y\/o divulgamos.<\/p><\/li><\/ul>\t\t\t\t\t\t\t\t<\/div>\n\t\t\t\t<\/div>\n\t\t\t\t\t<\/div>\n\t\t\t\t<\/div>\n\t\t\t\t<\/div>","protected":false},"excerpt":{"rendered":"<p>Cuando compra algo en nuestro sitio, como parte del proceso de compraventa, recogemos la informaci\u00f3n personal que nos facilita, como su nombre, direcci\u00f3n, n\u00famero de tel\u00e9fono y direcci\u00f3n de correo electr\u00f3nico. Tambi\u00e9n recogemos sus datos cuando se registra para obtener una cuenta o se suscribe a nuestra lista de correo. Cuando navega por nuestro sitio,...<\/p>","protected":false},"author":1,"featured_media":0,"parent":0,"menu_order":0,"comment_status":"closed","ping_status":"closed","template":"","meta":{"_kadence_starter_templates_imported_post":false,"_kad_post_transparent":"","_kad_post_title":"","_kad_post_layout":"","_kad_post_sidebar_id":"","_kad_post_content_style":"","_kad_post_vertical_padding":"","_kad_post_feature":"","_kad_post_feature_position":"","_kad_post_header":false,"_kad_post_footer":false,"footnotes":""},"class_list":["post-3","page","type-page","status-publish","hentry"],"aioseo_notices":[],"_links":{"self":[{"href":"https:\/\/carbonfiberinsoles.shop\/es\/wp-json\/wp\/v2\/pages\/3","targetHints":{"allow":["GET"]}}],"collection":[{"href":"https:\/\/carbonfiberinsoles.shop\/es\/wp-json\/wp\/v2\/pages"}],"about":[{"href":"https:\/\/carbonfiberinsoles.shop\/es\/wp-json\/wp\/v2\/types\/page"}],"author":[{"embeddable":true,"href":"https:\/\/carbonfiberinsoles.shop\/es\/wp-json\/wp\/v2\/users\/1"}],"replies":[{"embeddable":true,"href":"https:\/\/carbonfiberinsoles.shop\/es\/wp-json\/wp\/v2\/comments?post=3"}],"version-history":[{"count":0,"href":"https:\/\/carbonfiberinsoles.shop\/es\/wp-json\/wp\/v2\/pages\/3\/revisions"}],"wp:attachment":[{"href":"https:\/\/carbonfiberinsoles.shop\/es\/wp-json\/wp\/v2\/media?parent=3"}],"curies":[{"name":"wp","href":"https:\/\/api.w.org\/{rel}","templated":true}]}}