{"id":10,"date":"2024-09-25T13:41:19","date_gmt":"2024-09-25T13:41:19","guid":{"rendered":"https:\/\/carbonfiberinsoles.shop\/?page_id=10"},"modified":"2024-12-28T14:00:46","modified_gmt":"2024-12-28T14:00:46","slug":"refund_returns","status":"publish","type":"page","link":"https:\/\/carbonfiberinsoles.shop\/es\/refund_returns\/","title":{"rendered":"Pol\u00edtica de devoluciones y reembolsos"},"content":{"rendered":"<div data-elementor-type=\"wp-page\" data-elementor-id=\"10\" class=\"elementor elementor-10\" data-elementor-post-type=\"page\">\n\t\t\t\t<div class=\"elementor-element elementor-element-7f9f4067 e-flex e-con-boxed e-con e-parent\" data-id=\"7f9f4067\" data-element_type=\"container\" data-e-type=\"container\">\n\t\t\t\t\t<div class=\"e-con-inner\">\n\t\t\t\t<div class=\"elementor-element elementor-element-2a5d9c4b elementor-widget elementor-widget-text-editor\" data-id=\"2a5d9c4b\" data-element_type=\"widget\" data-e-type=\"widget\" data-widget_type=\"text-editor.default\">\n\t\t\t\t<div class=\"elementor-widget-container\">\n\t\t\t\t\t\t\t\t\t<h2><strong><b>Nuestra garant\u00eda de devoluci\u00f3n del dinero en 90 d\u00edas<\/b><\/strong><\/h2><p>Respaldamos nuestras plantillas de fibra de carbono con una garant\u00eda de devoluci\u00f3n del dinero de 90 d\u00edas. Si no est\u00e1s completamente satisfecho con tu compra, \u00a1estamos aqu\u00ed para ayudarte!<\/p><h2><strong><b>Proceso de devoluci\u00f3n<\/b><\/strong><\/h2><h3><strong><b>Paso 1: P\u00f3ngase en contacto con nosotros<\/b><\/strong><\/h3><ul><li>Rellene nuestro formulario de contacto o env\u00edenos un correo electr\u00f3nico a <a href=\"mailto:service@Insolesus.com\"><u>service@Insolesus.com<\/u><\/a><\/li><li>Por favor, incluya:<ul><li>Su nombre completo<\/li><li>N\u00famero de pedido<\/li><li>Motivo de la devoluci\u00f3n<\/li><li>Fotos (si hay da\u00f1os)<\/li><\/ul><\/li><\/ul><h3><strong><b>Paso 2: Obtener instrucciones de devoluci\u00f3n<\/b><\/strong><\/h3><p>Nuestro equipo revisar\u00e1 su solicitud y le proporcionar\u00e1:<\/p><ul><li>Instrucciones de devoluci\u00f3n<\/li><li>Sugerencias para el tama\u00f1o adecuado o flexibilidad si es necesario<\/li><li>Soluciones para garantizar un confort y un rendimiento \u00f3ptimos<\/li><\/ul><h3><strong><b>Paso 3: Tramitaci\u00f3n de la devoluci\u00f3n<\/b><\/strong><\/h3><ul><li>Una vez que recibamos e inspeccionemos su devoluci\u00f3n, le notificaremos el estado de aprobaci\u00f3n<\/li><li>Los reembolsos aprobados se procesar\u00e1n autom\u00e1ticamente en el m\u00e9todo de pago original en un plazo de 10 d\u00edas laborables.<\/li><li>Nota: Los bancos o las compa\u00f1\u00edas de tarjetas de cr\u00e9dito pueden requerir un tiempo de tramitaci\u00f3n adicional.<\/li><\/ul><h2><strong><b>Informaci\u00f3n importante<\/b><\/strong><\/h2><h3><strong><b>Qu\u00e9 cubre<\/b><\/strong><\/h3><ul><li>Reembolso \u00edntegro del precio del producto para art\u00edculos devueltos en un plazo de 90 d\u00edas<\/li><li>Opciones de intercambio para ajustes de tama\u00f1o o flexibilidad<\/li><\/ul><h3><strong><b>Lo que no est\u00e1 cubierto<\/b><\/strong><\/h3><ul><li>Gastos de env\u00edo<\/li><li>Derechos de aduana\/importaci\u00f3n<\/li><li>Impuestos<\/li><\/ul><h3><strong><b>Pedidos promocionales<\/b><\/strong><\/h3><p>Para promociones \"Compre m\u00e1s, ahorre m\u00e1s\" o paquetes:<\/p><ul><li>Las devoluciones parciales dar\u00e1n lugar a importes de reembolso ajustados<\/li><li>Ejemplo: Si ha comprado 2 plantillas con un descuento de $44 y devuelve 1, el reembolso se ajustar\u00e1 al precio del art\u00edculo \u00fanico.<\/li><\/ul><h2><strong><b>Atenci\u00f3n al cliente<\/b><\/strong><\/h2><ul><li>P\u00f3ngase en contacto con nosotros si no ha recibido el reembolso transcurridos 15 d\u00edas h\u00e1biles<\/li><li>Correo electr\u00f3nico: <a href=\"mailto:service@insolesus.com\"><u>service@insolesus.com<\/u><\/a><\/li><li>Nuestro compromiso: Una tasa de devoluci\u00f3n inferior a 3% demuestra la calidad de nuestros productos<\/li><\/ul><h2><strong><b>Nuestra promesa<\/b><\/strong><\/h2><p>Estamos comprometidos con su satisfacci\u00f3n con nuestras plantillas de fibra de carbono. Tanto si tienes preguntas como si necesitas ayuda, nuestro equipo est\u00e1 aqu\u00ed para ayudarte a conseguir el ajuste perfecto y el rendimiento que esperas.<\/p><h2><strong><b>Garant\u00eda de calidad<\/b><\/strong><\/h2><p>Estamos seguros de que le encantar\u00e1n sus plantillas de fibra de carbono. Nuestra baja tasa de devoluciones de menos de 3% refleja nuestro compromiso con la calidad y la satisfacci\u00f3n del cliente. Si no est\u00e1 completamente satisfecho, estamos aqu\u00ed para ayudarle a encontrar la soluci\u00f3n adecuada para usted dentro de nuestro per\u00edodo de garant\u00eda de 90 d\u00edas.<\/p><p>\u00bfDesea que modifique alg\u00fan apartado o a\u00f1ada informaci\u00f3n adicional para que la pol\u00edtica sea m\u00e1s clara?<\/p>\t\t\t\t\t\t\t\t<\/div>\n\t\t\t\t<\/div>\n\t\t\t\t\t<\/div>\n\t\t\t\t<\/div>\n\t\t<div class=\"elementor-element elementor-element-1961d74 e-flex e-con-boxed e-con e-parent\" data-id=\"1961d74\" data-element_type=\"container\" data-e-type=\"container\">\n\t\t\t\t\t<div class=\"e-con-inner\">\n\t\t\t\t<div class=\"elementor-element elementor-element-6d6f675 elementor-widget elementor-widget-text-editor\" data-id=\"6d6f675\" data-element_type=\"widget\" data-e-type=\"widget\" data-widget_type=\"text-editor.default\">\n\t\t\t\t<div class=\"elementor-widget-container\">\n\t\t\t\t\t\t\t\t\t<h5>Rellene el siguiente formulario para enviar su solicitud de devoluci\u00f3n o cambio. Nos pondremos en contacto con usted lo antes posible.<\/h5>\t\t\t\t\t\t\t\t<\/div>\n\t\t\t\t<\/div>\n\t\t\t\t\t<\/div>\n\t\t\t\t<\/div>\n\t\t<div class=\"elementor-element elementor-element-0061690 e-flex e-con-boxed e-con e-parent\" data-id=\"0061690\" data-element_type=\"container\" data-e-type=\"container\">\n\t\t\t\t\t<div class=\"e-con-inner\">\n\t\t\t\t<div class=\"elementor-element elementor-element-54c172a elementor-widget__width-initial elementor-widget elementor-widget-wpforms\" data-id=\"54c172a\" data-element_type=\"widget\" data-e-type=\"widget\" data-widget_type=\"wpforms.default\">\n\t\t\t\t<div class=\"elementor-widget-container\">\n\t\t\t\t\t<style id=\"wpforms-css-vars-root\">\n\t\t\t\t:root {\n\t\t\t\t\t--wpforms-field-border-radius: 3px;\n--wpforms-field-border-style: solid;\n--wpforms-field-border-size: 1px;\n--wpforms-field-background-color: #ffffff;\n--wpforms-field-border-color: rgba( 0, 0, 0, 0.25 );\n--wpforms-field-border-color-spare: rgba( 0, 0, 0, 0.25 );\n--wpforms-field-text-color: rgba( 0, 0, 0, 0.7 );\n--wpforms-field-menu-color: #ffffff;\n--wpforms-label-color: rgba( 0, 0, 0, 0.85 );\n--wpforms-label-sublabel-color: rgba( 0, 0, 0, 0.55 );\n--wpforms-label-error-color: #d63637;\n--wpforms-button-border-radius: 3px;\n--wpforms-button-border-style: none;\n--wpforms-button-border-size: 1px;\n--wpforms-button-background-color: #066aab;\n--wpforms-button-border-color: #066aab;\n--wpforms-button-text-color: #ffffff;\n--wpforms-page-break-color: #066aab;\n--wpforms-background-image: none;\n--wpforms-background-position: center center;\n--wpforms-background-repeat: no-repeat;\n--wpforms-background-size: cover;\n--wpforms-background-width: 100px;\n--wpforms-background-height: 100px;\n--wpforms-background-color: rgba( 0, 0, 0, 0 );\n--wpforms-background-url: none;\n--wpforms-container-padding: 0px;\n--wpforms-container-border-style: none;\n--wpforms-container-border-width: 1px;\n--wpforms-container-border-color: #000000;\n--wpforms-container-border-radius: 3px;\n--wpforms-field-size-input-height: 43px;\n--wpforms-field-size-input-spacing: 15px;\n--wpforms-field-size-font-size: 16px;\n--wpforms-field-size-line-height: 19px;\n--wpforms-field-size-padding-h: 14px;\n--wpforms-field-size-checkbox-size: 16px;\n--wpforms-field-size-sublabel-spacing: 5px;\n--wpforms-field-size-icon-size: 1;\n--wpforms-label-size-font-size: 16px;\n--wpforms-label-size-line-height: 19px;\n--wpforms-label-size-sublabel-font-size: 14px;\n--wpforms-label-size-sublabel-line-height: 17px;\n--wpforms-button-size-font-size: 17px;\n--wpforms-button-size-height: 41px;\n--wpforms-button-size-padding-h: 15px;\n--wpforms-button-size-margin-top: 10px;\n--wpforms-container-shadow-size-box-shadow: none;\n\n\t\t\t\t}\n\t\t\t<\/style><style id=\"wpforms-css-vars-elementor-widget-54c172a\">\n\t\t\t\t.elementor-widget-wpforms.elementor-element-54c172a {\n\t\t\t\t\t--wpforms-field-size-input-height: 43px;\n--wpforms-field-size-input-spacing: 15px;\n--wpforms-field-size-font-size: 16px;\n--wpforms-field-size-line-height: 19px;\n--wpforms-field-size-padding-h: 14px;\n--wpforms-field-size-checkbox-size: 16px;\n--wpforms-field-size-sublabel-spacing: 5px;\n--wpforms-field-size-icon-size: 1;\n--wpforms-label-size-font-size: 16px;\n--wpforms-label-size-line-height: 19px;\n--wpforms-label-size-sublabel-font-size: 14px;\n--wpforms-label-size-sublabel-line-height: 17px;\n--wpforms-button-size-font-size: 17px;\n--wpforms-button-size-height: 41px;\n--wpforms-button-size-padding-h: 15px;\n--wpforms-button-size-margin-top: 10px;\n\n\t\t\t\t}\n\t\t\t<\/style><div class=\"wpforms-container wpforms-container-full wpforms-render-modern\" id=\"wpforms-16024\"><form id=\"wpforms-form-16024\" class=\"wpforms-validate wpforms-form wpforms-ajax-form\" data-formid=\"16024\" method=\"post\" enctype=\"multipart\/form-data\" action=\"\/es\/wp-json\/wp\/v2\/pages\/10\" data-token=\"f5a699c47f78b13e9bd4733a2ef98455\" data-token-time=\"1777984716\" data-trp-original-action=\"\/es\/wp-json\/wp\/v2\/pages\/10\"><noscript class=\"wpforms-error-noscript\">Por favor, active JavaScript en su navegador para completar este formulario.<\/noscript><div class=\"wpforms-hidden\" id=\"wpforms-error-noscript\">Por favor, active JavaScript en su navegador para completar este formulario.<\/div><div class=\"wpforms-field-container\"><div id=\"wpforms-16024-field_5-container\" class=\"wpforms-field wpforms-field-name\" data-field-id=\"5\"><label class=\"wpforms-field-label\" for=\"wpforms-16024-field_5\">Nombre<\/label><input type=\"text\" id=\"wpforms-16024-field_5\" class=\"wpforms-field-large\" name=\"wpforms[fields][5]\" placeholder=\"Su nombre\" aria-errormessage=\"wpforms-16024-field_5-error\" ><\/div><div id=\"wpforms-16024-field_2-container\" class=\"wpforms-field wpforms-field-email\" data-field-id=\"2\"><label class=\"wpforms-field-label\" for=\"wpforms-16024-field_2\">Correo electr\u00f3nico <span class=\"wpforms-required-label\" aria-hidden=\"true\">*<\/span><\/label><input type=\"email\" id=\"wpforms-16024-field_2\" class=\"wpforms-field-large wpforms-field-required\" name=\"wpforms[fields][2]\" placeholder=\"Su correo electr\u00f3nico\" spellcheck=\"false\" aria-errormessage=\"wpforms-16024-field_2-error\" required><\/div><div id=\"wpforms-16024-field_6-container\" class=\"wpforms-field wpforms-field-text\" data-field-id=\"6\"><label class=\"wpforms-field-label\" for=\"wpforms-16024-field_6\">N\u00famero de pedido <span class=\"wpforms-required-label\" aria-hidden=\"true\">*<\/span><\/label><input type=\"text\" id=\"wpforms-16024-field_6\" class=\"wpforms-field-medium wpforms-field-required\" name=\"wpforms[fields][6]\" placeholder=\"Su n\u00famero de pedido\" aria-errormessage=\"wpforms-16024-field_6-error\" required><\/div><div id=\"wpforms-16024-field_3-container\" class=\"wpforms-field wpforms-field-textarea\" data-field-id=\"3\"><label class=\"wpforms-field-label\" for=\"wpforms-16024-field_3\">Comentario o mensaje <span class=\"wpforms-required-label\" aria-hidden=\"true\">*<\/span><\/label><textarea id=\"wpforms-16024-field_3\" class=\"wpforms-field-medium wpforms-field-required\" name=\"wpforms[fields][3]\" placeholder=\"El motivo concreto de la devoluci\u00f3n o cambio y su solicitud\" aria-errormessage=\"wpforms-16024-field_3-error\" required><\/textarea><\/div><div id=\"wpforms-16024-field_7-container\" class=\"wpforms-field wpforms-field-captcha\" data-field-id=\"7\"><label class=\"wpforms-field-label\" for=\"wpforms-16024-field_7\">Captcha personalizado <span class=\"wpforms-required-label\" aria-hidden=\"true\">*<\/span><\/label>\t\t\t<div class=\"wpforms-captcha-math\">\n\t\t\t\t<span id=\"wpforms-16024-field_7-question\" class=\"wpforms-captcha-equation\">\n\t\t\t\t\t<span class=\"n1\">4<\/span>\n\t\t\t\t\t\t\t<span class=\"cal\">+<\/span>\n\t\t\t\t\t\t\t<span class=\"n2\">4<\/span>\t\t\t\t\t<span class=\"e\">=<\/span>\n\t\t\t\t<\/span>\n\t\t\t\t<input type=\"text\" id=\"wpforms-16024-field_7\" class=\"wpforms-field-medium wpforms-field-required a\" data-rule-wpf-captcha=\"math\" data-is-wrapped-field=\"1\" name=\"wpforms[fields][7][a]\" aria-errormessage=\"wpforms-16024-field_7-error\" aria-describedby=\"wpforms-16024-field_7-question\" required>\t\t\t\t<input type=\"hidden\" name=\"wpforms[fields][7][cal]\" class=\"cal\">\n\t\t\t\t<input type=\"hidden\" name=\"wpforms[fields][7][n2]\" class=\"n2\">\n\t\t\t\t<input type=\"hidden\" name=\"wpforms[fields][7][n1]\" class=\"n1\">\n\t\t\t<\/div>\n\t\t\t<\/div><\/div><!-- .wpforms-field-container --><div class=\"wpforms-submit-container\" ><input type=\"hidden\" name=\"wpforms[id]\" value=\"16024\"><input type=\"hidden\" name=\"page_title\" value=\"\"><input type=\"hidden\" name=\"page_url\" value=\"https:\/\/carbonfiberinsoles.shop\/es\/wp-json\/wp\/v2\/pages\/10\"><button type=\"submit\" name=\"wpforms[submit]\" id=\"wpforms-submit-16024\" class=\"wpforms-submit\" data-alt-text=\"Sending...\" data-submit-text=\"Submit \" aria-live=\"assertive\" value=\"wpforms-submit\">Enviar <\/button><img decoding=\"async\" src=\"https:\/\/carbonfiberinsoles.shop\/wp-content\/plugins\/wpforms\/assets\/images\/submit-spin.svg\" class=\"wpforms-submit-spinner\" style=\"display: none;\" width=\"26\" height=\"26\" alt=\"Cargando\"><\/div><input type=\"hidden\" name=\"trp-form-language\" value=\"es\"\/><\/form><\/div>  <!-- .wpforms-container -->\t\t\t\t<\/div>\n\t\t\t\t<\/div>\n\t\t\t\t\t<\/div>\n\t\t\t\t<\/div>\n\t\t\t\t<\/div>","protected":false},"excerpt":{"rendered":"<p>Nuestra garant\u00eda de devoluci\u00f3n del dinero de 90 d\u00edas Respaldamos nuestras plantillas de fibra de carbono con una garant\u00eda de devoluci\u00f3n del dinero de 90 d\u00edas. Si no est\u00e1 completamente satisfecho con su compra, \u00a1estamos aqu\u00ed para ayudarle! Proceso de devoluci\u00f3n Paso 1: P\u00f3ngase en contacto con nosotros Rellene nuestro formulario de contacto o env\u00edenos un correo electr\u00f3nico a service@Insolesus.com Por favor, incluya: Su nombre completo N\u00famero de pedido Motivo...<\/p>","protected":false},"author":1,"featured_media":0,"parent":0,"menu_order":0,"comment_status":"closed","ping_status":"closed","template":"","meta":{"_kadence_starter_templates_imported_post":false,"_kad_post_transparent":"","_kad_post_title":"","_kad_post_layout":"","_kad_post_sidebar_id":"","_kad_post_content_style":"","_kad_post_vertical_padding":"","_kad_post_feature":"","_kad_post_feature_position":"","_kad_post_header":false,"_kad_post_footer":false,"footnotes":""},"class_list":["post-10","page","type-page","status-publish","hentry"],"aioseo_notices":[],"_links":{"self":[{"href":"https:\/\/carbonfiberinsoles.shop\/es\/wp-json\/wp\/v2\/pages\/10","targetHints":{"allow":["GET"]}}],"collection":[{"href":"https:\/\/carbonfiberinsoles.shop\/es\/wp-json\/wp\/v2\/pages"}],"about":[{"href":"https:\/\/carbonfiberinsoles.shop\/es\/wp-json\/wp\/v2\/types\/page"}],"author":[{"embeddable":true,"href":"https:\/\/carbonfiberinsoles.shop\/es\/wp-json\/wp\/v2\/users\/1"}],"replies":[{"embeddable":true,"href":"https:\/\/carbonfiberinsoles.shop\/es\/wp-json\/wp\/v2\/comments?post=10"}],"version-history":[{"count":0,"href":"https:\/\/carbonfiberinsoles.shop\/es\/wp-json\/wp\/v2\/pages\/10\/revisions"}],"wp:attachment":[{"href":"https:\/\/carbonfiberinsoles.shop\/es\/wp-json\/wp\/v2\/media?parent=10"}],"curies":[{"name":"wp","href":"https:\/\/api.w.org\/{rel}","templated":true}]}}