{"id":20938,"date":"2025-08-24T13:35:37","date_gmt":"2025-08-24T13:35:37","guid":{"rendered":"https:\/\/carbonfiberinsoles.shop\/?post_type=product&#038;p=20938"},"modified":"2026-03-30T07:58:01","modified_gmt":"2026-03-30T07:58:01","slug":"women-men-diabetic-shoes-with-arch-support-extra-wide-widths-walking-edema-sneakers-adjustable-strap","status":"publish","type":"product","link":"https:\/\/carbonfiberinsoles.shop\/de\/produkt\/women-men-diabetic-shoes-with-arch-support-extra-wide-widths-walking-edema-sneakers-adjustable-strap\/","title":{"rendered":"Diabetikerschuhe mit Fu\u00dfgew\u00f6lbeunterst\u00fctzung - Extra Wide Walking Sneakers"},"content":{"rendered":"<p>EINFACHES AN- UND AUSZIEHEN - Die Vorfu\u00dfriemen sind dank der Verschl\u00fcsse hochgradig verstellbar, der Verstellbereich ist ideal f\u00fcr Ver\u00e4nderungen des Schwellungsgrades. Das Tragen des leichten Diabetikerschuhs kann helfen, den Druck auf geschwollene F\u00fc\u00dfe, Ballenzehen, \u00d6deme, Diabetes oder Hammerzehen zu lindern.<br \/>\nEXTENDED WIDTHS - Die breite Zehenbox bietet eine bequeme, nicht bindende Passform und entlastet empfindliche F\u00fc\u00dfe. Atmungsaktives Mesh-Obermaterial dehnt sich beim Gehen mit dem Fu\u00df aus, perfekt f\u00fcr alle Jahreszeiten und Outdoor-Aktivit\u00e4ten. Bequemere, eng anliegende Passform, um Irritationen zu vermeiden.<br \/>\n3 PAARE EXTRA SCHAUMEINLAGEN - Extra tiefes Design mit Fu\u00dfgew\u00f6lbest\u00fctze, 3 Paare herausnehmbare Memory Foam-Einlagen bieten reichlich Platz f\u00fcr ma\u00dfgeschneiderte Orthesen. Diese komfortablen Polsterungen bieten moderate Kontrolle und Unterst\u00fctzung und Schutz f\u00fcr geschwollene F\u00fc\u00dfe, bietet die beste L\u00f6sung und ma\u00dfgeschneiderte Passform f\u00fcr Damen &amp; Herren diabetische Schuhe, Problemf\u00fc\u00dfe.<br \/>\nZIELBENUTZER &amp; ANLASS - Ideal f\u00fcr alle, die zus\u00e4tzliche Dehnbarkeit, Komfort und Weichheit f\u00fcr geschwollene F\u00fc\u00dfe, Hammerzehen, Kn\u00f6chel, Plantarfasziitis, H\u00fchneraugen, Schwielen, Osteoarthritis, rheumatoide Arthritis, Hammerzehen, Morton-Neurom, \u00d6deme, Demenz, Verletzungen von Sehnen, Muskeln und Knochen oder einen postoperativen Schuh ben\u00f6tigen.<\/p>\n<p><img fetchpriority=\"high\" decoding=\"async\" class=\"aligncenter wp-image-20948 size-full\" src=\"https:\/\/carbonfiberinsoles.shop\/wp-content\/uploads\/2025\/08\/Women-Men-Diabetic-Shoes-with-Arch-Support-Extra-Wide-Widths-Walking-Edema-Sneakers-Adjustable-Strap-7.jpg\" alt=\"Stilvolle diabetische Schuhe mit Arch Support, extra breite Breiten Walking \u00d6deme Turnschuhe verstellbaren Riemen einfach auf \/ ab mit 3 Paare Einlegesohlen Ersatz f\u00fcr Unterst\u00fctzung geschwollene F\u00fc\u00dfe\" width=\"970\" height=\"600\" srcset=\"https:\/\/carbonfiberinsoles.shop\/wp-content\/uploads\/2025\/08\/Women-Men-Diabetic-Shoes-with-Arch-Support-Extra-Wide-Widths-Walking-Edema-Sneakers-Adjustable-Strap-7.jpg 970w, https:\/\/carbonfiberinsoles.shop\/wp-content\/uploads\/2025\/08\/Women-Men-Diabetic-Shoes-with-Arch-Support-Extra-Wide-Widths-Walking-Edema-Sneakers-Adjustable-Strap-7-430x266.jpg 430w, https:\/\/carbonfiberinsoles.shop\/wp-content\/uploads\/2025\/08\/Women-Men-Diabetic-Shoes-with-Arch-Support-Extra-Wide-Widths-Walking-Edema-Sneakers-Adjustable-Strap-7-700x433.jpg 700w, https:\/\/carbonfiberinsoles.shop\/wp-content\/uploads\/2025\/08\/Women-Men-Diabetic-Shoes-with-Arch-Support-Extra-Wide-Widths-Walking-Edema-Sneakers-Adjustable-Strap-7-400x247.jpg 400w, https:\/\/carbonfiberinsoles.shop\/wp-content\/uploads\/2025\/08\/Women-Men-Diabetic-Shoes-with-Arch-Support-Extra-Wide-Widths-Walking-Edema-Sneakers-Adjustable-Strap-7-768x475.jpg 768w, https:\/\/carbonfiberinsoles.shop\/wp-content\/uploads\/2025\/08\/Women-Men-Diabetic-Shoes-with-Arch-Support-Extra-Wide-Widths-Walking-Edema-Sneakers-Adjustable-Strap-7-18x12.jpg 18w\" sizes=\"(max-width: 970px) 100vw, 970px\" \/> <img decoding=\"async\" class=\"aligncenter wp-image-20943 size-full\" src=\"https:\/\/carbonfiberinsoles.shop\/wp-content\/uploads\/2025\/08\/Women-Men-Diabetic-Shoes-with-Arch-Support-Extra-Wide-Widths-Walking-Edema-Sneakers-Adjustable-Strap-2.jpg\" alt=\"Frauen M\u00e4nner Diabetiker Schuhe mit Arch Support Extra Wides Walking \u00d6deme Sneakers Adjustable Strap\" width=\"970\" height=\"600\" srcset=\"https:\/\/carbonfiberinsoles.shop\/wp-content\/uploads\/2025\/08\/Women-Men-Diabetic-Shoes-with-Arch-Support-Extra-Wide-Widths-Walking-Edema-Sneakers-Adjustable-Strap-2.jpg 970w, https:\/\/carbonfiberinsoles.shop\/wp-content\/uploads\/2025\/08\/Women-Men-Diabetic-Shoes-with-Arch-Support-Extra-Wide-Widths-Walking-Edema-Sneakers-Adjustable-Strap-2-430x266.jpg 430w, https:\/\/carbonfiberinsoles.shop\/wp-content\/uploads\/2025\/08\/Women-Men-Diabetic-Shoes-with-Arch-Support-Extra-Wide-Widths-Walking-Edema-Sneakers-Adjustable-Strap-2-700x433.jpg 700w, https:\/\/carbonfiberinsoles.shop\/wp-content\/uploads\/2025\/08\/Women-Men-Diabetic-Shoes-with-Arch-Support-Extra-Wide-Widths-Walking-Edema-Sneakers-Adjustable-Strap-2-400x247.jpg 400w, https:\/\/carbonfiberinsoles.shop\/wp-content\/uploads\/2025\/08\/Women-Men-Diabetic-Shoes-with-Arch-Support-Extra-Wide-Widths-Walking-Edema-Sneakers-Adjustable-Strap-2-768x475.jpg 768w, https:\/\/carbonfiberinsoles.shop\/wp-content\/uploads\/2025\/08\/Women-Men-Diabetic-Shoes-with-Arch-Support-Extra-Wide-Widths-Walking-Edema-Sneakers-Adjustable-Strap-2-18x12.jpg 18w\" sizes=\"(max-width: 970px) 100vw, 970px\" \/><img decoding=\"async\" class=\"aligncenter wp-image-20942 size-full\" src=\"https:\/\/carbonfiberinsoles.shop\/wp-content\/uploads\/2025\/08\/Women-Men-Diabetic-Shoes-with-Arch-Support-Extra-Wide-Widths-Walking-Edema-Sneakers-Adjustable-Strap-1.jpg\" alt=\"Frauen M\u00e4nner Diabetiker Schuhe mit Arch Support Extra Wides Walking \u00d6deme Sneakers Adjustable Strap\" width=\"970\" height=\"600\" srcset=\"https:\/\/carbonfiberinsoles.shop\/wp-content\/uploads\/2025\/08\/Women-Men-Diabetic-Shoes-with-Arch-Support-Extra-Wide-Widths-Walking-Edema-Sneakers-Adjustable-Strap-1.jpg 970w, https:\/\/carbonfiberinsoles.shop\/wp-content\/uploads\/2025\/08\/Women-Men-Diabetic-Shoes-with-Arch-Support-Extra-Wide-Widths-Walking-Edema-Sneakers-Adjustable-Strap-1-430x266.jpg 430w, https:\/\/carbonfiberinsoles.shop\/wp-content\/uploads\/2025\/08\/Women-Men-Diabetic-Shoes-with-Arch-Support-Extra-Wide-Widths-Walking-Edema-Sneakers-Adjustable-Strap-1-700x433.jpg 700w, https:\/\/carbonfiberinsoles.shop\/wp-content\/uploads\/2025\/08\/Women-Men-Diabetic-Shoes-with-Arch-Support-Extra-Wide-Widths-Walking-Edema-Sneakers-Adjustable-Strap-1-400x247.jpg 400w, https:\/\/carbonfiberinsoles.shop\/wp-content\/uploads\/2025\/08\/Women-Men-Diabetic-Shoes-with-Arch-Support-Extra-Wide-Widths-Walking-Edema-Sneakers-Adjustable-Strap-1-768x475.jpg 768w, https:\/\/carbonfiberinsoles.shop\/wp-content\/uploads\/2025\/08\/Women-Men-Diabetic-Shoes-with-Arch-Support-Extra-Wide-Widths-Walking-Edema-Sneakers-Adjustable-Strap-1-18x12.jpg 18w\" sizes=\"(max-width: 970px) 100vw, 970px\" \/> <img loading=\"lazy\" decoding=\"async\" class=\"aligncenter wp-image-20944 size-full\" src=\"https:\/\/carbonfiberinsoles.shop\/wp-content\/uploads\/2025\/08\/Women-Men-Diabetic-Shoes-with-Arch-Support-Extra-Wide-Widths-Walking-Edema-Sneakers-Adjustable-Strap-3.jpg\" alt=\"Stilvolle diabetische Schuhe mit Arch Support, extra breite Breiten Walking \u00d6deme Turnschuhe verstellbaren Riemen einfach auf \/ ab mit 3 Paare Einlegesohlen Ersatz f\u00fcr Unterst\u00fctzung geschwollene F\u00fc\u00dfe\" width=\"970\" height=\"600\" srcset=\"https:\/\/carbonfiberinsoles.shop\/wp-content\/uploads\/2025\/08\/Women-Men-Diabetic-Shoes-with-Arch-Support-Extra-Wide-Widths-Walking-Edema-Sneakers-Adjustable-Strap-3.jpg 970w, https:\/\/carbonfiberinsoles.shop\/wp-content\/uploads\/2025\/08\/Women-Men-Diabetic-Shoes-with-Arch-Support-Extra-Wide-Widths-Walking-Edema-Sneakers-Adjustable-Strap-3-430x266.jpg 430w, https:\/\/carbonfiberinsoles.shop\/wp-content\/uploads\/2025\/08\/Women-Men-Diabetic-Shoes-with-Arch-Support-Extra-Wide-Widths-Walking-Edema-Sneakers-Adjustable-Strap-3-700x433.jpg 700w, https:\/\/carbonfiberinsoles.shop\/wp-content\/uploads\/2025\/08\/Women-Men-Diabetic-Shoes-with-Arch-Support-Extra-Wide-Widths-Walking-Edema-Sneakers-Adjustable-Strap-3-400x247.jpg 400w, https:\/\/carbonfiberinsoles.shop\/wp-content\/uploads\/2025\/08\/Women-Men-Diabetic-Shoes-with-Arch-Support-Extra-Wide-Widths-Walking-Edema-Sneakers-Adjustable-Strap-3-768x475.jpg 768w, https:\/\/carbonfiberinsoles.shop\/wp-content\/uploads\/2025\/08\/Women-Men-Diabetic-Shoes-with-Arch-Support-Extra-Wide-Widths-Walking-Edema-Sneakers-Adjustable-Strap-3-18x12.jpg 18w\" sizes=\"(max-width: 970px) 100vw, 970px\" \/><\/p>\n<p><img loading=\"lazy\" decoding=\"async\" class=\"aligncenter wp-image-20998 size-full\" src=\"https:\/\/carbonfiberinsoles.shop\/wp-content\/uploads\/2025\/08\/Diabetic-Shoes-Size.jpg\" alt=\"\" width=\"737\" height=\"378\" srcset=\"https:\/\/carbonfiberinsoles.shop\/wp-content\/uploads\/2025\/08\/Diabetic-Shoes-Size.jpg 737w, https:\/\/carbonfiberinsoles.shop\/wp-content\/uploads\/2025\/08\/Diabetic-Shoes-Size-430x221.jpg 430w, https:\/\/carbonfiberinsoles.shop\/wp-content\/uploads\/2025\/08\/Diabetic-Shoes-Size-700x359.jpg 700w, https:\/\/carbonfiberinsoles.shop\/wp-content\/uploads\/2025\/08\/Diabetic-Shoes-Size-400x205.jpg 400w, https:\/\/carbonfiberinsoles.shop\/wp-content\/uploads\/2025\/08\/Diabetic-Shoes-Size-18x9.jpg 18w\" sizes=\"(max-width: 737px) 100vw, 737px\" \/><\/p>\n<h4 data-start=\"1823\" data-end=\"1849\"><strong data-start=\"1831\" data-end=\"1847\">Wesentliche Merkmale<\/strong><\/h4>\n<ul data-start=\"1850\" data-end=\"2543\">\n<li data-start=\"1850\" data-end=\"1952\">\n<p data-start=\"1852\" data-end=\"1952\"><strong data-start=\"1852\" data-end=\"1886\">Diabetiker-freundliche Konstruktion<\/strong>: Die nahtlose Innenausstattung und die ger\u00e4umige Zehenbox helfen, Irritationen zu minimieren.<\/p>\n<\/li>\n<li data-start=\"1953\" data-end=\"2047\">\n<p data-start=\"1955\" data-end=\"2047\"><strong data-start=\"1955\" data-end=\"1971\">Gew\u00f6lbest\u00fctze<\/strong>: Die integrierte Fu\u00dfgew\u00f6lbest\u00fctze unterst\u00fctzt die Ausrichtung des Fu\u00dfes und den Komfort beim Gehen.<\/p>\n<\/li>\n<li data-start=\"2048\" data-end=\"2142\">\n<p data-start=\"2050\" data-end=\"2142\"><strong data-start=\"2050\" data-end=\"2068\">Extra-breite Passform<\/strong>: Bietet viel Platz f\u00fcr Schwellungen, Orthesen oder empfindliche Erkrankungen.<\/p>\n<\/li>\n<li data-start=\"2143\" data-end=\"2248\">\n<p data-start=\"2145\" data-end=\"2248\"><strong data-start=\"2145\" data-end=\"2166\">Verstellbare Riemen<\/strong>: Die leicht an- und abnehmbaren Riemen erm\u00f6glichen eine schnelle Anpassung f\u00fcr eine perfekte Passform w\u00e4hrend des Tages.<\/p>\n<\/li>\n<li data-start=\"2249\" data-end=\"2346\">\n<p data-start=\"2251\" data-end=\"2346\"><strong data-start=\"2251\" data-end=\"2271\">Mehrere Einlegesohlen<\/strong>: Drei austauschbare Einlegesohlen erm\u00f6glichen die Feinabstimmung von D\u00e4mpfung und Halt.<\/p>\n<\/li>\n<li data-start=\"2347\" data-end=\"2435\">\n<p data-start=\"2349\" data-end=\"2435\"><strong data-start=\"2349\" data-end=\"2371\">Leichte Konstruktion<\/strong>: Garantiert Flexibilit\u00e4t f\u00fcr m\u00fcheloses Gehen und ganzt\u00e4giges Tragen.<\/p>\n<\/li>\n<li data-start=\"2436\" data-end=\"2543\">\n<p data-start=\"2438\" data-end=\"2543\"><strong data-start=\"2438\" data-end=\"2461\">Stilvoll &amp; vielseitig<\/strong>: Elegant genug f\u00fcr Freizeitausfl\u00fcge und gleichzeitig f\u00fcr den funktionellen therapeutischen Einsatz konzipiert.<\/p>\n<\/li>\n<\/ul>\n<h4 data-start=\"2545\" data-end=\"2585\"><strong data-start=\"2553\" data-end=\"2583\">Warum diese Turnschuhe w\u00e4hlen?<\/strong><\/h4>\n<ul data-start=\"2586\" data-end=\"3060\">\n<li data-start=\"2586\" data-end=\"2679\">\n<p data-start=\"2588\" data-end=\"2679\">Diese Schuhe sind speziell f\u00fcr Diabetiker geeignet, verringern den Druck und sch\u00fctzen die empfindliche Haut.<\/p>\n<\/li>\n<li data-start=\"2680\" data-end=\"2780\">\n<p data-start=\"2682\" data-end=\"2780\">Die Unterst\u00fctzung des Fu\u00dfgew\u00f6lbes verbessert die K\u00f6rperhaltung und verringert die Erm\u00fcdung der F\u00fc\u00dfe - ideal f\u00fcr langes Gehen oder Stehen.<\/p>\n<\/li>\n<li data-start=\"2781\" data-end=\"2888\">\n<p data-start=\"2783\" data-end=\"2888\">Die extrabreite, verstellbare Passform passt sich den Ver\u00e4nderungen des Fu\u00dfes im Laufe des Tages an, insbesondere bei Schwellungen oder \u00d6demen.<\/p>\n<\/li>\n<li data-start=\"2889\" data-end=\"2959\">\n<p data-start=\"2891\" data-end=\"2959\">Mehrere Einlegesohlen erm\u00f6glichen es den Kunden, D\u00e4mpfung und Unterst\u00fctzung individuell anzupassen.<\/p>\n<\/li>\n<li data-start=\"2960\" data-end=\"3060\">\n<p data-start=\"2962\" data-end=\"3060\">Bietet sowohl Komfort als auch Stil - perfekt f\u00fcr Freizeitkleidung, ohne die therapeutischen Vorteile zu beeintr\u00e4chtigen.<\/p>\n<\/li>\n<\/ul>\n<h4 data-start=\"3062\" data-end=\"3078\"><strong data-start=\"3070\" data-end=\"3078\">FAQs<\/strong><\/h4>\n<p data-start=\"3080\" data-end=\"3297\"><strong data-start=\"3080\" data-end=\"3144\">F: Sind diese f\u00fcr Menschen mit \u00d6demen oder geschwollenen F\u00fc\u00dfen geeignet?<\/strong><br data-start=\"3144\" data-end=\"3147\" \/>A: Auf jeden Fall - das hat oberste Priorit\u00e4t. Das extrabreite Design und die verstellbaren Riemen sorgen f\u00fcr eine individuelle Passform, um Schwellungen auszugleichen und Komfort zu gew\u00e4hrleisten.<\/p>\n<p data-start=\"3299\" data-end=\"3523\"><strong data-start=\"3299\" data-end=\"3379\">F: Wie funktionieren die Einlegesohlen? Kann ich sie durch meine eigenen orthop\u00e4dischen Einlagen ersetzen?<\/strong><br data-start=\"3379\" data-end=\"3382\" \/>A: Ja. Sie k\u00f6nnen je nach Ihren Komfortbed\u00fcrfnissen aus den drei mitgelieferten Einlegesohlen w\u00e4hlen - oder sie gegen Ihre eigenen individuellen Einlagen austauschen, falls gew\u00fcnscht.<\/p>\n<p data-start=\"3525\" data-end=\"3712\"><strong data-start=\"3525\" data-end=\"3564\">F: Bieten sie eine gute Unterst\u00fctzung des Fu\u00dfgew\u00f6lbes?<\/strong><br data-start=\"3564\" data-end=\"3567\" \/>A: Ja! Die eingebaute Fu\u00dfgew\u00f6lbest\u00fctze verbessert die Ausrichtung und reduziert die Belastung des Fu\u00dfes, was diese Schuhe zu idealen Diabetikerschuhen f\u00fcr das t\u00e4gliche Gehen macht.<\/p>\n<p data-start=\"3714\" data-end=\"3880\"><strong data-start=\"3714\" data-end=\"3755\">F: Sind diese Turnschuhe leicht anzuziehen?<\/strong><br data-start=\"3755\" data-end=\"3758\" \/>A: Auf jeden Fall. Dank der verstellbaren Riemen lassen sie sich einfach anziehen - besonders n\u00fctzlich bei eingeschr\u00e4nkter Mobilit\u00e4t oder Flexibilit\u00e4t.<\/p>\n<p data-start=\"3882\" data-end=\"4051\"><strong data-start=\"3882\" data-end=\"3937\">F: Kann ich sie leger oder zum aktiven Gehen tragen?<\/strong><br data-start=\"3937\" data-end=\"3940\" \/>A: Ja! Sie kombinieren ein modisches, l\u00e4ssiges Sneaker-Aussehen mit einem unterst\u00fctzenden Design f\u00fcr das Gehen oder leichte Aktivit\u00e4ten.<\/p>\n<p>&nbsp;<\/p>","protected":false},"excerpt":{"rendered":"<p><strong>Einzelheiten zum Produkt<\/strong><br \/>\nStoffart: 100% Baumwolle<br \/>\nMaterial der Sohle: Gummi<br \/>\n\u00c4u\u00dferes Material: Mesh<br \/>\nVerschlussart: Pull-On<\/p>","protected":false},"featured_media":20956,"comment_status":"open","ping_status":"closed","template":"","meta":{"_kadence_starter_templates_imported_post":false,"_kad_post_transparent":"default","_kad_post_title":"","_kad_post_layout":"default","_kad_post_sidebar_id":"","_kad_post_content_style":"default","_kad_post_vertical_padding":"default","_kad_post_feature":"","_kad_post_feature_position":"","_kad_post_header":false,"_kad_post_footer":false},"product_brand":[],"product_cat":[570,533,534,530,532,586,528,527,529,531],"product_tag":[332,535],"class_list":{"0":"post-20938","1":"product","2":"type-product","3":"status-publish","4":"has-post-thumbnail","6":"product_cat-diabetic-shoes","7":"product_cat-men-diabetic-shoes","8":"product_cat-men-orthopedic-shoes","9":"product_cat-men-shoes","10":"product_cat-men-walking-shoes","11":"product_cat-recovery-shoes","12":"product_cat-women-diabetic-shoes","13":"product_cat-women-orthopedic-shoes","14":"product_cat-women-shoes","15":"product_cat-women-walking-shoes","16":"product_tag-casual-shoes","17":"product_tag-diabetic-shoes","19":"first","20":"instock","21":"shipping-taxable","22":"purchasable","23":"product-type-variable","24":"has-default-attributes","25":"entry","26":"content-bg","27":"loop-entry"},"aioseo_notices":[],"_links":{"self":[{"href":"https:\/\/carbonfiberinsoles.shop\/de\/wp-json\/wp\/v2\/product\/20938","targetHints":{"allow":["GET"]}}],"collection":[{"href":"https:\/\/carbonfiberinsoles.shop\/de\/wp-json\/wp\/v2\/product"}],"about":[{"href":"https:\/\/carbonfiberinsoles.shop\/de\/wp-json\/wp\/v2\/types\/product"}],"replies":[{"embeddable":true,"href":"https:\/\/carbonfiberinsoles.shop\/de\/wp-json\/wp\/v2\/comments?post=20938"}],"version-history":[{"count":8,"href":"https:\/\/carbonfiberinsoles.shop\/de\/wp-json\/wp\/v2\/product\/20938\/revisions"}],"predecessor-version":[{"id":21577,"href":"https:\/\/carbonfiberinsoles.shop\/de\/wp-json\/wp\/v2\/product\/20938\/revisions\/21577"}],"wp:featuredmedia":[{"embeddable":true,"href":"https:\/\/carbonfiberinsoles.shop\/de\/wp-json\/wp\/v2\/media\/20956"}],"wp:attachment":[{"href":"https:\/\/carbonfiberinsoles.shop\/de\/wp-json\/wp\/v2\/media?parent=20938"}],"wp:term":[{"taxonomy":"product_brand","embeddable":true,"href":"https:\/\/carbonfiberinsoles.shop\/de\/wp-json\/wp\/v2\/product_brand?post=20938"},{"taxonomy":"product_cat","embeddable":true,"href":"https:\/\/carbonfiberinsoles.shop\/de\/wp-json\/wp\/v2\/product_cat?post=20938"},{"taxonomy":"product_tag","embeddable":true,"href":"https:\/\/carbonfiberinsoles.shop\/de\/wp-json\/wp\/v2\/product_tag?post=20938"}],"curies":[{"name":"wp","href":"https:\/\/api.w.org\/{rel}","templated":true}]}}