{"id":16701,"date":"2025-03-11T14:27:43","date_gmt":"2025-03-11T14:27:43","guid":{"rendered":"https:\/\/carbonfiberinsoles.shop\/?post_type=product&#038;p=16701"},"modified":"2025-06-28T10:46:04","modified_gmt":"2025-06-28T10:46:04","slug":"carbon-plate-running-shoes-cushioned-walking-shoes-athletic-gym-workout","status":"publish","type":"product","link":"https:\/\/carbonfiberinsoles.shop\/de\/produkt\/carbon-plate-running-shoes-cushioned-walking-shoes-athletic-gym-workout\/","title":{"rendered":"Carbon Platte Schuhe gepolstert Walking Schuhe Athletic Gym Workout"},"content":{"rendered":"<div data-elementor-type=\"product-post\" data-elementor-id=\"16701\" class=\"elementor elementor-16701\" data-elementor-post-type=\"product\">\n\t\t\t\t<div class=\"elementor-element elementor-element-848ea8a e-flex e-con-boxed e-con e-parent\" data-id=\"848ea8a\" data-element_type=\"container\" data-e-type=\"container\">\n\t\t\t\t\t<div class=\"e-con-inner\">\n\t\t\t\t<div class=\"elementor-element elementor-element-a55202f elementor-widget elementor-widget-video\" data-id=\"a55202f\" data-element_type=\"widget\" data-e-type=\"widget\" data-settings=\"{&quot;youtube_url&quot;:&quot;https:\\\/\\\/www.youtube.com\\\/watch?v=v0V4HqD4--w&quot;,&quot;loop&quot;:&quot;yes&quot;,&quot;video_type&quot;:&quot;youtube&quot;,&quot;controls&quot;:&quot;yes&quot;}\" data-widget_type=\"video.default\">\n\t\t\t\t<div class=\"elementor-widget-container\">\n\t\t\t\t\t\t\t<div class=\"elementor-wrapper elementor-open-inline\">\n\t\t\t<div class=\"elementor-video\"><\/div>\t\t<\/div>\n\t\t\t\t\t\t<\/div>\n\t\t\t\t<\/div>\n\t\t\t\t\t<\/div>\n\t\t\t\t<\/div>\n\t\t<div class=\"elementor-element elementor-element-55f48685 e-flex e-con-boxed e-con e-parent\" data-id=\"55f48685\" data-element_type=\"container\" data-e-type=\"container\">\n\t\t\t\t\t<div class=\"e-con-inner\">\n\t\t\t\t<div class=\"elementor-element elementor-element-13bbaa32 elementor-widget elementor-widget-text-editor\" data-id=\"13bbaa32\" data-element_type=\"widget\" data-e-type=\"widget\" data-widget_type=\"text-editor.default\">\n\t\t\t\t<div class=\"elementor-widget-container\">\n\t\t\t\t\t\t\t\t\t<h3 data-start=\"591\" data-end=\"610\"><strong data-start=\"595\" data-end=\"608\">\u00dcberblick:<\/strong><\/h3><p data-start=\"611\" data-end=\"1005\">Einf\u00fchrung in die <strong data-start=\"627\" data-end=\"665\">Premium Carbon Plate Laufschuhe<\/strong>f\u00fcr L\u00e4ufer, die hohe Leistung und h\u00f6chsten Komfort verlangen. Mit einer <strong data-start=\"741\" data-end=\"763\">Kohlefaserplatte<\/strong> f\u00fcr die Energier\u00fcckf\u00fchrung und eine <strong data-start=\"789\" data-end=\"825\">fortschrittliches Sto\u00dfd\u00e4mpfungssystem<\/strong>Diese Schuhe reduzieren den Aufprallstress und erh\u00f6hen die Geschwindigkeit. Egal, ob du f\u00fcr einen Marathon trainierst, sprintest oder joggst, diese Schuhe bieten die perfekte Balance aus Unterst\u00fctzung und Stil.<\/p><hr data-start=\"1007\" data-end=\"1010\" \/><h3 data-start=\"1012\" data-end=\"1037\"><strong data-start=\"1016\" data-end=\"1035\">Spezifikationen:<\/strong><\/h3><ul data-start=\"1038\" data-end=\"1494\"><li data-start=\"1038\" data-end=\"1088\"><strong data-start=\"1040\" data-end=\"1059\">Obermaterial:<\/strong> Atmungsaktives technisches Netz<\/li><li data-start=\"1089\" data-end=\"1159\"><strong data-start=\"1091\" data-end=\"1103\">Zwischensohle:<\/strong> Hochelastischer Schaumstoff mit eingebetteter Kohlefaserplatte<\/li><li data-start=\"1160\" data-end=\"1218\"><strong data-start=\"1162\" data-end=\"1174\">Laufsohle:<\/strong> Strapazierf\u00e4higes Gummi mit multidirektionalem Griff<\/li><li data-start=\"1219\" data-end=\"1289\"><strong data-start=\"1221\" data-end=\"1242\">Schockabsorption:<\/strong> Erweiterte D\u00e4mpfung f\u00fcr geringere Gelenkbelastung<\/li><li data-start=\"1290\" data-end=\"1345\"><strong data-start=\"1292\" data-end=\"1313\">Ferse-zu-Fu\u00df-Senkung:<\/strong> 8mm f\u00fcr nat\u00fcrliche Fu\u00dfbewegung<\/li><li data-start=\"1346\" data-end=\"1390\"><strong data-start=\"1348\" data-end=\"1359\">Gewicht:<\/strong> Ca. 255g (9 oz) pro Schuh<\/li><li data-start=\"1391\" data-end=\"1443\"><strong data-start=\"1393\" data-end=\"1413\">Verf\u00fcgbare Gr\u00f6\u00dfen:<\/strong> US M\u00e4nner 6-13, Frauen 5-12<\/li><li data-start=\"1444\" data-end=\"1494\"><strong data-start=\"1446\" data-end=\"1457\">Farben:<\/strong> Wei\u00df\/Grau, Schwarz\/Blau, Hellblau<\/li><\/ul><hr data-start=\"1496\" data-end=\"1499\" \/><h3 data-start=\"1501\" data-end=\"1520\"><strong data-start=\"1505\" data-end=\"1518\">Merkmale:<\/strong><\/h3><p data-start=\"1521\" data-end=\"2004\">\u2705 <strong data-start=\"1523\" data-end=\"1556\">Kohlefaserplatten-Technologie<\/strong> - Treibt jeden Schritt mit hoher Energier\u00fcckgabe voran<br data-start=\"1608\" data-end=\"1611\" \/>\u2705 <strong data-start=\"1613\" data-end=\"1640\">Schockabsorptionssystem<\/strong> - Reduziert die Sto\u00dfbelastung und sch\u00fctzt Gelenke und F\u00fc\u00dfe<br data-start=\"1692\" data-end=\"1695\" \/>\u2705 <strong data-start=\"1697\" data-end=\"1722\">Atmungsaktives Mesh-Obermaterial<\/strong> - Verbessert die Luftzirkulation und h\u00e4lt die F\u00fc\u00dfe k\u00fchl und trocken<br data-start=\"1767\" data-end=\"1770\" \/>\u2705 <strong data-start=\"1772\" data-end=\"1797\">Ansprechende D\u00e4mpfung<\/strong> - Leichter, hoch r\u00fcckfedernder Schaumstoff f\u00fcr Komfort und Geschwindigkeit<br data-start=\"1852\" data-end=\"1855\" \/>\u2705 <strong data-start=\"1857\" data-end=\"1885\">Langlebige, rutschfeste Laufsohle<\/strong> - Bietet \u00fcberragende Traktion f\u00fcr alle Terrains<br data-start=\"1929\" data-end=\"1932\" \/>\u2705 <strong data-start=\"1934\" data-end=\"1958\">Ergonomische Passform<\/strong> - Angenehme und dennoch flexible Passform f\u00fcr ganzt\u00e4gigen Komfort<\/p><hr data-start=\"2006\" data-end=\"2009\" \/><h3 data-start=\"2011\" data-end=\"2040\"><img fetchpriority=\"high\" decoding=\"async\" class=\"aligncenter wp-image-19937 size-full\" src=\"https:\/\/carbonfiberinsoles.shop\/wp-content\/uploads\/2025\/03\/Carbon-Plate-Running-Shoes-Cushioned-Walking-Shoes-3-1_1.jpg\" alt=\"\" width=\"800\" height=\"800\" srcset=\"https:\/\/carbonfiberinsoles.shop\/wp-content\/uploads\/2025\/03\/Carbon-Plate-Running-Shoes-Cushioned-Walking-Shoes-3-1_1.jpg 800w, https:\/\/carbonfiberinsoles.shop\/wp-content\/uploads\/2025\/03\/Carbon-Plate-Running-Shoes-Cushioned-Walking-Shoes-3-1_1-430x430.jpg 430w, https:\/\/carbonfiberinsoles.shop\/wp-content\/uploads\/2025\/03\/Carbon-Plate-Running-Shoes-Cushioned-Walking-Shoes-3-1_1-100x100.jpg 100w, https:\/\/carbonfiberinsoles.shop\/wp-content\/uploads\/2025\/03\/Carbon-Plate-Running-Shoes-Cushioned-Walking-Shoes-3-1_1-700x700.jpg 700w, https:\/\/carbonfiberinsoles.shop\/wp-content\/uploads\/2025\/03\/Carbon-Plate-Running-Shoes-Cushioned-Walking-Shoes-3-1_1-300x300.jpg 300w, https:\/\/carbonfiberinsoles.shop\/wp-content\/uploads\/2025\/03\/Carbon-Plate-Running-Shoes-Cushioned-Walking-Shoes-3-1_1-150x150.jpg 150w, https:\/\/carbonfiberinsoles.shop\/wp-content\/uploads\/2025\/03\/Carbon-Plate-Running-Shoes-Cushioned-Walking-Shoes-3-1_1-768x768.jpg 768w, https:\/\/carbonfiberinsoles.shop\/wp-content\/uploads\/2025\/03\/Carbon-Plate-Running-Shoes-Cushioned-Walking-Shoes-3-1_1-12x12.jpg 12w\" sizes=\"(max-width: 800px) 100vw, 800px\" \/><img decoding=\"async\" class=\"aligncenter wp-image-19934 size-full\" src=\"https:\/\/carbonfiberinsoles.shop\/wp-content\/uploads\/2025\/03\/Carbon-Plate-Running-Shoes-Cushioned-Walking-Shoes-2-8_1.jpg\" alt=\"\" width=\"790\" height=\"774\" srcset=\"https:\/\/carbonfiberinsoles.shop\/wp-content\/uploads\/2025\/03\/Carbon-Plate-Running-Shoes-Cushioned-Walking-Shoes-2-8_1.jpg 790w, https:\/\/carbonfiberinsoles.shop\/wp-content\/uploads\/2025\/03\/Carbon-Plate-Running-Shoes-Cushioned-Walking-Shoes-2-8_1-430x421.jpg 430w, https:\/\/carbonfiberinsoles.shop\/wp-content\/uploads\/2025\/03\/Carbon-Plate-Running-Shoes-Cushioned-Walking-Shoes-2-8_1-700x686.jpg 700w, https:\/\/carbonfiberinsoles.shop\/wp-content\/uploads\/2025\/03\/Carbon-Plate-Running-Shoes-Cushioned-Walking-Shoes-2-8_1-306x300.jpg 306w, https:\/\/carbonfiberinsoles.shop\/wp-content\/uploads\/2025\/03\/Carbon-Plate-Running-Shoes-Cushioned-Walking-Shoes-2-8_1-768x752.jpg 768w, https:\/\/carbonfiberinsoles.shop\/wp-content\/uploads\/2025\/03\/Carbon-Plate-Running-Shoes-Cushioned-Walking-Shoes-2-8_1-12x12.jpg 12w\" sizes=\"(max-width: 790px) 100vw, 790px\" \/> <img decoding=\"async\" class=\"aligncenter wp-image-19935 size-full\" src=\"https:\/\/carbonfiberinsoles.shop\/wp-content\/uploads\/2025\/03\/Carbon-Plate-Running-Shoes-Cushioned-Walking-Shoes-2-9_1.jpg\" alt=\"\" width=\"790\" height=\"1067\" srcset=\"https:\/\/carbonfiberinsoles.shop\/wp-content\/uploads\/2025\/03\/Carbon-Plate-Running-Shoes-Cushioned-Walking-Shoes-2-9_1.jpg 790w, https:\/\/carbonfiberinsoles.shop\/wp-content\/uploads\/2025\/03\/Carbon-Plate-Running-Shoes-Cushioned-Walking-Shoes-2-9_1-430x581.jpg 430w, https:\/\/carbonfiberinsoles.shop\/wp-content\/uploads\/2025\/03\/Carbon-Plate-Running-Shoes-Cushioned-Walking-Shoes-2-9_1-700x945.jpg 700w, https:\/\/carbonfiberinsoles.shop\/wp-content\/uploads\/2025\/03\/Carbon-Plate-Running-Shoes-Cushioned-Walking-Shoes-2-9_1-222x300.jpg 222w, https:\/\/carbonfiberinsoles.shop\/wp-content\/uploads\/2025\/03\/Carbon-Plate-Running-Shoes-Cushioned-Walking-Shoes-2-9_1-592x800.jpg 592w, https:\/\/carbonfiberinsoles.shop\/wp-content\/uploads\/2025\/03\/Carbon-Plate-Running-Shoes-Cushioned-Walking-Shoes-2-9_1-768x1037.jpg 768w, https:\/\/carbonfiberinsoles.shop\/wp-content\/uploads\/2025\/03\/Carbon-Plate-Running-Shoes-Cushioned-Walking-Shoes-2-9_1-9x12.jpg 9w\" sizes=\"(max-width: 790px) 100vw, 790px\" \/> <img loading=\"lazy\" decoding=\"async\" class=\"aligncenter wp-image-19929 size-full\" src=\"https:\/\/carbonfiberinsoles.shop\/wp-content\/uploads\/2025\/03\/Carbon-Plate-Running-Shoes-Cushioned-Walking-Shoes-2-3_1.jpg\" alt=\"\" width=\"790\" height=\"1018\" srcset=\"https:\/\/carbonfiberinsoles.shop\/wp-content\/uploads\/2025\/03\/Carbon-Plate-Running-Shoes-Cushioned-Walking-Shoes-2-3_1.jpg 790w, https:\/\/carbonfiberinsoles.shop\/wp-content\/uploads\/2025\/03\/Carbon-Plate-Running-Shoes-Cushioned-Walking-Shoes-2-3_1-430x554.jpg 430w, https:\/\/carbonfiberinsoles.shop\/wp-content\/uploads\/2025\/03\/Carbon-Plate-Running-Shoes-Cushioned-Walking-Shoes-2-3_1-700x902.jpg 700w, https:\/\/carbonfiberinsoles.shop\/wp-content\/uploads\/2025\/03\/Carbon-Plate-Running-Shoes-Cushioned-Walking-Shoes-2-3_1-233x300.jpg 233w, https:\/\/carbonfiberinsoles.shop\/wp-content\/uploads\/2025\/03\/Carbon-Plate-Running-Shoes-Cushioned-Walking-Shoes-2-3_1-621x800.jpg 621w, https:\/\/carbonfiberinsoles.shop\/wp-content\/uploads\/2025\/03\/Carbon-Plate-Running-Shoes-Cushioned-Walking-Shoes-2-3_1-768x990.jpg 768w, https:\/\/carbonfiberinsoles.shop\/wp-content\/uploads\/2025\/03\/Carbon-Plate-Running-Shoes-Cushioned-Walking-Shoes-2-3_1-9x12.jpg 9w\" sizes=\"(max-width: 790px) 100vw, 790px\" \/> <img loading=\"lazy\" decoding=\"async\" class=\"aligncenter wp-image-19936 size-full\" src=\"https:\/\/carbonfiberinsoles.shop\/wp-content\/uploads\/2025\/03\/Carbon-Plate-Running-Shoes-Cushioned-Walking-Shoes-2-10_1.jpg\" alt=\"\" width=\"790\" height=\"694\" srcset=\"https:\/\/carbonfiberinsoles.shop\/wp-content\/uploads\/2025\/03\/Carbon-Plate-Running-Shoes-Cushioned-Walking-Shoes-2-10_1.jpg 790w, https:\/\/carbonfiberinsoles.shop\/wp-content\/uploads\/2025\/03\/Carbon-Plate-Running-Shoes-Cushioned-Walking-Shoes-2-10_1-430x378.jpg 430w, https:\/\/carbonfiberinsoles.shop\/wp-content\/uploads\/2025\/03\/Carbon-Plate-Running-Shoes-Cushioned-Walking-Shoes-2-10_1-700x615.jpg 700w, https:\/\/carbonfiberinsoles.shop\/wp-content\/uploads\/2025\/03\/Carbon-Plate-Running-Shoes-Cushioned-Walking-Shoes-2-10_1-341x300.jpg 341w, https:\/\/carbonfiberinsoles.shop\/wp-content\/uploads\/2025\/03\/Carbon-Plate-Running-Shoes-Cushioned-Walking-Shoes-2-10_1-768x675.jpg 768w, https:\/\/carbonfiberinsoles.shop\/wp-content\/uploads\/2025\/03\/Carbon-Plate-Running-Shoes-Cushioned-Walking-Shoes-2-10_1-14x12.jpg 14w\" sizes=\"(max-width: 790px) 100vw, 790px\" \/> <img loading=\"lazy\" decoding=\"async\" class=\"aligncenter wp-image-19938 size-full\" src=\"https:\/\/carbonfiberinsoles.shop\/wp-content\/uploads\/2025\/03\/Carbon-Plate-Running-Shoes-Cushioned-Walking-Shoes-3-2_1.jpg\" alt=\"\" width=\"800\" height=\"800\" srcset=\"https:\/\/carbonfiberinsoles.shop\/wp-content\/uploads\/2025\/03\/Carbon-Plate-Running-Shoes-Cushioned-Walking-Shoes-3-2_1.jpg 800w, https:\/\/carbonfiberinsoles.shop\/wp-content\/uploads\/2025\/03\/Carbon-Plate-Running-Shoes-Cushioned-Walking-Shoes-3-2_1-430x430.jpg 430w, https:\/\/carbonfiberinsoles.shop\/wp-content\/uploads\/2025\/03\/Carbon-Plate-Running-Shoes-Cushioned-Walking-Shoes-3-2_1-100x100.jpg 100w, https:\/\/carbonfiberinsoles.shop\/wp-content\/uploads\/2025\/03\/Carbon-Plate-Running-Shoes-Cushioned-Walking-Shoes-3-2_1-700x700.jpg 700w, https:\/\/carbonfiberinsoles.shop\/wp-content\/uploads\/2025\/03\/Carbon-Plate-Running-Shoes-Cushioned-Walking-Shoes-3-2_1-300x300.jpg 300w, https:\/\/carbonfiberinsoles.shop\/wp-content\/uploads\/2025\/03\/Carbon-Plate-Running-Shoes-Cushioned-Walking-Shoes-3-2_1-150x150.jpg 150w, https:\/\/carbonfiberinsoles.shop\/wp-content\/uploads\/2025\/03\/Carbon-Plate-Running-Shoes-Cushioned-Walking-Shoes-3-2_1-768x768.jpg 768w, https:\/\/carbonfiberinsoles.shop\/wp-content\/uploads\/2025\/03\/Carbon-Plate-Running-Shoes-Cushioned-Walking-Shoes-3-2_1-12x12.jpg 12w\" sizes=\"(max-width: 800px) 100vw, 800px\" \/> <img loading=\"lazy\" decoding=\"async\" class=\"aligncenter wp-image-19927 size-full\" src=\"https:\/\/carbonfiberinsoles.shop\/wp-content\/uploads\/2025\/03\/Carbon-Plate-Running-Shoes-Cushioned-Walking-Shoes-2-1_1.jpg\" alt=\"\" width=\"790\" height=\"1290\" srcset=\"https:\/\/carbonfiberinsoles.shop\/wp-content\/uploads\/2025\/03\/Carbon-Plate-Running-Shoes-Cushioned-Walking-Shoes-2-1_1.jpg 790w, https:\/\/carbonfiberinsoles.shop\/wp-content\/uploads\/2025\/03\/Carbon-Plate-Running-Shoes-Cushioned-Walking-Shoes-2-1_1-430x702.jpg 430w, https:\/\/carbonfiberinsoles.shop\/wp-content\/uploads\/2025\/03\/Carbon-Plate-Running-Shoes-Cushioned-Walking-Shoes-2-1_1-700x1143.jpg 700w, https:\/\/carbonfiberinsoles.shop\/wp-content\/uploads\/2025\/03\/Carbon-Plate-Running-Shoes-Cushioned-Walking-Shoes-2-1_1-184x300.jpg 184w, https:\/\/carbonfiberinsoles.shop\/wp-content\/uploads\/2025\/03\/Carbon-Plate-Running-Shoes-Cushioned-Walking-Shoes-2-1_1-490x800.jpg 490w, https:\/\/carbonfiberinsoles.shop\/wp-content\/uploads\/2025\/03\/Carbon-Plate-Running-Shoes-Cushioned-Walking-Shoes-2-1_1-768x1254.jpg 768w, https:\/\/carbonfiberinsoles.shop\/wp-content\/uploads\/2025\/03\/Carbon-Plate-Running-Shoes-Cushioned-Walking-Shoes-2-1_1-7x12.jpg 7w\" sizes=\"(max-width: 790px) 100vw, 790px\" \/> <img loading=\"lazy\" decoding=\"async\" class=\"wp-image-19928 size-full aligncenter\" src=\"https:\/\/carbonfiberinsoles.shop\/wp-content\/uploads\/2025\/03\/Carbon-Plate-Running-Shoes-Cushioned-Walking-Shoes-2-2_1.jpg\" alt=\"\" width=\"790\" height=\"1337\" srcset=\"https:\/\/carbonfiberinsoles.shop\/wp-content\/uploads\/2025\/03\/Carbon-Plate-Running-Shoes-Cushioned-Walking-Shoes-2-2_1.jpg 790w, https:\/\/carbonfiberinsoles.shop\/wp-content\/uploads\/2025\/03\/Carbon-Plate-Running-Shoes-Cushioned-Walking-Shoes-2-2_1-430x728.jpg 430w, https:\/\/carbonfiberinsoles.shop\/wp-content\/uploads\/2025\/03\/Carbon-Plate-Running-Shoes-Cushioned-Walking-Shoes-2-2_1-700x1185.jpg 700w, https:\/\/carbonfiberinsoles.shop\/wp-content\/uploads\/2025\/03\/Carbon-Plate-Running-Shoes-Cushioned-Walking-Shoes-2-2_1-177x300.jpg 177w, https:\/\/carbonfiberinsoles.shop\/wp-content\/uploads\/2025\/03\/Carbon-Plate-Running-Shoes-Cushioned-Walking-Shoes-2-2_1-473x800.jpg 473w, https:\/\/carbonfiberinsoles.shop\/wp-content\/uploads\/2025\/03\/Carbon-Plate-Running-Shoes-Cushioned-Walking-Shoes-2-2_1-768x1300.jpg 768w, https:\/\/carbonfiberinsoles.shop\/wp-content\/uploads\/2025\/03\/Carbon-Plate-Running-Shoes-Cushioned-Walking-Shoes-2-2_1-7x12.jpg 7w\" sizes=\"(max-width: 790px) 100vw, 790px\" \/><\/h3><figure id=\"attachment_19589\" aria-describedby=\"caption-attachment-19589\" style=\"width: 754px\" class=\"wp-caption aligncenter\"><img loading=\"lazy\" decoding=\"async\" class=\"wp-image-19589 size-full\" src=\"https:\/\/carbonfiberinsoles.shop\/wp-content\/uploads\/2025\/05\/shoes-size-guide.png\" alt=\"Anleitung zur Schuhgr\u00f6\u00dfe\" width=\"754\" height=\"529\" srcset=\"https:\/\/carbonfiberinsoles.shop\/wp-content\/uploads\/2025\/05\/shoes-size-guide.png 754w, https:\/\/carbonfiberinsoles.shop\/wp-content\/uploads\/2025\/05\/shoes-size-guide-430x302.png 430w, https:\/\/carbonfiberinsoles.shop\/wp-content\/uploads\/2025\/05\/shoes-size-guide-700x491.png 700w, https:\/\/carbonfiberinsoles.shop\/wp-content\/uploads\/2025\/05\/shoes-size-guide-400x281.png 400w, https:\/\/carbonfiberinsoles.shop\/wp-content\/uploads\/2025\/05\/shoes-size-guide-18x12.png 18w\" sizes=\"(max-width: 754px) 100vw, 754px\" \/><figcaption id=\"caption-attachment-19589\" class=\"wp-caption-text\">\u00a0<\/figcaption><\/figure><h3 data-start=\"2011\" data-end=\"2040\"><strong data-start=\"2015\" data-end=\"2038\">Warum Sie kaufen sollten:<\/strong><\/h3><p data-start=\"2041\" data-end=\"2498\">\u2714\ufe0f <strong data-start=\"2044\" data-end=\"2065\">Leistungssteigerung<\/strong> - Die Carbonplatte optimiert den Vortrieb und verbessert Geschwindigkeit und Ausdauer<br data-start=\"2136\" data-end=\"2139\" \/>\u2714\ufe0f <strong data-start=\"2142\" data-end=\"2166\">Komfort und Schutz<\/strong> - Sto\u00dfd\u00e4mpfende Polsterung reduziert Erm\u00fcdung und sch\u00fctzt die Gelenke<br data-start=\"2231\" data-end=\"2234\" \/>\u2714\ufe0f <strong data-start=\"2237\" data-end=\"2260\">Vielseitig &amp; stilvoll<\/strong> - Eine perfekte Kombination aus sportlicher Funktion und moderner Mode<br data-start=\"2322\" data-end=\"2325\" \/>\u2714\ufe0f <strong data-start=\"2328\" data-end=\"2353\">Gebaut f\u00fcr alle L\u00e4ufer<\/strong> - Ideal f\u00fcr t\u00e4gliche Joggingrunden, intensives Training oder lockere Spazierg\u00e4nge<br data-start=\"2411\" data-end=\"2414\" \/>\u2714\ufe0f <strong data-start=\"2417\" data-end=\"2444\">Langfristige Haltbarkeit<\/strong> - Hochwertige Materialien garantieren dauerhafte Leistung<\/p><hr data-start=\"2500\" data-end=\"2503\" \/><h3 data-start=\"2505\" data-end=\"2520\"><strong data-start=\"2509\" data-end=\"2518\">FAQs:<\/strong><\/h3><p data-start=\"2522\" data-end=\"2685\">\ud83d\udd39 <strong data-start=\"2525\" data-end=\"2578\">F: Sind diese Schuhe f\u00fcr Marathonl\u00e4ufe geeignet?<\/strong><br data-start=\"2578\" data-end=\"2581\" \/><strong data-start=\"2581\" data-end=\"2587\">A:<\/strong> Ja! Die Kohlefaserplatte und das Sto\u00dfd\u00e4mpfungssystem machen sie ideal f\u00fcr Langstreckenl\u00e4ufe.<\/p><p data-start=\"2687\" data-end=\"2819\">\ud83d\udd39 <strong data-start=\"2690\" data-end=\"2722\">F: Fallen sie gr\u00f6\u00dfengerecht aus?<\/strong><br data-start=\"2722\" data-end=\"2725\" \/><strong data-start=\"2725\" data-end=\"2731\">A:<\/strong> Ja, sie passen der Gr\u00f6\u00dfe nach. Wenn Sie breitere F\u00fc\u00dfe haben, sollten Sie eine halbe Nummer gr\u00f6\u00dfer bestellen.<\/p><p data-start=\"2821\" data-end=\"2953\">\ud83d\udd39 <strong data-start=\"2824\" data-end=\"2862\">F: Kann ich sie f\u00fcr Freizeitkleidung verwenden?<\/strong><br data-start=\"2862\" data-end=\"2865\" \/><strong data-start=\"2865\" data-end=\"2871\">A:<\/strong> Auf jeden Fall! Diese Schuhe sind sowohl auf Leistung als auch auf Komfort im Alltag ausgelegt.<\/p><p data-start=\"2955\" data-end=\"3089\">\ud83d\udd39 <strong data-start=\"2958\" data-end=\"2989\">F: Wie sollte ich sie reinigen?<\/strong><br data-start=\"2989\" data-end=\"2992\" \/><strong data-start=\"2992\" data-end=\"2998\">A:<\/strong> Verwenden Sie milde Seife und Wasser zur Fleckenreinigung. Vermeiden Sie Maschinenw\u00e4sche, um die Haltbarkeit zu erhalten.<\/p><p data-start=\"3091\" data-end=\"3236\">\ud83d\udd39 <strong data-start=\"3094\" data-end=\"3135\">F: Funktionieren sie gut auf nassen Oberfl\u00e4chen?<\/strong><br data-start=\"3135\" data-end=\"3138\" \/><strong data-start=\"3138\" data-end=\"3144\">A:<\/strong> Ja, die strapazierf\u00e4hige Gummilaufsohle bietet hervorragenden Grip und Traktion auf unterschiedlichem Terrain.<\/p><hr data-start=\"3238\" data-end=\"3241\" \/><p data-start=\"3243\" data-end=\"3382\" data-is-last-node=\"\" data-is-only-node=\"\">\ud83c\udfc3 <strong data-start=\"3246\" data-end=\"3379\">Verbessern Sie Ihr Lauferlebnis mit den Premium Carbon Plate Laufschuhen - Geschwindigkeit, Komfort und Sto\u00dfd\u00e4mpfung bei jedem Schritt!<\/strong> \ud83d\ude80<\/p>\t\t\t\t\t\t\t\t<\/div>\n\t\t\t\t<\/div>\n\t\t\t\t\t<\/div>\n\t\t\t\t<\/div>\n\t\t\t\t<\/div>","protected":false},"excerpt":{"rendered":"<p>Mit unseren Carbon Plate Laufschuhen genie\u00dfen Sie \u00fcberlegenen Komfort und Leistung. Ausgestattet mit Carbonfasertechnologie und fortschrittlicher D\u00e4mpfung bieten diese Schuhe un\u00fcbertroffene Energier\u00fcckgabe und Stabilit\u00e4t bei jedem Lauf.<\/p>","protected":false},"featured_media":17092,"comment_status":"open","ping_status":"closed","template":"","meta":{"_kadence_starter_templates_imported_post":false,"_kad_post_transparent":"","_kad_post_title":"","_kad_post_layout":"","_kad_post_sidebar_id":"","_kad_post_content_style":"","_kad_post_vertical_padding":"","_kad_post_feature":"","_kad_post_feature_position":"","_kad_post_header":false,"_kad_post_footer":false},"product_brand":[],"product_cat":[253,252],"product_tag":[254,257,259,264,258],"class_list":{"0":"post-16701","1":"product","2":"type-product","3":"status-publish","4":"has-post-thumbnail","6":"product_cat-carbon-plate-running-shoes","7":"product_cat-carbon-shoes","8":"product_tag-carbon-plate-running-shoes","9":"product_tag-carbon-plated-shoes","10":"product_tag-carbon-running-shoes","11":"product_tag-carbon-shoes","12":"product_tag-running-shoes-with-carbon-plate","14":"first","15":"instock","16":"shipping-taxable","17":"purchasable","18":"product-type-variable","19":"has-default-attributes","20":"entry","21":"content-bg","22":"loop-entry"},"aioseo_notices":[],"_links":{"self":[{"href":"https:\/\/carbonfiberinsoles.shop\/de\/wp-json\/wp\/v2\/product\/16701","targetHints":{"allow":["GET"]}}],"collection":[{"href":"https:\/\/carbonfiberinsoles.shop\/de\/wp-json\/wp\/v2\/product"}],"about":[{"href":"https:\/\/carbonfiberinsoles.shop\/de\/wp-json\/wp\/v2\/types\/product"}],"replies":[{"embeddable":true,"href":"https:\/\/carbonfiberinsoles.shop\/de\/wp-json\/wp\/v2\/comments?post=16701"}],"version-history":[{"count":0,"href":"https:\/\/carbonfiberinsoles.shop\/de\/wp-json\/wp\/v2\/product\/16701\/revisions"}],"wp:featuredmedia":[{"embeddable":true,"href":"https:\/\/carbonfiberinsoles.shop\/de\/wp-json\/wp\/v2\/media\/17092"}],"wp:attachment":[{"href":"https:\/\/carbonfiberinsoles.shop\/de\/wp-json\/wp\/v2\/media?parent=16701"}],"wp:term":[{"taxonomy":"product_brand","embeddable":true,"href":"https:\/\/carbonfiberinsoles.shop\/de\/wp-json\/wp\/v2\/product_brand?post=16701"},{"taxonomy":"product_cat","embeddable":true,"href":"https:\/\/carbonfiberinsoles.shop\/de\/wp-json\/wp\/v2\/product_cat?post=16701"},{"taxonomy":"product_tag","embeddable":true,"href":"https:\/\/carbonfiberinsoles.shop\/de\/wp-json\/wp\/v2\/product_tag?post=16701"}],"curies":[{"name":"wp","href":"https:\/\/api.w.org\/{rel}","templated":true}]}}