{"id":15938,"date":"2024-12-21T21:53:21","date_gmt":"2024-12-21T21:53:21","guid":{"rendered":"https:\/\/carbonfiberinsoles.shop\/?post_type=product&#038;p=15938"},"modified":"2025-06-07T02:29:50","modified_gmt":"2025-06-07T02:29:50","slug":"carbon-fiber-insoles-meticulously-engineered-to-enhance-athletic-performance-for-basketball-players-and-athletes-across-various-sports","status":"publish","type":"product","link":"https:\/\/carbonfiberinsoles.shop\/de\/produkt\/carbon-fiber-insoles-meticulously-engineered-to-enhance-athletic-performance-for-basketball-players-and-athletes-across-various-sports\/","title":{"rendered":"Carbonfaser-Einlagen Basketball-Einlagen, die dich h\u00f6her springen lassen"},"content":{"rendered":"<p><strong>Warum sollten Sie unsere Einlegesohlen w\u00e4hlen:<\/strong><\/p>\n<ol>\n<li><strong>Verbesserte Leistung:<\/strong> Die Karbonfaserplatte verst\u00e4rkt den Vortrieb und hilft bei schnelleren Sprints und h\u00f6heren Spr\u00fcngen.<\/li>\n<li><strong>\u00dcberlegener Komfort:<\/strong> Hochwertige PU- und GEL-Materialien sorgen f\u00fcr au\u00dfergew\u00f6hnliche D\u00e4mpfung und reduzieren die Belastung des Fu\u00dfes.<\/li>\n<li><strong>Verletzungspr\u00e4vention:<\/strong> Sie bieten Stabilit\u00e4t und Halt und minimieren das Risiko von Verstauchungen und anderen Fu\u00dfverletzungen.<\/li>\n<li><strong>Langlebige Konstruktion:<\/strong> Hergestellt aus hochwertigen Materialien, die auch harten sportlichen Aktivit\u00e4ten standhalten.<\/li>\n<\/ol>\n<p><strong>Spezifikationen:<\/strong><\/p>\n<ul>\n<li><strong>Materialien:<\/strong> Kohlefaserplatte, PU, GEL, atmungsaktives BK-Mesh<\/li>\n<li><strong>Verf\u00fcgbare Gr\u00f6\u00dfen:<\/strong> Mehrere Gr\u00f6\u00dfen f\u00fcr verschiedene Schuhgr\u00f6\u00dfen<\/li>\n<li><strong>Farbe:<\/strong> Schwarz mit Netzverzierung<\/li>\n<li><strong>Gewicht:<\/strong> Ungef\u00e4hr 220 Gramm pro Paar<\/li>\n<\/ul>\n<p>Verbessern Sie Ihr Spiel mit unserem <strong>Carbon Einlegesohle<\/strong>Sie wurden entwickelt, um den Athleten die Unterst\u00fctzung, den Komfort und die Haltbarkeit zu bieten, die sie brauchen, um ihr Bestes zu geben.<\/p>\n<p>&nbsp;<\/p>\n<p><img fetchpriority=\"high\" decoding=\"async\" class=\"alignnone wp-image-15945\" src=\"https:\/\/carbonfiberinsoles.shop\/wp-content\/uploads\/2024\/12\/Carbon-Fiber-Insoles-meticulously-engineered-to-enhance-athletic-performance-for-basketball-players-and-athletes-across-various-9-400x217.jpg\" alt=\"Carbonfaser-Einlegesohlen - sorgf\u00e4ltig entwickelt, um die sportliche Leistung von Basketballspielern und anderen Sportlern zu verbessern (5)\" width=\"800\" height=\"433\" srcset=\"https:\/\/carbonfiberinsoles.shop\/wp-content\/uploads\/2024\/12\/Carbon-Fiber-Insoles-meticulously-engineered-to-enhance-athletic-performance-for-basketball-players-and-athletes-across-various-9-400x217.jpg 400w, https:\/\/carbonfiberinsoles.shop\/wp-content\/uploads\/2024\/12\/Carbon-Fiber-Insoles-meticulously-engineered-to-enhance-athletic-performance-for-basketball-players-and-athletes-across-various-9-430x233.jpg 430w, https:\/\/carbonfiberinsoles.shop\/wp-content\/uploads\/2024\/12\/Carbon-Fiber-Insoles-meticulously-engineered-to-enhance-athletic-performance-for-basketball-players-and-athletes-across-various-9-700x379.jpg 700w, https:\/\/carbonfiberinsoles.shop\/wp-content\/uploads\/2024\/12\/Carbon-Fiber-Insoles-meticulously-engineered-to-enhance-athletic-performance-for-basketball-players-and-athletes-across-various-9-768x416.jpg 768w, https:\/\/carbonfiberinsoles.shop\/wp-content\/uploads\/2024\/12\/Carbon-Fiber-Insoles-meticulously-engineered-to-enhance-athletic-performance-for-basketball-players-and-athletes-across-various-9.jpg 790w\" sizes=\"(max-width: 800px) 100vw, 800px\" \/><img decoding=\"async\" class=\"alignnone wp-image-15944\" src=\"https:\/\/carbonfiberinsoles.shop\/wp-content\/uploads\/2024\/12\/Carbon-Fiber-Insoles-meticulously-engineered-to-enhance-athletic-performance-for-basketball-players-and-athletes-across-various-8-178x300.jpg\" alt=\"Carbonfaser-Einlegesohlen - sorgf\u00e4ltig entwickelt, um die sportliche Leistung von Basketballspielern und anderen Sportlern zu verbessern (5)\" width=\"800\" height=\"1351\" srcset=\"https:\/\/carbonfiberinsoles.shop\/wp-content\/uploads\/2024\/12\/Carbon-Fiber-Insoles-meticulously-engineered-to-enhance-athletic-performance-for-basketball-players-and-athletes-across-various-8-178x300.jpg 178w, https:\/\/carbonfiberinsoles.shop\/wp-content\/uploads\/2024\/12\/Carbon-Fiber-Insoles-meticulously-engineered-to-enhance-athletic-performance-for-basketball-players-and-athletes-across-various-8-430x726.jpg 430w, https:\/\/carbonfiberinsoles.shop\/wp-content\/uploads\/2024\/12\/Carbon-Fiber-Insoles-meticulously-engineered-to-enhance-athletic-performance-for-basketball-players-and-athletes-across-various-8-700x1182.jpg 700w, https:\/\/carbonfiberinsoles.shop\/wp-content\/uploads\/2024\/12\/Carbon-Fiber-Insoles-meticulously-engineered-to-enhance-athletic-performance-for-basketball-players-and-athletes-across-various-8-474x800.jpg 474w, https:\/\/carbonfiberinsoles.shop\/wp-content\/uploads\/2024\/12\/Carbon-Fiber-Insoles-meticulously-engineered-to-enhance-athletic-performance-for-basketball-players-and-athletes-across-various-8-768x1297.jpg 768w, https:\/\/carbonfiberinsoles.shop\/wp-content\/uploads\/2024\/12\/Carbon-Fiber-Insoles-meticulously-engineered-to-enhance-athletic-performance-for-basketball-players-and-athletes-across-various-8-909x1536.jpg 909w, https:\/\/carbonfiberinsoles.shop\/wp-content\/uploads\/2024\/12\/Carbon-Fiber-Insoles-meticulously-engineered-to-enhance-athletic-performance-for-basketball-players-and-athletes-across-various-8-1213x2048.jpg 1213w, https:\/\/carbonfiberinsoles.shop\/wp-content\/uploads\/2024\/12\/Carbon-Fiber-Insoles-meticulously-engineered-to-enhance-athletic-performance-for-basketball-players-and-athletes-across-various-8.jpg 1498w\" sizes=\"(max-width: 800px) 100vw, 800px\" \/><img decoding=\"async\" class=\"alignnone wp-image-15946\" src=\"https:\/\/carbonfiberinsoles.shop\/wp-content\/uploads\/2024\/12\/Carbon-Fiber-Insoles-meticulously-engineered-to-enhance-athletic-performance-for-basketball-players-and-athletes-across-various-10-178x300.jpg\" alt=\"Carbonfaser-Einlegesohlen - sorgf\u00e4ltig entwickelt, um die sportliche Leistung von Basketballspielern und anderen Sportlern zu verbessern (5)\" width=\"800\" height=\"1351\" srcset=\"https:\/\/carbonfiberinsoles.shop\/wp-content\/uploads\/2024\/12\/Carbon-Fiber-Insoles-meticulously-engineered-to-enhance-athletic-performance-for-basketball-players-and-athletes-across-various-10-178x300.jpg 178w, https:\/\/carbonfiberinsoles.shop\/wp-content\/uploads\/2024\/12\/Carbon-Fiber-Insoles-meticulously-engineered-to-enhance-athletic-performance-for-basketball-players-and-athletes-across-various-10-430x726.jpg 430w, https:\/\/carbonfiberinsoles.shop\/wp-content\/uploads\/2024\/12\/Carbon-Fiber-Insoles-meticulously-engineered-to-enhance-athletic-performance-for-basketball-players-and-athletes-across-various-10-700x1182.jpg 700w, https:\/\/carbonfiberinsoles.shop\/wp-content\/uploads\/2024\/12\/Carbon-Fiber-Insoles-meticulously-engineered-to-enhance-athletic-performance-for-basketball-players-and-athletes-across-various-10-474x800.jpg 474w, https:\/\/carbonfiberinsoles.shop\/wp-content\/uploads\/2024\/12\/Carbon-Fiber-Insoles-meticulously-engineered-to-enhance-athletic-performance-for-basketball-players-and-athletes-across-various-10-768x1297.jpg 768w, https:\/\/carbonfiberinsoles.shop\/wp-content\/uploads\/2024\/12\/Carbon-Fiber-Insoles-meticulously-engineered-to-enhance-athletic-performance-for-basketball-players-and-athletes-across-various-10-909x1536.jpg 909w, https:\/\/carbonfiberinsoles.shop\/wp-content\/uploads\/2024\/12\/Carbon-Fiber-Insoles-meticulously-engineered-to-enhance-athletic-performance-for-basketball-players-and-athletes-across-various-10-1213x2048.jpg 1213w, https:\/\/carbonfiberinsoles.shop\/wp-content\/uploads\/2024\/12\/Carbon-Fiber-Insoles-meticulously-engineered-to-enhance-athletic-performance-for-basketball-players-and-athletes-across-various-10.jpg 1498w\" sizes=\"(max-width: 800px) 100vw, 800px\" \/> <img loading=\"lazy\" decoding=\"async\" class=\"alignnone wp-image-15947\" src=\"https:\/\/carbonfiberinsoles.shop\/wp-content\/uploads\/2024\/12\/Carbon-Fiber-Insoles-meticulously-engineered-to-enhance-athletic-performance-for-basketball-players-and-athletes-across-various-11-400x256.jpg\" alt=\"Carbonfaser-Einlegesohlen - sorgf\u00e4ltig entwickelt, um die sportliche Leistung von Basketballspielern und anderen Sportlern zu verbessern (5)\" width=\"800\" height=\"511\" srcset=\"https:\/\/carbonfiberinsoles.shop\/wp-content\/uploads\/2024\/12\/Carbon-Fiber-Insoles-meticulously-engineered-to-enhance-athletic-performance-for-basketball-players-and-athletes-across-various-11-400x256.jpg 400w, https:\/\/carbonfiberinsoles.shop\/wp-content\/uploads\/2024\/12\/Carbon-Fiber-Insoles-meticulously-engineered-to-enhance-athletic-performance-for-basketball-players-and-athletes-across-various-11-430x275.jpg 430w, https:\/\/carbonfiberinsoles.shop\/wp-content\/uploads\/2024\/12\/Carbon-Fiber-Insoles-meticulously-engineered-to-enhance-athletic-performance-for-basketball-players-and-athletes-across-various-11-700x447.jpg 700w, https:\/\/carbonfiberinsoles.shop\/wp-content\/uploads\/2024\/12\/Carbon-Fiber-Insoles-meticulously-engineered-to-enhance-athletic-performance-for-basketball-players-and-athletes-across-various-11-768x491.jpg 768w, https:\/\/carbonfiberinsoles.shop\/wp-content\/uploads\/2024\/12\/Carbon-Fiber-Insoles-meticulously-engineered-to-enhance-athletic-performance-for-basketball-players-and-athletes-across-various-11.jpg 790w\" sizes=\"(max-width: 800px) 100vw, 800px\" \/> <img loading=\"lazy\" decoding=\"async\" class=\"alignnone wp-image-15948\" src=\"https:\/\/carbonfiberinsoles.shop\/wp-content\/uploads\/2024\/12\/Carbon-Fiber-Insoles-meticulously-engineered-to-enhance-athletic-performance-for-basketball-players-and-athletes-across-various-12-194x300.jpg\" alt=\"Carbonfaser-Einlegesohlen - sorgf\u00e4ltig entwickelt, um die sportliche Leistung von Basketballspielern und anderen Sportlern zu verbessern (5)\" width=\"800\" height=\"1238\" srcset=\"https:\/\/carbonfiberinsoles.shop\/wp-content\/uploads\/2024\/12\/Carbon-Fiber-Insoles-meticulously-engineered-to-enhance-athletic-performance-for-basketball-players-and-athletes-across-various-12-194x300.jpg 194w, https:\/\/carbonfiberinsoles.shop\/wp-content\/uploads\/2024\/12\/Carbon-Fiber-Insoles-meticulously-engineered-to-enhance-athletic-performance-for-basketball-players-and-athletes-across-various-12-430x666.jpg 430w, https:\/\/carbonfiberinsoles.shop\/wp-content\/uploads\/2024\/12\/Carbon-Fiber-Insoles-meticulously-engineered-to-enhance-athletic-performance-for-basketball-players-and-athletes-across-various-12-700x1084.jpg 700w, https:\/\/carbonfiberinsoles.shop\/wp-content\/uploads\/2024\/12\/Carbon-Fiber-Insoles-meticulously-engineered-to-enhance-athletic-performance-for-basketball-players-and-athletes-across-various-12-517x800.jpg 517w, https:\/\/carbonfiberinsoles.shop\/wp-content\/uploads\/2024\/12\/Carbon-Fiber-Insoles-meticulously-engineered-to-enhance-athletic-performance-for-basketball-players-and-athletes-across-various-12-768x1189.jpg 768w, https:\/\/carbonfiberinsoles.shop\/wp-content\/uploads\/2024\/12\/Carbon-Fiber-Insoles-meticulously-engineered-to-enhance-athletic-performance-for-basketball-players-and-athletes-across-various-12-992x1536.jpg 992w, https:\/\/carbonfiberinsoles.shop\/wp-content\/uploads\/2024\/12\/Carbon-Fiber-Insoles-meticulously-engineered-to-enhance-athletic-performance-for-basketball-players-and-athletes-across-various-12-1323x2048.jpg 1323w, https:\/\/carbonfiberinsoles.shop\/wp-content\/uploads\/2024\/12\/Carbon-Fiber-Insoles-meticulously-engineered-to-enhance-athletic-performance-for-basketball-players-and-athletes-across-various-12.jpg 1498w\" sizes=\"(max-width: 800px) 100vw, 800px\" \/> <img loading=\"lazy\" decoding=\"async\" class=\"alignnone wp-image-15949\" src=\"https:\/\/carbonfiberinsoles.shop\/wp-content\/uploads\/2024\/12\/Carbon-Fiber-Insoles-meticulously-engineered-to-enhance-athletic-performance-for-basketball-players-and-athletes-across-various-13-177x300.jpg\" alt=\"Carbonfaser-Einlegesohlen - sorgf\u00e4ltig entwickelt, um die sportliche Leistung von Basketballspielern und anderen Sportlern zu verbessern (5)\" width=\"800\" height=\"1359\" srcset=\"https:\/\/carbonfiberinsoles.shop\/wp-content\/uploads\/2024\/12\/Carbon-Fiber-Insoles-meticulously-engineered-to-enhance-athletic-performance-for-basketball-players-and-athletes-across-various-13-177x300.jpg 177w, https:\/\/carbonfiberinsoles.shop\/wp-content\/uploads\/2024\/12\/Carbon-Fiber-Insoles-meticulously-engineered-to-enhance-athletic-performance-for-basketball-players-and-athletes-across-various-13-430x730.jpg 430w, https:\/\/carbonfiberinsoles.shop\/wp-content\/uploads\/2024\/12\/Carbon-Fiber-Insoles-meticulously-engineered-to-enhance-athletic-performance-for-basketball-players-and-athletes-across-various-13-700x1189.jpg 700w, https:\/\/carbonfiberinsoles.shop\/wp-content\/uploads\/2024\/12\/Carbon-Fiber-Insoles-meticulously-engineered-to-enhance-athletic-performance-for-basketball-players-and-athletes-across-various-13-471x800.jpg 471w, https:\/\/carbonfiberinsoles.shop\/wp-content\/uploads\/2024\/12\/Carbon-Fiber-Insoles-meticulously-engineered-to-enhance-athletic-performance-for-basketball-players-and-athletes-across-various-13-768x1304.jpg 768w, https:\/\/carbonfiberinsoles.shop\/wp-content\/uploads\/2024\/12\/Carbon-Fiber-Insoles-meticulously-engineered-to-enhance-athletic-performance-for-basketball-players-and-athletes-across-various-13-904x1536.jpg 904w, https:\/\/carbonfiberinsoles.shop\/wp-content\/uploads\/2024\/12\/Carbon-Fiber-Insoles-meticulously-engineered-to-enhance-athletic-performance-for-basketball-players-and-athletes-across-various-13-1206x2048.jpg 1206w, https:\/\/carbonfiberinsoles.shop\/wp-content\/uploads\/2024\/12\/Carbon-Fiber-Insoles-meticulously-engineered-to-enhance-athletic-performance-for-basketball-players-and-athletes-across-various-13.jpg 1498w\" sizes=\"(max-width: 800px) 100vw, 800px\" \/> <img loading=\"lazy\" decoding=\"async\" class=\"alignnone wp-image-15950\" src=\"https:\/\/carbonfiberinsoles.shop\/wp-content\/uploads\/2024\/12\/Carbon-Fiber-Insoles-meticulously-engineered-to-enhance-athletic-performance-for-basketball-players-and-athletes-across-various-14-178x300.jpg\" alt=\"Carbonfaser-Einlegesohlen - sorgf\u00e4ltig entwickelt, um die sportliche Leistung von Basketballspielern und anderen Sportlern zu verbessern (5)\" width=\"800\" height=\"1347\" \/> <img loading=\"lazy\" decoding=\"async\" class=\"alignnone wp-image-15952\" src=\"https:\/\/carbonfiberinsoles.shop\/wp-content\/uploads\/2024\/12\/Carbon-Fiber-Insoles-meticulously-engineered-to-enhance-athletic-performance-for-basketball-players-and-athletes-across-various-1-179x300.jpg\" alt=\"Carbonfaser-Einlegesohlen - sorgf\u00e4ltig entwickelt, um die sportliche Leistung von Basketballspielern und anderen Sportlern zu verbessern (5)\" width=\"800\" height=\"1343\" srcset=\"https:\/\/carbonfiberinsoles.shop\/wp-content\/uploads\/2024\/12\/Carbon-Fiber-Insoles-meticulously-engineered-to-enhance-athletic-performance-for-basketball-players-and-athletes-across-various-1-179x300.jpg 179w, https:\/\/carbonfiberinsoles.shop\/wp-content\/uploads\/2024\/12\/Carbon-Fiber-Insoles-meticulously-engineered-to-enhance-athletic-performance-for-basketball-players-and-athletes-across-various-1-430x722.jpg 430w, https:\/\/carbonfiberinsoles.shop\/wp-content\/uploads\/2024\/12\/Carbon-Fiber-Insoles-meticulously-engineered-to-enhance-athletic-performance-for-basketball-players-and-athletes-across-various-1-700x1175.jpg 700w, https:\/\/carbonfiberinsoles.shop\/wp-content\/uploads\/2024\/12\/Carbon-Fiber-Insoles-meticulously-engineered-to-enhance-athletic-performance-for-basketball-players-and-athletes-across-various-1-477x800.jpg 477w, https:\/\/carbonfiberinsoles.shop\/wp-content\/uploads\/2024\/12\/Carbon-Fiber-Insoles-meticulously-engineered-to-enhance-athletic-performance-for-basketball-players-and-athletes-across-various-1-768x1289.jpg 768w, https:\/\/carbonfiberinsoles.shop\/wp-content\/uploads\/2024\/12\/Carbon-Fiber-Insoles-meticulously-engineered-to-enhance-athletic-performance-for-basketball-players-and-athletes-across-various-1-915x1536.jpg 915w, https:\/\/carbonfiberinsoles.shop\/wp-content\/uploads\/2024\/12\/Carbon-Fiber-Insoles-meticulously-engineered-to-enhance-athletic-performance-for-basketball-players-and-athletes-across-various-1-1220x2048.jpg 1220w, https:\/\/carbonfiberinsoles.shop\/wp-content\/uploads\/2024\/12\/Carbon-Fiber-Insoles-meticulously-engineered-to-enhance-athletic-performance-for-basketball-players-and-athletes-across-various-1.jpg 1498w\" sizes=\"(max-width: 800px) 100vw, 800px\" \/><\/p>\n<p>&nbsp;<\/p>\n<p data-start=\"452\" data-end=\"688\">Verbessern Sie Ihr Spiel mit unseren Premium-Kohlefaser-Einlegesohlen, die f\u00fcr die Steigerung der sportlichen Leistung in verschiedenen Sportarten entwickelt wurden. Diese Einlegesohlen bieten au\u00dfergew\u00f6hnlichen Halt und Stabilit\u00e4t, damit Sie bei jeder Aktivit\u00e4t Ihr Bestes geben k\u00f6nnen.<\/p>\n<p data-start=\"690\" data-end=\"703\"><strong data-start=\"690\" data-end=\"703\">Merkmale:<\/strong><\/p>\n<ul data-start=\"705\" data-end=\"1065\">\n<li data-start=\"705\" data-end=\"800\"><strong data-start=\"707\" data-end=\"750\">Hochwertige Carbonfaser-Konstruktion:<\/strong>\n<ul data-start=\"753\" data-end=\"800\">\n<li data-start=\"753\" data-end=\"800\">Bietet leichte Haltbarkeit und Widerstandsf\u00e4higkeit.<\/li>\n<\/ul>\n<\/li>\n<li data-start=\"801\" data-end=\"884\"><strong data-start=\"803\" data-end=\"829\">Verbesserte Fu\u00dfgew\u00f6lbest\u00fctze:<\/strong>\n<ul data-start=\"832\" data-end=\"884\">\n<li data-start=\"832\" data-end=\"884\">F\u00f6rdert die richtige Fu\u00dfausrichtung und reduziert die Belastung.<\/li>\n<\/ul>\n<\/li>\n<li data-start=\"885\" data-end=\"972\"><strong data-start=\"887\" data-end=\"908\">Schockabsorption:<\/strong>\n<ul data-start=\"911\" data-end=\"972\">\n<li data-start=\"911\" data-end=\"972\">Minimiert die Belastung der Gelenke bei hochintensiven Bewegungen.<\/li>\n<\/ul>\n<\/li>\n<li data-start=\"973\" data-end=\"1065\"><strong data-start=\"975\" data-end=\"996\">Vielseitiges Design:<\/strong>\n<ul data-start=\"999\" data-end=\"1065\">\n<li data-start=\"999\" data-end=\"1065\">Geeignet f\u00fcr Basketball, Laufen und verschiedene sportliche Aktivit\u00e4ten.<\/li>\n<\/ul>\n<\/li>\n<\/ul>\n<p data-start=\"1067\" data-end=\"1090\"><strong data-start=\"1067\" data-end=\"1090\">Warum Sie kaufen sollten:<\/strong><\/p>\n<p data-start=\"1092\" data-end=\"1339\">Die Investition in diese Carbonfaser-Einlagen bedeutet, dass Sie Ihre sportliche Leistung und die Gesundheit Ihrer F\u00fc\u00dfe in den Vordergrund stellen. Das fortschrittliche Design verbessert nicht nur die Beweglichkeit und Schnelligkeit, sondern tr\u00e4gt auch dazu bei, Erm\u00fcdungserscheinungen zu reduzieren, was l\u00e4ngere, effektivere Trainingseinheiten erm\u00f6glicht.<\/p>\n<p data-start=\"1341\" data-end=\"1350\"><strong data-start=\"1341\" data-end=\"1350\">FAQs:<\/strong><\/p>\n<ul data-start=\"1352\" data-end=\"1858\">\n<li data-start=\"1352\" data-end=\"1502\"><strong data-start=\"1354\" data-end=\"1404\">Sind diese Einlagen f\u00fcr alle Schuhtypen geeignet?<\/strong>\n<ul data-start=\"1407\" data-end=\"1502\">\n<li data-start=\"1407\" data-end=\"1502\">Ja, sie sind so konzipiert, dass sie zu den meisten Sportschuhen passen, einschlie\u00dflich Basketball- und Laufschuhen.<\/li>\n<\/ul>\n<\/li>\n<li data-start=\"1503\" data-end=\"1696\"><strong data-start=\"1505\" data-end=\"1538\">K\u00f6nnen sie bei Fu\u00dfschmerzen helfen?<\/strong>\n<ul data-start=\"1541\" data-end=\"1696\">\n<li data-start=\"1541\" data-end=\"1696\">Die Einlegesohlen bieten eine hervorragende Unterst\u00fctzung des Fu\u00dfgew\u00f6lbes und eine hervorragende Sto\u00dfd\u00e4mpfung, wodurch h\u00e4ufige Fu\u00dfbeschwerden im Zusammenhang mit intensiven k\u00f6rperlichen Aktivit\u00e4ten gelindert werden k\u00f6nnen.<\/li>\n<\/ul>\n<\/li>\n<li data-start=\"1697\" data-end=\"1858\"><strong data-start=\"1699\" data-end=\"1745\">Wie kann ich diese Einlegesohlen reinigen und pflegen?<\/strong>\n<ul data-start=\"1748\" data-end=\"1858\">\n<li data-start=\"1748\" data-end=\"1858\">Wischen Sie sie vorsichtig mit einem feuchten Tuch ab und lassen Sie sie an der Luft trocknen. Vermeiden Sie es, sie in Wasser zu tauchen oder scharfe Chemikalien zu verwenden.<\/li>\n<\/ul>\n<\/li>\n<\/ul>\n<p data-start=\"1860\" data-end=\"1977\">Um optimale Leistung und Komfort zu gew\u00e4hrleisten, sollten Sie Ihre Einlegesohlen je nach Nutzungsintensit\u00e4t alle 6-12 Monate austauschen.<\/p>","protected":false},"excerpt":{"rendered":"<p><strong>Wesentliche Merkmale:<\/strong><\/p>\n<ul>\n<li><strong>Kohlefaserplatte:<\/strong> Bietet Steifigkeit und Energier\u00fcckgabe f\u00fcr explosive Bewegungen.<\/li>\n<li><strong>High Rebound PU und GEL:<\/strong> Bietet hervorragende D\u00e4mpfung und Sto\u00dfd\u00e4mpfung.<\/li>\n<li><strong>Atmungsaktive Mesh-Schicht:<\/strong> Sorgt f\u00fcr optimale Luftzirkulation, damit die F\u00fc\u00dfe k\u00fchl und trocken bleiben.<\/li>\n<li><strong>Durchgehendes Design:<\/strong> Bietet umfassende Unterst\u00fctzung von der Ferse bis zu den Zehen.<\/li>\n<li><strong>Vielseitig einsetzbar:<\/strong> Geeignet f\u00fcr verschiedene Sportarten, einschlie\u00dflich Basketball, Laufen, Fu\u00dfball und Fu\u00dfball.<\/li>\n<li><strong>Anti-Sprain Unterst\u00fctzung:<\/strong> Verbessert die Stabilit\u00e4t, um Verletzungen bei intensiven Aktivit\u00e4ten zu vermeiden.<\/li>\n<\/ul>","protected":false},"featured_media":15941,"comment_status":"open","ping_status":"closed","template":"","meta":{"_kadence_starter_templates_imported_post":false,"_kad_post_transparent":"default","_kad_post_title":"","_kad_post_layout":"default","_kad_post_sidebar_id":"","_kad_post_content_style":"default","_kad_post_vertical_padding":"default","_kad_post_feature":"","_kad_post_feature_position":"","_kad_post_header":false,"_kad_post_footer":false},"product_brand":[],"product_cat":[234,22,236,238],"product_tag":[51,49,47,243,50],"class_list":{"0":"post-15938","1":"product","2":"type-product","3":"status-publish","4":"has-post-thumbnail","6":"product_cat-carbon-fibre-insoles-basketball","7":"product_cat-carbon-fiber-insoles","8":"product_cat-carbon-fiber-insoles-running","9":"product_cat-carbon-fiber-insoles-walking-and-hiking","10":"product_tag-carbon-fiber-foot-insoles","11":"product_tag-carbon-fiber-insole","12":"product_tag-carbon-fiber-insoles","13":"product_tag-carbon-fiber-insoles-for-basketball","14":"product_tag-carbon-fiber-shoe-insoles","16":"first","17":"instock","18":"sale","19":"shipping-taxable","20":"purchasable","21":"product-type-variable","22":"entry","23":"content-bg","24":"loop-entry"},"aioseo_notices":[],"_links":{"self":[{"href":"https:\/\/carbonfiberinsoles.shop\/de\/wp-json\/wp\/v2\/product\/15938","targetHints":{"allow":["GET"]}}],"collection":[{"href":"https:\/\/carbonfiberinsoles.shop\/de\/wp-json\/wp\/v2\/product"}],"about":[{"href":"https:\/\/carbonfiberinsoles.shop\/de\/wp-json\/wp\/v2\/types\/product"}],"replies":[{"embeddable":true,"href":"https:\/\/carbonfiberinsoles.shop\/de\/wp-json\/wp\/v2\/comments?post=15938"}],"version-history":[{"count":0,"href":"https:\/\/carbonfiberinsoles.shop\/de\/wp-json\/wp\/v2\/product\/15938\/revisions"}],"wp:featuredmedia":[{"embeddable":true,"href":"https:\/\/carbonfiberinsoles.shop\/de\/wp-json\/wp\/v2\/media\/15941"}],"wp:attachment":[{"href":"https:\/\/carbonfiberinsoles.shop\/de\/wp-json\/wp\/v2\/media?parent=15938"}],"wp:term":[{"taxonomy":"product_brand","embeddable":true,"href":"https:\/\/carbonfiberinsoles.shop\/de\/wp-json\/wp\/v2\/product_brand?post=15938"},{"taxonomy":"product_cat","embeddable":true,"href":"https:\/\/carbonfiberinsoles.shop\/de\/wp-json\/wp\/v2\/product_cat?post=15938"},{"taxonomy":"product_tag","embeddable":true,"href":"https:\/\/carbonfiberinsoles.shop\/de\/wp-json\/wp\/v2\/product_tag?post=15938"}],"curies":[{"name":"wp","href":"https:\/\/api.w.org\/{rel}","templated":true}]}}